{"id":1677,"date":"2026-02-01T16:20:40","date_gmt":"2026-02-01T16:20:40","guid":{"rendered":"https:\/\/banusmedical.com\/?page_id=1677"},"modified":"2026-02-01T17:26:24","modified_gmt":"2026-02-01T17:26:24","slug":"masaje-deportivo-y-relajante","status":"publish","type":"page","link":"https:\/\/banusmedical.com\/ar\/masaje-deportivo-y-relajante\/","title":{"rendered":"\u0627\u0644\u062a\u062f\u0644\u064a\u0643 \u0627\u0644\u0631\u064a\u0627\u0636\u064a \u0648\u0627\u0644\u0627\u0633\u062a\u0631\u062e\u0627\u0621"},"content":{"rendered":"<div data-elementor-type=\"wp-page\" data-elementor-id=\"1677\" class=\"elementor elementor-1677\" data-elementor-post-type=\"page\">\n\t\t\t\t<div class=\"elementor-element elementor-element-a4a030b e-flex e-con-boxed sc_layouts_column_icons_position_left e-con e-parent\" data-id=\"a4a030b\" data-element_type=\"container\">\n\t\t\t\t\t<div class=\"e-con-inner\">\n\t\t<div class=\"e-con-gap-no elementor-element elementor-element-46f7b0f e-con-full e-flex sc_layouts_column_icons_position_left e-con e-child\" data-animation-type=\"sequental\" data-animation-stagger=\"\" data-id=\"46f7b0f\" data-element_type=\"container\" data-settings=\"{&quot;background_background&quot;:&quot;video&quot;,&quot;background_video_link&quot;:&quot;https:\\\/\\\/vimeo.com\\\/1160803747?share=copy&amp;fl=sv&amp;fe=ci&quot;,&quot;background_play_on_mobile&quot;:&quot;yes&quot;,&quot;animation&quot;:&quot;none&quot;}\">\n\t\t<div class=\"elementor-background-video-container\" aria-hidden=\"true\">\n\t\t\t\t\t\t\t<div class=\"elementor-background-video-embed\"><\/div>\n\t\t\t\t\t\t<\/div>\t\t<\/div>\n\t\t\t\t\t<\/div>\n\t\t\t\t<\/div>\n\t\t<div class=\"elementor-element elementor-element-a677722 e-flex e-con-boxed sc_layouts_column_icons_position_left e-con e-parent\" data-id=\"a677722\" data-element_type=\"container\">\n\t\t\t\t\t<div class=\"e-con-inner\">\n\t\t\t\t<div class=\"elementor-element elementor-element-892525e sc_height_tiny sc_fly_static elementor-widget elementor-widget-spacer\" data-id=\"892525e\" data-element_type=\"widget\" data-widget_type=\"spacer.default\">\n\t\t\t\t\t\t\t<div class=\"elementor-spacer\">\n\t\t\t<div class=\"elementor-spacer-inner\"><\/div>\n\t\t<\/div>\n\t\t\t\t\t\t<\/div>\n\t\t\t\t\t<\/div>\n\t\t\t\t<\/div>\n\t\t<div class=\"elementor-element elementor-element-97323b1 e-flex e-con-boxed sc_layouts_column_icons_position_left e-con e-parent\" data-id=\"97323b1\" data-element_type=\"container\">\n\t\t\t\t\t<div class=\"e-con-inner\">\n\t\t\t\t<div class=\"elementor-element elementor-element-e2bdcfb sc_fly_static elementor-widget elementor-widget-text-editor\" data-id=\"e2bdcfb\" data-element_type=\"widget\" data-widget_type=\"text-editor.default\">\n\t\t\t\t\t\t\t\t\t<p>El masaje deportivo y relajante es un tratamiento dise\u00f1ado tanto para personas activas como para quienes buscan aliviar el estr\u00e9s y la tensi\u00f3n acumulada. Este masaje combina t\u00e9cnicas espec\u00edficas que ayudan a relajar la musculatura, mejorar la circulaci\u00f3n y favorecer la recuperaci\u00f3n f\u00edsica.<\/p><p>El masaje deportivo est\u00e1 especialmente indicado para prevenir lesiones, reducir la fatiga muscular y acelerar la recuperaci\u00f3n tras la actividad f\u00edsica, mientras que el masaje relajante contribuye a disminuir el estr\u00e9s, mejorar el descanso y proporcionar una profunda sensaci\u00f3n de bienestar.<\/p>\t\t\t\t\t\t\t\t<\/div>\n\t\t\t\t\t<\/div>\n\t\t\t\t<\/div>\n\t\t<div class=\"elementor-element elementor-element-8a4d070 e-flex e-con-boxed sc_layouts_column_icons_position_left e-con e-parent\" data-id=\"8a4d070\" data-element_type=\"container\">\n\t\t\t\t\t<div class=\"e-con-inner\">\n\t\t\t\t<div class=\"elementor-element elementor-element-4bd9099 sc_fly_static elementor-widget elementor-widget-image\" data-id=\"4bd9099\" data-element_type=\"widget\" data-widget_type=\"image.default\">\n\t\t\t\t\t\t\t\t\t\t\t\t\t\t\t<img fetchpriority=\"high\" decoding=\"async\" width=\"810\" height=\"810\" src=\"https:\/\/banusmedical.com\/wp-content\/uploads\/2026\/01\/banus-medical-4.jpg\" class=\"attachment-large size-large wp-image-1613\" alt=\"\" srcset=\"https:\/\/banusmedical.com\/wp-content\/uploads\/2026\/01\/banus-medical-4.jpg 810w, https:\/\/banusmedical.com\/wp-content\/uploads\/2026\/01\/banus-medical-4-300x300.jpg 300w, https:\/\/banusmedical.com\/wp-content\/uploads\/2026\/01\/banus-medical-4-150x150.jpg 150w, https:\/\/banusmedical.com\/wp-content\/uploads\/2026\/01\/banus-medical-4-768x768.jpg 768w, https:\/\/banusmedical.com\/wp-content\/uploads\/2026\/01\/banus-medical-4-12x12.jpg 12w, https:\/\/banusmedical.com\/wp-content\/uploads\/2026\/01\/banus-medical-4-370x370.jpg 370w, https:\/\/banusmedical.com\/wp-content\/uploads\/2026\/01\/banus-medical-4-120x120.jpg 120w, https:\/\/banusmedical.com\/wp-content\/uploads\/2026\/01\/banus-medical-4-410x410.jpg 410w\" sizes=\"(max-width: 810px) 100vw, 810px\" \/>\t\t\t\t\t\t\t\t\t\t\t\t\t\t\t<\/div>\n\t\t\t\t\t<\/div>\n\t\t\t\t<\/div>\n\t\t<div class=\"elementor-element elementor-element-dfaed3c e-flex e-con-boxed sc_layouts_column_icons_position_left e-con e-parent\" data-id=\"dfaed3c\" data-element_type=\"container\">\n\t\t\t\t\t<div class=\"e-con-inner\">\n\t\t\t\t<div class=\"elementor-element elementor-element-0700c2a sc_height_tiny sc_fly_static elementor-widget elementor-widget-spacer\" data-id=\"0700c2a\" data-element_type=\"widget\" data-widget_type=\"spacer.default\">\n\t\t\t\t\t\t\t<div class=\"elementor-spacer\">\n\t\t\t<div class=\"elementor-spacer-inner\"><\/div>\n\t\t<\/div>\n\t\t\t\t\t\t<\/div>\n\t\t\t\t\t<\/div>\n\t\t\t\t<\/div>\n\t\t<div class=\"elementor-element elementor-element-b048f15 e-flex e-con-boxed sc_layouts_column_icons_position_left e-con e-parent\" data-id=\"b048f15\" data-element_type=\"container\">\n\t\t\t\t\t<div class=\"e-con-inner\">\n\t\t<div class=\"elementor-element elementor-element-d21e3c0 e-con-full e-flex sc_layouts_column_icons_position_left e-con e-child\" data-id=\"d21e3c0\" data-element_type=\"container\">\n\t\t<div class=\"elementor-element elementor-element-f7d55ca e-con-full e-flex sc_layouts_column_icons_position_left e-con e-child\" data-id=\"f7d55ca\" data-element_type=\"container\">\n\t\t\t\t<div class=\"elementor-element elementor-element-c556aac sc_fly_static elementor-widget elementor-widget-trx_sc_title\" data-id=\"c556aac\" data-element_type=\"widget\" data-widget_type=\"trx_sc_title.default\">\n\t\t\t\t<div class=\"elementor-widget-container\">\n\t\t\t\t\t<div\t\tclass=\"sc_title sc_title_default\" ><h3 class=\"sc_item_title sc_title_title sc_item_title_style_default sc_item_title_tag\"\n\t\t\t><span class=\"sc_item_title_text\">Beneficios principales:<\/span><\/h3><\/div>\t\t\t\t<\/div>\n\t\t\t\t<\/div>\n\t\t\t\t<\/div>\n\t\t\t\t<\/div>\n\t\t\t\t\t<\/div>\n\t\t\t\t<\/div>\n\t\t<div class=\"elementor-element elementor-element-31fef3d e-flex e-con-boxed sc_layouts_column_icons_position_left e-con e-parent\" data-id=\"31fef3d\" data-element_type=\"container\">\n\t\t\t\t\t<div class=\"e-con-inner\">\n\t\t\t\t<div class=\"elementor-element elementor-element-2f03827 sc_fly_static elementor-widget elementor-widget-text-editor\" data-id=\"2f03827\" data-element_type=\"widget\" data-widget_type=\"text-editor.default\">\n\t\t\t\t\t\t\t\t\t<ul><li>Alivio de la tensi\u00f3n y el dolor muscular<\/li><li>Mejora de la circulaci\u00f3n sangu\u00ednea<\/li><li>Prevenci\u00f3n de lesiones<\/li><li>Recuperaci\u00f3n muscular m\u00e1s r\u00e1pida<\/li><li>Relajaci\u00f3n profunda y reducci\u00f3n del estr\u00e9s<\/li><\/ul><p>Un tratamiento ideal para cuidar el cuerpo, mejorar el rendimiento f\u00edsico y alcanzar un equilibrio entre salud y bienestar.<\/p>\t\t\t\t\t\t\t\t<\/div>\n\t\t\t\t\t<\/div>\n\t\t\t\t<\/div>\n\t\t<div class=\"elementor-element elementor-element-2994502 e-flex e-con-boxed sc_layouts_column_icons_position_left e-con e-parent\" data-id=\"2994502\" data-element_type=\"container\">\n\t\t\t\t\t<div class=\"e-con-inner\">\n\t\t\t\t<div class=\"elementor-element elementor-element-0ee3dd4 sc_height_tiny sc_fly_static elementor-widget elementor-widget-spacer\" data-id=\"0ee3dd4\" data-element_type=\"widget\" data-widget_type=\"spacer.default\">\n\t\t\t\t\t\t\t<div class=\"elementor-spacer\">\n\t\t\t<div class=\"elementor-spacer-inner\"><\/div>\n\t\t<\/div>\n\t\t\t\t\t\t<\/div>\n\t\t\t\t\t<\/div>\n\t\t\t\t<\/div>\n\t\t<div class=\"elementor-element elementor-element-1833de6 e-flex e-con-boxed sc_layouts_column_icons_position_left e-con e-parent\" data-id=\"1833de6\" data-element_type=\"container\">\n\t\t\t\t\t<div class=\"e-con-inner\">\n\t\t\t\t<div class=\"elementor-element elementor-element-8c6306b sc_fly_static elementor-widget elementor-widget-shortcode\" data-id=\"8c6306b\" data-element_type=\"widget\" data-widget_type=\"shortcode.default\">\n\t\t\t\t\t\t\t<div class=\"elementor-shortcode\"><div class=\"latepoint-book-form-wrapper os-loading os_init_booking_form\" id=\"latepointBookForm_69d08e01f2e3f\" >\n\t\t\t\t\t\t<div class=\"latepoint-w latepoint-inline-form latepoint-show-side-panel\">\n\t\t\t\t\t\t\t<div class=\"latepoint-booking-form-element\">\n\t\t\t\t\t\t\t\t<div class=\"latepoint-side-panel\"><\/div>\n\t\t\t\t\t\t\t\t<div class=\"latepoint-form-w\"><\/div>\n\t\t\t\t\t\t\t<\/div>\n\t\t\t\t\t\t<\/div>\n\t\t\t\t\t<\/div><\/div>\n\t\t\t\t\t\t<\/div>\n\t\t\t\t\t<\/div>\n\t\t\t\t<\/div>\n\t\t\t\t<\/div>","protected":false},"excerpt":{"rendered":"<p>El masaje deportivo y relajante es un tratamiento dise\u00f1ado tanto para personas activas como para quienes buscan aliviar el estr\u00e9s y la tensi\u00f3n acumulada. Este masaje combina t\u00e9cnicas espec\u00edficas que&hellip;<\/p>","protected":false},"author":1,"featured_media":0,"parent":0,"menu_order":0,"comment_status":"closed","ping_status":"closed","template":"","meta":{"inline_featured_image":false,"footnotes":""},"class_list":["post-1677","page","type-page","status-publish","hentry"],"_hostinger_reach_plugin_has_subscription_block":false,"_hostinger_reach_plugin_is_elementor":false,"_links":{"self":[{"href":"https:\/\/banusmedical.com\/ar\/wp-json\/wp\/v2\/pages\/1677","targetHints":{"allow":["GET"]}}],"collection":[{"href":"https:\/\/banusmedical.com\/ar\/wp-json\/wp\/v2\/pages"}],"about":[{"href":"https:\/\/banusmedical.com\/ar\/wp-json\/wp\/v2\/types\/page"}],"author":[{"embeddable":true,"href":"https:\/\/banusmedical.com\/ar\/wp-json\/wp\/v2\/users\/1"}],"replies":[{"embeddable":true,"href":"https:\/\/banusmedical.com\/ar\/wp-json\/wp\/v2\/comments?post=1677"}],"version-history":[{"count":16,"href":"https:\/\/banusmedical.com\/ar\/wp-json\/wp\/v2\/pages\/1677\/revisions"}],"predecessor-version":[{"id":1732,"href":"https:\/\/banusmedical.com\/ar\/wp-json\/wp\/v2\/pages\/1677\/revisions\/1732"}],"wp:attachment":[{"href":"https:\/\/banusmedical.com\/ar\/wp-json\/wp\/v2\/media?parent=1677"}],"curies":[{"name":"wp","href":"https:\/\/api.w.org\/{rel}","templated":true}]}}