{"id":1264,"date":"2026-01-10T20:50:43","date_gmt":"2026-01-10T20:50:43","guid":{"rendered":"https:\/\/banusmedical.com\/?page_id=1264"},"modified":"2026-02-01T14:59:02","modified_gmt":"2026-02-01T14:59:02","slug":"haartransplantation-war","status":"publish","type":"page","link":"https:\/\/banusmedical.com\/de\/haartransplantation-war\/","title":{"rendered":"FUE-Haartransplantation"},"content":{"rendered":"<div data-elementor-type=\"wp-page\" data-elementor-id=\"1264\" class=\"elementor elementor-1264\" data-elementor-post-type=\"page\">\n\t\t\t\t<div class=\"elementor-element elementor-element-6274b2e e-flex e-con-boxed sc_layouts_column_icons_position_left e-con e-parent\" data-id=\"6274b2e\" data-element_type=\"container\">\n\t\t\t\t\t<div class=\"e-con-inner\">\n\t\t<div class=\"e-con-gap-no elementor-element elementor-element-2c5e688 e-con-full e-flex sc_layouts_column_icons_position_left e-con e-child\" data-animation-type=\"sequental\" data-animation-stagger=\"\" data-id=\"2c5e688\" data-element_type=\"container\" data-settings=\"{&quot;background_background&quot;:&quot;video&quot;,&quot;background_video_link&quot;:&quot;https:\\\/\\\/vimeo.com\\\/1153323770?fl=tl&amp;fe=ec&quot;,&quot;background_play_on_mobile&quot;:&quot;yes&quot;,&quot;animation&quot;:&quot;none&quot;}\">\n\t\t<div class=\"elementor-background-video-container\" aria-hidden=\"true\">\n\t\t\t\t\t\t\t<div class=\"elementor-background-video-embed\"><\/div>\n\t\t\t\t\t\t<\/div>\t\t<\/div>\n\t\t\t\t\t<\/div>\n\t\t\t\t<\/div>\n\t\t<div class=\"elementor-element elementor-element-9c390e8 e-flex e-con-boxed sc_layouts_column_icons_position_left e-con e-parent\" data-id=\"9c390e8\" data-element_type=\"container\">\n\t\t\t\t\t<div class=\"e-con-inner\">\n\t\t\t\t<div class=\"elementor-element elementor-element-9c3cb7d sc_height_small sc_fly_static elementor-widget elementor-widget-spacer\" data-id=\"9c3cb7d\" data-element_type=\"widget\" data-widget_type=\"spacer.default\">\n\t\t\t\t\t\t\t<div class=\"elementor-spacer\">\n\t\t\t<div class=\"elementor-spacer-inner\"><\/div>\n\t\t<\/div>\n\t\t\t\t\t\t<\/div>\n\t\t\t\t\t<\/div>\n\t\t\t\t<\/div>\n\t\t<div class=\"elementor-element elementor-element-417ecc4 e-flex e-con-boxed sc_layouts_column_icons_position_left e-con e-parent\" data-id=\"417ecc4\" data-element_type=\"container\">\n\t\t\t\t\t<div class=\"e-con-inner\">\n\t\t<div class=\"elementor-element elementor-element-629d7f0 e-con-full e-flex sc_layouts_column_icons_position_left e-con e-child\" data-id=\"629d7f0\" data-element_type=\"container\">\n\t\t\t\t<div class=\"elementor-element elementor-element-29f3373 sc_fly_static elementor-widget elementor-widget-text-editor\" data-id=\"29f3373\" data-element_type=\"widget\" data-widget_type=\"text-editor.default\">\n\t\t\t\t\t\t\t\t\t<p>Die <strong data-start=\"31\" data-end=\"94\">Haartransplantation FUE (Follikul\u00e4re Einheitenextraktion)<\/strong> es ist eine fortschrittliche und minimalinvasive L\u00f6sung gegen Haarausfall, die entwickelt wurde, um die nat\u00fcrliche Haardichte mit dauerhaften Ergebnissen wiederherzustellen. Diese Technik ist weithin anerkannt f\u00fcr ihre Pr\u00e4zision, Sicherheit und ihr nat\u00fcrliches Aussehen.<\/p>\t\t\t\t\t\t\t\t<\/div>\n\t\t\t\t<\/div>\n\t\t\t\t\t<\/div>\n\t\t\t\t<\/div>\n\t\t<div class=\"elementor-element elementor-element-8735cf9 e-flex e-con-boxed sc_layouts_column_icons_position_left e-con e-parent\" data-id=\"8735cf9\" data-element_type=\"container\">\n\t\t\t\t\t<div class=\"e-con-inner\">\n\t\t\t\t<div class=\"elementor-element elementor-element-5ce6b59 sc_height_small sc_fly_static elementor-widget elementor-widget-spacer\" data-id=\"5ce6b59\" data-element_type=\"widget\" data-widget_type=\"spacer.default\">\n\t\t\t\t\t\t\t<div class=\"elementor-spacer\">\n\t\t\t<div class=\"elementor-spacer-inner\"><\/div>\n\t\t<\/div>\n\t\t\t\t\t\t<\/div>\n\t\t\t\t\t<\/div>\n\t\t\t\t<\/div>\n\t\t<div class=\"elementor-element elementor-element-a206411 e-flex e-con-boxed sc_layouts_column_icons_position_left e-con e-parent\" data-id=\"a206411\" data-element_type=\"container\">\n\t\t\t\t\t<div class=\"e-con-inner\">\n\t\t<div class=\"elementor-element elementor-element-202d5cc e-con-full e-flex sc_layouts_column_icons_position_left e-con e-child\" data-id=\"202d5cc\" data-element_type=\"container\">\n\t\t\t\t<div class=\"elementor-element elementor-element-11e9b4b sc_fly_static elementor-widget elementor-widget-image\" data-id=\"11e9b4b\" data-element_type=\"widget\" data-widget_type=\"image.default\">\n\t\t\t\t\t\t\t\t\t\t\t\t\t\t\t<img fetchpriority=\"high\" decoding=\"async\" width=\"675\" height=\"844\" src=\"https:\/\/banusmedical.com\/wp-content\/uploads\/2026\/01\/Untitled-design-2026-01-11T141706.861.jpg\" class=\"attachment-large size-large wp-image-1285\" alt=\"\" srcset=\"https:\/\/banusmedical.com\/wp-content\/uploads\/2026\/01\/Untitled-design-2026-01-11T141706.861.jpg 675w, https:\/\/banusmedical.com\/wp-content\/uploads\/2026\/01\/Untitled-design-2026-01-11T141706.861-240x300.jpg 240w, https:\/\/banusmedical.com\/wp-content\/uploads\/2026\/01\/Untitled-design-2026-01-11T141706.861-370x463.jpg 370w, https:\/\/banusmedical.com\/wp-content\/uploads\/2026\/01\/Untitled-design-2026-01-11T141706.861-410x513.jpg 410w\" sizes=\"(max-width: 675px) 100vw, 675px\" \/>\t\t\t\t\t\t\t\t\t\t\t\t\t\t\t<\/div>\n\t\t\t\t<\/div>\n\t\t<div class=\"elementor-element elementor-element-5bdd9dc e-con-full e-flex sc_layouts_column_icons_position_left e-con e-child\" data-id=\"5bdd9dc\" data-element_type=\"container\">\n\t\t<div class=\"elementor-element elementor-element-914c095 e-con-full e-flex sc_layouts_column_icons_position_left e-con e-child\" data-id=\"914c095\" data-element_type=\"container\">\n\t\t\t\t<div class=\"elementor-element elementor-element-416a51c elementor-widget__width-initial sc_fly_static elementor-widget elementor-widget-trx_sc_title\" data-id=\"416a51c\" data-element_type=\"widget\" data-widget_type=\"trx_sc_title.default\">\n\t\t\t\t<div class=\"elementor-widget-container\">\n\t\t\t\t\t<div\t\tclass=\"sc_title sc_title_default\" ><h3 class=\"sc_item_title sc_title_title sc_item_title_style_default sc_item_title_tag\"\n\t\t\t><span class=\"sc_item_title_text\">Was ist die FUE-Haartransplantation?<\/span><\/h3><\/div>\t\t\t\t<\/div>\n\t\t\t\t<\/div>\n\t\t\t\t<\/div>\n\t\t<div class=\"elementor-element elementor-element-c2029a3 e-con-full e-flex sc_layouts_column_icons_position_left e-con e-child\" data-id=\"c2029a3\" data-element_type=\"container\">\n\t\t\t\t<div class=\"elementor-element elementor-element-21584b8 elementor-widget__width-initial sc_fly_static elementor-widget elementor-widget-text-editor\" data-id=\"21584b8\" data-element_type=\"widget\" data-widget_type=\"text-editor.default\">\n\t\t\t\t\t\t\t\t\t<p data-start=\"295\" data-end=\"512\">__OPENROUTER_FAILED__.<\/p>\t\t\t\t\t\t\t\t<\/div>\n\t\t\t\t<\/div>\n\t\t\t\t<\/div>\n\t\t\t\t\t<\/div>\n\t\t\t\t<\/div>\n\t\t<div class=\"elementor-element elementor-element-5de8b73 e-flex e-con-boxed sc_layouts_column_icons_position_left e-con e-parent\" data-id=\"5de8b73\" data-element_type=\"container\">\n\t\t\t\t\t<div class=\"e-con-inner\">\n\t\t\t\t<div class=\"elementor-element elementor-element-f8f3906 sc_height_small sc_fly_static elementor-widget elementor-widget-spacer\" data-id=\"f8f3906\" data-element_type=\"widget\" data-widget_type=\"spacer.default\">\n\t\t\t\t\t\t\t<div class=\"elementor-spacer\">\n\t\t\t<div class=\"elementor-spacer-inner\"><\/div>\n\t\t<\/div>\n\t\t\t\t\t\t<\/div>\n\t\t\t\t\t<\/div>\n\t\t\t\t<\/div>\n\t\t<div class=\"elementor-element elementor-element-2b3d71e e-flex e-con-boxed sc_layouts_column_icons_position_left e-con e-parent\" data-id=\"2b3d71e\" data-element_type=\"container\">\n\t\t\t\t\t<div class=\"e-con-inner\">\n\t\t<div class=\"elementor-element elementor-element-a0acc0c e-con-full e-flex sc_layouts_column_icons_position_left e-con e-child\" data-id=\"a0acc0c\" data-element_type=\"container\">\n\t\t\t\t<div class=\"elementor-element elementor-element-6236b13 sc_fly_static elementor-widget elementor-widget-trx_sc_title\" data-id=\"6236b13\" data-element_type=\"widget\" data-widget_type=\"trx_sc_title.default\">\n\t\t\t\t<div class=\"elementor-widget-container\">\n\t\t\t\t\t<div\t\tclass=\"sc_title sc_title_default\" ><h3 class=\"sc_item_title sc_title_title sc_item_title_style_default sc_item_title_tag\"\n\t\t\t><span class=\"sc_item_title_text\">Das Verfahren<\/span><\/h3><\/div>\t\t\t\t<\/div>\n\t\t\t\t<\/div>\n\t\t\t\t<\/div>\n\t\t<div class=\"elementor-element elementor-element-c07a606 e-con-full e-flex sc_layouts_column_icons_position_left e-con e-child\" data-id=\"c07a606\" data-element_type=\"container\">\n\t\t\t\t<div class=\"elementor-element elementor-element-4d5a840 sc_fly_static elementor-widget elementor-widget-text-editor\" data-id=\"4d5a840\" data-element_type=\"widget\" data-widget_type=\"text-editor.default\">\n\t\t\t\t\t\t\t\t\t<p data-start=\"823\" data-end=\"880\">Die Behandlung wird unter \u00f6rtlicher Bet\u00e4ubung durchgef\u00fchrt und umfasst:<\/p><ul data-start=\"882\" data-end=\"1103\"><li data-start=\"882\" data-end=\"961\"><p data-start=\"884\" data-end=\"961\">__OPENROUTER_FAILED__<\/p><\/li><li data-start=\"962\" data-end=\"1008\"><p data-start=\"964\" data-end=\"1008\">Sorgf\u00e4ltige Vorbereitung der Empf\u00e4ngerzone<\/p><\/li><li data-start=\"1009\" data-end=\"1103\"><p data-start=\"1011\" data-end=\"1103\">Verpflanzung der Follikel f\u00fcr optimale Dichte und nat\u00fcrliche Haarlinien<\/p><\/li><\/ul><p data-start=\"1105\" data-end=\"1173\">Es werden keine Skalpelle oder N\u00e4hte verwendet, und es entstehen keine linearen Narben.<\/p>\t\t\t\t\t\t\t\t<\/div>\n\t\t\t\t<\/div>\n\t\t\t\t\t<\/div>\n\t\t\t\t<\/div>\n\t\t<div class=\"elementor-element elementor-element-ae9eaee e-flex e-con-boxed sc_layouts_column_icons_position_left e-con e-parent\" data-id=\"ae9eaee\" data-element_type=\"container\">\n\t\t\t\t\t<div class=\"e-con-inner\">\n\t\t\t\t<div class=\"elementor-element elementor-element-1cc703d sc_fly_static elementor-widget elementor-widget-image\" data-id=\"1cc703d\" data-element_type=\"widget\" data-widget_type=\"image.default\">\n\t\t\t\t\t\t\t\t\t\t\t\t\t\t\t<img decoding=\"async\" width=\"960\" height=\"540\" src=\"https:\/\/banusmedical.com\/wp-content\/uploads\/2025\/12\/Untitled-design-73.jpg\" class=\"attachment-large size-large wp-image-1269\" alt=\"\" srcset=\"https:\/\/banusmedical.com\/wp-content\/uploads\/2025\/12\/Untitled-design-73.jpg 960w, https:\/\/banusmedical.com\/wp-content\/uploads\/2025\/12\/Untitled-design-73-300x169.jpg 300w, https:\/\/banusmedical.com\/wp-content\/uploads\/2025\/12\/Untitled-design-73-768x432.jpg 768w, https:\/\/banusmedical.com\/wp-content\/uploads\/2025\/12\/Untitled-design-73-370x208.jpg 370w, https:\/\/banusmedical.com\/wp-content\/uploads\/2025\/12\/Untitled-design-73-840x473.jpg 840w, https:\/\/banusmedical.com\/wp-content\/uploads\/2025\/12\/Untitled-design-73-410x231.jpg 410w, https:\/\/banusmedical.com\/wp-content\/uploads\/2025\/12\/Untitled-design-73-270x152.jpg 270w\" sizes=\"(max-width: 960px) 100vw, 960px\" \/>\t\t\t\t\t\t\t\t\t\t\t\t\t\t\t<\/div>\n\t\t\t\t\t<\/div>\n\t\t\t\t<\/div>\n\t\t<div class=\"elementor-element elementor-element-b7f0457 e-flex e-con-boxed sc_layouts_column_icons_position_left e-con e-parent\" data-id=\"b7f0457\" data-element_type=\"container\">\n\t\t\t\t\t<div class=\"e-con-inner\">\n\t\t\t\t<div class=\"elementor-element elementor-element-ed97e02 sc_height_tiny sc_fly_static elementor-widget elementor-widget-spacer\" data-id=\"ed97e02\" data-element_type=\"widget\" data-widget_type=\"spacer.default\">\n\t\t\t\t\t\t\t<div class=\"elementor-spacer\">\n\t\t\t<div class=\"elementor-spacer-inner\"><\/div>\n\t\t<\/div>\n\t\t\t\t\t\t<\/div>\n\t\t\t\t\t<\/div>\n\t\t\t\t<\/div>\n\t\t<div class=\"elementor-element elementor-element-32bf3e2 e-flex e-con-boxed sc_layouts_column_icons_position_left e-con e-parent\" data-id=\"32bf3e2\" data-element_type=\"container\">\n\t\t\t\t\t<div class=\"e-con-inner\">\n\t\t\t\t<div class=\"elementor-element elementor-element-9832665 sc_fly_static elementor-widget elementor-widget-trx_sc_title\" data-id=\"9832665\" data-element_type=\"widget\" data-widget_type=\"trx_sc_title.default\">\n\t\t\t\t<div class=\"elementor-widget-container\">\n\t\t\t\t\t<div\t\tclass=\"sc_title sc_title_default\" ><h3 class=\"sc_item_title sc_title_title sc_item_title_style_default sc_item_title_tag\"\n\t\t\t><span class=\"sc_item_title_text\">Wer ist ein guter Kandidat?<\/span><\/h3><\/div>\t\t\t\t<\/div>\n\t\t\t\t<\/div>\n\t\t\t\t\t<\/div>\n\t\t\t\t<\/div>\n\t\t<div class=\"elementor-element elementor-element-3fd4996 e-flex e-con-boxed sc_layouts_column_icons_position_left e-con e-parent\" data-id=\"3fd4996\" data-element_type=\"container\">\n\t\t\t\t\t<div class=\"e-con-inner\">\n\t\t\t\t<div class=\"elementor-element elementor-element-7176f32 sc_fly_static elementor-widget elementor-widget-text-editor\" data-id=\"7176f32\" data-element_type=\"widget\" data-widget_type=\"text-editor.default\">\n\t\t\t\t\t\t\t\t\t<p data-start=\"1435\" data-end=\"1488\">Die FUE ist ideal f\u00fcr M\u00e4nner und Frauen, die Folgendes aufweisen:<\/p><ul data-start=\"1490\" data-end=\"1683\"><li data-start=\"1490\" data-end=\"1516\"><p data-start=\"1492\" data-end=\"1516\">__OPENROUTER_FAILED__<\/p><\/li><li data-start=\"1517\" data-end=\"1578\"><p data-start=\"1519\" data-end=\"1578\">__OPENROUTER_FAILED__<\/p><\/li><li data-start=\"1579\" data-end=\"1643\"><p data-start=\"1581\" data-end=\"1643\">Haarausfall durch Traumata oder fr\u00fchere Eingriffe<\/p><\/li><li data-start=\"1644\" data-end=\"1683\"><p data-start=\"1646\" data-end=\"1683\">__OPENROUTER_FAILED__<\/p><\/li><\/ul><p data-start=\"1685\" data-end=\"1783\">__OPENROUTER_FAILED__.<\/p>\t\t\t\t\t\t\t\t<\/div>\n\t\t\t\t\t<\/div>\n\t\t\t\t<\/div>\n\t\t<div class=\"elementor-element elementor-element-b8d4f87 e-flex e-con-boxed sc_layouts_column_icons_position_left e-con e-parent\" data-id=\"b8d4f87\" data-element_type=\"container\">\n\t\t\t\t\t<div class=\"e-con-inner\">\n\t\t\t\t<div class=\"elementor-element elementor-element-48d76c1 sc_fly_static elementor-widget elementor-widget-image\" data-id=\"48d76c1\" data-element_type=\"widget\" data-widget_type=\"image.default\">\n\t\t\t\t\t\t\t\t\t\t\t\t\t\t\t<img decoding=\"async\" width=\"1000\" height=\"550\" src=\"https:\/\/banusmedical.com\/wp-content\/uploads\/2025\/12\/prp-img-2.webp\" class=\"attachment-large size-large wp-image-125\" alt=\"\" srcset=\"https:\/\/banusmedical.com\/wp-content\/uploads\/2025\/12\/prp-img-2.webp 1000w, https:\/\/banusmedical.com\/wp-content\/uploads\/2025\/12\/prp-img-2-300x165.webp 300w, https:\/\/banusmedical.com\/wp-content\/uploads\/2025\/12\/prp-img-2-768x422.webp 768w, https:\/\/banusmedical.com\/wp-content\/uploads\/2025\/12\/prp-img-2-370x204.webp 370w, https:\/\/banusmedical.com\/wp-content\/uploads\/2025\/12\/prp-img-2-840x462.webp 840w, https:\/\/banusmedical.com\/wp-content\/uploads\/2025\/12\/prp-img-2-410x226.webp 410w\" sizes=\"(max-width: 1000px) 100vw, 1000px\" \/>\t\t\t\t\t\t\t\t\t\t\t\t\t\t\t<\/div>\n\t\t\t\t\t<\/div>\n\t\t\t\t<\/div>\n\t\t<div class=\"elementor-element elementor-element-5ee37b4 e-flex e-con-boxed sc_layouts_column_icons_position_left e-con e-parent\" data-id=\"5ee37b4\" data-element_type=\"container\">\n\t\t\t\t\t<div class=\"e-con-inner\">\n\t\t\t\t<div class=\"elementor-element elementor-element-d0f5357 sc_height_tiny sc_fly_static elementor-widget elementor-widget-spacer\" data-id=\"d0f5357\" data-element_type=\"widget\" data-widget_type=\"spacer.default\">\n\t\t\t\t\t\t\t<div class=\"elementor-spacer\">\n\t\t\t<div class=\"elementor-spacer-inner\"><\/div>\n\t\t<\/div>\n\t\t\t\t\t\t<\/div>\n\t\t\t\t\t<\/div>\n\t\t\t\t<\/div>\n\t\t<div class=\"elementor-element elementor-element-b07c4c6 e-flex e-con-boxed sc_layouts_column_icons_position_left e-con e-parent\" data-id=\"b07c4c6\" data-element_type=\"container\">\n\t\t\t\t\t<div class=\"e-con-inner\">\n\t\t\t\t<div class=\"elementor-element elementor-element-6119615 sc_fly_static elementor-widget elementor-widget-trx_sc_title\" data-id=\"6119615\" data-element_type=\"widget\" data-widget_type=\"trx_sc_title.default\">\n\t\t\t\t<div class=\"elementor-widget-container\">\n\t\t\t\t\t<div\t\tclass=\"sc_title sc_title_default\" ><h3 class=\"sc_item_title sc_title_title sc_item_title_style_default sc_item_title_tag\"\n\t\t\t><span class=\"sc_item_title_text\">Ergebnisse und Erholung<\/span><\/h3><\/div>\t\t\t\t<\/div>\n\t\t\t\t<\/div>\n\t\t\t\t\t<\/div>\n\t\t\t\t<\/div>\n\t\t<div class=\"elementor-element elementor-element-d6615d4 e-flex e-con-boxed sc_layouts_column_icons_position_left e-con e-parent\" data-id=\"d6615d4\" data-element_type=\"container\">\n\t\t\t\t\t<div class=\"e-con-inner\">\n\t\t\t\t<div class=\"elementor-element elementor-element-abc1b88 sc_fly_static elementor-widget elementor-widget-text-editor\" data-id=\"abc1b88\" data-element_type=\"widget\" data-widget_type=\"text-editor.default\">\n\t\t\t\t\t\t\t\t\t<p data-start=\"1435\" data-end=\"1488\">Das Verfahren dauert in der Regel mehrere Stunden, abh\u00e4ngig von der Anzahl der Transplantate. In den ersten Wochen kann es zu einem vor\u00fcbergehenden Haarausfall kommen, was ein normaler Teil des Heilungsprozesses ist. Das neue Haarwachstum beginnt normalerweise nach 3\u20134 Monaten, und die Endergebnisse sind zwischen 9 und 12 Monaten sichtbar.<\/p>\t\t\t\t\t\t\t\t<\/div>\n\t\t\t\t\t<\/div>\n\t\t\t\t<\/div>\n\t\t<div class=\"elementor-element elementor-element-6cdcbee e-flex e-con-boxed sc_layouts_column_icons_position_left e-con e-parent\" data-id=\"6cdcbee\" data-element_type=\"container\">\n\t\t\t\t\t<div class=\"e-con-inner\">\n\t\t\t\t<div class=\"elementor-element elementor-element-e7501c7 sc_height_tiny sc_fly_static elementor-widget elementor-widget-spacer\" data-id=\"e7501c7\" data-element_type=\"widget\" data-widget_type=\"spacer.default\">\n\t\t\t\t\t\t\t<div class=\"elementor-spacer\">\n\t\t\t<div class=\"elementor-spacer-inner\"><\/div>\n\t\t<\/div>\n\t\t\t\t\t\t<\/div>\n\t\t\t\t\t<\/div>\n\t\t\t\t<\/div>\n\t\t<div class=\"elementor-element elementor-element-acfaa15 e-flex e-con-boxed sc_layouts_column_icons_position_left e-con e-parent\" data-id=\"acfaa15\" data-element_type=\"container\">\n\t\t\t\t\t<div class=\"e-con-inner\">\n\t\t<div class=\"elementor-element elementor-element-8fde96f e-con-full e-flex sc_layouts_column_icons_position_left e-con e-child\" data-id=\"8fde96f\" data-element_type=\"container\">\n\t\t\t\t<div class=\"elementor-element elementor-element-cc80c76 sc_fly_static elementor-widget elementor-widget-trx_sc_title\" data-id=\"cc80c76\" data-element_type=\"widget\" data-widget_type=\"trx_sc_title.default\">\n\t\t\t\t<div class=\"elementor-widget-container\">\n\t\t\t\t\t<div\t\tclass=\"sc_title sc_title_default\" ><h3 class=\"sc_item_title sc_title_title sc_item_title_style_default sc_item_title_tag\"\n\t\t\t><span class=\"sc_item_title_text\">Nat\u00fcrliche und dauerhafte Ergebnisse<\/span><\/h3><\/div>\t\t\t\t<\/div>\n\t\t\t\t<\/div>\n\t\t\t\t<\/div>\n\t\t\t\t\t<\/div>\n\t\t\t\t<\/div>\n\t\t<div class=\"elementor-element elementor-element-d04e121 e-flex e-con-boxed sc_layouts_column_icons_position_left e-con e-parent\" data-id=\"d04e121\" data-element_type=\"container\">\n\t\t\t\t\t<div class=\"e-con-inner\">\n\t\t<div class=\"elementor-element elementor-element-cf4ae70 e-con-full e-flex sc_layouts_column_icons_position_left e-con e-child\" data-id=\"cf4ae70\" data-element_type=\"container\">\n\t\t\t\t<div class=\"elementor-element elementor-element-825dbb5 sc_fly_static elementor-widget elementor-widget-text-editor\" data-id=\"825dbb5\" data-element_type=\"widget\" data-widget_type=\"text-editor.default\">\n\t\t\t\t\t\t\t\t\t<p data-start=\"1435\" data-end=\"1488\">Da die transplantierten Follikel aus genetisch resistenten Bereichen gegen Haarausfall stammen, sind die Ergebnisse dauerhaft, und das Haar w\u00e4chst im Laufe der Zeit nat\u00fcrlich weiter.<\/p>\t\t\t\t\t\t\t\t<\/div>\n\t\t\t\t<\/div>\n\t\t\t\t\t<\/div>\n\t\t\t\t<\/div>\n\t\t<div class=\"elementor-element elementor-element-bca6d5e e-flex e-con-boxed sc_layouts_column_icons_position_left e-con e-parent\" data-id=\"bca6d5e\" data-element_type=\"container\">\n\t\t\t\t\t<div class=\"e-con-inner\">\n\t\t\t\t<div class=\"elementor-element elementor-element-6da3953 sc_height_small sc_fly_static elementor-widget elementor-widget-spacer\" data-id=\"6da3953\" data-element_type=\"widget\" data-widget_type=\"spacer.default\">\n\t\t\t\t\t\t\t<div class=\"elementor-spacer\">\n\t\t\t<div class=\"elementor-spacer-inner\"><\/div>\n\t\t<\/div>\n\t\t\t\t\t\t<\/div>\n\t\t\t\t\t<\/div>\n\t\t\t\t<\/div>\n\t\t<div class=\"elementor-element elementor-element-2c15c3f e-flex e-con-boxed sc_layouts_column_icons_position_left e-con e-parent\" data-id=\"2c15c3f\" data-element_type=\"container\">\n\t\t\t\t\t<div class=\"e-con-inner\">\n\t\t\t\t<div class=\"elementor-element elementor-element-8a0acda sc_fly_static elementor-widget elementor-widget-shortcode\" data-id=\"8a0acda\" data-element_type=\"widget\" data-widget_type=\"shortcode.default\">\n\t\t\t\t\t\t\t<div class=\"elementor-shortcode\"><div class=\"latepoint-book-form-wrapper os-loading os_init_booking_form\" id=\"latepointBookForm_69d07846d8345\" >\n\t\t\t\t\t\t<div class=\"latepoint-w latepoint-inline-form latepoint-show-side-panel\">\n\t\t\t\t\t\t\t<div class=\"latepoint-booking-form-element\">\n\t\t\t\t\t\t\t\t<div class=\"latepoint-side-panel\"><\/div>\n\t\t\t\t\t\t\t\t<div class=\"latepoint-form-w\"><\/div>\n\t\t\t\t\t\t\t<\/div>\n\t\t\t\t\t\t<\/div>\n\t\t\t\t\t<\/div><\/div>\n\t\t\t\t\t\t<\/div>\n\t\t\t\t\t<\/div>\n\t\t\t\t<\/div>\n\t\t\t\t<\/div>","protected":false},"excerpt":{"rendered":"<p>El trasplante capilar FUE (Extracci\u00f3n de Unidades Foliculares) es una soluci\u00f3n avanzada y m\u00ednimamente invasiva para la p\u00e9rdida de cabello, dise\u00f1ada para restaurar la densidad capilar natural con resultados duraderos.&hellip;<\/p>","protected":false},"author":1,"featured_media":0,"parent":0,"menu_order":0,"comment_status":"closed","ping_status":"closed","template":"","meta":{"inline_featured_image":false,"footnotes":""},"class_list":["post-1264","page","type-page","status-publish","hentry"],"_hostinger_reach_plugin_has_subscription_block":false,"_hostinger_reach_plugin_is_elementor":false,"_links":{"self":[{"href":"https:\/\/banusmedical.com\/de\/wp-json\/wp\/v2\/pages\/1264","targetHints":{"allow":["GET"]}}],"collection":[{"href":"https:\/\/banusmedical.com\/de\/wp-json\/wp\/v2\/pages"}],"about":[{"href":"https:\/\/banusmedical.com\/de\/wp-json\/wp\/v2\/types\/page"}],"author":[{"embeddable":true,"href":"https:\/\/banusmedical.com\/de\/wp-json\/wp\/v2\/users\/1"}],"replies":[{"embeddable":true,"href":"https:\/\/banusmedical.com\/de\/wp-json\/wp\/v2\/comments?post=1264"}],"version-history":[{"count":13,"href":"https:\/\/banusmedical.com\/de\/wp-json\/wp\/v2\/pages\/1264\/revisions"}],"predecessor-version":[{"id":1670,"href":"https:\/\/banusmedical.com\/de\/wp-json\/wp\/v2\/pages\/1264\/revisions\/1670"}],"wp:attachment":[{"href":"https:\/\/banusmedical.com\/de\/wp-json\/wp\/v2\/media?parent=1264"}],"curies":[{"name":"wp","href":"https:\/\/api.w.org\/{rel}","templated":true}]}}