{"id":1381,"date":"2026-01-11T16:32:23","date_gmt":"2026-01-11T16:32:23","guid":{"rendered":"https:\/\/banusmedical.com\/?page_id=1381"},"modified":"2026-01-11T16:51:21","modified_gmt":"2026-01-11T16:51:21","slug":"eliminacion-de-tatuajes","status":"publish","type":"page","link":"https:\/\/banusmedical.com\/de\/eliminacion-de-tatuajes\/","title":{"rendered":"Tattoo-Entfernung"},"content":{"rendered":"<div data-elementor-type=\"wp-page\" data-elementor-id=\"1381\" class=\"elementor elementor-1381\" data-elementor-post-type=\"page\">\n\t\t\t\t<div class=\"elementor-element elementor-element-25b79f2 e-flex e-con-boxed sc_layouts_column_icons_position_left e-con e-parent\" data-id=\"25b79f2\" data-element_type=\"container\">\n\t\t\t\t\t<div class=\"e-con-inner\">\n\t\t<div class=\"e-con-gap-no elementor-element elementor-element-ab320c9 e-con-full e-flex sc_layouts_column_icons_position_left e-con e-child\" data-animation-type=\"sequental\" data-animation-stagger=\"\" data-id=\"ab320c9\" data-element_type=\"container\" data-settings=\"{&quot;background_background&quot;:&quot;video&quot;,&quot;background_video_link&quot;:&quot;https:\\\/\\\/vimeo.com\\\/1146604240?fl=tl&amp;fe=ec&quot;,&quot;background_play_on_mobile&quot;:&quot;yes&quot;,&quot;animation&quot;:&quot;none&quot;}\">\n\t\t<div class=\"elementor-background-video-container\" aria-hidden=\"true\">\n\t\t\t\t\t\t\t<div class=\"elementor-background-video-embed\"><\/div>\n\t\t\t\t\t\t<\/div>\t\t<\/div>\n\t\t\t\t\t<\/div>\n\t\t\t\t<\/div>\n\t\t<div class=\"elementor-element elementor-element-0a46fe4 e-flex e-con-boxed sc_layouts_column_icons_position_left e-con e-parent\" data-id=\"0a46fe4\" data-element_type=\"container\">\n\t\t\t\t\t<div class=\"e-con-inner\">\n\t\t\t\t<div class=\"elementor-element elementor-element-923abe5 sc_height_tiny sc_fly_static elementor-widget elementor-widget-spacer\" data-id=\"923abe5\" data-element_type=\"widget\" data-widget_type=\"spacer.default\">\n\t\t\t\t\t\t\t<div class=\"elementor-spacer\">\n\t\t\t<div class=\"elementor-spacer-inner\"><\/div>\n\t\t<\/div>\n\t\t\t\t\t\t<\/div>\n\t\t\t\t\t<\/div>\n\t\t\t\t<\/div>\n\t\t<div class=\"elementor-element elementor-element-3c5d6cb e-flex e-con-boxed sc_layouts_column_icons_position_left e-con e-parent\" data-id=\"3c5d6cb\" data-element_type=\"container\">\n\t\t\t\t\t<div class=\"e-con-inner\">\n\t\t<div class=\"elementor-element elementor-element-6a2ff8f e-con-full e-flex sc_layouts_column_icons_position_left e-con e-child\" data-id=\"6a2ff8f\" data-element_type=\"container\">\n\t\t\t\t<div class=\"elementor-element elementor-element-a3d35a6 sc_fly_static elementor-widget elementor-widget-text-editor\" data-id=\"a3d35a6\" data-element_type=\"widget\" data-widget_type=\"text-editor.default\">\n\t\t\t\t\t\t\t\t\t<p>Die <strong data-start=\"32\" data-end=\"69\">eliminaci\u00f3n de tatuajes con l\u00e1ser<\/strong> es un m\u00e9todo com\u00fan, seguro y eficaz para eliminar tatuajes no deseados. A continuaci\u00f3n, lo que debes saber:<\/p>\t\t\t\t\t\t\t\t<\/div>\n\t\t\t\t<\/div>\n\t\t\t\t\t<\/div>\n\t\t\t\t<\/div>\n\t\t<div class=\"elementor-element elementor-element-f1f1e2c e-flex e-con-boxed sc_layouts_column_icons_position_left e-con e-parent\" data-id=\"f1f1e2c\" data-element_type=\"container\">\n\t\t\t\t\t<div class=\"e-con-inner\">\n\t\t\t\t<div class=\"elementor-element elementor-element-48ef828 sc_height_tiny sc_fly_static elementor-widget elementor-widget-spacer\" data-id=\"48ef828\" data-element_type=\"widget\" data-widget_type=\"spacer.default\">\n\t\t\t\t\t\t\t<div class=\"elementor-spacer\">\n\t\t\t<div class=\"elementor-spacer-inner\"><\/div>\n\t\t<\/div>\n\t\t\t\t\t\t<\/div>\n\t\t\t\t\t<\/div>\n\t\t\t\t<\/div>\n\t\t<div class=\"elementor-element elementor-element-a5572fd e-flex e-con-boxed sc_layouts_column_icons_position_left e-con e-parent\" data-id=\"a5572fd\" data-element_type=\"container\">\n\t\t\t\t\t<div class=\"e-con-inner\">\n\t\t<div class=\"elementor-element elementor-element-01ef505 e-con-full e-flex sc_layouts_column_icons_position_left e-con e-child\" data-id=\"01ef505\" data-element_type=\"container\">\n\t\t<div class=\"elementor-element elementor-element-3e58d80 e-con-full e-flex sc_layouts_column_icons_position_left e-con e-child\" data-id=\"3e58d80\" data-element_type=\"container\">\n\t\t\t\t<div class=\"elementor-element elementor-element-ac32272 sc_fly_static elementor-widget elementor-widget-image\" data-id=\"ac32272\" data-element_type=\"widget\" data-widget_type=\"image.default\">\n\t\t\t\t\t\t\t\t\t\t\t\t\t\t\t<img fetchpriority=\"high\" decoding=\"async\" width=\"810\" height=\"810\" src=\"https:\/\/banusmedical.com\/wp-content\/uploads\/2026\/01\/Untitled-design-2026-01-11T174416.641.jpg\" class=\"attachment-large size-large wp-image-1385\" alt=\"\" srcset=\"https:\/\/banusmedical.com\/wp-content\/uploads\/2026\/01\/Untitled-design-2026-01-11T174416.641.jpg 810w, https:\/\/banusmedical.com\/wp-content\/uploads\/2026\/01\/Untitled-design-2026-01-11T174416.641-300x300.jpg 300w, https:\/\/banusmedical.com\/wp-content\/uploads\/2026\/01\/Untitled-design-2026-01-11T174416.641-150x150.jpg 150w, https:\/\/banusmedical.com\/wp-content\/uploads\/2026\/01\/Untitled-design-2026-01-11T174416.641-768x768.jpg 768w, https:\/\/banusmedical.com\/wp-content\/uploads\/2026\/01\/Untitled-design-2026-01-11T174416.641-370x370.jpg 370w, https:\/\/banusmedical.com\/wp-content\/uploads\/2026\/01\/Untitled-design-2026-01-11T174416.641-120x120.jpg 120w, https:\/\/banusmedical.com\/wp-content\/uploads\/2026\/01\/Untitled-design-2026-01-11T174416.641-410x410.jpg 410w\" sizes=\"(max-width: 810px) 100vw, 810px\" \/>\t\t\t\t\t\t\t\t\t\t\t\t\t\t\t<\/div>\n\t\t\t\t<\/div>\n\t\t<div class=\"elementor-element elementor-element-b731e24 e-con-full e-flex sc_layouts_column_icons_position_left e-con e-child\" data-id=\"b731e24\" data-element_type=\"container\">\n\t\t<div class=\"elementor-element elementor-element-03fb203 e-con-full e-flex sc_layouts_column_icons_position_left e-con e-child\" data-id=\"03fb203\" data-element_type=\"container\">\n\t\t\t\t<div class=\"elementor-element elementor-element-22a1872 elementor-widget__width-initial sc_fly_static elementor-widget elementor-widget-trx_sc_title\" data-id=\"22a1872\" data-element_type=\"widget\" data-widget_type=\"trx_sc_title.default\">\n\t\t\t\t<div class=\"elementor-widget-container\">\n\t\t\t\t\t<div\t\tclass=\"sc_title sc_title_default\" ><h3 class=\"sc_item_title sc_title_title sc_item_title_style_default sc_item_title_tag\"\n\t\t\t><span class=\"sc_item_title_text\">\u00bfC\u00f3mo funciona la eliminaci\u00f3n de tatuajes con l\u00e1ser?<\/span><\/h3><\/div>\t\t\t\t<\/div>\n\t\t\t\t<\/div>\n\t\t\t\t<\/div>\n\t\t<div class=\"elementor-element elementor-element-74545ea e-con-full e-flex sc_layouts_column_icons_position_left e-con e-child\" data-id=\"74545ea\" data-element_type=\"container\">\n\t\t\t\t<div class=\"elementor-element elementor-element-f843b75 elementor-widget__width-initial sc_fly_static elementor-widget elementor-widget-text-editor\" data-id=\"f843b75\" data-element_type=\"widget\" data-widget_type=\"text-editor.default\">\n\t\t\t\t\t\t\t\t\t<p>Un l\u00e1ser especial <strong data-start=\"259\" data-end=\"273\">Q-switched<\/strong> o <strong data-start=\"276\" data-end=\"290\">l\u00e1ser pico<\/strong> emite pulsos cortos y de alta energ\u00eda en la piel. Estos pulsos fragmentan los pigmentos de tinta en part\u00edculas muy peque\u00f1as, que luego son eliminadas por el sistema inmunol\u00f3gico del cuerpo.<\/p>\t\t\t\t\t\t\t\t<\/div>\n\t\t\t\t<\/div>\n\t\t\t\t<\/div>\n\t\t\t\t<\/div>\n\t\t\t\t\t<\/div>\n\t\t\t\t<\/div>\n\t\t<div class=\"elementor-element elementor-element-ad6addc e-flex e-con-boxed sc_layouts_column_icons_position_left e-con e-parent\" data-id=\"ad6addc\" data-element_type=\"container\">\n\t\t\t\t\t<div class=\"e-con-inner\">\n\t\t\t\t<div class=\"elementor-element elementor-element-1aeacdd sc_height_tiny sc_fly_static elementor-widget elementor-widget-spacer\" data-id=\"1aeacdd\" data-element_type=\"widget\" data-widget_type=\"spacer.default\">\n\t\t\t\t\t\t\t<div class=\"elementor-spacer\">\n\t\t\t<div class=\"elementor-spacer-inner\"><\/div>\n\t\t<\/div>\n\t\t\t\t\t\t<\/div>\n\t\t\t\t\t<\/div>\n\t\t\t\t<\/div>\n\t\t<div class=\"elementor-element elementor-element-676d710 e-flex e-con-boxed sc_layouts_column_icons_position_left e-con e-parent\" data-id=\"676d710\" data-element_type=\"container\">\n\t\t\t\t\t<div class=\"e-con-inner\">\n\t\t\t\t<div class=\"elementor-element elementor-element-9a8cf3b sc_fly_static elementor-widget elementor-widget-image\" data-id=\"9a8cf3b\" data-element_type=\"widget\" data-widget_type=\"image.default\">\n\t\t\t\t\t\t\t\t\t\t\t\t\t\t\t<img decoding=\"async\" width=\"960\" height=\"540\" src=\"https:\/\/banusmedical.com\/wp-content\/uploads\/2026\/01\/Untitled-design-2026-01-11T174057.881.jpg\" class=\"attachment-large size-large wp-image-1387\" alt=\"\" srcset=\"https:\/\/banusmedical.com\/wp-content\/uploads\/2026\/01\/Untitled-design-2026-01-11T174057.881.jpg 960w, https:\/\/banusmedical.com\/wp-content\/uploads\/2026\/01\/Untitled-design-2026-01-11T174057.881-300x169.jpg 300w, https:\/\/banusmedical.com\/wp-content\/uploads\/2026\/01\/Untitled-design-2026-01-11T174057.881-768x432.jpg 768w, https:\/\/banusmedical.com\/wp-content\/uploads\/2026\/01\/Untitled-design-2026-01-11T174057.881-370x208.jpg 370w, https:\/\/banusmedical.com\/wp-content\/uploads\/2026\/01\/Untitled-design-2026-01-11T174057.881-840x473.jpg 840w, https:\/\/banusmedical.com\/wp-content\/uploads\/2026\/01\/Untitled-design-2026-01-11T174057.881-410x231.jpg 410w, https:\/\/banusmedical.com\/wp-content\/uploads\/2026\/01\/Untitled-design-2026-01-11T174057.881-270x152.jpg 270w\" sizes=\"(max-width: 960px) 100vw, 960px\" \/>\t\t\t\t\t\t\t\t\t\t\t\t\t\t\t<\/div>\n\t\t\t\t\t<\/div>\n\t\t\t\t<\/div>\n\t\t<div class=\"elementor-element elementor-element-9a9726c e-flex e-con-boxed sc_layouts_column_icons_position_left e-con e-parent\" data-id=\"9a9726c\" data-element_type=\"container\">\n\t\t\t\t\t<div class=\"e-con-inner\">\n\t\t\t\t<div class=\"elementor-element elementor-element-8412a10 sc_height_tiny sc_fly_static elementor-widget elementor-widget-spacer\" data-id=\"8412a10\" data-element_type=\"widget\" data-widget_type=\"spacer.default\">\n\t\t\t\t\t\t\t<div class=\"elementor-spacer\">\n\t\t\t<div class=\"elementor-spacer-inner\"><\/div>\n\t\t<\/div>\n\t\t\t\t\t\t<\/div>\n\t\t\t\t\t<\/div>\n\t\t\t\t<\/div>\n\t\t<div class=\"elementor-element elementor-element-8f8d43c e-flex e-con-boxed sc_layouts_column_icons_position_left e-con e-parent\" data-id=\"8f8d43c\" data-element_type=\"container\">\n\t\t\t\t\t<div class=\"e-con-inner\">\n\t\t<div class=\"elementor-element elementor-element-d0aed87 e-con-full e-flex sc_layouts_column_icons_position_left e-con e-child\" data-id=\"d0aed87\" data-element_type=\"container\">\n\t\t\t\t<div class=\"elementor-element elementor-element-e618f7c sc_fly_static elementor-widget elementor-widget-trx_sc_title\" data-id=\"e618f7c\" data-element_type=\"widget\" data-widget_type=\"trx_sc_title.default\">\n\t\t\t\t<div class=\"elementor-widget-container\">\n\t\t\t\t\t<div\t\tclass=\"sc_title sc_title_default\" ><h3 class=\"sc_item_title sc_title_title sc_item_title_style_default sc_item_title_tag\"\n\t\t\t><span class=\"sc_item_title_text\">Datos clave<\/span><\/h3><\/div>\t\t\t\t<\/div>\n\t\t\t\t<\/div>\n\t\t\t\t<\/div>\n\t\t\t\t\t<\/div>\n\t\t\t\t<\/div>\n\t\t<div class=\"elementor-element elementor-element-1f7b513 e-flex e-con-boxed sc_layouts_column_icons_position_left e-con e-parent\" data-id=\"1f7b513\" data-element_type=\"container\">\n\t\t\t\t\t<div class=\"e-con-inner\">\n\t\t\t\t<div class=\"elementor-element elementor-element-94df768 sc_fly_static elementor-widget elementor-widget-text-editor\" data-id=\"94df768\" data-element_type=\"widget\" data-widget_type=\"text-editor.default\">\n\t\t\t\t\t\t\t\t\t<ul><li data-start=\"503\" data-end=\"573\"><p data-start=\"505\" data-end=\"573\"><strong data-start=\"505\" data-end=\"529\">Duraci\u00f3n por sesi\u00f3n:<\/strong> 5\u201330 minutos (seg\u00fan el tama\u00f1o y el color)<\/p><\/li><li data-start=\"574\" data-end=\"643\"><p data-start=\"576\" data-end=\"643\"><strong data-start=\"576\" data-end=\"599\">N\u00famero de sesiones:<\/strong> 3\u201310 o m\u00e1s, con intervalos de 6\u20138 semanas<\/p><\/li><li data-start=\"644\" data-end=\"781\"><p data-start=\"646\" data-end=\"781\"><strong data-start=\"646\" data-end=\"656\">Dolor:<\/strong> similar a un chasquido de una banda el\u00e1stica o al propio tatuaje; se puede usar anestesia local o sistemas de enfriamiento<\/p><\/li><li data-start=\"782\" data-end=\"901\"><p data-start=\"784\" data-end=\"901\"><strong data-start=\"784\" data-end=\"796\">Colores:<\/strong> el negro es el m\u00e1s f\u00e1cil de eliminar; los colores brillantes (verde, azul, amarillo) son m\u00e1s dif\u00edciles<\/p><\/li><li data-start=\"902\" data-end=\"998\"><p data-start=\"904\" data-end=\"998\"><strong data-start=\"904\" data-end=\"929\">Riesgo de cicatrices:<\/strong> bajo cuando lo realiza un profesional; mayor con un uso inadecuado<\/p><\/li><\/ul>\t\t\t\t\t\t\t\t<\/div>\n\t\t\t\t\t<\/div>\n\t\t\t\t<\/div>\n\t\t<div class=\"elementor-element elementor-element-ad51e94 e-flex e-con-boxed sc_layouts_column_icons_position_left e-con e-parent\" data-id=\"ad51e94\" data-element_type=\"container\">\n\t\t\t\t\t<div class=\"e-con-inner\">\n\t\t<div class=\"elementor-element elementor-element-915079f e-con-full e-flex sc_layouts_column_icons_position_left e-con e-child\" data-id=\"915079f\" data-element_type=\"container\">\n\t\t\t\t<div class=\"elementor-element elementor-element-26fad6e sc_fly_static elementor-widget elementor-widget-image\" data-id=\"26fad6e\" data-element_type=\"widget\" data-widget_type=\"image.default\">\n\t\t\t\t\t\t\t\t\t\t\t\t\t\t\t<img decoding=\"async\" width=\"810\" height=\"1013\" src=\"https:\/\/banusmedical.com\/wp-content\/uploads\/2026\/01\/Untitled-design-2026-01-11T174130.144.jpg\" class=\"attachment-large size-large wp-image-1386\" alt=\"\" srcset=\"https:\/\/banusmedical.com\/wp-content\/uploads\/2026\/01\/Untitled-design-2026-01-11T174130.144.jpg 810w, https:\/\/banusmedical.com\/wp-content\/uploads\/2026\/01\/Untitled-design-2026-01-11T174130.144-240x300.jpg 240w, https:\/\/banusmedical.com\/wp-content\/uploads\/2026\/01\/Untitled-design-2026-01-11T174130.144-768x960.jpg 768w, https:\/\/banusmedical.com\/wp-content\/uploads\/2026\/01\/Untitled-design-2026-01-11T174130.144-370x463.jpg 370w, https:\/\/banusmedical.com\/wp-content\/uploads\/2026\/01\/Untitled-design-2026-01-11T174130.144-410x513.jpg 410w\" sizes=\"(max-width: 810px) 100vw, 810px\" \/>\t\t\t\t\t\t\t\t\t\t\t\t\t\t\t<\/div>\n\t\t\t\t<\/div>\n\t\t<div class=\"elementor-element elementor-element-a6f0237 e-con-full e-flex sc_layouts_column_icons_position_left e-con e-child\" data-id=\"a6f0237\" data-element_type=\"container\">\n\t\t<div class=\"elementor-element elementor-element-2aed877 e-con-full e-flex sc_layouts_column_icons_position_left e-con e-child\" data-id=\"2aed877\" data-element_type=\"container\">\n\t\t\t\t<div class=\"elementor-element elementor-element-982e347 elementor-widget__width-initial sc_fly_static elementor-widget elementor-widget-trx_sc_title\" data-id=\"982e347\" data-element_type=\"widget\" data-widget_type=\"trx_sc_title.default\">\n\t\t\t\t<div class=\"elementor-widget-container\">\n\t\t\t\t\t<div\t\tclass=\"sc_title sc_title_default\" ><h3 class=\"sc_item_title sc_title_title sc_item_title_style_default sc_item_title_tag\"\n\t\t\t><span class=\"sc_item_title_text\">Ventajas<\/span><\/h3><\/div>\t\t\t\t<\/div>\n\t\t\t\t<\/div>\n\t\t<div class=\"elementor-element elementor-element-dedc390 e-con-full e-flex sc_layouts_column_icons_position_left e-con e-child\" data-id=\"dedc390\" data-element_type=\"container\">\n\t\t\t\t<div class=\"elementor-element elementor-element-65a6a4f elementor-widget__width-initial sc_fly_static elementor-widget elementor-widget-text-editor\" data-id=\"65a6a4f\" data-element_type=\"widget\" data-widget_type=\"text-editor.default\">\n\t\t\t\t\t\t\t\t\t<ul><li data-start=\"1018\" data-end=\"1046\"><p data-start=\"1020\" data-end=\"1046\">No invasivo (sin cortes)<\/p><\/li><li data-start=\"1047\" data-end=\"1095\"><p data-start=\"1049\" data-end=\"1095\">Alta tasa de \u00e9xito en tatuajes profesionales<\/p><\/li><li data-start=\"1096\" data-end=\"1156\"><p data-start=\"1098\" data-end=\"1156\">Seguro para la piel a largo plazo con cuidados adecuados<\/p><\/li><\/ul>\t\t\t\t\t\t\t\t<\/div>\n\t\t\t\t<\/div>\n\t\t<div class=\"elementor-element elementor-element-5668c09 e-con-full e-flex sc_layouts_column_icons_position_left e-con e-child\" data-id=\"5668c09\" data-element_type=\"container\">\n\t\t\t\t<div class=\"elementor-element elementor-element-e8d226a elementor-widget__width-initial sc_fly_static elementor-widget elementor-widget-trx_sc_title\" data-id=\"e8d226a\" data-element_type=\"widget\" data-widget_type=\"trx_sc_title.default\">\n\t\t\t\t<div class=\"elementor-widget-container\">\n\t\t\t\t\t<div\t\tclass=\"sc_title sc_title_default\" ><h3 class=\"sc_item_title sc_title_title sc_item_title_style_default sc_item_title_tag\"\n\t\t\t><span class=\"sc_item_title_text\">Posibles efectos secundarios<\/span><\/h3><\/div>\t\t\t\t<\/div>\n\t\t\t\t<\/div>\n\t\t<div class=\"elementor-element elementor-element-fee0f16 e-con-full e-flex sc_layouts_column_icons_position_left e-con e-child\" data-id=\"fee0f16\" data-element_type=\"container\">\n\t\t\t\t<div class=\"elementor-element elementor-element-62b66bf elementor-widget__width-initial sc_fly_static elementor-widget elementor-widget-text-editor\" data-id=\"62b66bf\" data-element_type=\"widget\" data-widget_type=\"text-editor.default\">\n\t\t\t\t\t\t\t\t\t<ul><li data-start=\"1196\" data-end=\"1236\"><p data-start=\"1198\" data-end=\"1236\">Enrojecimiento, hinchaz\u00f3n o ampollas<\/p><\/li><li data-start=\"1237\" data-end=\"1293\"><p data-start=\"1239\" data-end=\"1293\">Cambios de pigmentaci\u00f3n (zonas m\u00e1s claras u oscuras)<\/p><\/li><li data-start=\"1294\" data-end=\"1326\"><p data-start=\"1296\" data-end=\"1326\">Picor o formaci\u00f3n de costras<\/p><\/li><li data-start=\"1327\" data-end=\"1361\"><p data-start=\"1329\" data-end=\"1361\">En casos muy raros: cicatrices<\/p><\/li><\/ul>\t\t\t\t\t\t\t\t<\/div>\n\t\t\t\t<\/div>\n\t\t\t\t<\/div>\n\t\t\t\t<\/div>\n\t\t\t\t<\/div>\n\t\t\t\t\t<\/div>\n\t\t\t\t<\/div>\n\t\t<div class=\"elementor-element elementor-element-a0838fc e-flex e-con-boxed sc_layouts_column_icons_position_left e-con e-parent\" data-id=\"a0838fc\" data-element_type=\"container\">\n\t\t\t\t\t<div class=\"e-con-inner\">\n\t\t\t\t<div class=\"elementor-element elementor-element-12c07c1 sc_height_tiny sc_fly_static elementor-widget elementor-widget-spacer\" data-id=\"12c07c1\" data-element_type=\"widget\" data-widget_type=\"spacer.default\">\n\t\t\t\t\t\t\t<div class=\"elementor-spacer\">\n\t\t\t<div class=\"elementor-spacer-inner\"><\/div>\n\t\t<\/div>\n\t\t\t\t\t\t<\/div>\n\t\t\t\t\t<\/div>\n\t\t\t\t<\/div>\n\t\t<div class=\"elementor-element elementor-element-34bfe7a e-flex e-con-boxed sc_layouts_column_icons_position_left e-con e-parent\" data-id=\"34bfe7a\" data-element_type=\"container\">\n\t\t\t\t\t<div class=\"e-con-inner\">\n\t\t\t\t<div class=\"elementor-element elementor-element-6c57830 sc_fly_static elementor-widget elementor-widget-trx_sc_title\" data-id=\"6c57830\" data-element_type=\"widget\" data-widget_type=\"trx_sc_title.default\">\n\t\t\t\t<div class=\"elementor-widget-container\">\n\t\t\t\t\t<div\t\tclass=\"sc_title sc_title_default\" ><h3 class=\"sc_item_title sc_title_title sc_item_title_style_default sc_item_title_tag\"\n\t\t\t><span class=\"sc_item_title_text\">Nachsorge<\/span><\/h3><\/div>\t\t\t\t<\/div>\n\t\t\t\t<\/div>\n\t\t\t\t\t<\/div>\n\t\t\t\t<\/div>\n\t\t<div class=\"elementor-element elementor-element-67c6638 e-flex e-con-boxed sc_layouts_column_icons_position_left e-con e-parent\" data-id=\"67c6638\" data-element_type=\"container\">\n\t\t\t\t\t<div class=\"e-con-inner\">\n\t\t\t\t<div class=\"elementor-element elementor-element-93e4e86 sc_fly_static elementor-widget elementor-widget-text-editor\" data-id=\"93e4e86\" data-element_type=\"widget\" data-widget_type=\"text-editor.default\">\n\t\t\t\t\t\t\t\t\t<ul><li data-start=\"1393\" data-end=\"1440\"><p data-start=\"1395\" data-end=\"1440\">Aplicar fr\u00edo (por ejemplo, compresas fr\u00edas)<\/p><\/li><li data-start=\"1441\" data-end=\"1509\"><p data-start=\"1443\" data-end=\"1509\">Evitar la exposici\u00f3n al sol (al menos 4 semanas antes y despu\u00e9s)<\/p><\/li><li data-start=\"1510\" data-end=\"1539\"><p data-start=\"1512\" data-end=\"1539\">No frotar la zona tratada<\/p><\/li><li data-start=\"1540\" data-end=\"1586\"><p data-start=\"1542\" data-end=\"1586\">No aplicar pomadas sin consultar al m\u00e9dico<\/p><\/li><li data-start=\"1587\" data-end=\"1641\"><p data-start=\"1589\" data-end=\"1641\">Mantener una buena higiene para evitar infecciones<\/p><\/li><\/ul>\t\t\t\t\t\t\t\t<\/div>\n\t\t\t\t\t<\/div>\n\t\t\t\t<\/div>\n\t\t<div class=\"elementor-element elementor-element-14624a2 e-flex e-con-boxed sc_layouts_column_icons_position_left e-con e-parent\" data-id=\"14624a2\" data-element_type=\"container\">\n\t\t\t\t\t<div class=\"e-con-inner\">\n\t\t\t\t<div class=\"elementor-element elementor-element-5f9e3b2 sc_height_tiny sc_fly_static elementor-widget elementor-widget-spacer\" data-id=\"5f9e3b2\" data-element_type=\"widget\" data-widget_type=\"spacer.default\">\n\t\t\t\t\t\t\t<div class=\"elementor-spacer\">\n\t\t\t<div class=\"elementor-spacer-inner\"><\/div>\n\t\t<\/div>\n\t\t\t\t\t\t<\/div>\n\t\t\t\t\t<\/div>\n\t\t\t\t<\/div>\n\t\t<div class=\"elementor-element elementor-element-eed80e6 e-flex e-con-boxed sc_layouts_column_icons_position_left e-con e-parent\" data-id=\"eed80e6\" data-element_type=\"container\">\n\t\t\t\t\t<div class=\"e-con-inner\">\n\t\t\t\t<div class=\"elementor-element elementor-element-2db6982 sc_fly_static elementor-widget elementor-widget-trx_sc_title\" data-id=\"2db6982\" data-element_type=\"widget\" data-widget_type=\"trx_sc_title.default\">\n\t\t\t\t<div class=\"elementor-widget-container\">\n\t\t\t\t\t<div\t\tclass=\"sc_title sc_title_default\" ><h3 class=\"sc_item_title sc_title_title sc_item_title_style_default sc_item_title_tag\"\n\t\t\t><span class=\"sc_item_title_text\">Importante<\/span><\/h3><\/div>\t\t\t\t<\/div>\n\t\t\t\t<\/div>\n\t\t\t\t\t<\/div>\n\t\t\t\t<\/div>\n\t\t<div class=\"elementor-element elementor-element-1d0fff4 e-flex e-con-boxed sc_layouts_column_icons_position_left e-con e-parent\" data-id=\"1d0fff4\" data-element_type=\"container\">\n\t\t\t\t\t<div class=\"e-con-inner\">\n\t\t\t\t<div class=\"elementor-element elementor-element-bc521c2 sc_fly_static elementor-widget elementor-widget-text-editor\" data-id=\"bc521c2\" data-element_type=\"widget\" data-widget_type=\"text-editor.default\">\n\t\t\t\t\t\t\t\t\t<p>El tratamiento con l\u00e1ser ofrece los mejores resultados y mayor seguridad cuando es realizado por <strong data-start=\"1760\" data-end=\"1810\">cirujanos pl\u00e1sticos y est\u00e9ticos o dermat\u00f3logos<\/strong> con experiencia.<\/p>\t\t\t\t\t\t\t\t<\/div>\n\t\t\t\t\t<\/div>\n\t\t\t\t<\/div>\n\t\t<div class=\"elementor-element elementor-element-39ea977 e-flex e-con-boxed sc_layouts_column_icons_position_left e-con e-parent\" data-id=\"39ea977\" data-element_type=\"container\">\n\t\t\t\t\t<div class=\"e-con-inner\">\n\t\t\t\t<div class=\"elementor-element elementor-element-fe7fb79 sc_fly_static elementor-widget elementor-widget-image\" data-id=\"fe7fb79\" data-element_type=\"widget\" data-widget_type=\"image.default\">\n\t\t\t\t\t\t\t\t\t\t\t\t\t\t\t<img loading=\"lazy\" decoding=\"async\" width=\"1000\" height=\"500\" src=\"https:\/\/banusmedical.com\/wp-content\/uploads\/2025\/12\/tatto-remove.webp\" class=\"attachment-large size-large wp-image-418\" alt=\"\" srcset=\"https:\/\/banusmedical.com\/wp-content\/uploads\/2025\/12\/tatto-remove.webp 1000w, https:\/\/banusmedical.com\/wp-content\/uploads\/2025\/12\/tatto-remove-300x150.webp 300w, https:\/\/banusmedical.com\/wp-content\/uploads\/2025\/12\/tatto-remove-768x384.webp 768w, https:\/\/banusmedical.com\/wp-content\/uploads\/2025\/12\/tatto-remove-370x185.webp 370w, https:\/\/banusmedical.com\/wp-content\/uploads\/2025\/12\/tatto-remove-840x420.webp 840w, https:\/\/banusmedical.com\/wp-content\/uploads\/2025\/12\/tatto-remove-410x205.webp 410w\" sizes=\"(max-width: 1000px) 100vw, 1000px\" \/>\t\t\t\t\t\t\t\t\t\t\t\t\t\t\t<\/div>\n\t\t\t\t\t<\/div>\n\t\t\t\t<\/div>\n\t\t\t\t<\/div>","protected":false},"excerpt":{"rendered":"<p>La eliminaci\u00f3n de tatuajes con l\u00e1ser es un m\u00e9todo com\u00fan, seguro y eficaz para eliminar tatuajes no deseados. A continuaci\u00f3n, lo que debes saber: \u00bfC\u00f3mo funciona la eliminaci\u00f3n de tatuajes&hellip;<\/p>","protected":false},"author":1,"featured_media":0,"parent":0,"menu_order":0,"comment_status":"closed","ping_status":"closed","template":"","meta":{"inline_featured_image":false,"footnotes":""},"class_list":["post-1381","page","type-page","status-publish","hentry"],"_hostinger_reach_plugin_has_subscription_block":false,"_hostinger_reach_plugin_is_elementor":false,"_links":{"self":[{"href":"https:\/\/banusmedical.com\/de\/wp-json\/wp\/v2\/pages\/1381","targetHints":{"allow":["GET"]}}],"collection":[{"href":"https:\/\/banusmedical.com\/de\/wp-json\/wp\/v2\/pages"}],"about":[{"href":"https:\/\/banusmedical.com\/de\/wp-json\/wp\/v2\/types\/page"}],"author":[{"embeddable":true,"href":"https:\/\/banusmedical.com\/de\/wp-json\/wp\/v2\/users\/1"}],"replies":[{"embeddable":true,"href":"https:\/\/banusmedical.com\/de\/wp-json\/wp\/v2\/comments?post=1381"}],"version-history":[{"count":7,"href":"https:\/\/banusmedical.com\/de\/wp-json\/wp\/v2\/pages\/1381\/revisions"}],"predecessor-version":[{"id":1393,"href":"https:\/\/banusmedical.com\/de\/wp-json\/wp\/v2\/pages\/1381\/revisions\/1393"}],"wp:attachment":[{"href":"https:\/\/banusmedical.com\/de\/wp-json\/wp\/v2\/media?parent=1381"}],"curies":[{"name":"wp","href":"https:\/\/api.w.org\/{rel}","templated":true}]}}