{"id":631,"date":"2025-12-23T12:54:31","date_gmt":"2025-12-23T12:54:31","guid":{"rendered":"https:\/\/banusmedical.com\/?page_id=631"},"modified":"2026-01-10T19:15:27","modified_gmt":"2026-01-10T19:15:27","slug":"kleiner-vorgeschmack","status":"publish","type":"page","link":"https:\/\/banusmedical.com\/de\/kleiner-vorgeschmack\/","title":{"rendered":"Vereinbaren Sie einen Termin"},"content":{"rendered":"<div data-elementor-type=\"wp-page\" data-elementor-id=\"631\" class=\"elementor elementor-631\" data-elementor-post-type=\"page\">\n\t\t\t\t<div class=\"elementor-element elementor-element-6a50550 e-flex e-con-boxed sc_layouts_column_icons_position_left e-con e-parent\" data-id=\"6a50550\" data-element_type=\"container\">\n\t\t\t\t\t<div class=\"e-con-inner\">\n\t\t\t\t<div class=\"elementor-element elementor-element-044a2fd sc_fly_static elementor-widget elementor-widget-trx_sc_title\" data-id=\"044a2fd\" data-element_type=\"widget\" data-widget_type=\"trx_sc_title.default\">\n\t\t\t\t<div class=\"elementor-widget-container\">\n\t\t\t\t\t<div\t\tclass=\"sc_title sc_title_default\" ><h1 class=\"sc_item_title sc_title_title sc_item_title_style_default sc_item_title_tag\"\n\t\t\t><span class=\"sc_item_title_text\">Geben Sie den ersten Schritt, um sich besser zu sehen und zu f\u00fchlen.<\/span><\/h1><\/div>\t\t\t\t<\/div>\n\t\t\t\t<\/div>\n\t\t\t\t<div class=\"elementor-element elementor-element-3fd0c2e sc_fly_static elementor-widget elementor-widget-text-editor\" data-id=\"3fd0c2e\" data-element_type=\"widget\" data-widget_type=\"text-editor.default\">\n\t\t\t\t\t\t\t\t\t<p>Vereinbare deinen Termin mit unseren Spezialisten und erhalte eine pers\u00f6nliche Betreuung, die auf deine Bed\u00fcrfnisse zugeschnitten ist. Unser Team steht dir bei jedem Schritt zur Seite, von der Beratung bis zu den Ergebnissen.<\/p>\t\t\t\t\t\t\t\t<\/div>\n\t\t\t\t\t<\/div>\n\t\t\t\t<\/div>\n\t\t<div class=\"elementor-element elementor-element-5fa751e e-flex e-con-boxed sc_layouts_column_icons_position_left e-con e-parent\" data-id=\"5fa751e\" data-element_type=\"container\">\n\t\t\t\t\t<div class=\"e-con-inner\">\n\t\t\t\t<div class=\"elementor-element elementor-element-3094f1b sc_fly_static elementor-widget elementor-widget-shortcode\" data-id=\"3094f1b\" data-element_type=\"widget\" data-widget_type=\"shortcode.default\">\n\t\t\t\t\t\t\t<div class=\"elementor-shortcode\"><div class=\"latepoint-book-form-wrapper os-loading os_init_booking_form\" id=\"latepointBookForm_69d07bc0c0816\" >\n\t\t\t\t\t\t<div class=\"latepoint-w latepoint-inline-form latepoint-show-side-panel\">\n\t\t\t\t\t\t\t<div class=\"latepoint-booking-form-element\">\n\t\t\t\t\t\t\t\t<div class=\"latepoint-side-panel\"><\/div>\n\t\t\t\t\t\t\t\t<div class=\"latepoint-form-w\"><\/div>\n\t\t\t\t\t\t\t<\/div>\n\t\t\t\t\t\t<\/div>\n\t\t\t\t\t<\/div><\/div>\n\t\t\t\t\t\t<\/div>\n\t\t\t\t\t<\/div>\n\t\t\t\t<\/div>\n\t\t\t\t<\/div>","protected":false},"excerpt":{"rendered":"<p>Da el primer paso para verte y sentirte mejor. Agenda tu cita con nuestros especialistas y recibe una atenci\u00f3n personalizada adaptada a tus necesidades. Nuestro equipo est\u00e1 aqu\u00ed para acompa\u00f1arte&hellip;<\/p>","protected":false},"author":1,"featured_media":0,"parent":0,"menu_order":0,"comment_status":"closed","ping_status":"closed","template":"","meta":{"inline_featured_image":false,"footnotes":""},"class_list":["post-631","page","type-page","status-publish","hentry"],"_hostinger_reach_plugin_has_subscription_block":false,"_hostinger_reach_plugin_is_elementor":false,"_links":{"self":[{"href":"https:\/\/banusmedical.com\/de\/wp-json\/wp\/v2\/pages\/631","targetHints":{"allow":["GET"]}}],"collection":[{"href":"https:\/\/banusmedical.com\/de\/wp-json\/wp\/v2\/pages"}],"about":[{"href":"https:\/\/banusmedical.com\/de\/wp-json\/wp\/v2\/types\/page"}],"author":[{"embeddable":true,"href":"https:\/\/banusmedical.com\/de\/wp-json\/wp\/v2\/users\/1"}],"replies":[{"embeddable":true,"href":"https:\/\/banusmedical.com\/de\/wp-json\/wp\/v2\/comments?post=631"}],"version-history":[{"count":19,"href":"https:\/\/banusmedical.com\/de\/wp-json\/wp\/v2\/pages\/631\/revisions"}],"predecessor-version":[{"id":1636,"href":"https:\/\/banusmedical.com\/de\/wp-json\/wp\/v2\/pages\/631\/revisions\/1636"}],"wp:attachment":[{"href":"https:\/\/banusmedical.com\/de\/wp-json\/wp\/v2\/media?parent=631"}],"curies":[{"name":"wp","href":"https:\/\/api.w.org\/{rel}","templated":true}]}}