{"id":913,"date":"2026-01-08T12:51:09","date_gmt":"2026-01-08T12:51:09","guid":{"rendered":"https:\/\/banusmedical.com\/?page_id=913"},"modified":"2026-03-17T19:56:12","modified_gmt":"2026-03-17T19:56:12","slug":"facelift-operation-marbella","status":"publish","type":"page","link":"https:\/\/banusmedical.com\/de\/facelift-operation-marbella\/","title":{"rendered":"Facelift"},"content":{"rendered":"<div data-elementor-type=\"wp-page\" data-elementor-id=\"913\" class=\"elementor elementor-913\" data-elementor-post-type=\"page\">\n\t\t\t\t<div class=\"elementor-element elementor-element-645eae4 e-flex e-con-boxed sc_layouts_column_icons_position_left e-con e-parent\" data-id=\"645eae4\" data-element_type=\"container\">\n\t\t\t\t\t<div class=\"e-con-inner\">\n\t\t<div class=\"e-con-gap-no elementor-element elementor-element-1717f80 e-con-full e-flex sc_layouts_column_icons_position_left e-con e-child\" data-animation-type=\"sequental\" data-animation-stagger=\"\" data-id=\"1717f80\" data-element_type=\"container\" data-settings=\"{&quot;background_background&quot;:&quot;video&quot;,&quot;background_video_link&quot;:&quot;https:\\\/\\\/vimeo.com\\\/1152561858\\\/7dd3cfdfef?share=copy&amp;fl=sv&amp;fe=ci&quot;,&quot;background_play_on_mobile&quot;:&quot;yes&quot;,&quot;animation&quot;:&quot;none&quot;}\">\n\t\t<div class=\"elementor-background-video-container\" aria-hidden=\"true\">\n\t\t\t\t\t\t\t<div class=\"elementor-background-video-embed\"><\/div>\n\t\t\t\t\t\t<\/div>\t\t<\/div>\n\t\t\t\t\t<\/div>\n\t\t\t\t<\/div>\n\t\t<div class=\"elementor-element elementor-element-9479223 e-flex e-con-boxed sc_layouts_column_icons_position_left e-con e-parent\" data-id=\"9479223\" data-element_type=\"container\">\n\t\t\t\t\t<div class=\"e-con-inner\">\n\t\t\t\t<div class=\"elementor-element elementor-element-672fdf3 sc_fly_static elementor-widget elementor-widget-spacer\" data-id=\"672fdf3\" data-element_type=\"widget\" data-widget_type=\"spacer.default\">\n\t\t\t\t\t\t\t<div class=\"elementor-spacer\">\n\t\t\t<div class=\"elementor-spacer-inner\"><\/div>\n\t\t<\/div>\n\t\t\t\t\t\t<\/div>\n\t\t\t\t<div class=\"elementor-element elementor-element-43a4896 sc_fly_static elementor-widget elementor-widget-text-editor\" data-id=\"43a4896\" data-element_type=\"widget\" data-widget_type=\"text-editor.default\">\n\t\t\t\t\t\t\t\t\t<p>Das Facelifting in Marbella ist einer der gefragtesten Eingriffe in der plastischen Chirurgie zur Verj\u00fcngung des Gesichts und zur Verbesserung der Hautfestigkeit.<\/p>\t\t\t\t\t\t\t\t<\/div>\n\t\t\t\t<div class=\"elementor-element elementor-element-480db63 sc_fly_static elementor-widget elementor-widget-text-editor\" data-id=\"480db63\" data-element_type=\"widget\" data-widget_type=\"text-editor.default\">\n\t\t\t\t\t\t\t\t\t<p>A <strong data-start=\"23\" data-end=\"41\">Facelift<\/strong> (auch genannt <em data-start=\"59\" data-end=\"73\">rhytidektomie<\/em>) ist ein chirurgischer Eingriff zur Reduzierung der sichtbaren Zeichen der Hautalterung im Gesicht und am Hals. Nachfolgend finden Sie eine Zusammenfassung der wichtigsten Informationen:<\/p>\t\t\t\t\t\t\t\t<\/div>\n\t\t\t\t<div class=\"elementor-element elementor-element-a7a53ed sc_fly_static elementor-widget elementor-widget-spacer\" data-id=\"a7a53ed\" data-element_type=\"widget\" data-widget_type=\"spacer.default\">\n\t\t\t\t\t\t\t<div class=\"elementor-spacer\">\n\t\t\t<div class=\"elementor-spacer-inner\"><\/div>\n\t\t<\/div>\n\t\t\t\t\t\t<\/div>\n\t\t\t\t\t<\/div>\n\t\t\t\t<\/div>\n\t\t<div class=\"elementor-element elementor-element-5f46828 e-flex e-con-boxed sc_layouts_column_icons_position_left e-con e-parent\" data-id=\"5f46828\" data-element_type=\"container\">\n\t\t\t\t\t<div class=\"e-con-inner\">\n\t\t<div class=\"elementor-element elementor-element-245655c e-con-full e-flex sc_layouts_column_icons_position_left e-con e-child\" data-id=\"245655c\" data-element_type=\"container\">\n\t\t\t\t<div class=\"elementor-element elementor-element-31ebb04 sc_fly_static elementor-widget elementor-widget-image\" data-id=\"31ebb04\" data-element_type=\"widget\" data-widget_type=\"image.default\">\n\t\t\t\t\t\t\t\t\t\t\t\t\t\t\t<img fetchpriority=\"high\" decoding=\"async\" width=\"810\" height=\"810\" src=\"https:\/\/banusmedical.com\/wp-content\/uploads\/2026\/01\/Untitled-design-68.jpg\" class=\"attachment-large size-large wp-image-931\" alt=\"\" srcset=\"https:\/\/banusmedical.com\/wp-content\/uploads\/2026\/01\/Untitled-design-68.jpg 810w, https:\/\/banusmedical.com\/wp-content\/uploads\/2026\/01\/Untitled-design-68-300x300.jpg 300w, https:\/\/banusmedical.com\/wp-content\/uploads\/2026\/01\/Untitled-design-68-150x150.jpg 150w, https:\/\/banusmedical.com\/wp-content\/uploads\/2026\/01\/Untitled-design-68-768x768.jpg 768w, https:\/\/banusmedical.com\/wp-content\/uploads\/2026\/01\/Untitled-design-68-370x370.jpg 370w, https:\/\/banusmedical.com\/wp-content\/uploads\/2026\/01\/Untitled-design-68-120x120.jpg 120w, https:\/\/banusmedical.com\/wp-content\/uploads\/2026\/01\/Untitled-design-68-410x410.jpg 410w\" sizes=\"(max-width: 810px) 100vw, 810px\" \/>\t\t\t\t\t\t\t\t\t\t\t\t\t\t\t<\/div>\n\t\t\t\t<\/div>\n\t\t<div class=\"elementor-element elementor-element-79d0c65 e-con-full e-flex sc_layouts_column_icons_position_left e-con e-child\" data-id=\"79d0c65\" data-element_type=\"container\">\n\t\t\t\t<div class=\"elementor-element elementor-element-7db768e sc_fly_static elementor-widget elementor-widget-trx_sc_title\" data-id=\"7db768e\" data-element_type=\"widget\" data-widget_type=\"trx_sc_title.default\">\n\t\t\t\t<div class=\"elementor-widget-container\">\n\t\t\t\t\t<div\t\tclass=\"sc_title sc_title_default\" ><h3 class=\"sc_item_title sc_title_title sc_item_title_style_default sc_item_title_tag\"\n\t\t\t><span class=\"sc_item_title_text\">Was ist ein Facelifting?<\/span><\/h3><\/div>\t\t\t\t<\/div>\n\t\t\t\t<\/div>\n\t\t\t\t<div class=\"elementor-element elementor-element-0972d40 sc_fly_static elementor-widget elementor-widget-text-editor\" data-id=\"0972d40\" data-element_type=\"widget\" data-widget_type=\"text-editor.default\">\n\t\t\t\t\t\t\t\t\t<p data-start=\"292\" data-end=\"541\">Ein Facelifting ist ein kosmetisch-chirurgischer Eingriff, bei dem \u00fcbersch\u00fcssige Haut entfernt, das darunter liegende Gewebe gestrafft (insbesondere die Haut von Gesicht und Hals) und die \u00fcbersch\u00fcssige Haut entfernt wird. <strong data-start=\"429\" data-end=\"480\">SMAS - Oberfl\u00e4chliches Muskulo-Aponeurotisches System<\/strong>) und positioniert die Haut neu, um ihr ein jugendlicheres Aussehen zu verleihen.<\/p>\t\t\t\t\t\t\t\t<\/div>\n\t\t\t\t<\/div>\n\t\t\t\t\t<\/div>\n\t\t\t\t<\/div>\n\t\t<div class=\"elementor-element elementor-element-7e808cb e-flex e-con-boxed sc_layouts_column_icons_position_left e-con e-parent\" data-id=\"7e808cb\" data-element_type=\"container\">\n\t\t\t\t\t<div class=\"e-con-inner\">\n\t\t\t\t<div class=\"elementor-element elementor-element-44d0c53 sc_fly_static elementor-widget elementor-widget-spacer\" data-id=\"44d0c53\" data-element_type=\"widget\" data-widget_type=\"spacer.default\">\n\t\t\t\t\t\t\t<div class=\"elementor-spacer\">\n\t\t\t<div class=\"elementor-spacer-inner\"><\/div>\n\t\t<\/div>\n\t\t\t\t\t\t<\/div>\n\t\t\t\t\t<\/div>\n\t\t\t\t<\/div>\n\t\t<div class=\"elementor-element elementor-element-17435db e-flex e-con-boxed sc_layouts_column_icons_position_left e-con e-parent\" data-id=\"17435db\" data-element_type=\"container\">\n\t\t\t\t\t<div class=\"e-con-inner\">\n\t\t\t\t<div class=\"elementor-element elementor-element-2a4f8f0 sc_fly_static elementor-widget elementor-widget-trx_sc_title\" data-id=\"2a4f8f0\" data-element_type=\"widget\" data-widget_type=\"trx_sc_title.default\">\n\t\t\t\t<div class=\"elementor-widget-container\">\n\t\t\t\t\t<div\t\tclass=\"sc_title sc_title_default\" ><h3 class=\"sc_item_title sc_title_title sc_item_title_style_default sc_item_title_tag\"\n\t\t\t><span class=\"sc_item_title_text\">Ziele eines Faceliftings<\/span><\/h3><\/div>\t\t\t\t<\/div>\n\t\t\t\t<\/div>\n\t\t\t\t<div class=\"elementor-element elementor-element-a424a53 sc_fly_static elementor-widget elementor-widget-text-editor\" data-id=\"a424a53\" data-element_type=\"widget\" data-widget_type=\"text-editor.default\">\n\t\t\t\t\t\t\t\t\t<ul><li data-start=\"583\" data-end=\"632\"><p data-start=\"585\" data-end=\"632\">Straffung schlaffer Haut im Gesicht und am Hals<\/p><\/li><li data-start=\"633\" data-end=\"707\"><p data-start=\"635\" data-end=\"707\">Verringerung tiefer Falten (z. B. Nasolabialfalten)<\/p><\/li><li data-start=\"708\" data-end=\"775\"><p data-start=\"710\" data-end=\"775\">Anhebung erschlaffter Wangen (der so genannten \u201cmittleren Gesichtspartie\u201d)<\/p><\/li><li data-start=\"776\" data-end=\"815\"><p data-start=\"778\" data-end=\"815\">Beseitigung von Wangen (Seitenwangen)<\/p><\/li><li data-start=\"816\" data-end=\"872\"><p data-start=\"818\" data-end=\"872\">Verbesserung des \u00dcbergangs zwischen Kiefer und Hals<\/p><\/li><\/ul>\t\t\t\t\t\t\t\t<\/div>\n\t\t\t\t<div class=\"elementor-element elementor-element-701091f sc_fly_static elementor-widget elementor-widget-spacer\" data-id=\"701091f\" data-element_type=\"widget\" data-widget_type=\"spacer.default\">\n\t\t\t\t\t\t\t<div class=\"elementor-spacer\">\n\t\t\t<div class=\"elementor-spacer-inner\"><\/div>\n\t\t<\/div>\n\t\t\t\t\t\t<\/div>\n\t\t\t\t\t<\/div>\n\t\t\t\t<\/div>\n\t\t<div class=\"elementor-element elementor-element-a03ff5f e-flex e-con-boxed sc_layouts_column_icons_position_left e-con e-parent\" data-id=\"a03ff5f\" data-element_type=\"container\">\n\t\t\t\t\t<div class=\"e-con-inner\">\n\t\t\t\t<div class=\"elementor-element elementor-element-1bfd471 sc_fly_static elementor-widget elementor-widget-trx_sc_icompare\" data-id=\"1bfd471\" data-element_type=\"widget\" data-widget_type=\"trx_sc_icompare.default\">\n\t\t\t\t<div class=\"elementor-widget-container\">\n\t\t\t\t\t<div  \n\t\t\tclass=\"sc_icompare sc_icompare_default sc_icompare_direction_vertical sc_icompare_event_drag\" ><div class=\"sc_icompare_content sc_item_content\" ><img decoding=\"async\" src=\"\/\/banusmedical.com\/wp-content\/uploads\/2026\/01\/19.jpg\" class=\"sc_icompare_image sc_icompare_image0\" alt=\"Before\" width=\"810\" height=\"810\" \/><img decoding=\"async\" src=\"\/\/banusmedical.com\/wp-content\/uploads\/2026\/01\/19.jpg\" class=\"sc_icompare_image sc_icompare_image1\" alt=\"Before\" width=\"810\" height=\"810\" \/><img loading=\"lazy\" decoding=\"async\" src=\"\/\/banusmedical.com\/wp-content\/uploads\/2026\/01\/20-1.jpg\" class=\"sc_icompare_image sc_icompare_image2\" alt=\"After\" width=\"810\" height=\"810\" \/><div class=\"sc_icompare_handler sc_icompare_handler_style_round sc_icompare_handler_show sc_icompare_separator_hide\"\n\t\t\t\t\tdata-handler-pos=\"50\"\n\t\t\t\t><span class=\"sc_icompare_handler_arrows\"><\/span><\/div><\/div><\/div>\t\t\t\t<\/div>\n\t\t\t\t<\/div>\n\t\t\t\t\t<\/div>\n\t\t\t\t<\/div>\n\t\t<div class=\"elementor-element elementor-element-9631d6d e-flex e-con-boxed sc_layouts_column_icons_position_left e-con e-parent\" data-id=\"9631d6d\" data-element_type=\"container\">\n\t\t\t\t\t<div class=\"e-con-inner\">\n\t\t\t\t<div class=\"elementor-element elementor-element-b737461 sc_fly_static elementor-widget elementor-widget-text-editor\" data-id=\"b737461\" data-element_type=\"widget\" data-widget_type=\"text-editor.default\">\n\t\t\t\t\t\t\t\t\t<p>En <strong>Banus Medizinisch,<\/strong> unter <strong>Marbella<\/strong>, Wir bieten fortschrittliche Facelifting-Techniken mit nat\u00fcrlichen und sicheren Ergebnissen.<\/p>\t\t\t\t\t\t\t\t<\/div>\n\t\t\t\t\t<\/div>\n\t\t\t\t<\/div>\n\t\t<div class=\"elementor-element elementor-element-9401ffc e-flex e-con-boxed sc_layouts_column_icons_position_left e-con e-parent\" data-id=\"9401ffc\" data-element_type=\"container\">\n\t\t\t\t\t<div class=\"e-con-inner\">\n\t\t\t\t<div class=\"elementor-element elementor-element-0babe66 sc_fly_static elementor-widget elementor-widget-trx_sc_title\" data-id=\"0babe66\" data-element_type=\"widget\" data-widget_type=\"trx_sc_title.default\">\n\t\t\t\t<div class=\"elementor-widget-container\">\n\t\t\t\t\t<div\t\tclass=\"sc_title sc_title_default\" ><h3 class=\"sc_item_title sc_title_title sc_item_title_style_default sc_item_title_tag\"\n\t\t\t><span class=\"sc_item_title_text\">Arten von Facelifting<\/span><\/h3><\/div>\t\t\t\t<\/div>\n\t\t\t\t<\/div>\n\t\t\t\t<div class=\"elementor-element elementor-element-db39108 sc_fly_static elementor-widget elementor-widget-text-editor\" data-id=\"db39108\" data-element_type=\"widget\" data-widget_type=\"text-editor.default\">\n\t\t\t\t\t\t\t\t\t<ul><li data-start=\"583\" data-end=\"632\"><p data-start=\"907\" data-end=\"1023\"><strong data-start=\"907\" data-end=\"923\">Mini-Heben<\/strong><br data-start=\"923\" data-end=\"926\" \/>Kleiner Eingriff, der bei leichtem Haut\u00fcberschuss angezeigt ist und eine k\u00fcrzere Erholungszeit hat.<\/p><p data-start=\"1025\" data-end=\"1116\"><strong data-start=\"1025\" data-end=\"1041\">SMAS-Lift<\/strong><br data-start=\"1041\" data-end=\"1044\" \/>Straffung der tiefen Gewebeschichten f\u00fcr l\u00e4nger anhaltende Ergebnisse.<\/p><p data-start=\"1118\" data-end=\"1231\"><strong data-start=\"1118\" data-end=\"1140\">Tiefes Heben der Ebene<\/strong><br data-start=\"1140\" data-end=\"1143\" \/>Sie umfasst tiefere Strukturen, bietet nat\u00fcrlichere Ergebnisse und ist komplexer.<\/p><p data-start=\"1233\" data-end=\"1336\"><strong data-start=\"1233\" data-end=\"1287\">Mittelgesichtslift (Midface Lift)<\/strong><br data-start=\"1287\" data-end=\"1290\" \/>Hebt speziell die Wangenpartie an.<\/p><p data-start=\"1338\" data-end=\"1448\"><strong data-start=\"1338\" data-end=\"1359\">Nackenlifting<\/strong><br data-start=\"1359\" data-end=\"1362\" \/>Sie konzentriert sich auf den Hals- und Kinnbereich und wird oft mit einem Facelifting kombiniert.<\/p><p data-start=\"1450\" data-end=\"1553\"><strong data-start=\"1450\" data-end=\"1469\">Heben von Fl\u00fcssigkeiten<\/strong><br data-start=\"1469\" data-end=\"1472\" \/>Es handelt sich nicht um einen chirurgischen Eingriff, sondern um die Injektion von Fillern und\/oder Botox.<\/p><\/li><\/ul>\t\t\t\t\t\t\t\t<\/div>\n\t\t\t\t<div class=\"elementor-element elementor-element-08d97db sc_fly_static elementor-widget elementor-widget-spacer\" data-id=\"08d97db\" data-element_type=\"widget\" data-widget_type=\"spacer.default\">\n\t\t\t\t\t\t\t<div class=\"elementor-spacer\">\n\t\t\t<div class=\"elementor-spacer-inner\"><\/div>\n\t\t<\/div>\n\t\t\t\t\t\t<\/div>\n\t\t\t\t\t<\/div>\n\t\t\t\t<\/div>\n\t\t<div class=\"elementor-element elementor-element-25e0cb6 e-flex e-con-boxed sc_layouts_column_icons_position_left e-con e-parent\" data-id=\"25e0cb6\" data-element_type=\"container\">\n\t\t\t\t\t<div class=\"e-con-inner\">\n\t\t\t\t<div class=\"elementor-element elementor-element-9b9a235 sc_fly_static elementor-widget elementor-widget-trx_sc_title\" data-id=\"9b9a235\" data-element_type=\"widget\" data-widget_type=\"trx_sc_title.default\">\n\t\t\t\t<div class=\"elementor-widget-container\">\n\t\t\t\t\t<div\t\tclass=\"sc_title sc_title_default\" ><h3 class=\"sc_item_title sc_title_title sc_item_title_style_default sc_item_title_tag\"\n\t\t\t><span class=\"sc_item_title_text\">Verfahren und Erholungszeit<\/span><\/h3><\/div>\t\t\t\t<\/div>\n\t\t\t\t<\/div>\n\t\t\t\t\t<\/div>\n\t\t\t\t<\/div>\n\t\t<div class=\"elementor-element elementor-element-5956aa6 e-flex e-con-boxed sc_layouts_column_icons_position_left e-con e-parent\" data-id=\"5956aa6\" data-element_type=\"container\">\n\t\t\t\t\t<div class=\"e-con-inner\">\n\t\t<div class=\"elementor-element elementor-element-7b04737 e-con-full e-flex sc_layouts_column_icons_position_left e-con e-child\" data-id=\"7b04737\" data-element_type=\"container\">\n\t\t\t\t<div class=\"elementor-element elementor-element-2ac67eb sc_fly_static elementor-widget elementor-widget-text-editor\" data-id=\"2ac67eb\" data-element_type=\"widget\" data-widget_type=\"text-editor.default\">\n\t\t\t\t\t\t\t\t\t<ul><li><strong data-start=\"1605\" data-end=\"1636\">Dauer des Verfahrens:<\/strong> 2-5 Stunden<\/li><li><strong data-start=\"1651\" data-end=\"1665\">An\u00e4sthesie:<\/strong> in der Regel Vollnarkose; in einigen F\u00e4llen auch Sedierung<\/li><li><strong data-start=\"1729\" data-end=\"1755\">Krankenhausaufenthalt:<\/strong> 1-2 Tage oder ambulant<\/li><li><strong data-start=\"1783\" data-end=\"1800\">Erholung:<\/strong><ul data-start=\"1805\" data-end=\"1954\"><li data-start=\"1805\" data-end=\"1865\"><p data-start=\"1807\" data-end=\"1865\">R\u00fcckkehr zur Arbeit: nach etwa 2 Wochen<\/p><\/li><li data-start=\"1868\" data-end=\"1907\"><p data-start=\"1870\" data-end=\"1907\">Soziales Leben: nach 3-4 Wochen<\/p><\/li><li data-start=\"1910\" data-end=\"1954\"><p data-start=\"1912\" data-end=\"1954\">K\u00f6rperliche Bet\u00e4tigung: nach 4-6 Wochen<\/p><\/li><\/ul><\/li><li style=\"list-style-type: none;\">\u00a0<\/li><\/ul>\t\t\t\t\t\t\t\t<\/div>\n\t\t\t\t<\/div>\n\t\t<div class=\"elementor-element elementor-element-7315322 e-con-full e-flex sc_layouts_column_icons_position_left e-con e-child\" data-id=\"7315322\" data-element_type=\"container\">\n\t\t\t\t<div class=\"elementor-element elementor-element-9da6497 sc_fly_static elementor-widget elementor-widget-image\" data-id=\"9da6497\" data-element_type=\"widget\" data-widget_type=\"image.default\">\n\t\t\t\t\t\t\t\t\t\t\t\t\t\t\t<img loading=\"lazy\" decoding=\"async\" width=\"810\" height=\"810\" src=\"https:\/\/banusmedical.com\/wp-content\/uploads\/2026\/01\/26.jpg\" class=\"attachment-large size-large wp-image-932\" alt=\"\" srcset=\"https:\/\/banusmedical.com\/wp-content\/uploads\/2026\/01\/26.jpg 810w, https:\/\/banusmedical.com\/wp-content\/uploads\/2026\/01\/26-300x300.jpg 300w, https:\/\/banusmedical.com\/wp-content\/uploads\/2026\/01\/26-150x150.jpg 150w, https:\/\/banusmedical.com\/wp-content\/uploads\/2026\/01\/26-768x768.jpg 768w, https:\/\/banusmedical.com\/wp-content\/uploads\/2026\/01\/26-370x370.jpg 370w, https:\/\/banusmedical.com\/wp-content\/uploads\/2026\/01\/26-120x120.jpg 120w, https:\/\/banusmedical.com\/wp-content\/uploads\/2026\/01\/26-410x410.jpg 410w\" sizes=\"(max-width: 810px) 100vw, 810px\" \/>\t\t\t\t\t\t\t\t\t\t\t\t\t\t\t<\/div>\n\t\t\t\t<\/div>\n\t\t\t\t\t<\/div>\n\t\t\t\t<\/div>\n\t\t<div class=\"elementor-element elementor-element-ebcc85a e-flex e-con-boxed sc_layouts_column_icons_position_left e-con e-parent\" data-id=\"ebcc85a\" data-element_type=\"container\">\n\t\t\t\t\t<div class=\"e-con-inner\">\n\t\t\t\t<div class=\"elementor-element elementor-element-315ad50 sc_fly_static elementor-widget elementor-widget-spacer\" data-id=\"315ad50\" data-element_type=\"widget\" data-widget_type=\"spacer.default\">\n\t\t\t\t\t\t\t<div class=\"elementor-spacer\">\n\t\t\t<div class=\"elementor-spacer-inner\"><\/div>\n\t\t<\/div>\n\t\t\t\t\t\t<\/div>\n\t\t\t\t\t<\/div>\n\t\t\t\t<\/div>\n\t\t<div class=\"elementor-element elementor-element-71e69e1 e-flex e-con-boxed sc_layouts_column_icons_position_left e-con e-parent\" data-id=\"71e69e1\" data-element_type=\"container\">\n\t\t\t\t\t<div class=\"e-con-inner\">\n\t\t\t\t<div class=\"elementor-element elementor-element-b9078e7 sc_fly_static elementor-widget elementor-widget-trx_sc_title\" data-id=\"b9078e7\" data-element_type=\"widget\" data-widget_type=\"trx_sc_title.default\">\n\t\t\t\t<div class=\"elementor-widget-container\">\n\t\t\t\t\t<div\t\tclass=\"sc_title sc_title_default\" ><h3 class=\"sc_item_title sc_title_title sc_item_title_style_default sc_item_title_tag\"\n\t\t\t><span class=\"sc_item_title_text\">F\u00fcr wen ist es geeignet?<\/span><\/h3><\/div>\t\t\t\t<\/div>\n\t\t\t\t<\/div>\n\t\t\t\t<div class=\"elementor-element elementor-element-36d101f sc_fly_static elementor-widget elementor-widget-text-editor\" data-id=\"36d101f\" data-element_type=\"widget\" data-widget_type=\"text-editor.default\">\n\t\t\t\t\t\t\t\t\t<ul><li data-start=\"1992\" data-end=\"2067\">Menschen zwischen 40 und 70 Jahren mit deutlichen Anzeichen der Gesichtsalterung<\/li><li data-start=\"2070\" data-end=\"2131\">Gute Hautelastizit\u00e4t und allgemein gute Gesundheit<\/li><li data-start=\"2134\" data-end=\"2158\">Realistische Erwartungen<\/li><\/ul>\t\t\t\t\t\t\t\t<\/div>\n\t\t\t\t<div class=\"elementor-element elementor-element-9025c43 sc_fly_static elementor-widget elementor-widget-spacer\" data-id=\"9025c43\" data-element_type=\"widget\" data-widget_type=\"spacer.default\">\n\t\t\t\t\t\t\t<div class=\"elementor-spacer\">\n\t\t\t<div class=\"elementor-spacer-inner\"><\/div>\n\t\t<\/div>\n\t\t\t\t\t\t<\/div>\n\t\t\t\t\t<\/div>\n\t\t\t\t<\/div>\n\t\t<div class=\"elementor-element elementor-element-2e49f29 e-flex e-con-boxed sc_layouts_column_icons_position_left e-con e-parent\" data-id=\"2e49f29\" data-element_type=\"container\">\n\t\t\t\t\t<div class=\"e-con-inner\">\n\t\t\t\t<div class=\"elementor-element elementor-element-2f4248f sc_fly_static elementor-widget elementor-widget-trx_sc_title\" data-id=\"2f4248f\" data-element_type=\"widget\" data-widget_type=\"trx_sc_title.default\">\n\t\t\t\t<div class=\"elementor-widget-container\">\n\t\t\t\t\t<div\t\tclass=\"sc_title sc_title_default\" ><h1 class=\"sc_item_title sc_title_title sc_item_title_style_default sc_item_title_tag\"\n\t\t\t><span class=\"sc_item_title_text\">Alternativen zum chirurgischen Facelifting<\/span><\/h1><\/div>\t\t\t\t<\/div>\n\t\t\t\t<\/div>\n\t\t\t\t<div class=\"elementor-element elementor-element-9408472 sc_fly_static elementor-widget elementor-widget-text-editor\" data-id=\"9408472\" data-element_type=\"widget\" data-widget_type=\"text-editor.default\">\n\t\t\t\t\t\t\t\t\t<ul><li>Gewindeaufz\u00fcge<\/li><li data-start=\"2228\" data-end=\"2279\">Hyalurons\u00e4ure- oder Eigenfettinjektionen<\/li><li data-start=\"2282\" data-end=\"2337\">Radiofrequenz- und Ultraschallbehandlungen (Ultherapy)<\/li><li data-start=\"2340\" data-end=\"2378\">Laser- und Microneedling-Behandlungen<\/li><\/ul>\t\t\t\t\t\t\t\t<\/div>\n\t\t\t\t<div class=\"elementor-element elementor-element-1899f34 sc_fly_static elementor-widget elementor-widget-spacer\" data-id=\"1899f34\" data-element_type=\"widget\" data-widget_type=\"spacer.default\">\n\t\t\t\t\t\t\t<div class=\"elementor-spacer\">\n\t\t\t<div class=\"elementor-spacer-inner\"><\/div>\n\t\t<\/div>\n\t\t\t\t\t\t<\/div>\n\t\t\t\t\t<\/div>\n\t\t\t\t<\/div>\n\t\t<div class=\"elementor-element elementor-element-7bfabd7 e-flex e-con-boxed sc_layouts_column_icons_position_left e-con e-parent\" data-id=\"7bfabd7\" data-element_type=\"container\">\n\t\t\t\t\t<div class=\"e-con-inner\">\n\t\t\t\t<div class=\"elementor-element elementor-element-31aaa2b sc_height_small sc_fly_static elementor-widget elementor-widget-spacer\" data-id=\"31aaa2b\" data-element_type=\"widget\" data-widget_type=\"spacer.default\">\n\t\t\t\t\t\t\t<div class=\"elementor-spacer\">\n\t\t\t<div class=\"elementor-spacer-inner\"><\/div>\n\t\t<\/div>\n\t\t\t\t\t\t<\/div>\n\t\t\t\t\t<\/div>\n\t\t\t\t<\/div>\n\t\t<div class=\"elementor-element elementor-element-3830d93 e-flex e-con-boxed sc_layouts_column_icons_position_left e-con e-parent\" data-id=\"3830d93\" data-element_type=\"container\">\n\t\t\t\t\t<div class=\"e-con-inner\">\n\t\t\t\t<div class=\"elementor-element elementor-element-e6591be sc_fly_static elementor-widget elementor-widget-shortcode\" data-id=\"e6591be\" data-element_type=\"widget\" data-widget_type=\"shortcode.default\">\n\t\t\t\t\t\t\t<div class=\"elementor-shortcode\"><div class=\"latepoint-book-form-wrapper os-loading os_init_booking_form\" id=\"latepointBookForm_69d07846f10f6\" >\n\t\t\t\t\t\t<div class=\"latepoint-w latepoint-inline-form latepoint-show-side-panel\">\n\t\t\t\t\t\t\t<div class=\"latepoint-booking-form-element\">\n\t\t\t\t\t\t\t\t<div class=\"latepoint-side-panel\"><\/div>\n\t\t\t\t\t\t\t\t<div class=\"latepoint-form-w\"><\/div>\n\t\t\t\t\t\t\t<\/div>\n\t\t\t\t\t\t<\/div>\n\t\t\t\t\t<\/div><\/div>\n\t\t\t\t\t\t<\/div>\n\t\t\t\t\t<\/div>\n\t\t\t\t<\/div>\n\t\t\t\t<\/div>","protected":false},"excerpt":{"rendered":"<p>El lifting facial en Marbella es uno de los procedimientos m\u00e1s demandados en cirug\u00eda pl\u00e1stica para rejuvenecer el rostro y mejorar la firmeza de la piel. Un lifting facial (tambi\u00e9n&hellip;<\/p>","protected":false},"author":1,"featured_media":0,"parent":0,"menu_order":0,"comment_status":"closed","ping_status":"closed","template":"","meta":{"inline_featured_image":false,"footnotes":""},"class_list":["post-913","page","type-page","status-publish","hentry"],"_hostinger_reach_plugin_has_subscription_block":false,"_hostinger_reach_plugin_is_elementor":false,"_links":{"self":[{"href":"https:\/\/banusmedical.com\/de\/wp-json\/wp\/v2\/pages\/913","targetHints":{"allow":["GET"]}}],"collection":[{"href":"https:\/\/banusmedical.com\/de\/wp-json\/wp\/v2\/pages"}],"about":[{"href":"https:\/\/banusmedical.com\/de\/wp-json\/wp\/v2\/types\/page"}],"author":[{"embeddable":true,"href":"https:\/\/banusmedical.com\/de\/wp-json\/wp\/v2\/users\/1"}],"replies":[{"embeddable":true,"href":"https:\/\/banusmedical.com\/de\/wp-json\/wp\/v2\/comments?post=913"}],"version-history":[{"count":43,"href":"https:\/\/banusmedical.com\/de\/wp-json\/wp\/v2\/pages\/913\/revisions"}],"predecessor-version":[{"id":1875,"href":"https:\/\/banusmedical.com\/de\/wp-json\/wp\/v2\/pages\/913\/revisions\/1875"}],"wp:attachment":[{"href":"https:\/\/banusmedical.com\/de\/wp-json\/wp\/v2\/media?parent=913"}],"curies":[{"name":"wp","href":"https:\/\/api.w.org\/{rel}","templated":true}]}}