{"id":949,"date":"2026-01-09T09:38:06","date_gmt":"2026-01-09T09:38:06","guid":{"rendered":"https:\/\/banusmedical.com\/?page_id=949"},"modified":"2026-02-12T15:11:27","modified_gmt":"2026-02-12T15:11:27","slug":"nasenchirurgie","status":"publish","type":"page","link":"https:\/\/banusmedical.com\/de\/nasenchirurgie\/","title":{"rendered":"Nasenchirurgie"},"content":{"rendered":"<div data-elementor-type=\"wp-page\" data-elementor-id=\"949\" class=\"elementor elementor-949\" data-elementor-post-type=\"page\">\n\t\t\t\t<div class=\"elementor-element elementor-element-392abfd e-flex e-con-boxed sc_layouts_column_icons_position_left e-con e-parent\" data-id=\"392abfd\" data-element_type=\"container\">\n\t\t\t\t\t<div class=\"e-con-inner\">\n\t\t<div class=\"e-con-gap-no elementor-element elementor-element-3b56ba7 e-con-full e-flex sc_layouts_column_icons_position_left e-con e-child\" data-animation-type=\"sequental\" data-animation-stagger=\"\" data-id=\"3b56ba7\" data-element_type=\"container\" data-settings=\"{&quot;background_background&quot;:&quot;video&quot;,&quot;background_video_link&quot;:&quot;https:\\\/\\\/vimeo.com\\\/1153153041\\\/ed51ccc57f?fl=tl&amp;fe=ec&quot;,&quot;background_play_on_mobile&quot;:&quot;yes&quot;,&quot;animation&quot;:&quot;none&quot;}\">\n\t\t<div class=\"elementor-background-video-container\" aria-hidden=\"true\">\n\t\t\t\t\t\t\t<div class=\"elementor-background-video-embed\"><\/div>\n\t\t\t\t\t\t<\/div>\t\t<\/div>\n\t\t\t\t\t<\/div>\n\t\t\t\t<\/div>\n\t\t<div class=\"elementor-element elementor-element-d21ed7f e-flex e-con-boxed sc_layouts_column_icons_position_left e-con e-parent\" data-id=\"d21ed7f\" data-element_type=\"container\">\n\t\t\t\t\t<div class=\"e-con-inner\">\n\t\t<div class=\"elementor-element elementor-element-343082a e-con-full e-flex sc_layouts_column_icons_position_left e-con e-child\" data-id=\"343082a\" data-element_type=\"container\">\n\t\t\t\t<div class=\"elementor-element elementor-element-e25f59a sc_fly_static elementor-widget elementor-widget-spacer\" data-id=\"e25f59a\" data-element_type=\"widget\" data-widget_type=\"spacer.default\">\n\t\t\t\t\t\t\t<div class=\"elementor-spacer\">\n\t\t\t<div class=\"elementor-spacer-inner\"><\/div>\n\t\t<\/div>\n\t\t\t\t\t\t<\/div>\n\t\t\t\t<div class=\"elementor-element elementor-element-f525ee4 sc_fly_static elementor-widget elementor-widget-text-editor\" data-id=\"f525ee4\" data-element_type=\"widget\" data-widget_type=\"text-editor.default\">\n\t\t\t\t\t\t\t\t\t<p>Die <strong data-start=\"25\" data-end=\"45\">Nasenchirurgie<\/strong> (medizinisch bekannt als <em data-start=\"73\" data-end=\"86\">Nasenplastik<\/em>) ist ein chirurgischer Eingriff, der die \u00e4u\u00dfere Form und\/oder Funktion der Nase ver\u00e4ndert. Er geh\u00f6rt weltweit zu den h\u00e4ufigsten kosmetischen Eingriffen, kann aber auch aus medizinischen Gr\u00fcnden (z. B. zur Verbesserung der Atmung) durchgef\u00fchrt werden. Im Folgenden finden Sie eine Zusammenfassung der wichtigsten Aspekte:<\/p>\t\t\t\t\t\t\t\t<\/div>\n\t\t\t\t<div class=\"elementor-element elementor-element-96e89b0 sc_fly_static elementor-widget elementor-widget-spacer\" data-id=\"96e89b0\" data-element_type=\"widget\" data-widget_type=\"spacer.default\">\n\t\t\t\t\t\t\t<div class=\"elementor-spacer\">\n\t\t\t<div class=\"elementor-spacer-inner\"><\/div>\n\t\t<\/div>\n\t\t\t\t\t\t<\/div>\n\t\t\t\t<\/div>\n\t\t\t\t\t<\/div>\n\t\t\t\t<\/div>\n\t\t<div class=\"elementor-element elementor-element-2800935 e-flex e-con-boxed sc_layouts_column_icons_position_left e-con e-parent\" data-id=\"2800935\" data-element_type=\"container\">\n\t\t\t\t\t<div class=\"e-con-inner\">\n\t\t<div class=\"elementor-element elementor-element-832b952 e-con-full e-flex sc_layouts_column_icons_position_left e-con e-child\" data-id=\"832b952\" data-element_type=\"container\">\n\t\t\t\t<div class=\"elementor-element elementor-element-150ceb4 sc_fly_static elementor-widget elementor-widget-image\" data-id=\"150ceb4\" data-element_type=\"widget\" data-widget_type=\"image.default\">\n\t\t\t\t\t\t\t\t\t\t\t\t\t\t\t<img fetchpriority=\"high\" decoding=\"async\" width=\"576\" height=\"1024\" src=\"https:\/\/banusmedical.com\/wp-content\/uploads\/2026\/01\/Untitled-design-84-576x1024.jpg\" class=\"attachment-large size-large wp-image-955\" alt=\"\" srcset=\"https:\/\/banusmedical.com\/wp-content\/uploads\/2026\/01\/Untitled-design-84-576x1024.jpg 576w, https:\/\/banusmedical.com\/wp-content\/uploads\/2026\/01\/Untitled-design-84-169x300.jpg 169w, https:\/\/banusmedical.com\/wp-content\/uploads\/2026\/01\/Untitled-design-84-370x658.jpg 370w, https:\/\/banusmedical.com\/wp-content\/uploads\/2026\/01\/Untitled-design-84-410x729.jpg 410w, https:\/\/banusmedical.com\/wp-content\/uploads\/2026\/01\/Untitled-design-84.jpg 675w\" sizes=\"(max-width: 600px) 100vw, 576px\" \/>\t\t\t\t\t\t\t\t\t\t\t\t\t\t\t<\/div>\n\t\t\t\t<\/div>\n\t\t<div class=\"elementor-element elementor-element-b2eea1a e-con-full e-flex sc_layouts_column_icons_position_left e-con e-child\" data-id=\"b2eea1a\" data-element_type=\"container\">\n\t\t\t\t<div class=\"elementor-element elementor-element-2fb1baf sc_fly_static elementor-widget elementor-widget-trx_sc_title\" data-id=\"2fb1baf\" data-element_type=\"widget\" data-widget_type=\"trx_sc_title.default\">\n\t\t\t\t<div class=\"elementor-widget-container\">\n\t\t\t\t\t<div\t\tclass=\"sc_title sc_title_default\" ><h3 class=\"sc_item_title sc_title_title sc_item_title_style_default sc_item_title_tag\"\n\t\t\t><span class=\"sc_item_title_text\">Gr\u00fcnde f\u00fcr eine Nasenkorrektur<\/span><\/h3><\/div>\t\t\t\t<\/div>\n\t\t\t\t<\/div>\n\t\t\t\t<div class=\"elementor-element elementor-element-bc5a240 sc_fly_static elementor-widget elementor-widget-text-editor\" data-id=\"bc5a240\" data-element_type=\"widget\" data-widget_type=\"text-editor.default\">\n\t\t\t\t\t\t\t\t\t<p data-start=\"436\" data-end=\"458\"><strong data-start=\"436\" data-end=\"458\">\u00c4sthetische Gr\u00fcnde:<\/strong><\/p><ul data-start=\"459\" data-end=\"616\"><li data-start=\"459\" data-end=\"485\"><p data-start=\"461\" data-end=\"485\">Nasenr\u00fcckenh\u00f6cker<\/p><\/li><li data-start=\"486\" data-end=\"516\"><p data-start=\"488\" data-end=\"516\">Schiefe oder asymmetrische Nase<\/p><\/li><li data-start=\"517\" data-end=\"563\"><p data-start=\"519\" data-end=\"563\">Zu gro\u00dfe oder zu kleine Nase<\/p><\/li><li data-start=\"564\" data-end=\"616\"><p data-start=\"566\" data-end=\"616\">Breite Nasenl\u00f6cher oder schlecht ausgepr\u00e4gte Nasenspitze<\/p><\/li><\/ul><p data-start=\"618\" data-end=\"638\"><strong data-start=\"618\" data-end=\"638\">Medizinische Gr\u00fcnde:<\/strong><\/p><ul data-start=\"639\" data-end=\"771\"><li data-start=\"639\" data-end=\"671\"><p data-start=\"641\" data-end=\"671\">Abweichung der Nasenscheidewand<\/p><\/li><li data-start=\"672\" data-end=\"699\"><p data-start=\"674\" data-end=\"699\">Probleme mit der Atmung<\/p><\/li><li data-start=\"700\" data-end=\"741\"><p data-start=\"702\" data-end=\"741\">Nachwirkungen von Unf\u00e4llen oder Traumata<\/p><\/li><li data-start=\"742\" data-end=\"771\"><p data-start=\"744\" data-end=\"771\">Angeborene Fehlbildungen<\/p><\/li><\/ul>\t\t\t\t\t\t\t\t<\/div>\n\t\t\t\t<\/div>\n\t\t\t\t\t<\/div>\n\t\t\t\t<\/div>\n\t\t<div class=\"elementor-element elementor-element-7dffc3e e-flex e-con-boxed sc_layouts_column_icons_position_left e-con e-parent\" data-id=\"7dffc3e\" data-element_type=\"container\">\n\t\t\t\t\t<div class=\"e-con-inner\">\n\t\t<div class=\"elementor-element elementor-element-5ab0275 e-con-full e-flex sc_layouts_column_icons_position_left e-con e-child\" data-id=\"5ab0275\" data-element_type=\"container\">\n\t\t\t\t<div class=\"elementor-element elementor-element-50452e1 sc_fly_static elementor-widget elementor-widget-spacer\" data-id=\"50452e1\" data-element_type=\"widget\" data-widget_type=\"spacer.default\">\n\t\t\t\t\t\t\t<div class=\"elementor-spacer\">\n\t\t\t<div class=\"elementor-spacer-inner\"><\/div>\n\t\t<\/div>\n\t\t\t\t\t\t<\/div>\n\t\t\t\t<\/div>\n\t\t\t\t\t<\/div>\n\t\t\t\t<\/div>\n\t\t<div class=\"elementor-element elementor-element-ebb8380 e-flex e-con-boxed sc_layouts_column_icons_position_left e-con e-parent\" data-id=\"ebb8380\" data-element_type=\"container\">\n\t\t\t\t\t<div class=\"e-con-inner\">\n\t\t<div class=\"elementor-element elementor-element-92d2b18 e-con-full e-flex sc_layouts_column_icons_position_left e-con e-child\" data-id=\"92d2b18\" data-element_type=\"container\">\n\t\t\t\t<div class=\"elementor-element elementor-element-b513bd4 sc_fly_static elementor-widget elementor-widget-trx_sc_title\" data-id=\"b513bd4\" data-element_type=\"widget\" data-widget_type=\"trx_sc_title.default\">\n\t\t\t\t<div class=\"elementor-widget-container\">\n\t\t\t\t\t<div\t\tclass=\"sc_title sc_title_default\" ><h3 class=\"sc_item_title sc_title_title sc_item_title_style_default sc_item_title_tag\"\n\t\t\t><span class=\"sc_item_title_text\">Arten von Nasenkorrekturen<\/span><\/h3><\/div>\t\t\t\t<\/div>\n\t\t\t\t<\/div>\n\t\t\t\t<div class=\"elementor-element elementor-element-7a83e2b sc_fly_static elementor-widget elementor-widget-text-editor\" data-id=\"7a83e2b\" data-element_type=\"widget\" data-widget_type=\"text-editor.default\">\n\t\t\t\t\t\t\t\t\t<ul><li data-start=\"583\" data-end=\"632\"><p data-start=\"804\" data-end=\"833\"><strong data-start=\"804\" data-end=\"831\">Geschlossene Nasenkorrektur:<\/strong><\/p><ul data-start=\"834\" data-end=\"958\"><li data-start=\"834\" data-end=\"894\"><p data-start=\"836\" data-end=\"894\">Die Schnitte werden nur im Inneren der Nase gesetzt.<\/p><\/li><li data-start=\"895\" data-end=\"921\"><p data-start=\"897\" data-end=\"921\">Nicht sichtbare Narben<\/p><\/li><li data-start=\"922\" data-end=\"958\"><p data-start=\"924\" data-end=\"958\">K\u00fcrzere Erholungszeit<\/p><\/li><\/ul><p data-start=\"960\" data-end=\"989\"><strong data-start=\"960\" data-end=\"987\">2. offene Rhinoplastik:<\/strong><\/p><ul data-start=\"990\" data-end=\"1105\"><li data-start=\"990\" data-end=\"1043\"><p data-start=\"992\" data-end=\"1043\">Einschnitt in der Columella (zwischen den Nasenl\u00f6chern)<\/p><\/li><li data-start=\"1044\" data-end=\"1105\"><p data-start=\"1046\" data-end=\"1105\">Bessere Sicht f\u00fcr den Chirurgen bei komplexeren F\u00e4llen<\/p><\/li><\/ul><p data-start=\"1107\" data-end=\"1138\"><strong data-start=\"1107\" data-end=\"1136\">3. Funktionelle Rhinoplastik:<\/strong><\/p><ul data-start=\"1139\" data-end=\"1185\"><li data-start=\"1139\" data-end=\"1185\"><p data-start=\"1141\" data-end=\"1185\">Konzentration auf die Wiederherstellung der Nasenatmung<\/p><\/li><\/ul><p data-start=\"1187\" data-end=\"1251\"><strong data-start=\"1187\" data-end=\"1249\">4. Nicht-chirurgische Nasenkorrektur (mit Hyalurons\u00e4ure):<\/strong><\/p><ul data-start=\"1252\" data-end=\"1356\"><li data-start=\"1252\" data-end=\"1296\"><p data-start=\"1254\" data-end=\"1296\">Vor\u00fcbergehende Korrektur durch Injektionen<\/p><\/li><li data-start=\"1297\" data-end=\"1356\"><p data-start=\"1299\" data-end=\"1356\">Eine Operation ist nicht erforderlich, aber es ist keine dauerhafte L\u00f6sung.<\/p><\/li><\/ul><\/li><\/ul>\t\t\t\t\t\t\t\t<\/div>\n\t\t\t\t<div class=\"elementor-element elementor-element-209b8bd sc_fly_static elementor-widget elementor-widget-spacer\" data-id=\"209b8bd\" data-element_type=\"widget\" data-widget_type=\"spacer.default\">\n\t\t\t\t\t\t\t<div class=\"elementor-spacer\">\n\t\t\t<div class=\"elementor-spacer-inner\"><\/div>\n\t\t<\/div>\n\t\t\t\t\t\t<\/div>\n\t\t\t\t<\/div>\n\t\t\t\t\t<\/div>\n\t\t\t\t<\/div>\n\t\t<div class=\"elementor-element elementor-element-843c31e e-flex e-con-boxed sc_layouts_column_icons_position_left e-con e-parent\" data-id=\"843c31e\" data-element_type=\"container\">\n\t\t\t\t\t<div class=\"e-con-inner\">\n\t\t\t\t<div class=\"elementor-element elementor-element-67d46a4 sc_fly_static elementor-widget elementor-widget-image\" data-id=\"67d46a4\" data-element_type=\"widget\" data-widget_type=\"image.default\">\n\t\t\t\t\t\t\t\t\t\t\t\t\t\t\t<img decoding=\"async\" width=\"1024\" height=\"683\" src=\"https:\/\/banusmedical.com\/wp-content\/uploads\/2025\/12\/face-check-before-surgery-2025-01-31-00-47-44-utc-1024x683.jpg\" class=\"attachment-large size-large wp-image-128\" alt=\"\" srcset=\"https:\/\/banusmedical.com\/wp-content\/uploads\/2025\/12\/face-check-before-surgery-2025-01-31-00-47-44-utc-1024x683.jpg 1024w, https:\/\/banusmedical.com\/wp-content\/uploads\/2025\/12\/face-check-before-surgery-2025-01-31-00-47-44-utc-300x200.jpg 300w, https:\/\/banusmedical.com\/wp-content\/uploads\/2025\/12\/face-check-before-surgery-2025-01-31-00-47-44-utc-768x513.jpg 768w, https:\/\/banusmedical.com\/wp-content\/uploads\/2025\/12\/face-check-before-surgery-2025-01-31-00-47-44-utc-1536x1025.jpg 1536w, https:\/\/banusmedical.com\/wp-content\/uploads\/2025\/12\/face-check-before-surgery-2025-01-31-00-47-44-utc-2048x1367.jpg 2048w, https:\/\/banusmedical.com\/wp-content\/uploads\/2025\/12\/face-check-before-surgery-2025-01-31-00-47-44-utc-370x247.jpg 370w, https:\/\/banusmedical.com\/wp-content\/uploads\/2025\/12\/face-check-before-surgery-2025-01-31-00-47-44-utc-840x561.jpg 840w, https:\/\/banusmedical.com\/wp-content\/uploads\/2025\/12\/face-check-before-surgery-2025-01-31-00-47-44-utc-410x274.jpg 410w\" sizes=\"(max-width: 1024px) 100vw, 1024px\" \/>\t\t\t\t\t\t\t\t\t\t\t\t\t\t\t<\/div>\n\t\t\t\t\t<\/div>\n\t\t\t\t<\/div>\n\t\t<div class=\"elementor-element elementor-element-6d20f2b e-flex e-con-boxed sc_layouts_column_icons_position_left e-con e-parent\" data-id=\"6d20f2b\" data-element_type=\"container\">\n\t\t\t\t\t<div class=\"e-con-inner\">\n\t\t<div class=\"elementor-element elementor-element-986347c e-con-full e-flex sc_layouts_column_icons_position_left e-con e-child\" data-id=\"986347c\" data-element_type=\"container\">\n\t\t\t\t<div class=\"elementor-element elementor-element-726b91f sc_fly_static elementor-widget elementor-widget-trx_sc_title\" data-id=\"726b91f\" data-element_type=\"widget\" data-widget_type=\"trx_sc_title.default\">\n\t\t\t\t<div class=\"elementor-widget-container\">\n\t\t\t\t\t<div\t\tclass=\"sc_title sc_title_default\" ><h3 class=\"sc_item_title sc_title_title sc_item_title_style_default sc_item_title_tag\"\n\t\t\t><span class=\"sc_item_title_text\">Verfahren<\/span><\/h3><\/div>\t\t\t\t<\/div>\n\t\t\t\t<\/div>\n\t\t\t\t<div class=\"elementor-element elementor-element-e9f5660 sc_fly_static elementor-widget elementor-widget-text-editor\" data-id=\"e9f5660\" data-element_type=\"widget\" data-widget_type=\"text-editor.default\">\n\t\t\t\t\t\t\t\t\t<ul><li data-start=\"583\" data-end=\"632\"><p data-start=\"1382\" data-end=\"1501\"><strong data-start=\"1382\" data-end=\"1395\">Konsultation:<\/strong><br data-start=\"1395\" data-end=\"1398\" \/>Bewertung der W\u00fcnsche des Patienten, Untersuchung der Nase und gegebenenfalls Simulation des Ergebnisses.<\/p><p data-start=\"1503\" data-end=\"1590\"><strong data-start=\"1503\" data-end=\"1531\">Pr\u00e4operative Untersuchungen:<\/strong><br data-start=\"1531\" data-end=\"1534\" \/>Blutuntersuchungen und in einigen F\u00e4llen eine Computertomographie (CT).<\/p><p data-start=\"1592\" data-end=\"1666\"><strong data-start=\"1592\" data-end=\"1604\">Chirurgie:<\/strong><br data-start=\"1604\" data-end=\"1607\" \/>Dauer 1-3 Stunden, in der Regel unter Vollnarkose.<\/p><p data-start=\"1668\" data-end=\"1762\"><strong data-start=\"1668\" data-end=\"1693\">Nachsorge:<\/strong><br data-start=\"1693\" data-end=\"1696\" \/>Nasenschienen (ca. 1 Woche), Schwellungen und Bluterg\u00fcsse sind \u00fcblich.<\/p><\/li><\/ul>\t\t\t\t\t\t\t\t<\/div>\n\t\t\t\t<div class=\"elementor-element elementor-element-b64e345 sc_fly_static elementor-widget elementor-widget-spacer\" data-id=\"b64e345\" data-element_type=\"widget\" data-widget_type=\"spacer.default\">\n\t\t\t\t\t\t\t<div class=\"elementor-spacer\">\n\t\t\t<div class=\"elementor-spacer-inner\"><\/div>\n\t\t<\/div>\n\t\t\t\t\t\t<\/div>\n\t\t\t\t<\/div>\n\t\t\t\t\t<\/div>\n\t\t\t\t<\/div>\n\t\t<div class=\"elementor-element elementor-element-f2f5c7c e-flex e-con-boxed sc_layouts_column_icons_position_left e-con e-parent\" data-id=\"f2f5c7c\" data-element_type=\"container\">\n\t\t\t\t\t<div class=\"e-con-inner\">\n\t\t\t\t<div class=\"elementor-element elementor-element-54d4631 sc_fly_static elementor-widget elementor-widget-image\" data-id=\"54d4631\" data-element_type=\"widget\" data-widget_type=\"image.default\">\n\t\t\t\t\t\t\t\t\t\t\t\t\t\t\t<img decoding=\"async\" width=\"810\" height=\"810\" src=\"https:\/\/banusmedical.com\/wp-content\/uploads\/2026\/01\/Untitled-design-85.jpg\" class=\"attachment-large size-large wp-image-960\" alt=\"\" srcset=\"https:\/\/banusmedical.com\/wp-content\/uploads\/2026\/01\/Untitled-design-85.jpg 810w, https:\/\/banusmedical.com\/wp-content\/uploads\/2026\/01\/Untitled-design-85-300x300.jpg 300w, https:\/\/banusmedical.com\/wp-content\/uploads\/2026\/01\/Untitled-design-85-150x150.jpg 150w, https:\/\/banusmedical.com\/wp-content\/uploads\/2026\/01\/Untitled-design-85-768x768.jpg 768w, https:\/\/banusmedical.com\/wp-content\/uploads\/2026\/01\/Untitled-design-85-370x370.jpg 370w, https:\/\/banusmedical.com\/wp-content\/uploads\/2026\/01\/Untitled-design-85-120x120.jpg 120w, https:\/\/banusmedical.com\/wp-content\/uploads\/2026\/01\/Untitled-design-85-410x410.jpg 410w\" sizes=\"(max-width: 810px) 100vw, 810px\" \/>\t\t\t\t\t\t\t\t\t\t\t\t\t\t\t<\/div>\n\t\t\t\t\t<\/div>\n\t\t\t\t<\/div>\n\t\t<div class=\"elementor-element elementor-element-99b3317 e-flex e-con-boxed sc_layouts_column_icons_position_left e-con e-parent\" data-id=\"99b3317\" data-element_type=\"container\">\n\t\t\t\t\t<div class=\"e-con-inner\">\n\t\t<div class=\"elementor-element elementor-element-bdbdd55 e-con-full e-flex sc_layouts_column_icons_position_left e-con e-child\" data-id=\"bdbdd55\" data-element_type=\"container\">\n\t\t\t\t<div class=\"elementor-element elementor-element-e9086b9 sc_fly_static elementor-widget elementor-widget-trx_sc_title\" data-id=\"e9086b9\" data-element_type=\"widget\" data-widget_type=\"trx_sc_title.default\">\n\t\t\t\t<div class=\"elementor-widget-container\">\n\t\t\t\t\t<div\t\tclass=\"sc_title sc_title_default\" ><h3 class=\"sc_item_title sc_title_title sc_item_title_style_default sc_item_title_tag\"\n\t\t\t><span class=\"sc_item_title_text\">Risiken und m\u00f6gliche Komplikationen<\/span><\/h3><\/div>\t\t\t\t<\/div>\n\t\t\t\t<\/div>\n\t\t\t\t<div class=\"elementor-element elementor-element-8eb667b sc_fly_static elementor-widget elementor-widget-text-editor\" data-id=\"8eb667b\" data-element_type=\"widget\" data-widget_type=\"text-editor.default\">\n\t\t\t\t\t\t\t\t\t<ul><li>Schwellungen und Bluterg\u00fcsse<\/li><li data-start=\"1835\" data-end=\"1848\">Infektionen<\/li><li data-start=\"1851\" data-end=\"1867\">Nasenbluten<\/li><li data-start=\"1870\" data-end=\"1909\">Sichtbare Narben (selten)<\/li><li data-start=\"1912\" data-end=\"1924\">Asymmetrien<\/li><li data-start=\"1927\" data-end=\"1992\"><em data-start=\"1927\" data-end=\"1990\">Unzufriedenheit mit dem Ergebnis (m\u00f6gliche Revisionsoperation)<\/em><\/li><li data-start=\"1995\" data-end=\"2052\"><em data-start=\"1995\" data-end=\"2050\">Atembeschwerden (vor\u00fcbergehend oder dauerhaft)<\/em><\/li><\/ul>\t\t\t\t\t\t\t\t<\/div>\n\t\t\t\t<div class=\"elementor-element elementor-element-e497e90 sc_fly_static elementor-widget elementor-widget-spacer\" data-id=\"e497e90\" data-element_type=\"widget\" data-widget_type=\"spacer.default\">\n\t\t\t\t\t\t\t<div class=\"elementor-spacer\">\n\t\t\t<div class=\"elementor-spacer-inner\"><\/div>\n\t\t<\/div>\n\t\t\t\t\t\t<\/div>\n\t\t\t\t<\/div>\n\t\t\t\t\t<\/div>\n\t\t\t\t<\/div>\n\t\t<div class=\"elementor-element elementor-element-21f89ad e-flex e-con-boxed sc_layouts_column_icons_position_left e-con e-parent\" data-id=\"21f89ad\" data-element_type=\"container\">\n\t\t\t\t\t<div class=\"e-con-inner\">\n\t\t<div class=\"elementor-element elementor-element-c7a861a e-con-full e-flex sc_layouts_column_icons_position_left e-con e-child\" data-id=\"c7a861a\" data-element_type=\"container\">\n\t\t\t\t<div class=\"elementor-element elementor-element-8b3f80d sc_fly_static elementor-widget elementor-widget-trx_sc_title\" data-id=\"8b3f80d\" data-element_type=\"widget\" data-widget_type=\"trx_sc_title.default\">\n\t\t\t\t<div class=\"elementor-widget-container\">\n\t\t\t\t\t<div\t\tclass=\"sc_title sc_title_default\" ><h3 class=\"sc_item_title sc_title_title sc_item_title_style_default sc_item_title_tag\"\n\t\t\t><span class=\"sc_item_title_text\">Erholungszeit<\/span><\/h3><\/div>\t\t\t\t<\/div>\n\t\t\t\t<\/div>\n\t\t\t\t<div class=\"elementor-element elementor-element-bd4f05e sc_fly_static elementor-widget elementor-widget-text-editor\" data-id=\"bd4f05e\" data-element_type=\"widget\" data-widget_type=\"text-editor.default\">\n\t\t\t\t\t\t\t\t\t<ul><li data-start=\"2086\" data-end=\"2134\"><p data-start=\"2088\" data-end=\"2134\">Sozialvertr\u00e4glich nach 1-2 Wochen<\/p><\/li><li data-start=\"2135\" data-end=\"2184\"><p data-start=\"2137\" data-end=\"2184\">Sichtbares Endergebnis nach 6-12 Monaten<\/p><\/li><li data-start=\"2185\" data-end=\"2263\"><p data-start=\"2187\" data-end=\"2263\">Die Schwellung kann l\u00e4nger anhalten, insbesondere an der Nasenspitze.<\/p><\/li><\/ul>\t\t\t\t\t\t\t\t<\/div>\n\t\t\t\t<div class=\"elementor-element elementor-element-95c7bf4 sc_fly_static elementor-widget elementor-widget-spacer\" data-id=\"95c7bf4\" data-element_type=\"widget\" data-widget_type=\"spacer.default\">\n\t\t\t\t\t\t\t<div class=\"elementor-spacer\">\n\t\t\t<div class=\"elementor-spacer-inner\"><\/div>\n\t\t<\/div>\n\t\t\t\t\t\t<\/div>\n\t\t\t\t<\/div>\n\t\t\t\t\t<\/div>\n\t\t\t\t<\/div>\n\t\t<div class=\"elementor-element elementor-element-e5b647e e-flex e-con-boxed sc_layouts_column_icons_position_left e-con e-parent\" data-id=\"e5b647e\" data-element_type=\"container\">\n\t\t\t\t\t<div class=\"e-con-inner\">\n\t\t\t\t<div class=\"elementor-element elementor-element-e667fdd sc_height_small sc_fly_static elementor-widget elementor-widget-spacer\" data-id=\"e667fdd\" data-element_type=\"widget\" data-widget_type=\"spacer.default\">\n\t\t\t\t\t\t\t<div class=\"elementor-spacer\">\n\t\t\t<div class=\"elementor-spacer-inner\"><\/div>\n\t\t<\/div>\n\t\t\t\t\t\t<\/div>\n\t\t\t\t\t<\/div>\n\t\t\t\t<\/div>\n\t\t<div class=\"elementor-element elementor-element-28d7a35 e-flex e-con-boxed sc_layouts_column_icons_position_left e-con e-parent\" data-id=\"28d7a35\" data-element_type=\"container\">\n\t\t\t\t\t<div class=\"e-con-inner\">\n\t\t\t\t<div class=\"elementor-element elementor-element-9a9a45a sc_fly_static elementor-widget elementor-widget-shortcode\" data-id=\"9a9a45a\" data-element_type=\"widget\" data-widget_type=\"shortcode.default\">\n\t\t\t\t\t\t\t<div class=\"elementor-shortcode\"><div class=\"latepoint-book-form-wrapper os-loading os_init_booking_form\" id=\"latepointBookForm_69d07849478c0\" >\n\t\t\t\t\t\t<div class=\"latepoint-w latepoint-inline-form latepoint-show-side-panel\">\n\t\t\t\t\t\t\t<div class=\"latepoint-booking-form-element\">\n\t\t\t\t\t\t\t\t<div class=\"latepoint-side-panel\"><\/div>\n\t\t\t\t\t\t\t\t<div class=\"latepoint-form-w\"><\/div>\n\t\t\t\t\t\t\t<\/div>\n\t\t\t\t\t\t<\/div>\n\t\t\t\t\t<\/div><\/div>\n\t\t\t\t\t\t<\/div>\n\t\t\t\t\t<\/div>\n\t\t\t\t<\/div>\n\t\t\t\t<\/div>","protected":false},"excerpt":{"rendered":"<p>La cirug\u00eda de nariz (conocida m\u00e9dicamente como rinoplastia) es un procedimiento quir\u00fargico que modifica la forma externa y\/o la funci\u00f3n de la nariz. Es una de las cirug\u00edas est\u00e9ticas m\u00e1s&hellip;<\/p>","protected":false},"author":1,"featured_media":0,"parent":0,"menu_order":0,"comment_status":"closed","ping_status":"closed","template":"","meta":{"inline_featured_image":false,"footnotes":""},"class_list":["post-949","page","type-page","status-publish","hentry"],"_hostinger_reach_plugin_has_subscription_block":false,"_hostinger_reach_plugin_is_elementor":false,"_links":{"self":[{"href":"https:\/\/banusmedical.com\/de\/wp-json\/wp\/v2\/pages\/949","targetHints":{"allow":["GET"]}}],"collection":[{"href":"https:\/\/banusmedical.com\/de\/wp-json\/wp\/v2\/pages"}],"about":[{"href":"https:\/\/banusmedical.com\/de\/wp-json\/wp\/v2\/types\/page"}],"author":[{"embeddable":true,"href":"https:\/\/banusmedical.com\/de\/wp-json\/wp\/v2\/users\/1"}],"replies":[{"embeddable":true,"href":"https:\/\/banusmedical.com\/de\/wp-json\/wp\/v2\/comments?post=949"}],"version-history":[{"count":22,"href":"https:\/\/banusmedical.com\/de\/wp-json\/wp\/v2\/pages\/949\/revisions"}],"predecessor-version":[{"id":1769,"href":"https:\/\/banusmedical.com\/de\/wp-json\/wp\/v2\/pages\/949\/revisions\/1769"}],"wp:attachment":[{"href":"https:\/\/banusmedical.com\/de\/wp-json\/wp\/v2\/media?parent=949"}],"curies":[{"name":"wp","href":"https:\/\/api.w.org\/{rel}","templated":true}]}}