{"id":1017,"date":"2026-01-09T11:29:10","date_gmt":"2026-01-09T11:29:10","guid":{"rendered":"https:\/\/banusmedical.com\/?page_id=1017"},"modified":"2026-02-01T14:53:24","modified_gmt":"2026-02-01T14:53:24","slug":"breast-lift","status":"publish","type":"page","link":"https:\/\/banusmedical.com\/en\/breast-lift\/","title":{"rendered":"Breast lift"},"content":{"rendered":"<div data-elementor-type=\"wp-page\" data-elementor-id=\"1017\" class=\"elementor elementor-1017\" data-elementor-post-type=\"page\">\n\t\t\t\t<div class=\"elementor-element elementor-element-9b19aa1 e-flex e-con-boxed sc_layouts_column_icons_position_left e-con e-parent\" data-id=\"9b19aa1\" data-element_type=\"container\">\n\t\t\t\t\t<div class=\"e-con-inner\">\n\t\t<div class=\"e-con-gap-no elementor-element elementor-element-890e059 e-con-full e-flex sc_layouts_column_icons_position_left e-con e-child\" data-animation-type=\"sequental\" data-animation-stagger=\"\" data-id=\"890e059\" data-element_type=\"container\" data-settings=\"{&quot;background_background&quot;:&quot;video&quot;,&quot;background_video_link&quot;:&quot;https:\\\/\\\/vimeo.com\\\/1146538517\\\/a26063b62e?share=copy&amp;fl=sv&amp;fe=ci&quot;,&quot;background_play_on_mobile&quot;:&quot;yes&quot;,&quot;animation&quot;:&quot;none&quot;}\">\n\t\t<div class=\"elementor-background-video-container\" aria-hidden=\"true\">\n\t\t\t\t\t\t\t<div class=\"elementor-background-video-embed\"><\/div>\n\t\t\t\t\t\t<\/div>\t\t<\/div>\n\t\t\t\t\t<\/div>\n\t\t\t\t<\/div>\n\t\t<div class=\"elementor-element elementor-element-8ec9fad e-flex e-con-boxed sc_layouts_column_icons_position_left e-con e-parent\" data-id=\"8ec9fad\" data-element_type=\"container\">\n\t\t\t\t\t<div class=\"e-con-inner\">\n\t\t\t\t<div class=\"elementor-element elementor-element-ead36eb sc_fly_static elementor-widget elementor-widget-spacer\" data-id=\"ead36eb\" data-element_type=\"widget\" data-widget_type=\"spacer.default\">\n\t\t\t\t\t\t\t<div class=\"elementor-spacer\">\n\t\t\t<div class=\"elementor-spacer-inner\"><\/div>\n\t\t<\/div>\n\t\t\t\t\t\t<\/div>\n\t\t\t\t\t<\/div>\n\t\t\t\t<\/div>\n\t\t<div class=\"elementor-element elementor-element-84cdd11 e-flex e-con-boxed sc_layouts_column_icons_position_left e-con e-parent\" data-id=\"84cdd11\" data-element_type=\"container\">\n\t\t\t\t\t<div class=\"e-con-inner\">\n\t\t\t\t<div class=\"elementor-element elementor-element-43a0188 sc_fly_static elementor-widget elementor-widget-text-editor\" data-id=\"43a0188\" data-element_type=\"widget\" data-widget_type=\"text-editor.default\">\n\t\t\t\t\t\t\t\t\t<p>The <strong data-start=\"27\" data-end=\"49\">breast lift<\/strong> (medically known as <em data-start=\"77\" data-end=\"89\">mastopexy<\/em>) is a surgical procedure designed to tighten, lift and improve the shape of the female breast. It is usually performed when the breasts have lost firmness, for example, after pregnancy, breastfeeding, weight loss or age-related sagging of the skin.<\/p>\t\t\t\t\t\t\t\t<\/div>\n\t\t\t\t\t<\/div>\n\t\t\t\t<\/div>\n\t\t<div class=\"elementor-element elementor-element-f4b59c3 e-flex e-con-boxed sc_layouts_column_icons_position_left e-con e-parent\" data-id=\"f4b59c3\" data-element_type=\"container\">\n\t\t\t\t\t<div class=\"e-con-inner\">\n\t\t<div class=\"elementor-element elementor-element-3f763c1 e-con-full e-flex sc_layouts_column_icons_position_left e-con e-child\" data-id=\"3f763c1\" data-element_type=\"container\">\n\t\t\t\t<div class=\"elementor-element elementor-element-4291ac7 sc_fly_static elementor-widget elementor-widget-spacer\" data-id=\"4291ac7\" data-element_type=\"widget\" data-widget_type=\"spacer.default\">\n\t\t\t\t\t\t\t<div class=\"elementor-spacer\">\n\t\t\t<div class=\"elementor-spacer-inner\"><\/div>\n\t\t<\/div>\n\t\t\t\t\t\t<\/div>\n\t\t\t\t<\/div>\n\t\t\t\t\t<\/div>\n\t\t\t\t<\/div>\n\t\t<div class=\"elementor-element elementor-element-d6ee979 e-flex e-con-boxed sc_layouts_column_icons_position_left e-con e-parent\" data-id=\"d6ee979\" data-element_type=\"container\">\n\t\t\t\t\t<div class=\"e-con-inner\">\n\t\t<div class=\"elementor-element elementor-element-f9081a3 e-con-full e-flex sc_layouts_column_icons_position_left e-con e-child\" data-id=\"f9081a3\" data-element_type=\"container\">\n\t\t<div class=\"elementor-element elementor-element-a79602d e-con-full e-flex sc_layouts_column_icons_position_left e-con e-child\" data-id=\"a79602d\" data-element_type=\"container\">\n\t\t\t\t<div class=\"elementor-element elementor-element-8e8243a elementor-widget__width-auto sc_fly_static elementor-widget elementor-widget-image\" data-id=\"8e8243a\" data-element_type=\"widget\" data-widget_type=\"image.default\">\n\t\t\t\t\t\t\t\t\t\t\t\t\t\t\t<img fetchpriority=\"high\" decoding=\"async\" width=\"675\" height=\"675\" src=\"https:\/\/banusmedical.com\/wp-content\/uploads\/2026\/01\/Untitled-design-40.png\" class=\"attachment-medium_large size-medium_large wp-image-1020\" alt=\"\" srcset=\"https:\/\/banusmedical.com\/wp-content\/uploads\/2026\/01\/Untitled-design-40.png 675w, https:\/\/banusmedical.com\/wp-content\/uploads\/2026\/01\/Untitled-design-40-300x300.png 300w, https:\/\/banusmedical.com\/wp-content\/uploads\/2026\/01\/Untitled-design-40-150x150.png 150w, https:\/\/banusmedical.com\/wp-content\/uploads\/2026\/01\/Untitled-design-40-370x370.png 370w, https:\/\/banusmedical.com\/wp-content\/uploads\/2026\/01\/Untitled-design-40-120x120.png 120w, https:\/\/banusmedical.com\/wp-content\/uploads\/2026\/01\/Untitled-design-40-410x410.png 410w\" sizes=\"(max-width: 675px) 100vw, 675px\" \/>\t\t\t\t\t\t\t\t\t\t\t\t\t\t\t<\/div>\n\t\t\t\t<\/div>\n\t\t<div class=\"elementor-element elementor-element-edff338 e-con-full e-flex sc_layouts_column_icons_position_left e-con e-child\" data-id=\"edff338\" data-element_type=\"container\">\n\t\t<div class=\"elementor-element elementor-element-37381ea e-con-full e-flex sc_layouts_column_icons_position_left e-con e-child\" data-id=\"37381ea\" data-element_type=\"container\">\n\t\t\t\t<div class=\"elementor-element elementor-element-5e4f690 sc_fly_static elementor-widget elementor-widget-trx_sc_title\" data-id=\"5e4f690\" data-element_type=\"widget\" data-widget_type=\"trx_sc_title.default\">\n\t\t\t\t<div class=\"elementor-widget-container\">\n\t\t\t\t\t<div\t\tclass=\"sc_title sc_title_default\" ><h3 class=\"sc_item_title sc_title_title sc_item_title_style_default sc_item_title_tag\"\n\t\t\t><span class=\"sc_item_title_text\">Reasons for a breast lift<\/span><\/h3><\/div>\t\t\t\t<\/div>\n\t\t\t\t<\/div>\n\t\t\t\t<\/div>\n\t\t<div class=\"elementor-element elementor-element-eb68db0 e-con-full e-flex sc_layouts_column_icons_position_left e-con e-child\" data-id=\"eb68db0\" data-element_type=\"container\">\n\t\t\t\t<div class=\"elementor-element elementor-element-709eab8 elementor-widget__width-initial sc_fly_static elementor-widget elementor-widget-text-editor\" data-id=\"709eab8\" data-element_type=\"widget\" data-widget_type=\"text-editor.default\">\n\t\t\t\t\t\t\t\t\t<ul><li data-start=\"407\" data-end=\"435\"><p data-start=\"409\" data-end=\"435\">Drooping of the chest (ptosis)<\/p><\/li><li data-start=\"436\" data-end=\"475\"><p data-start=\"438\" data-end=\"475\">Asymmetries in breast shape<\/p><\/li><li data-start=\"476\" data-end=\"508\"><p data-start=\"478\" data-end=\"508\">Sagging or asymmetrical nipples<\/p><\/li><li data-start=\"509\" data-end=\"539\"><p data-start=\"511\" data-end=\"539\">Loss of volume and shape<\/p><\/li><li data-start=\"540\" data-end=\"586\"><p data-start=\"542\" data-end=\"586\">Desire for a younger looking breast<\/p><\/li><\/ul>\t\t\t\t\t\t\t\t<\/div>\n\t\t\t\t<\/div>\n\t\t\t\t<\/div>\n\t\t\t\t<\/div>\n\t\t\t\t\t<\/div>\n\t\t\t\t<\/div>\n\t\t<div class=\"elementor-element elementor-element-d3bccac e-flex e-con-boxed sc_layouts_column_icons_position_left e-con e-parent\" data-id=\"d3bccac\" data-element_type=\"container\">\n\t\t\t\t\t<div class=\"e-con-inner\">\n\t\t\t\t<div class=\"elementor-element elementor-element-451df41 sc_fly_static elementor-widget elementor-widget-spacer\" data-id=\"451df41\" data-element_type=\"widget\" data-widget_type=\"spacer.default\">\n\t\t\t\t\t\t\t<div class=\"elementor-spacer\">\n\t\t\t<div class=\"elementor-spacer-inner\"><\/div>\n\t\t<\/div>\n\t\t\t\t\t\t<\/div>\n\t\t\t\t\t<\/div>\n\t\t\t\t<\/div>\n\t\t<div class=\"elementor-element elementor-element-c32a747 e-flex e-con-boxed sc_layouts_column_icons_position_left e-con e-parent\" data-id=\"c32a747\" data-element_type=\"container\">\n\t\t\t\t\t<div class=\"e-con-inner\">\n\t\t\t\t<div class=\"elementor-element elementor-element-4c5b227 sc_fly_static elementor-widget elementor-widget-trx_sc_title\" data-id=\"4c5b227\" data-element_type=\"widget\" data-widget_type=\"trx_sc_title.default\">\n\t\t\t\t<div class=\"elementor-widget-container\">\n\t\t\t\t\t<div\t\tclass=\"sc_title sc_title_default\" ><h3 class=\"sc_item_title sc_title_title sc_item_title_style_default sc_item_title_tag\"\n\t\t\t><span class=\"sc_item_title_text\">Surgical procedure<\/span><\/h3><\/div>\t\t\t\t<\/div>\n\t\t\t\t<\/div>\n\t\t\t\t\t<\/div>\n\t\t\t\t<\/div>\n\t\t<div class=\"elementor-element elementor-element-d069cbb e-flex e-con-boxed sc_layouts_column_icons_position_left e-con e-parent\" data-id=\"d069cbb\" data-element_type=\"container\">\n\t\t\t\t\t<div class=\"e-con-inner\">\n\t\t\t\t<div class=\"elementor-element elementor-element-632c23a sc_fly_static elementor-widget elementor-widget-text-editor\" data-id=\"632c23a\" data-element_type=\"widget\" data-widget_type=\"text-editor.default\">\n\t\t\t\t\t\t\t\t\t<p data-start=\"623\" data-end=\"703\"><strong data-start=\"623\" data-end=\"637\">Anesthesia:<\/strong><br data-start=\"637\" data-end=\"640\" \/>The procedure is usually performed under general anesthesia.<\/p><p data-start=\"705\" data-end=\"748\"><strong data-start=\"705\" data-end=\"746\">Incision techniques (depending on the case):<\/strong><\/p><ul data-start=\"749\" data-end=\"1004\"><li data-start=\"749\" data-end=\"789\"><p data-start=\"751\" data-end=\"789\"><strong data-start=\"751\" data-end=\"767\">Periareolar:<\/strong> around the nipple<\/p><\/li><li data-start=\"790\" data-end=\"905\"><p data-start=\"792\" data-end=\"905\"><strong data-start=\"792\" data-end=\"811\">Lejour technique:<\/strong> modern technique with minimal scarring, incision around the nipple and vertical downwards<\/p><\/li><li data-start=\"906\" data-end=\"1004\"><p data-start=\"908\" data-end=\"1004\"><strong data-start=\"908\" data-end=\"926\">T-shaped incision:<\/strong> additional horizontal incision in the submammary fold (rarely necessary)<\/p><\/li><\/ul><p data-start=\"1006\" data-end=\"1114\"><strong data-start=\"1006\" data-end=\"1034\">Tissue remodeling:<\/strong><br data-start=\"1034\" data-end=\"1037\" \/>The mammary gland and skin are tightened, and the nipple-areola complex is elevated.<\/p><p data-start=\"1116\" data-end=\"1225\"><strong data-start=\"1116\" data-end=\"1138\">Suture closure:<\/strong><br data-start=\"1138\" data-end=\"1141\" \/>Fine suture technique to minimize scarring, often with resorbable stitches.<\/p>\t\t\t\t\t\t\t\t<\/div>\n\t\t\t\t\t<\/div>\n\t\t\t\t<\/div>\n\t\t<div class=\"elementor-element elementor-element-8a851ef e-flex e-con-boxed sc_layouts_column_icons_position_left e-con e-parent\" data-id=\"8a851ef\" data-element_type=\"container\">\n\t\t\t\t\t<div class=\"e-con-inner\">\n\t\t\t\t<div class=\"elementor-element elementor-element-f448dd9 sc_fly_static elementor-widget elementor-widget-spacer\" data-id=\"f448dd9\" data-element_type=\"widget\" data-widget_type=\"spacer.default\">\n\t\t\t\t\t\t\t<div class=\"elementor-spacer\">\n\t\t\t<div class=\"elementor-spacer-inner\"><\/div>\n\t\t<\/div>\n\t\t\t\t\t\t<\/div>\n\t\t\t\t\t<\/div>\n\t\t\t\t<\/div>\n\t\t<div class=\"elementor-element elementor-element-3fb87ac e-flex e-con-boxed sc_layouts_column_icons_position_left e-con e-parent\" data-id=\"3fb87ac\" data-element_type=\"container\">\n\t\t\t\t\t<div class=\"e-con-inner\">\n\t\t<div class=\"elementor-element elementor-element-1a2284a e-con-full e-flex sc_layouts_column_icons_position_left e-con e-child\" data-id=\"1a2284a\" data-element_type=\"container\">\n\t\t\t\t<div class=\"elementor-element elementor-element-6821106 sc_fly_static elementor-widget elementor-widget-image\" data-id=\"6821106\" data-element_type=\"widget\" data-widget_type=\"image.default\">\n\t\t\t\t\t\t\t\t\t\t\t\t\t\t\t<img decoding=\"async\" width=\"960\" height=\"540\" src=\"https:\/\/banusmedical.com\/wp-content\/uploads\/2026\/01\/Untitled-design-94.jpg\" class=\"attachment-large size-large wp-image-1019\" alt=\"\" srcset=\"https:\/\/banusmedical.com\/wp-content\/uploads\/2026\/01\/Untitled-design-94.jpg 960w, https:\/\/banusmedical.com\/wp-content\/uploads\/2026\/01\/Untitled-design-94-300x169.jpg 300w, https:\/\/banusmedical.com\/wp-content\/uploads\/2026\/01\/Untitled-design-94-768x432.jpg 768w, https:\/\/banusmedical.com\/wp-content\/uploads\/2026\/01\/Untitled-design-94-370x208.jpg 370w, https:\/\/banusmedical.com\/wp-content\/uploads\/2026\/01\/Untitled-design-94-840x473.jpg 840w, https:\/\/banusmedical.com\/wp-content\/uploads\/2026\/01\/Untitled-design-94-410x231.jpg 410w, https:\/\/banusmedical.com\/wp-content\/uploads\/2026\/01\/Untitled-design-94-270x152.jpg 270w\" sizes=\"(max-width: 960px) 100vw, 960px\" \/>\t\t\t\t\t\t\t\t\t\t\t\t\t\t\t<\/div>\n\t\t\t\t<\/div>\n\t\t\t\t\t<\/div>\n\t\t\t\t<\/div>\n\t\t<div class=\"elementor-element elementor-element-30918e4 e-flex e-con-boxed sc_layouts_column_icons_position_left e-con e-parent\" data-id=\"30918e4\" data-element_type=\"container\">\n\t\t\t\t\t<div class=\"e-con-inner\">\n\t\t<div class=\"elementor-element elementor-element-f01deb0 e-con-full e-flex sc_layouts_column_icons_position_left e-con e-child\" data-id=\"f01deb0\" data-element_type=\"container\">\n\t\t<div class=\"elementor-element elementor-element-89677df e-con-full e-flex sc_layouts_column_icons_position_left e-con e-child\" data-id=\"89677df\" data-element_type=\"container\">\n\t\t<div class=\"elementor-element elementor-element-fe82330 e-con-full e-flex sc_layouts_column_icons_position_left e-con e-child\" data-id=\"fe82330\" data-element_type=\"container\">\n\t\t\t\t<div class=\"elementor-element elementor-element-a4f6331 sc_fly_static elementor-widget elementor-widget-spacer\" data-id=\"a4f6331\" data-element_type=\"widget\" data-widget_type=\"spacer.default\">\n\t\t\t\t\t\t\t<div class=\"elementor-spacer\">\n\t\t\t<div class=\"elementor-spacer-inner\"><\/div>\n\t\t<\/div>\n\t\t\t\t\t\t<\/div>\n\t\t\t\t<\/div>\n\t\t\t\t<\/div>\n\t\t\t\t<\/div>\n\t\t\t\t\t<\/div>\n\t\t\t\t<\/div>\n\t\t<div class=\"elementor-element elementor-element-43c20f0 e-flex e-con-boxed sc_layouts_column_icons_position_left e-con e-parent\" data-id=\"43c20f0\" data-element_type=\"container\">\n\t\t\t\t\t<div class=\"e-con-inner\">\n\t\t\t\t<div class=\"elementor-element elementor-element-559c82d sc_fly_static elementor-widget elementor-widget-trx_sc_title\" data-id=\"559c82d\" data-element_type=\"widget\" data-widget_type=\"trx_sc_title.default\">\n\t\t\t\t<div class=\"elementor-widget-container\">\n\t\t\t\t\t<div\t\tclass=\"sc_title sc_title_default\" ><h3 class=\"sc_item_title sc_title_title sc_item_title_style_default sc_item_title_tag\"\n\t\t\t><span class=\"sc_item_title_text\">Recovery process<\/span><\/h3><\/div>\t\t\t\t<\/div>\n\t\t\t\t<\/div>\n\t\t\t\t\t<\/div>\n\t\t\t\t<\/div>\n\t\t<div class=\"elementor-element elementor-element-baf5299 e-flex e-con-boxed sc_layouts_column_icons_position_left e-con e-parent\" data-id=\"baf5299\" data-element_type=\"container\">\n\t\t\t\t\t<div class=\"e-con-inner\">\n\t\t\t\t<div class=\"elementor-element elementor-element-a1f709f sc_fly_static elementor-widget elementor-widget-text-editor\" data-id=\"a1f709f\" data-element_type=\"widget\" data-widget_type=\"text-editor.default\">\n\t\t\t\t\t\t\t\t\t<ul><li data-start=\"1260\" data-end=\"1310\"><p data-start=\"1262\" data-end=\"1310\"><strong data-start=\"1262\" data-end=\"1288\">Hospital stay:<\/strong> normally 1 night<\/p><\/li><li data-start=\"1311\" data-end=\"1349\"><p data-start=\"1313\" data-end=\"1349\"><strong data-start=\"1313\" data-end=\"1335\">Resting period:<\/strong> 2-3 weeks<\/p><\/li><li data-start=\"1350\" data-end=\"1408\"><p data-start=\"1352\" data-end=\"1408\"><strong data-start=\"1352\" data-end=\"1380\">Avoid physical exercise:<\/strong> approximately 6 weeks<\/p><\/li><li data-start=\"1409\" data-end=\"1472\"><p data-start=\"1411\" data-end=\"1472\"><strong data-start=\"1411\" data-end=\"1434\">Special bra:<\/strong> recommended use for 4-6 weeks<\/p><\/li><li data-start=\"1473\" data-end=\"1631\"><p data-start=\"1475\" data-end=\"1631\"><strong data-start=\"1475\" data-end=\"1490\">Scars:<\/strong> usually lighten and repigment with time (3-6 months), although they may remain slightly visible depending on individual predisposition.<\/p><\/li><\/ul>\t\t\t\t\t\t\t\t<\/div>\n\t\t\t\t\t<\/div>\n\t\t\t\t<\/div>\n\t\t<div class=\"elementor-element elementor-element-455693a e-flex e-con-boxed sc_layouts_column_icons_position_left e-con e-parent\" data-id=\"455693a\" data-element_type=\"container\">\n\t\t\t\t\t<div class=\"e-con-inner\">\n\t\t\t\t<div class=\"elementor-element elementor-element-aea19f0 sc_fly_static elementor-widget elementor-widget-spacer\" data-id=\"aea19f0\" data-element_type=\"widget\" data-widget_type=\"spacer.default\">\n\t\t\t\t\t\t\t<div class=\"elementor-spacer\">\n\t\t\t<div class=\"elementor-spacer-inner\"><\/div>\n\t\t<\/div>\n\t\t\t\t\t\t<\/div>\n\t\t\t\t\t<\/div>\n\t\t\t\t<\/div>\n\t\t<div class=\"elementor-element elementor-element-71f27a6 e-flex e-con-boxed sc_layouts_column_icons_position_left e-con e-parent\" data-id=\"71f27a6\" data-element_type=\"container\">\n\t\t\t\t\t<div class=\"e-con-inner\">\n\t\t<div class=\"elementor-element elementor-element-4e32b03 e-con-full e-flex sc_layouts_column_icons_position_left e-con e-child\" data-id=\"4e32b03\" data-element_type=\"container\">\n\t\t\t\t<div class=\"elementor-element elementor-element-44f9e43 sc_fly_static elementor-widget elementor-widget-trx_sc_title\" data-id=\"44f9e43\" data-element_type=\"widget\" data-widget_type=\"trx_sc_title.default\">\n\t\t\t\t<div class=\"elementor-widget-container\">\n\t\t\t\t\t<div\t\tclass=\"sc_title sc_title_default\" ><h3 class=\"sc_item_title sc_title_title sc_item_title_style_default sc_item_title_tag\"\n\t\t\t><span class=\"sc_item_title_text\">Risks and possible complications<\/span><\/h3><\/div>\t\t\t\t<\/div>\n\t\t\t\t<\/div>\n\t\t\t\t<\/div>\n\t\t\t\t\t<\/div>\n\t\t\t\t<\/div>\n\t\t<div class=\"elementor-element elementor-element-3030144 e-flex e-con-boxed sc_layouts_column_icons_position_left e-con e-parent\" data-id=\"3030144\" data-element_type=\"container\">\n\t\t\t\t\t<div class=\"e-con-inner\">\n\t\t\t\t<div class=\"elementor-element elementor-element-b487fca sc_fly_static elementor-widget elementor-widget-text-editor\" data-id=\"b487fca\" data-element_type=\"widget\" data-widget_type=\"text-editor.default\">\n\t\t\t\t\t\t\t\t\t<ul><li data-start=\"1260\" data-end=\"1310\"><p data-start=\"1262\" data-end=\"1310\"><strong data-start=\"1262\" data-end=\"1288\">Hospital stay:<\/strong> normally 1 night<\/p><\/li><li data-start=\"1311\" data-end=\"1349\"><p data-start=\"1313\" data-end=\"1349\"><strong data-start=\"1313\" data-end=\"1335\">Resting period:<\/strong> 2-3 weeks<\/p><\/li><li data-start=\"1350\" data-end=\"1408\"><p data-start=\"1352\" data-end=\"1408\"><strong data-start=\"1352\" data-end=\"1380\">Avoid physical exercise:<\/strong> approximately 6 weeks<\/p><\/li><li data-start=\"1409\" data-end=\"1472\"><p data-start=\"1411\" data-end=\"1472\"><strong data-start=\"1411\" data-end=\"1434\">Special bra:<\/strong> recommended use for 4-6 weeks<\/p><\/li><li data-start=\"1473\" data-end=\"1631\"><p data-start=\"1475\" data-end=\"1631\"><strong data-start=\"1475\" data-end=\"1490\">Scars:<\/strong> usually lighten and repigment with time (3-6 months), although they may remain slightly visible depending on individual predisposition.<\/p><\/li><\/ul>\t\t\t\t\t\t\t\t<\/div>\n\t\t\t\t\t<\/div>\n\t\t\t\t<\/div>\n\t\t<div class=\"elementor-element elementor-element-58f75ee e-flex e-con-boxed sc_layouts_column_icons_position_left e-con e-parent\" data-id=\"58f75ee\" data-element_type=\"container\">\n\t\t\t\t\t<div class=\"e-con-inner\">\n\t\t\t\t<div class=\"elementor-element elementor-element-d9734b0 sc_fly_static elementor-widget elementor-widget-image\" data-id=\"d9734b0\" data-element_type=\"widget\" data-widget_type=\"image.default\">\n\t\t\t\t\t\t\t\t\t\t\t\t\t\t\t<img decoding=\"async\" width=\"1000\" height=\"450\" src=\"https:\/\/banusmedical.com\/wp-content\/uploads\/2025\/12\/Breast-lifting-img2.webp\" class=\"attachment-large size-large wp-image-217\" alt=\"\" srcset=\"https:\/\/banusmedical.com\/wp-content\/uploads\/2025\/12\/Breast-lifting-img2.webp 1000w, https:\/\/banusmedical.com\/wp-content\/uploads\/2025\/12\/Breast-lifting-img2-300x135.webp 300w, https:\/\/banusmedical.com\/wp-content\/uploads\/2025\/12\/Breast-lifting-img2-768x346.webp 768w, https:\/\/banusmedical.com\/wp-content\/uploads\/2025\/12\/Breast-lifting-img2-370x167.webp 370w, https:\/\/banusmedical.com\/wp-content\/uploads\/2025\/12\/Breast-lifting-img2-840x378.webp 840w, https:\/\/banusmedical.com\/wp-content\/uploads\/2025\/12\/Breast-lifting-img2-410x185.webp 410w\" sizes=\"(max-width: 1000px) 100vw, 1000px\" \/>\t\t\t\t\t\t\t\t\t\t\t\t\t\t\t<\/div>\n\t\t\t\t\t<\/div>\n\t\t\t\t<\/div>\n\t\t<div class=\"elementor-element elementor-element-66f5e93 e-flex e-con-boxed sc_layouts_column_icons_position_left e-con e-parent\" data-id=\"66f5e93\" data-element_type=\"container\">\n\t\t\t\t\t<div class=\"e-con-inner\">\n\t\t\t\t<div class=\"elementor-element elementor-element-5163fb1 sc_fly_static elementor-widget elementor-widget-spacer\" data-id=\"5163fb1\" data-element_type=\"widget\" data-widget_type=\"spacer.default\">\n\t\t\t\t\t\t\t<div class=\"elementor-spacer\">\n\t\t\t<div class=\"elementor-spacer-inner\"><\/div>\n\t\t<\/div>\n\t\t\t\t\t\t<\/div>\n\t\t\t\t\t<\/div>\n\t\t\t\t<\/div>\n\t\t<div class=\"elementor-element elementor-element-a1251e2 e-flex e-con-boxed sc_layouts_column_icons_position_left e-con e-parent\" data-id=\"a1251e2\" data-element_type=\"container\">\n\t\t\t\t\t<div class=\"e-con-inner\">\n\t\t\t\t<div class=\"elementor-element elementor-element-c33c116 sc_fly_static elementor-widget elementor-widget-trx_sc_title\" data-id=\"c33c116\" data-element_type=\"widget\" data-widget_type=\"trx_sc_title.default\">\n\t\t\t\t<div class=\"elementor-widget-container\">\n\t\t\t\t\t<div\t\tclass=\"sc_title sc_title_default\" ><h3 class=\"sc_item_title sc_title_title sc_item_title_style_default sc_item_title_tag\"\n\t\t\t><span class=\"sc_item_title_text\">Suitable candidates<\/span><\/h3><\/div>\t\t\t\t<\/div>\n\t\t\t\t<\/div>\n\t\t\t\t\t<\/div>\n\t\t\t\t<\/div>\n\t\t<div class=\"elementor-element elementor-element-9cd6426 e-flex e-con-boxed sc_layouts_column_icons_position_left e-con e-parent\" data-id=\"9cd6426\" data-element_type=\"container\">\n\t\t\t\t\t<div class=\"e-con-inner\">\n\t\t\t\t<div class=\"elementor-element elementor-element-15afd6f sc_fly_static elementor-widget elementor-widget-text-editor\" data-id=\"15afd6f\" data-element_type=\"widget\" data-widget_type=\"text-editor.default\">\n\t\t\t\t\t\t\t\t\t<ul><li data-start=\"2133\" data-end=\"2165\"><p data-start=\"2135\" data-end=\"2165\">Good general health<\/p><\/li><li data-start=\"2166\" data-end=\"2192\"><p data-start=\"2168\" data-end=\"2192\">Realistic expectations<\/p><\/li><li data-start=\"2193\" data-end=\"2209\"><p data-start=\"2195\" data-end=\"2209\">Stable weight<\/p><\/li><li data-start=\"2210\" data-end=\"2282\" data-is-last-node=\"\"><p data-start=\"2212\" data-end=\"2282\" data-is-last-node=\"\">Do not plan pregnancy in the near future (could alter the result).<\/p><\/li><\/ul>\t\t\t\t\t\t\t\t<\/div>\n\t\t\t\t\t<\/div>\n\t\t\t\t<\/div>\n\t\t<div class=\"elementor-element elementor-element-d1b3756 e-flex e-con-boxed sc_layouts_column_icons_position_left e-con e-parent\" data-id=\"d1b3756\" data-element_type=\"container\">\n\t\t\t\t\t<div class=\"e-con-inner\">\n\t\t\t\t<div class=\"elementor-element elementor-element-736cc40 sc_height_small sc_fly_static elementor-widget elementor-widget-spacer\" data-id=\"736cc40\" data-element_type=\"widget\" data-widget_type=\"spacer.default\">\n\t\t\t\t\t\t\t<div class=\"elementor-spacer\">\n\t\t\t<div class=\"elementor-spacer-inner\"><\/div>\n\t\t<\/div>\n\t\t\t\t\t\t<\/div>\n\t\t\t\t\t<\/div>\n\t\t\t\t<\/div>\n\t\t<div class=\"elementor-element elementor-element-62f1672 e-flex e-con-boxed sc_layouts_column_icons_position_left e-con e-parent\" data-id=\"62f1672\" data-element_type=\"container\">\n\t\t\t\t\t<div class=\"e-con-inner\">\n\t\t\t\t<div class=\"elementor-element elementor-element-57ab85e sc_fly_static elementor-widget elementor-widget-shortcode\" data-id=\"57ab85e\" data-element_type=\"widget\" data-widget_type=\"shortcode.default\">\n\t\t\t\t\t\t\t<div class=\"elementor-shortcode\"><div class=\"latepoint-book-form-wrapper os-loading os_init_booking_form\" id=\"latepointBookForm_69d0898f46197\" >\n\t\t\t\t\t\t<div class=\"latepoint-w latepoint-inline-form latepoint-show-side-panel\">\n\t\t\t\t\t\t\t<div class=\"latepoint-booking-form-element\">\n\t\t\t\t\t\t\t\t<div class=\"latepoint-side-panel\"><\/div>\n\t\t\t\t\t\t\t\t<div class=\"latepoint-form-w\"><\/div>\n\t\t\t\t\t\t\t<\/div>\n\t\t\t\t\t\t<\/div>\n\t\t\t\t\t<\/div><\/div>\n\t\t\t\t\t\t<\/div>\n\t\t\t\t\t<\/div>\n\t\t\t\t<\/div>\n\t\t\t\t<\/div>","protected":false},"excerpt":{"rendered":"<p>La elevaci\u00f3n de pecho (conocida m\u00e9dicamente como mastopexia) es un procedimiento quir\u00fargico destinado a tensar, elevar y mejorar la forma del pecho femenino. Suele realizarse cuando los senos han perdido&hellip;<\/p>","protected":false},"author":1,"featured_media":0,"parent":0,"menu_order":0,"comment_status":"closed","ping_status":"closed","template":"","meta":{"inline_featured_image":false,"footnotes":""},"class_list":["post-1017","page","type-page","status-publish","hentry"],"_hostinger_reach_plugin_has_subscription_block":false,"_hostinger_reach_plugin_is_elementor":false,"_links":{"self":[{"href":"https:\/\/banusmedical.com\/en\/wp-json\/wp\/v2\/pages\/1017","targetHints":{"allow":["GET"]}}],"collection":[{"href":"https:\/\/banusmedical.com\/en\/wp-json\/wp\/v2\/pages"}],"about":[{"href":"https:\/\/banusmedical.com\/en\/wp-json\/wp\/v2\/types\/page"}],"author":[{"embeddable":true,"href":"https:\/\/banusmedical.com\/en\/wp-json\/wp\/v2\/users\/1"}],"replies":[{"embeddable":true,"href":"https:\/\/banusmedical.com\/en\/wp-json\/wp\/v2\/comments?post=1017"}],"version-history":[{"count":16,"href":"https:\/\/banusmedical.com\/en\/wp-json\/wp\/v2\/pages\/1017\/revisions"}],"predecessor-version":[{"id":1651,"href":"https:\/\/banusmedical.com\/en\/wp-json\/wp\/v2\/pages\/1017\/revisions\/1651"}],"wp:attachment":[{"href":"https:\/\/banusmedical.com\/en\/wp-json\/wp\/v2\/media?parent=1017"}],"curies":[{"name":"wp","href":"https:\/\/api.w.org\/{rel}","templated":true}]}}