{"id":1416,"date":"2026-01-11T17:28:12","date_gmt":"2026-01-11T17:28:12","guid":{"rendered":"https:\/\/banusmedical.com\/?page_id=1416"},"modified":"2026-01-11T17:45:29","modified_gmt":"2026-01-11T17:45:29","slug":"hyaluronic-acid-filler","status":"publish","type":"page","link":"https:\/\/banusmedical.com\/en\/hyaluronic-acid-filler\/","title":{"rendered":"Hyaluronic acid filler"},"content":{"rendered":"<div data-elementor-type=\"wp-page\" data-elementor-id=\"1416\" class=\"elementor elementor-1416\" data-elementor-post-type=\"page\">\n\t\t\t\t<div class=\"elementor-element elementor-element-7dd3209 e-flex e-con-boxed sc_layouts_column_icons_position_left e-con e-parent\" data-id=\"7dd3209\" data-element_type=\"container\">\n\t\t\t\t\t<div class=\"e-con-inner\">\n\t\t<div class=\"e-con-gap-no elementor-element elementor-element-c26009b e-con-full e-flex sc_layouts_column_icons_position_left e-con e-child\" data-animation-type=\"sequental\" data-animation-stagger=\"\" data-id=\"c26009b\" data-element_type=\"container\" data-settings=\"{&quot;background_background&quot;:&quot;video&quot;,&quot;background_video_link&quot;:&quot;https:\\\/\\\/vimeo.com\\\/1146950854?fl=tl&amp;fe=ec&quot;,&quot;background_play_on_mobile&quot;:&quot;yes&quot;,&quot;animation&quot;:&quot;none&quot;}\">\n\t\t<div class=\"elementor-background-video-container\" aria-hidden=\"true\">\n\t\t\t\t\t\t\t<div class=\"elementor-background-video-embed\"><\/div>\n\t\t\t\t\t\t<\/div>\t\t<\/div>\n\t\t\t\t\t<\/div>\n\t\t\t\t<\/div>\n\t\t<div class=\"elementor-element elementor-element-ac3c0e9 e-flex e-con-boxed sc_layouts_column_icons_position_left e-con e-parent\" data-id=\"ac3c0e9\" data-element_type=\"container\">\n\t\t\t\t\t<div class=\"e-con-inner\">\n\t\t<div class=\"elementor-element elementor-element-d2b7278 e-con-full e-flex sc_layouts_column_icons_position_left e-con e-child\" data-id=\"d2b7278\" data-element_type=\"container\">\n\t\t\t\t<div class=\"elementor-element elementor-element-8c2f808 sc_height_small sc_fly_static elementor-widget elementor-widget-spacer\" data-id=\"8c2f808\" data-element_type=\"widget\" data-widget_type=\"spacer.default\">\n\t\t\t\t\t\t\t<div class=\"elementor-spacer\">\n\t\t\t<div class=\"elementor-spacer-inner\"><\/div>\n\t\t<\/div>\n\t\t\t\t\t\t<\/div>\n\t\t\t\t<\/div>\n\t\t\t\t\t<\/div>\n\t\t\t\t<\/div>\n\t\t<div class=\"elementor-element elementor-element-6f365e6 e-flex e-con-boxed sc_layouts_column_icons_position_left e-con e-parent\" data-id=\"6f365e6\" data-element_type=\"container\">\n\t\t\t\t\t<div class=\"e-con-inner\">\n\t\t<div class=\"elementor-element elementor-element-2ce3145 e-con-full e-flex sc_layouts_column_icons_position_left e-con e-child\" data-id=\"2ce3145\" data-element_type=\"container\">\n\t\t\t\t<div class=\"elementor-element elementor-element-c3589fe sc_fly_static elementor-widget elementor-widget-text-editor\" data-id=\"c3589fe\" data-element_type=\"widget\" data-widget_type=\"text-editor.default\">\n\t\t\t\t\t\t\t\t\t<p>The <strong data-start=\"39\" data-end=\"87\">filler injections with hyaluronic acid<\/strong> are a popular minimally invasive cosmetic treatment for wrinkle reduction and facial volume enhancement. Here's what you need to know:<\/p>\t\t\t\t\t\t\t\t<\/div>\n\t\t\t\t<\/div>\n\t\t\t\t\t<\/div>\n\t\t\t\t<\/div>\n\t\t<div class=\"elementor-element elementor-element-a922fdc e-flex e-con-boxed sc_layouts_column_icons_position_left e-con e-parent\" data-id=\"a922fdc\" data-element_type=\"container\">\n\t\t\t\t\t<div class=\"e-con-inner\">\n\t\t\t\t<div class=\"elementor-element elementor-element-88c258d sc_height_tiny sc_fly_static elementor-widget elementor-widget-spacer\" data-id=\"88c258d\" data-element_type=\"widget\" data-widget_type=\"spacer.default\">\n\t\t\t\t\t\t\t<div class=\"elementor-spacer\">\n\t\t\t<div class=\"elementor-spacer-inner\"><\/div>\n\t\t<\/div>\n\t\t\t\t\t\t<\/div>\n\t\t\t\t\t<\/div>\n\t\t\t\t<\/div>\n\t\t<div class=\"elementor-element elementor-element-f0bcc7e e-flex e-con-boxed sc_layouts_column_icons_position_left e-con e-parent\" data-id=\"f0bcc7e\" data-element_type=\"container\">\n\t\t\t\t\t<div class=\"e-con-inner\">\n\t\t<div class=\"elementor-element elementor-element-ed5673e e-con-full e-flex sc_layouts_column_icons_position_left e-con e-child\" data-id=\"ed5673e\" data-element_type=\"container\">\n\t\t\t\t<div class=\"elementor-element elementor-element-a854c18 sc_fly_static elementor-widget elementor-widget-trx_sc_title\" data-id=\"a854c18\" data-element_type=\"widget\" data-widget_type=\"trx_sc_title.default\">\n\t\t\t\t<div class=\"elementor-widget-container\">\n\t\t\t\t\t<div\t\tclass=\"sc_title sc_title_default\" ><h3 class=\"sc_item_title sc_title_title sc_item_title_style_default sc_item_title_tag\"\n\t\t\t><span class=\"sc_item_title_text\">What is hyaluronic acid?<\/span><\/h3><\/div>\t\t\t\t<\/div>\n\t\t\t\t<\/div>\n\t\t\t\t<\/div>\n\t\t\t\t\t<\/div>\n\t\t\t\t<\/div>\n\t\t<div class=\"elementor-element elementor-element-01e1158 e-flex e-con-boxed sc_layouts_column_icons_position_left e-con e-parent\" data-id=\"01e1158\" data-element_type=\"container\">\n\t\t\t\t\t<div class=\"e-con-inner\">\n\t\t\t\t<div class=\"elementor-element elementor-element-047833a sc_fly_static elementor-widget elementor-widget-text-editor\" data-id=\"047833a\" data-element_type=\"widget\" data-widget_type=\"text-editor.default\">\n\t\t\t\t\t\t\t\t\t<p>Hyaluronic acid is a substance found naturally in the body that can retain large amounts of water. It is present in the skin, joints and connective tissue. With age, its concentration decreases, leading to the appearance of wrinkles and loss of volume.<\/p>\t\t\t\t\t\t\t\t<\/div>\n\t\t\t\t\t<\/div>\n\t\t\t\t<\/div>\n\t\t<div class=\"elementor-element elementor-element-eeb2eff e-flex e-con-boxed sc_layouts_column_icons_position_left e-con e-parent\" data-id=\"eeb2eff\" data-element_type=\"container\">\n\t\t\t\t\t<div class=\"e-con-inner\">\n\t\t\t\t<div class=\"elementor-element elementor-element-4cb3d6f sc_fly_static elementor-widget elementor-widget-image\" data-id=\"4cb3d6f\" data-element_type=\"widget\" data-widget_type=\"image.default\">\n\t\t\t\t\t\t\t\t\t\t\t\t\t\t\t<img fetchpriority=\"high\" decoding=\"async\" width=\"960\" height=\"540\" src=\"https:\/\/banusmedical.com\/wp-content\/uploads\/2026\/01\/Untitled-design-2026-01-11T183506.702.jpg\" class=\"attachment-large size-large wp-image-1426\" alt=\"\" srcset=\"https:\/\/banusmedical.com\/wp-content\/uploads\/2026\/01\/Untitled-design-2026-01-11T183506.702.jpg 960w, https:\/\/banusmedical.com\/wp-content\/uploads\/2026\/01\/Untitled-design-2026-01-11T183506.702-300x169.jpg 300w, https:\/\/banusmedical.com\/wp-content\/uploads\/2026\/01\/Untitled-design-2026-01-11T183506.702-768x432.jpg 768w, https:\/\/banusmedical.com\/wp-content\/uploads\/2026\/01\/Untitled-design-2026-01-11T183506.702-370x208.jpg 370w, https:\/\/banusmedical.com\/wp-content\/uploads\/2026\/01\/Untitled-design-2026-01-11T183506.702-840x473.jpg 840w, https:\/\/banusmedical.com\/wp-content\/uploads\/2026\/01\/Untitled-design-2026-01-11T183506.702-410x231.jpg 410w, https:\/\/banusmedical.com\/wp-content\/uploads\/2026\/01\/Untitled-design-2026-01-11T183506.702-270x152.jpg 270w\" sizes=\"(max-width: 960px) 100vw, 960px\" \/>\t\t\t\t\t\t\t\t\t\t\t\t\t\t\t<\/div>\n\t\t\t\t\t<\/div>\n\t\t\t\t<\/div>\n\t\t<div class=\"elementor-element elementor-element-7637a9d e-flex e-con-boxed sc_layouts_column_icons_position_left e-con e-parent\" data-id=\"7637a9d\" data-element_type=\"container\">\n\t\t\t\t\t<div class=\"e-con-inner\">\n\t\t\t\t<div class=\"elementor-element elementor-element-082dfc6 sc_height_tiny sc_fly_static elementor-widget elementor-widget-spacer\" data-id=\"082dfc6\" data-element_type=\"widget\" data-widget_type=\"spacer.default\">\n\t\t\t\t\t\t\t<div class=\"elementor-spacer\">\n\t\t\t<div class=\"elementor-spacer-inner\"><\/div>\n\t\t<\/div>\n\t\t\t\t\t\t<\/div>\n\t\t\t\t\t<\/div>\n\t\t\t\t<\/div>\n\t\t<div class=\"elementor-element elementor-element-de8497c e-flex e-con-boxed sc_layouts_column_icons_position_left e-con e-parent\" data-id=\"de8497c\" data-element_type=\"container\">\n\t\t\t\t\t<div class=\"e-con-inner\">\n\t\t<div class=\"elementor-element elementor-element-6051489 e-con-full e-flex sc_layouts_column_icons_position_left e-con e-child\" data-id=\"6051489\" data-element_type=\"container\">\n\t\t\t\t<div class=\"elementor-element elementor-element-0eda547 sc_fly_static elementor-widget elementor-widget-trx_sc_title\" data-id=\"0eda547\" data-element_type=\"widget\" data-widget_type=\"trx_sc_title.default\">\n\t\t\t\t<div class=\"elementor-widget-container\">\n\t\t\t\t\t<div\t\tclass=\"sc_title sc_title_default\" ><h3 class=\"sc_item_title sc_title_title sc_item_title_style_default sc_item_title_tag\"\n\t\t\t><span class=\"sc_item_title_text\">Areas of application of hyaluronic acid fillers<\/span><\/h3><\/div>\t\t\t\t<\/div>\n\t\t\t\t<\/div>\n\t\t\t\t<\/div>\n\t\t\t\t\t<\/div>\n\t\t\t\t<\/div>\n\t\t<div class=\"elementor-element elementor-element-f402d28 e-flex e-con-boxed sc_layouts_column_icons_position_left e-con e-parent\" data-id=\"f402d28\" data-element_type=\"container\">\n\t\t\t\t\t<div class=\"e-con-inner\">\n\t\t\t\t<div class=\"elementor-element elementor-element-93e1293 sc_fly_static elementor-widget elementor-widget-text-editor\" data-id=\"93e1293\" data-element_type=\"widget\" data-widget_type=\"text-editor.default\">\n\t\t\t\t\t\t\t\t\t<p data-start=\"659\" data-end=\"686\"><strong data-start=\"659\" data-end=\"686\">Wrinkle treatment:<\/strong><\/p><ul data-start=\"687\" data-end=\"913\"><li data-start=\"687\" data-end=\"754\"><p data-start=\"689\" data-end=\"754\">Nasolabial folds (between the nose and the corner of the mouth)<\/p><\/li><li data-start=\"755\" data-end=\"821\"><p data-start=\"757\" data-end=\"821\">Marionette lines (from the corner of the mouth downward)<\/p><\/li><li data-start=\"822\" data-end=\"913\"><p data-start=\"824\" data-end=\"913\">forehead and frown wrinkles (limited use - more suitable for botulinum toxin)<\/p><\/li><\/ul><p data-start=\"915\" data-end=\"945\"><strong data-start=\"915\" data-end=\"945\">Volume and facial contouring:<\/strong><\/p><ul data-start=\"946\" data-end=\"1122\"><li data-start=\"946\" data-end=\"979\"><p data-start=\"948\" data-end=\"979\">Cheek and cheekbone augmentation<\/p><\/li><li data-start=\"980\" data-end=\"1019\"><p data-start=\"982\" data-end=\"1019\">Filling of the tear trough (dark circles under the eyes)<\/p><\/li><li data-start=\"1020\" data-end=\"1061\"><p data-start=\"1022\" data-end=\"1061\">Chin and jawline contouring<\/p><\/li><li data-start=\"1062\" data-end=\"1122\"><p data-start=\"1064\" data-end=\"1122\">Nasal correction without surgery (<em data-start=\"1094\" data-end=\"1121\">non-surgical rhinoplasty<\/em>)<\/p><\/li><\/ul>\t\t\t\t\t\t\t\t<\/div>\n\t\t\t\t\t<\/div>\n\t\t\t\t<\/div>\n\t\t<div class=\"elementor-element elementor-element-e5085a7 e-flex e-con-boxed sc_layouts_column_icons_position_left e-con e-parent\" data-id=\"e5085a7\" data-element_type=\"container\">\n\t\t\t\t\t<div class=\"e-con-inner\">\n\t\t\t\t<div class=\"elementor-element elementor-element-0c1f716 sc_height_tiny sc_fly_static elementor-widget elementor-widget-spacer\" data-id=\"0c1f716\" data-element_type=\"widget\" data-widget_type=\"spacer.default\">\n\t\t\t\t\t\t\t<div class=\"elementor-spacer\">\n\t\t\t<div class=\"elementor-spacer-inner\"><\/div>\n\t\t<\/div>\n\t\t\t\t\t\t<\/div>\n\t\t\t\t\t<\/div>\n\t\t\t\t<\/div>\n\t\t<div class=\"elementor-element elementor-element-5fe8837 e-flex e-con-boxed sc_layouts_column_icons_position_left e-con e-parent\" data-id=\"5fe8837\" data-element_type=\"container\">\n\t\t\t\t\t<div class=\"e-con-inner\">\n\t\t<div class=\"elementor-element elementor-element-cc7af62 e-con-full e-flex sc_layouts_column_icons_position_left e-con e-child\" data-id=\"cc7af62\" data-element_type=\"container\">\n\t\t\t\t<div class=\"elementor-element elementor-element-f76cc89 sc_fly_static elementor-widget elementor-widget-image\" data-id=\"f76cc89\" data-element_type=\"widget\" data-widget_type=\"image.default\">\n\t\t\t\t\t\t\t\t\t\t\t\t\t\t\t<img decoding=\"async\" width=\"810\" height=\"810\" src=\"https:\/\/banusmedical.com\/wp-content\/uploads\/2025\/12\/Untitled-design-56.jpg\" class=\"attachment-large size-large wp-image-478\" alt=\"\" srcset=\"https:\/\/banusmedical.com\/wp-content\/uploads\/2025\/12\/Untitled-design-56.jpg 810w, https:\/\/banusmedical.com\/wp-content\/uploads\/2025\/12\/Untitled-design-56-300x300.jpg 300w, https:\/\/banusmedical.com\/wp-content\/uploads\/2025\/12\/Untitled-design-56-150x150.jpg 150w, https:\/\/banusmedical.com\/wp-content\/uploads\/2025\/12\/Untitled-design-56-768x768.jpg 768w, https:\/\/banusmedical.com\/wp-content\/uploads\/2025\/12\/Untitled-design-56-370x370.jpg 370w, https:\/\/banusmedical.com\/wp-content\/uploads\/2025\/12\/Untitled-design-56-120x120.jpg 120w, https:\/\/banusmedical.com\/wp-content\/uploads\/2025\/12\/Untitled-design-56-410x410.jpg 410w\" sizes=\"(max-width: 810px) 100vw, 810px\" \/>\t\t\t\t\t\t\t\t\t\t\t\t\t\t\t<\/div>\n\t\t\t\t<\/div>\n\t\t<div class=\"elementor-element elementor-element-2cad91a e-con-full e-flex sc_layouts_column_icons_position_left e-con e-child\" data-id=\"2cad91a\" data-element_type=\"container\">\n\t\t<div class=\"elementor-element elementor-element-893b03d e-con-full e-flex sc_layouts_column_icons_position_left e-con e-child\" data-id=\"893b03d\" data-element_type=\"container\">\n\t\t\t\t<div class=\"elementor-element elementor-element-3285839 elementor-widget__width-initial sc_fly_static elementor-widget elementor-widget-trx_sc_title\" data-id=\"3285839\" data-element_type=\"widget\" data-widget_type=\"trx_sc_title.default\">\n\t\t\t\t<div class=\"elementor-widget-container\">\n\t\t\t\t\t<div\t\tclass=\"sc_title sc_title_default\" ><h3 class=\"sc_item_title sc_title_title sc_item_title_style_default sc_item_title_tag\"\n\t\t\t><span class=\"sc_item_title_text\">Duration of treatment and effects<\/span><\/h3><\/div>\t\t\t\t<\/div>\n\t\t\t\t<\/div>\n\t\t\t\t<\/div>\n\t\t<div class=\"elementor-element elementor-element-c009b8a e-con-full e-flex sc_layouts_column_icons_position_left e-con e-child\" data-id=\"c009b8a\" data-element_type=\"container\">\n\t\t\t\t<div class=\"elementor-element elementor-element-826e22a elementor-widget__width-initial sc_fly_static elementor-widget elementor-widget-text-editor\" data-id=\"826e22a\" data-element_type=\"widget\" data-widget_type=\"text-editor.default\">\n\t\t\t\t\t\t\t\t\t<ul><li data-start=\"1168\" data-end=\"1227\"><p data-start=\"1170\" data-end=\"1227\"><strong data-start=\"1170\" data-end=\"1183\">Duration:<\/strong> approx. 15-45 minutes (with anesthetic gel)<\/p><\/li><li data-start=\"1228\" data-end=\"1295\"><p data-start=\"1230\" data-end=\"1295\"><strong data-start=\"1230\" data-end=\"1254\">Visible results:<\/strong> immediate, with possible slight swelling<\/p><\/li><li data-start=\"1296\" data-end=\"1388\"><p data-start=\"1298\" data-end=\"1388\"><strong data-start=\"1298\" data-end=\"1322\">Duration of effect:<\/strong> approx. 6 to 18 months (depending on product, area and metabolism)<\/p><\/li><\/ul>\t\t\t\t\t\t\t\t<\/div>\n\t\t\t\t<\/div>\n\t\t\t\t<\/div>\n\t\t\t\t\t<\/div>\n\t\t\t\t<\/div>\n\t\t<div class=\"elementor-element elementor-element-a6aeb50 e-flex e-con-boxed sc_layouts_column_icons_position_left e-con e-parent\" data-id=\"a6aeb50\" data-element_type=\"container\">\n\t\t\t\t\t<div class=\"e-con-inner\">\n\t\t\t\t<div class=\"elementor-element elementor-element-2917c9f sc_height_tiny sc_fly_static elementor-widget elementor-widget-spacer\" data-id=\"2917c9f\" data-element_type=\"widget\" data-widget_type=\"spacer.default\">\n\t\t\t\t\t\t\t<div class=\"elementor-spacer\">\n\t\t\t<div class=\"elementor-spacer-inner\"><\/div>\n\t\t<\/div>\n\t\t\t\t\t\t<\/div>\n\t\t\t\t\t<\/div>\n\t\t\t\t<\/div>\n\t\t<div class=\"elementor-element elementor-element-7a04dd1 e-flex e-con-boxed sc_layouts_column_icons_position_left e-con e-parent\" data-id=\"7a04dd1\" data-element_type=\"container\">\n\t\t\t\t\t<div class=\"e-con-inner\">\n\t\t<div class=\"elementor-element elementor-element-ab7a9b1 e-con-full e-flex sc_layouts_column_icons_position_left e-con e-child\" data-id=\"ab7a9b1\" data-element_type=\"container\">\n\t\t\t\t<div class=\"elementor-element elementor-element-525c2f0 sc_fly_static elementor-widget elementor-widget-trx_sc_title\" data-id=\"525c2f0\" data-element_type=\"widget\" data-widget_type=\"trx_sc_title.default\">\n\t\t\t\t<div class=\"elementor-widget-container\">\n\t\t\t\t\t<div\t\tclass=\"sc_title sc_title_default\" ><h3 class=\"sc_item_title sc_title_title sc_item_title_style_default sc_item_title_tag\"\n\t\t\t><span class=\"sc_item_title_text\">Risks and side effects<\/span><\/h3><\/div>\t\t\t\t<\/div>\n\t\t\t\t<\/div>\n\t\t\t\t<\/div>\n\t\t\t\t\t<\/div>\n\t\t\t\t<\/div>\n\t\t<div class=\"elementor-element elementor-element-4e7cf9e e-flex e-con-boxed sc_layouts_column_icons_position_left e-con e-parent\" data-id=\"4e7cf9e\" data-element_type=\"container\">\n\t\t\t\t\t<div class=\"e-con-inner\">\n\t\t\t\t<div class=\"elementor-element elementor-element-88ea8af sc_fly_static elementor-widget elementor-widget-text-editor\" data-id=\"88ea8af\" data-element_type=\"widget\" data-widget_type=\"text-editor.default\">\n\t\t\t\t\t\t\t\t\t<p data-start=\"1429\" data-end=\"1499\">Treatment is usually well tolerated. Possible effects include:<\/p><ul data-start=\"1500\" data-end=\"1637\"><li data-start=\"1500\" data-end=\"1562\"><p data-start=\"1502\" data-end=\"1562\">Redness, swelling, small bruises (temporary)<\/p><\/li><li data-start=\"1563\" data-end=\"1590\"><p data-start=\"1565\" data-end=\"1590\">Small lumps (rare)<\/p><\/li><li data-start=\"1591\" data-end=\"1637\"><p data-start=\"1593\" data-end=\"1637\">Infections (rare, but possible)<\/p><\/li><\/ul><p data-start=\"1639\" data-end=\"1771\"><strong data-start=\"1642\" data-end=\"1657\">Important:<\/strong> treatment should only be performed by experienced plastic surgeons or qualified dermatologists.<\/p>\t\t\t\t\t\t\t\t<\/div>\n\t\t\t\t\t<\/div>\n\t\t\t\t<\/div>\n\t\t<div class=\"elementor-element elementor-element-a8397c5 e-flex e-con-boxed sc_layouts_column_icons_position_left e-con e-parent\" data-id=\"a8397c5\" data-element_type=\"container\">\n\t\t\t\t\t<div class=\"e-con-inner\">\n\t\t\t\t<div class=\"elementor-element elementor-element-c2918bf sc_fly_static elementor-widget elementor-widget-image\" data-id=\"c2918bf\" data-element_type=\"widget\" data-widget_type=\"image.default\">\n\t\t\t\t\t\t\t\t\t\t\t\t\t\t\t<img decoding=\"async\" width=\"960\" height=\"540\" src=\"https:\/\/banusmedical.com\/wp-content\/uploads\/2026\/01\/Untitled-design-2026-01-11T184405.116.jpg\" class=\"attachment-large size-large wp-image-1431\" alt=\"\" srcset=\"https:\/\/banusmedical.com\/wp-content\/uploads\/2026\/01\/Untitled-design-2026-01-11T184405.116.jpg 960w, https:\/\/banusmedical.com\/wp-content\/uploads\/2026\/01\/Untitled-design-2026-01-11T184405.116-300x169.jpg 300w, https:\/\/banusmedical.com\/wp-content\/uploads\/2026\/01\/Untitled-design-2026-01-11T184405.116-768x432.jpg 768w, https:\/\/banusmedical.com\/wp-content\/uploads\/2026\/01\/Untitled-design-2026-01-11T184405.116-370x208.jpg 370w, https:\/\/banusmedical.com\/wp-content\/uploads\/2026\/01\/Untitled-design-2026-01-11T184405.116-840x473.jpg 840w, https:\/\/banusmedical.com\/wp-content\/uploads\/2026\/01\/Untitled-design-2026-01-11T184405.116-410x231.jpg 410w, https:\/\/banusmedical.com\/wp-content\/uploads\/2026\/01\/Untitled-design-2026-01-11T184405.116-270x152.jpg 270w\" sizes=\"(max-width: 960px) 100vw, 960px\" \/>\t\t\t\t\t\t\t\t\t\t\t\t\t\t\t<\/div>\n\t\t\t\t\t<\/div>\n\t\t\t\t<\/div>\n\t\t<div class=\"elementor-element elementor-element-970be5b e-flex e-con-boxed sc_layouts_column_icons_position_left e-con e-parent\" data-id=\"970be5b\" data-element_type=\"container\">\n\t\t\t\t\t<div class=\"e-con-inner\">\n\t\t\t\t<div class=\"elementor-element elementor-element-05880d4 sc_height_tiny sc_fly_static elementor-widget elementor-widget-spacer\" data-id=\"05880d4\" data-element_type=\"widget\" data-widget_type=\"spacer.default\">\n\t\t\t\t\t\t\t<div class=\"elementor-spacer\">\n\t\t\t<div class=\"elementor-spacer-inner\"><\/div>\n\t\t<\/div>\n\t\t\t\t\t\t<\/div>\n\t\t\t\t\t<\/div>\n\t\t\t\t<\/div>\n\t\t<div class=\"elementor-element elementor-element-7fd1e28 e-flex e-con-boxed sc_layouts_column_icons_position_left e-con e-parent\" data-id=\"7fd1e28\" data-element_type=\"container\">\n\t\t\t\t\t<div class=\"e-con-inner\">\n\t\t<div class=\"elementor-element elementor-element-ad28a5f e-con-full e-flex sc_layouts_column_icons_position_left e-con e-child\" data-id=\"ad28a5f\" data-element_type=\"container\">\n\t\t\t\t<div class=\"elementor-element elementor-element-d732ca0 sc_fly_static elementor-widget elementor-widget-trx_sc_title\" data-id=\"d732ca0\" data-element_type=\"widget\" data-widget_type=\"trx_sc_title.default\">\n\t\t\t\t<div class=\"elementor-widget-container\">\n\t\t\t\t\t<div\t\tclass=\"sc_title sc_title_default\" ><h3 class=\"sc_item_title sc_title_title sc_item_title_style_default sc_item_title_tag\"\n\t\t\t><span class=\"sc_item_title_text\">Hyaluronic acid reversibility<\/span><\/h3><\/div>\t\t\t\t<\/div>\n\t\t\t\t<\/div>\n\t\t\t\t<\/div>\n\t\t\t\t\t<\/div>\n\t\t\t\t<\/div>\n\t\t<div class=\"elementor-element elementor-element-ba4af87 e-flex e-con-boxed sc_layouts_column_icons_position_left e-con e-parent\" data-id=\"ba4af87\" data-element_type=\"container\">\n\t\t\t\t\t<div class=\"e-con-inner\">\n\t\t\t\t<div class=\"elementor-element elementor-element-ee8b005 sc_fly_static elementor-widget elementor-widget-text-editor\" data-id=\"ee8b005\" data-element_type=\"widget\" data-widget_type=\"text-editor.default\">\n\t\t\t\t\t\t\t\t\t<p>One great advantage is that hyaluronic acid is <strong data-start=\"1867\" data-end=\"1881\">reversible<\/strong>. In rare cases of complications, such as excess volume, it can be dissolved by the enzyme <strong data-start=\"1977\" data-end=\"1994\">hyaluronidase<\/strong>.<\/p>\t\t\t\t\t\t\t\t<\/div>\n\t\t\t\t\t<\/div>\n\t\t\t\t<\/div>\n\t\t<div class=\"elementor-element elementor-element-a85b4ae e-flex e-con-boxed sc_layouts_column_icons_position_left e-con e-parent\" data-id=\"a85b4ae\" data-element_type=\"container\">\n\t\t\t\t\t<div class=\"e-con-inner\">\n\t\t\t\t<div class=\"elementor-element elementor-element-7cd22da sc_height_tiny sc_fly_static elementor-widget elementor-widget-spacer\" data-id=\"7cd22da\" data-element_type=\"widget\" data-widget_type=\"spacer.default\">\n\t\t\t\t\t\t\t<div class=\"elementor-spacer\">\n\t\t\t<div class=\"elementor-spacer-inner\"><\/div>\n\t\t<\/div>\n\t\t\t\t\t\t<\/div>\n\t\t\t\t\t<\/div>\n\t\t\t\t<\/div>\n\t\t<div class=\"elementor-element elementor-element-a27b84b e-flex e-con-boxed sc_layouts_column_icons_position_left e-con e-parent\" data-id=\"a27b84b\" data-element_type=\"container\">\n\t\t\t\t\t<div class=\"e-con-inner\">\n\t\t<div class=\"elementor-element elementor-element-cf2a9e5 e-con-full e-flex sc_layouts_column_icons_position_left e-con e-child\" data-id=\"cf2a9e5\" data-element_type=\"container\">\n\t\t\t\t<div class=\"elementor-element elementor-element-0651f6d sc_fly_static elementor-widget elementor-widget-trx_sc_title\" data-id=\"0651f6d\" data-element_type=\"widget\" data-widget_type=\"trx_sc_title.default\">\n\t\t\t\t<div class=\"elementor-widget-container\">\n\t\t\t\t\t<div\t\tclass=\"sc_title sc_title_default\" ><h3 class=\"sc_item_title sc_title_title sc_item_title_style_default sc_item_title_tag\"\n\t\t\t><span class=\"sc_item_title_text\">Recommendations before treatment<\/span><\/h3><\/div>\t\t\t\t<\/div>\n\t\t\t\t<\/div>\n\t\t\t\t<\/div>\n\t\t\t\t\t<\/div>\n\t\t\t\t<\/div>\n\t\t<div class=\"elementor-element elementor-element-bf11008 e-flex e-con-boxed sc_layouts_column_icons_position_left e-con e-parent\" data-id=\"bf11008\" data-element_type=\"container\">\n\t\t\t\t\t<div class=\"e-con-inner\">\n\t\t\t\t<div class=\"elementor-element elementor-element-fa1e75f sc_fly_static elementor-widget elementor-widget-text-editor\" data-id=\"fa1e75f\" data-element_type=\"widget\" data-widget_type=\"text-editor.default\">\n\t\t\t\t\t\t\t\t\t<ul><li data-start=\"2044\" data-end=\"2122\"><p data-start=\"2046\" data-end=\"2122\">Do not take aspirin or anticoagulants 3 days before (to avoid hematomas).<\/p><\/li><li data-start=\"2123\" data-end=\"2162\"><p data-start=\"2125\" data-end=\"2162\">Do not consume alcohol 24 hours before.<\/p><\/li><li data-start=\"2163\" data-end=\"2195\"><p data-start=\"2165\" data-end=\"2195\">To go to the prior consultation.<\/p><\/li><li data-start=\"2196\" data-end=\"2304\" data-is-last-node=\"\"><p data-start=\"2198\" data-end=\"2304\" data-is-last-node=\"\">Choose a reliable clinic with certified specialists, experience and high hygiene standards.<\/p><\/li><\/ul>\t\t\t\t\t\t\t\t<\/div>\n\t\t\t\t\t<\/div>\n\t\t\t\t<\/div>\n\t\t\t\t<\/div>","protected":false},"excerpt":{"rendered":"<p>Las inyecciones de relleno con \u00e1cido hialur\u00f3nico son un tratamiento est\u00e9tico m\u00ednimamente invasivo muy popular para la reducci\u00f3n de arrugas y el aumento del volumen facial. A continuaci\u00f3n, lo que&hellip;<\/p>","protected":false},"author":1,"featured_media":0,"parent":0,"menu_order":0,"comment_status":"closed","ping_status":"closed","template":"","meta":{"inline_featured_image":false,"footnotes":""},"class_list":["post-1416","page","type-page","status-publish","hentry"],"_hostinger_reach_plugin_has_subscription_block":false,"_hostinger_reach_plugin_is_elementor":false,"_links":{"self":[{"href":"https:\/\/banusmedical.com\/en\/wp-json\/wp\/v2\/pages\/1416","targetHints":{"allow":["GET"]}}],"collection":[{"href":"https:\/\/banusmedical.com\/en\/wp-json\/wp\/v2\/pages"}],"about":[{"href":"https:\/\/banusmedical.com\/en\/wp-json\/wp\/v2\/types\/page"}],"author":[{"embeddable":true,"href":"https:\/\/banusmedical.com\/en\/wp-json\/wp\/v2\/users\/1"}],"replies":[{"embeddable":true,"href":"https:\/\/banusmedical.com\/en\/wp-json\/wp\/v2\/comments?post=1416"}],"version-history":[{"count":16,"href":"https:\/\/banusmedical.com\/en\/wp-json\/wp\/v2\/pages\/1416\/revisions"}],"predecessor-version":[{"id":1437,"href":"https:\/\/banusmedical.com\/en\/wp-json\/wp\/v2\/pages\/1416\/revisions\/1437"}],"wp:attachment":[{"href":"https:\/\/banusmedical.com\/en\/wp-json\/wp\/v2\/media?parent=1416"}],"curies":[{"name":"wp","href":"https:\/\/api.w.org\/{rel}","templated":true}]}}