{"id":1693,"date":"2026-02-01T16:52:09","date_gmt":"2026-02-01T16:52:09","guid":{"rendered":"https:\/\/banusmedical.com\/?page_id=1693"},"modified":"2026-02-01T17:25:40","modified_gmt":"2026-02-01T17:25:40","slug":"facial-and-body-radiofrequency","status":"publish","type":"page","link":"https:\/\/banusmedical.com\/en\/facial-and-body-radiofrequency\/","title":{"rendered":"Facial and Body Radiofrequency"},"content":{"rendered":"<div data-elementor-type=\"wp-page\" data-elementor-id=\"1693\" class=\"elementor elementor-1693\" data-elementor-post-type=\"page\">\n\t\t\t\t<div class=\"elementor-element elementor-element-73858fa e-flex e-con-boxed sc_layouts_column_icons_position_left e-con e-parent\" data-id=\"73858fa\" data-element_type=\"container\">\n\t\t\t\t\t<div class=\"e-con-inner\">\n\t\t<div class=\"e-con-gap-no elementor-element elementor-element-8d56fa8 e-con-full e-flex sc_layouts_column_icons_position_left e-con e-child\" data-animation-type=\"sequental\" data-animation-stagger=\"\" data-id=\"8d56fa8\" data-element_type=\"container\" data-settings=\"{&quot;background_background&quot;:&quot;video&quot;,&quot;background_video_link&quot;:&quot;https:\\\/\\\/vimeo.com\\\/1160809304?fl=ip&amp;fe=ec&quot;,&quot;background_play_on_mobile&quot;:&quot;yes&quot;,&quot;animation&quot;:&quot;none&quot;}\">\n\t\t<div class=\"elementor-background-video-container\" aria-hidden=\"true\">\n\t\t\t\t\t\t\t<div class=\"elementor-background-video-embed\"><\/div>\n\t\t\t\t\t\t<\/div>\t\t<\/div>\n\t\t\t\t\t<\/div>\n\t\t\t\t<\/div>\n\t\t<div class=\"elementor-element elementor-element-71135bb e-flex e-con-boxed sc_layouts_column_icons_position_left e-con e-parent\" data-id=\"71135bb\" data-element_type=\"container\">\n\t\t\t\t\t<div class=\"e-con-inner\">\n\t\t\t\t<div class=\"elementor-element elementor-element-02bbdd9 sc_height_small sc_fly_static elementor-widget elementor-widget-spacer\" data-id=\"02bbdd9\" data-element_type=\"widget\" data-widget_type=\"spacer.default\">\n\t\t\t\t\t\t\t<div class=\"elementor-spacer\">\n\t\t\t<div class=\"elementor-spacer-inner\"><\/div>\n\t\t<\/div>\n\t\t\t\t\t\t<\/div>\n\t\t\t\t\t<\/div>\n\t\t\t\t<\/div>\n\t\t<div class=\"elementor-element elementor-element-88a58a3 e-flex e-con-boxed sc_layouts_column_icons_position_left e-con e-parent\" data-id=\"88a58a3\" data-element_type=\"container\">\n\t\t\t\t\t<div class=\"e-con-inner\">\n\t\t\t\t<div class=\"elementor-element elementor-element-6c55fd6 sc_fly_static elementor-widget elementor-widget-text-editor\" data-id=\"6c55fd6\" data-element_type=\"widget\" data-widget_type=\"text-editor.default\">\n\t\t\t\t\t\t\t\t\t<p>The<strong> facial and body radiofrequency<\/strong> is a non-invasive aesthetic treatment designed to effectively rejuvenate the skin, improve skin firmness and treat cellulite. Through the application of radiofrequency energy, the natural production of collagen and elastin is stimulated, helping to tighten the skin and improve its texture and appearance.<\/p><p>This treatment is ideal for both facial rejuvenation and body firming, helping to reduce flaccidity, smooth the skin and improve the appearance of cellulite, providing visible and progressive results.<\/p>\t\t\t\t\t\t\t\t<\/div>\n\t\t\t\t\t<\/div>\n\t\t\t\t<\/div>\n\t\t<div class=\"elementor-element elementor-element-5f055a3 e-flex e-con-boxed sc_layouts_column_icons_position_left e-con e-parent\" data-id=\"5f055a3\" data-element_type=\"container\">\n\t\t\t\t\t<div class=\"e-con-inner\">\n\t\t\t\t<div class=\"elementor-element elementor-element-b45aa42 sc_height_tiny sc_fly_static elementor-widget elementor-widget-spacer\" data-id=\"b45aa42\" data-element_type=\"widget\" data-widget_type=\"spacer.default\">\n\t\t\t\t\t\t\t<div class=\"elementor-spacer\">\n\t\t\t<div class=\"elementor-spacer-inner\"><\/div>\n\t\t<\/div>\n\t\t\t\t\t\t<\/div>\n\t\t\t\t\t<\/div>\n\t\t\t\t<\/div>\n\t\t<div class=\"elementor-element elementor-element-858cc75 e-flex e-con-boxed sc_layouts_column_icons_position_left e-con e-parent\" data-id=\"858cc75\" data-element_type=\"container\">\n\t\t\t\t\t<div class=\"e-con-inner\">\n\t\t\t\t<div class=\"elementor-element elementor-element-038c813 sc_fly_static elementor-widget elementor-widget-image\" data-id=\"038c813\" data-element_type=\"widget\" data-widget_type=\"image.default\">\n\t\t\t\t\t\t\t\t\t\t\t\t\t\t\t<img fetchpriority=\"high\" decoding=\"async\" width=\"960\" height=\"540\" src=\"https:\/\/banusmedical.com\/wp-content\/uploads\/2026\/02\/Untitled-design-2026-02-01T180451.485.jpg\" class=\"attachment-large size-large wp-image-1697\" alt=\"\" srcset=\"https:\/\/banusmedical.com\/wp-content\/uploads\/2026\/02\/Untitled-design-2026-02-01T180451.485.jpg 960w, https:\/\/banusmedical.com\/wp-content\/uploads\/2026\/02\/Untitled-design-2026-02-01T180451.485-300x169.jpg 300w, https:\/\/banusmedical.com\/wp-content\/uploads\/2026\/02\/Untitled-design-2026-02-01T180451.485-768x432.jpg 768w, https:\/\/banusmedical.com\/wp-content\/uploads\/2026\/02\/Untitled-design-2026-02-01T180451.485-18x10.jpg 18w, https:\/\/banusmedical.com\/wp-content\/uploads\/2026\/02\/Untitled-design-2026-02-01T180451.485-370x208.jpg 370w, https:\/\/banusmedical.com\/wp-content\/uploads\/2026\/02\/Untitled-design-2026-02-01T180451.485-840x473.jpg 840w, https:\/\/banusmedical.com\/wp-content\/uploads\/2026\/02\/Untitled-design-2026-02-01T180451.485-410x231.jpg 410w, https:\/\/banusmedical.com\/wp-content\/uploads\/2026\/02\/Untitled-design-2026-02-01T180451.485-270x152.jpg 270w\" sizes=\"(max-width: 960px) 100vw, 960px\" \/>\t\t\t\t\t\t\t\t\t\t\t\t\t\t\t<\/div>\n\t\t\t\t\t<\/div>\n\t\t\t\t<\/div>\n\t\t<div class=\"elementor-element elementor-element-2edb3df e-flex e-con-boxed sc_layouts_column_icons_position_left e-con e-parent\" data-id=\"2edb3df\" data-element_type=\"container\">\n\t\t\t\t\t<div class=\"e-con-inner\">\n\t\t\t\t<div class=\"elementor-element elementor-element-3255199 sc_height_tiny sc_fly_static elementor-widget elementor-widget-spacer\" data-id=\"3255199\" data-element_type=\"widget\" data-widget_type=\"spacer.default\">\n\t\t\t\t\t\t\t<div class=\"elementor-spacer\">\n\t\t\t<div class=\"elementor-spacer-inner\"><\/div>\n\t\t<\/div>\n\t\t\t\t\t\t<\/div>\n\t\t\t\t\t<\/div>\n\t\t\t\t<\/div>\n\t\t<div class=\"elementor-element elementor-element-1b0bdf9 e-flex e-con-boxed sc_layouts_column_icons_position_left e-con e-parent\" data-id=\"1b0bdf9\" data-element_type=\"container\">\n\t\t\t\t\t<div class=\"e-con-inner\">\n\t\t<div class=\"elementor-element elementor-element-7a52e2d e-con-full e-flex sc_layouts_column_icons_position_left e-con e-child\" data-id=\"7a52e2d\" data-element_type=\"container\">\n\t\t<div class=\"elementor-element elementor-element-9be7cb0 e-con-full e-flex sc_layouts_column_icons_position_left e-con e-child\" data-id=\"9be7cb0\" data-element_type=\"container\">\n\t\t\t\t<div class=\"elementor-element elementor-element-220e4df sc_fly_static elementor-widget elementor-widget-trx_sc_title\" data-id=\"220e4df\" data-element_type=\"widget\" data-widget_type=\"trx_sc_title.default\">\n\t\t\t\t<div class=\"elementor-widget-container\">\n\t\t\t\t\t<div\t\tclass=\"sc_title sc_title_default\" ><h3 class=\"sc_item_title sc_title_title sc_item_title_style_default sc_item_title_tag\"\n\t\t\t><span class=\"sc_item_title_text\">Main benefits:<\/span><\/h3><\/div>\t\t\t\t<\/div>\n\t\t\t\t<\/div>\n\t\t\t\t<\/div>\n\t\t\t\t<\/div>\n\t\t\t\t\t<\/div>\n\t\t\t\t<\/div>\n\t\t<div class=\"elementor-element elementor-element-99527da e-flex e-con-boxed sc_layouts_column_icons_position_left e-con e-parent\" data-id=\"99527da\" data-element_type=\"container\">\n\t\t\t\t\t<div class=\"e-con-inner\">\n\t\t\t\t<div class=\"elementor-element elementor-element-fb3db8f sc_fly_static elementor-widget elementor-widget-text-editor\" data-id=\"fb3db8f\" data-element_type=\"widget\" data-widget_type=\"text-editor.default\">\n\t\t\t\t\t\t\t\t\t<ul><li>Skin rejuvenation<\/li><li>Facial and body firming<\/li><li>Improved texture and elasticity<\/li><li>Reduction of cellulite appearance<\/li><li>Non-invasive treatment with no recovery time<\/li><\/ul><p>A safe and effective treatment for those seeking firmer, younger and revitalized skin.<\/p>\t\t\t\t\t\t\t\t<\/div>\n\t\t\t\t\t<\/div>\n\t\t\t\t<\/div>\n\t\t<div class=\"elementor-element elementor-element-6e7cba5 e-flex e-con-boxed sc_layouts_column_icons_position_left e-con e-parent\" data-id=\"6e7cba5\" data-element_type=\"container\">\n\t\t\t\t\t<div class=\"e-con-inner\">\n\t\t\t\t<div class=\"elementor-element elementor-element-6f2b834 sc_height_tiny sc_fly_static elementor-widget elementor-widget-spacer\" data-id=\"6f2b834\" data-element_type=\"widget\" data-widget_type=\"spacer.default\">\n\t\t\t\t\t\t\t<div class=\"elementor-spacer\">\n\t\t\t<div class=\"elementor-spacer-inner\"><\/div>\n\t\t<\/div>\n\t\t\t\t\t\t<\/div>\n\t\t\t\t\t<\/div>\n\t\t\t\t<\/div>\n\t\t<div class=\"elementor-element elementor-element-8701fda e-flex e-con-boxed sc_layouts_column_icons_position_left e-con e-parent\" data-id=\"8701fda\" data-element_type=\"container\">\n\t\t\t\t\t<div class=\"e-con-inner\">\n\t\t\t\t<div class=\"elementor-element elementor-element-9c6a476 sc_fly_static elementor-widget elementor-widget-shortcode\" data-id=\"9c6a476\" data-element_type=\"widget\" data-widget_type=\"shortcode.default\">\n\t\t\t\t\t\t\t<div class=\"elementor-shortcode\"><div class=\"latepoint-book-form-wrapper os-loading os_init_booking_form\" id=\"latepointBookForm_69d3952a9b548\" >\n\t\t\t\t\t\t<div class=\"latepoint-w latepoint-inline-form latepoint-show-side-panel\">\n\t\t\t\t\t\t\t<div class=\"latepoint-booking-form-element\">\n\t\t\t\t\t\t\t\t<div class=\"latepoint-side-panel\"><\/div>\n\t\t\t\t\t\t\t\t<div class=\"latepoint-form-w\"><\/div>\n\t\t\t\t\t\t\t<\/div>\n\t\t\t\t\t\t<\/div>\n\t\t\t\t\t<\/div><\/div>\n\t\t\t\t\t\t<\/div>\n\t\t\t\t\t<\/div>\n\t\t\t\t<\/div>\n\t\t\t\t<\/div>","protected":false},"excerpt":{"rendered":"<p>La radiofrecuencia facial y corporal es un tratamiento est\u00e9tico no invasivo dise\u00f1ado para rejuvenecer la piel, mejorar su firmeza y tratar la celulitis de forma eficaz. Mediante la aplicaci\u00f3n de&hellip;<\/p>","protected":false},"author":1,"featured_media":0,"parent":0,"menu_order":0,"comment_status":"closed","ping_status":"closed","template":"","meta":{"inline_featured_image":false,"footnotes":""},"class_list":["post-1693","page","type-page","status-publish","hentry"],"_hostinger_reach_plugin_has_subscription_block":false,"_hostinger_reach_plugin_is_elementor":false,"_links":{"self":[{"href":"https:\/\/banusmedical.com\/en\/wp-json\/wp\/v2\/pages\/1693","targetHints":{"allow":["GET"]}}],"collection":[{"href":"https:\/\/banusmedical.com\/en\/wp-json\/wp\/v2\/pages"}],"about":[{"href":"https:\/\/banusmedical.com\/en\/wp-json\/wp\/v2\/types\/page"}],"author":[{"embeddable":true,"href":"https:\/\/banusmedical.com\/en\/wp-json\/wp\/v2\/users\/1"}],"replies":[{"embeddable":true,"href":"https:\/\/banusmedical.com\/en\/wp-json\/wp\/v2\/comments?post=1693"}],"version-history":[{"count":16,"href":"https:\/\/banusmedical.com\/en\/wp-json\/wp\/v2\/pages\/1693\/revisions"}],"predecessor-version":[{"id":1729,"href":"https:\/\/banusmedical.com\/en\/wp-json\/wp\/v2\/pages\/1693\/revisions\/1729"}],"wp:attachment":[{"href":"https:\/\/banusmedical.com\/en\/wp-json\/wp\/v2\/media?parent=1693"}],"curies":[{"name":"wp","href":"https:\/\/api.w.org\/{rel}","templated":true}]}}