{"id":913,"date":"2026-01-08T12:51:09","date_gmt":"2026-01-08T12:51:09","guid":{"rendered":"https:\/\/banusmedical.com\/?page_id=913"},"modified":"2026-03-17T19:56:12","modified_gmt":"2026-03-17T19:56:12","slug":"facelift-surgery-marbella","status":"publish","type":"page","link":"https:\/\/banusmedical.com\/en\/facelift-surgery-marbella\/","title":{"rendered":"Lifting facial"},"content":{"rendered":"<div data-elementor-type=\"wp-page\" data-elementor-id=\"913\" class=\"elementor elementor-913\" data-elementor-post-type=\"page\">\n\t\t\t\t<div class=\"elementor-element elementor-element-645eae4 e-flex e-con-boxed sc_layouts_column_icons_position_left e-con e-parent\" data-id=\"645eae4\" data-element_type=\"container\">\n\t\t\t\t\t<div class=\"e-con-inner\">\n\t\t<div class=\"e-con-gap-no elementor-element elementor-element-1717f80 e-con-full e-flex sc_layouts_column_icons_position_left e-con e-child\" data-animation-type=\"sequental\" data-animation-stagger=\"\" data-id=\"1717f80\" data-element_type=\"container\" data-settings=\"{&quot;background_background&quot;:&quot;video&quot;,&quot;background_video_link&quot;:&quot;https:\\\/\\\/vimeo.com\\\/1152561858\\\/7dd3cfdfef?share=copy&amp;fl=sv&amp;fe=ci&quot;,&quot;background_play_on_mobile&quot;:&quot;yes&quot;,&quot;animation&quot;:&quot;none&quot;}\">\n\t\t<div class=\"elementor-background-video-container\" aria-hidden=\"true\">\n\t\t\t\t\t\t\t<div class=\"elementor-background-video-embed\"><\/div>\n\t\t\t\t\t\t<\/div>\t\t<\/div>\n\t\t\t\t\t<\/div>\n\t\t\t\t<\/div>\n\t\t<div class=\"elementor-element elementor-element-9479223 e-flex e-con-boxed sc_layouts_column_icons_position_left e-con e-parent\" data-id=\"9479223\" data-element_type=\"container\">\n\t\t\t\t\t<div class=\"e-con-inner\">\n\t\t\t\t<div class=\"elementor-element elementor-element-672fdf3 sc_fly_static elementor-widget elementor-widget-spacer\" data-id=\"672fdf3\" data-element_type=\"widget\" data-widget_type=\"spacer.default\">\n\t\t\t\t\t\t\t<div class=\"elementor-spacer\">\n\t\t\t<div class=\"elementor-spacer-inner\"><\/div>\n\t\t<\/div>\n\t\t\t\t\t\t<\/div>\n\t\t\t\t<div class=\"elementor-element elementor-element-43a4896 sc_fly_static elementor-widget elementor-widget-text-editor\" data-id=\"43a4896\" data-element_type=\"widget\" data-widget_type=\"text-editor.default\">\n\t\t\t\t\t\t\t\t\t<p>Facial lifting in Marbella is one of the most in-demand cosmetic surgery procedures for facial rejuvenation and improving skin firmness.<\/p>\t\t\t\t\t\t\t\t<\/div>\n\t\t\t\t<div class=\"elementor-element elementor-element-480db63 sc_fly_static elementor-widget elementor-widget-text-editor\" data-id=\"480db63\" data-element_type=\"widget\" data-widget_type=\"text-editor.default\">\n\t\t\t\t\t\t\t\t\t<p>A <strong data-start=\"23\" data-end=\"41\">facelift<\/strong> (also called <em data-start=\"59\" data-end=\"73\">rhytidectomy<\/em>) is a surgical procedure used to reduce the visible signs of aging in the face and neck. Below is a summary of the most important information:<\/p>\t\t\t\t\t\t\t\t<\/div>\n\t\t\t\t<div class=\"elementor-element elementor-element-a7a53ed sc_fly_static elementor-widget elementor-widget-spacer\" data-id=\"a7a53ed\" data-element_type=\"widget\" data-widget_type=\"spacer.default\">\n\t\t\t\t\t\t\t<div class=\"elementor-spacer\">\n\t\t\t<div class=\"elementor-spacer-inner\"><\/div>\n\t\t<\/div>\n\t\t\t\t\t\t<\/div>\n\t\t\t\t\t<\/div>\n\t\t\t\t<\/div>\n\t\t<div class=\"elementor-element elementor-element-5f46828 e-flex e-con-boxed sc_layouts_column_icons_position_left e-con e-parent\" data-id=\"5f46828\" data-element_type=\"container\">\n\t\t\t\t\t<div class=\"e-con-inner\">\n\t\t<div class=\"elementor-element elementor-element-245655c e-con-full e-flex sc_layouts_column_icons_position_left e-con e-child\" data-id=\"245655c\" data-element_type=\"container\">\n\t\t\t\t<div class=\"elementor-element elementor-element-31ebb04 sc_fly_static elementor-widget elementor-widget-image\" data-id=\"31ebb04\" data-element_type=\"widget\" data-widget_type=\"image.default\">\n\t\t\t\t\t\t\t\t\t\t\t\t\t\t\t<img fetchpriority=\"high\" decoding=\"async\" width=\"810\" height=\"810\" src=\"https:\/\/banusmedical.com\/wp-content\/uploads\/2026\/01\/Untitled-design-68.jpg\" class=\"attachment-large size-large wp-image-931\" alt=\"\" srcset=\"https:\/\/banusmedical.com\/wp-content\/uploads\/2026\/01\/Untitled-design-68.jpg 810w, https:\/\/banusmedical.com\/wp-content\/uploads\/2026\/01\/Untitled-design-68-300x300.jpg 300w, https:\/\/banusmedical.com\/wp-content\/uploads\/2026\/01\/Untitled-design-68-150x150.jpg 150w, https:\/\/banusmedical.com\/wp-content\/uploads\/2026\/01\/Untitled-design-68-768x768.jpg 768w, https:\/\/banusmedical.com\/wp-content\/uploads\/2026\/01\/Untitled-design-68-370x370.jpg 370w, https:\/\/banusmedical.com\/wp-content\/uploads\/2026\/01\/Untitled-design-68-120x120.jpg 120w, https:\/\/banusmedical.com\/wp-content\/uploads\/2026\/01\/Untitled-design-68-410x410.jpg 410w\" sizes=\"(max-width: 810px) 100vw, 810px\" \/>\t\t\t\t\t\t\t\t\t\t\t\t\t\t\t<\/div>\n\t\t\t\t<\/div>\n\t\t<div class=\"elementor-element elementor-element-79d0c65 e-con-full e-flex sc_layouts_column_icons_position_left e-con e-child\" data-id=\"79d0c65\" data-element_type=\"container\">\n\t\t\t\t<div class=\"elementor-element elementor-element-7db768e sc_fly_static elementor-widget elementor-widget-trx_sc_title\" data-id=\"7db768e\" data-element_type=\"widget\" data-widget_type=\"trx_sc_title.default\">\n\t\t\t\t<div class=\"elementor-widget-container\">\n\t\t\t\t\t<div\t\tclass=\"sc_title sc_title_default\" ><h3 class=\"sc_item_title sc_title_title sc_item_title_style_default sc_item_title_tag\"\n\t\t\t><span class=\"sc_item_title_text\">What is a facelift?<\/span><\/h3><\/div>\t\t\t\t<\/div>\n\t\t\t\t<\/div>\n\t\t\t\t<div class=\"elementor-element elementor-element-0972d40 sc_fly_static elementor-widget elementor-widget-text-editor\" data-id=\"0972d40\" data-element_type=\"widget\" data-widget_type=\"text-editor.default\">\n\t\t\t\t\t\t\t\t\t<p data-start=\"292\" data-end=\"541\">A facelift is a cosmetic surgery procedure that removes excess skin, tightens the underlying tissues (especially the <strong data-start=\"429\" data-end=\"480\">SMAS - Superficial Musculo-Aponeurotic System<\/strong>) and repositions the skin for a more youthful appearance.<\/p>\t\t\t\t\t\t\t\t<\/div>\n\t\t\t\t<\/div>\n\t\t\t\t\t<\/div>\n\t\t\t\t<\/div>\n\t\t<div class=\"elementor-element elementor-element-7e808cb e-flex e-con-boxed sc_layouts_column_icons_position_left e-con e-parent\" data-id=\"7e808cb\" data-element_type=\"container\">\n\t\t\t\t\t<div class=\"e-con-inner\">\n\t\t\t\t<div class=\"elementor-element elementor-element-44d0c53 sc_fly_static elementor-widget elementor-widget-spacer\" data-id=\"44d0c53\" data-element_type=\"widget\" data-widget_type=\"spacer.default\">\n\t\t\t\t\t\t\t<div class=\"elementor-spacer\">\n\t\t\t<div class=\"elementor-spacer-inner\"><\/div>\n\t\t<\/div>\n\t\t\t\t\t\t<\/div>\n\t\t\t\t\t<\/div>\n\t\t\t\t<\/div>\n\t\t<div class=\"elementor-element elementor-element-17435db e-flex e-con-boxed sc_layouts_column_icons_position_left e-con e-parent\" data-id=\"17435db\" data-element_type=\"container\">\n\t\t\t\t\t<div class=\"e-con-inner\">\n\t\t\t\t<div class=\"elementor-element elementor-element-2a4f8f0 sc_fly_static elementor-widget elementor-widget-trx_sc_title\" data-id=\"2a4f8f0\" data-element_type=\"widget\" data-widget_type=\"trx_sc_title.default\">\n\t\t\t\t<div class=\"elementor-widget-container\">\n\t\t\t\t\t<div\t\tclass=\"sc_title sc_title_default\" ><h3 class=\"sc_item_title sc_title_title sc_item_title_style_default sc_item_title_tag\"\n\t\t\t><span class=\"sc_item_title_text\">Objectives of a facelift<\/span><\/h3><\/div>\t\t\t\t<\/div>\n\t\t\t\t<\/div>\n\t\t\t\t<div class=\"elementor-element elementor-element-a424a53 sc_fly_static elementor-widget elementor-widget-text-editor\" data-id=\"a424a53\" data-element_type=\"widget\" data-widget_type=\"text-editor.default\">\n\t\t\t\t\t\t\t\t\t<ul><li data-start=\"583\" data-end=\"632\"><p data-start=\"585\" data-end=\"632\">Tightening of sagging skin on the face and neck<\/p><\/li><li data-start=\"633\" data-end=\"707\"><p data-start=\"635\" data-end=\"707\">Reducing deep wrinkles (e.g., nasolabial folds)<\/p><\/li><li data-start=\"708\" data-end=\"775\"><p data-start=\"710\" data-end=\"775\">Elevate sagging cheeks (the so-called \u201cmid-face area\u201d).<\/p><\/li><li data-start=\"776\" data-end=\"815\"><p data-start=\"778\" data-end=\"815\">Eliminate jowls (side jowls)<\/p><\/li><li data-start=\"816\" data-end=\"872\"><p data-start=\"818\" data-end=\"872\">Improve the transition between the jaw and the neck.<\/p><\/li><\/ul>\t\t\t\t\t\t\t\t<\/div>\n\t\t\t\t<div class=\"elementor-element elementor-element-701091f sc_fly_static elementor-widget elementor-widget-spacer\" data-id=\"701091f\" data-element_type=\"widget\" data-widget_type=\"spacer.default\">\n\t\t\t\t\t\t\t<div class=\"elementor-spacer\">\n\t\t\t<div class=\"elementor-spacer-inner\"><\/div>\n\t\t<\/div>\n\t\t\t\t\t\t<\/div>\n\t\t\t\t\t<\/div>\n\t\t\t\t<\/div>\n\t\t<div class=\"elementor-element elementor-element-a03ff5f e-flex e-con-boxed sc_layouts_column_icons_position_left e-con e-parent\" data-id=\"a03ff5f\" data-element_type=\"container\">\n\t\t\t\t\t<div class=\"e-con-inner\">\n\t\t\t\t<div class=\"elementor-element elementor-element-1bfd471 sc_fly_static elementor-widget elementor-widget-trx_sc_icompare\" data-id=\"1bfd471\" data-element_type=\"widget\" data-widget_type=\"trx_sc_icompare.default\">\n\t\t\t\t<div class=\"elementor-widget-container\">\n\t\t\t\t\t<div  \n\t\t\tclass=\"sc_icompare sc_icompare_default sc_icompare_direction_vertical sc_icompare_event_drag\" ><div class=\"sc_icompare_content sc_item_content\" ><img decoding=\"async\" src=\"\/\/banusmedical.com\/wp-content\/uploads\/2026\/01\/19.jpg\" class=\"sc_icompare_image sc_icompare_image0\" alt=\"Before\" width=\"810\" height=\"810\" \/><img decoding=\"async\" src=\"\/\/banusmedical.com\/wp-content\/uploads\/2026\/01\/19.jpg\" class=\"sc_icompare_image sc_icompare_image1\" alt=\"Before\" width=\"810\" height=\"810\" \/><img loading=\"lazy\" decoding=\"async\" src=\"\/\/banusmedical.com\/wp-content\/uploads\/2026\/01\/20-1.jpg\" class=\"sc_icompare_image sc_icompare_image2\" alt=\"After\" width=\"810\" height=\"810\" \/><div class=\"sc_icompare_handler sc_icompare_handler_style_round sc_icompare_handler_show sc_icompare_separator_hide\"\n\t\t\t\t\tdata-handler-pos=\"50\"\n\t\t\t\t><span class=\"sc_icompare_handler_arrows\"><\/span><\/div><\/div><\/div>\t\t\t\t<\/div>\n\t\t\t\t<\/div>\n\t\t\t\t\t<\/div>\n\t\t\t\t<\/div>\n\t\t<div class=\"elementor-element elementor-element-9631d6d e-flex e-con-boxed sc_layouts_column_icons_position_left e-con e-parent\" data-id=\"9631d6d\" data-element_type=\"container\">\n\t\t\t\t\t<div class=\"e-con-inner\">\n\t\t\t\t<div class=\"elementor-element elementor-element-b737461 sc_fly_static elementor-widget elementor-widget-text-editor\" data-id=\"b737461\" data-element_type=\"widget\" data-widget_type=\"text-editor.default\">\n\t\t\t\t\t\t\t\t\t<p>In <strong>Banus Medical,<\/strong> at <strong>Marbella<\/strong>, We offer advanced facial lifting techniques with natural and safe results.<\/p>\t\t\t\t\t\t\t\t<\/div>\n\t\t\t\t\t<\/div>\n\t\t\t\t<\/div>\n\t\t<div class=\"elementor-element elementor-element-9401ffc e-flex e-con-boxed sc_layouts_column_icons_position_left e-con e-parent\" data-id=\"9401ffc\" data-element_type=\"container\">\n\t\t\t\t\t<div class=\"e-con-inner\">\n\t\t\t\t<div class=\"elementor-element elementor-element-0babe66 sc_fly_static elementor-widget elementor-widget-trx_sc_title\" data-id=\"0babe66\" data-element_type=\"widget\" data-widget_type=\"trx_sc_title.default\">\n\t\t\t\t<div class=\"elementor-widget-container\">\n\t\t\t\t\t<div\t\tclass=\"sc_title sc_title_default\" ><h3 class=\"sc_item_title sc_title_title sc_item_title_style_default sc_item_title_tag\"\n\t\t\t><span class=\"sc_item_title_text\">Types of facelift<\/span><\/h3><\/div>\t\t\t\t<\/div>\n\t\t\t\t<\/div>\n\t\t\t\t<div class=\"elementor-element elementor-element-db39108 sc_fly_static elementor-widget elementor-widget-text-editor\" data-id=\"db39108\" data-element_type=\"widget\" data-widget_type=\"text-editor.default\">\n\t\t\t\t\t\t\t\t\t<ul><li data-start=\"583\" data-end=\"632\"><p data-start=\"907\" data-end=\"1023\"><strong data-start=\"907\" data-end=\"923\">Mini Lifting<\/strong><br data-start=\"923\" data-end=\"926\" \/>Minor procedure, indicated for mild skin excess and with a shorter recovery time.<\/p><p data-start=\"1025\" data-end=\"1116\"><strong data-start=\"1025\" data-end=\"1041\">SMAS Lifting<\/strong><br data-start=\"1041\" data-end=\"1044\" \/>Tightening of deep tissue layers for longer lasting results.<\/p><p data-start=\"1118\" data-end=\"1231\"><strong data-start=\"1118\" data-end=\"1140\">Deep Plane Lifting<\/strong><br data-start=\"1140\" data-end=\"1143\" \/>It involves deeper structures, offers more natural results and is more complex.<\/p><p data-start=\"1233\" data-end=\"1336\"><strong data-start=\"1233\" data-end=\"1287\">Midface Lift (Midface Lift)<\/strong><br data-start=\"1287\" data-end=\"1290\" \/>Specifically lifts the cheek area.<\/p><p data-start=\"1338\" data-end=\"1448\"><strong data-start=\"1338\" data-end=\"1359\">Neck lift<\/strong><br data-start=\"1359\" data-end=\"1362\" \/>It focuses on the neck and chin area, often combined with a facelift.<\/p><p data-start=\"1450\" data-end=\"1553\"><strong data-start=\"1450\" data-end=\"1469\">Liquid lifting<\/strong><br data-start=\"1469\" data-end=\"1472\" \/>It is not a surgical procedure; it consists of injections of fillers and\/or Botox.<\/p><\/li><\/ul>\t\t\t\t\t\t\t\t<\/div>\n\t\t\t\t<div class=\"elementor-element elementor-element-08d97db sc_fly_static elementor-widget elementor-widget-spacer\" data-id=\"08d97db\" data-element_type=\"widget\" data-widget_type=\"spacer.default\">\n\t\t\t\t\t\t\t<div class=\"elementor-spacer\">\n\t\t\t<div class=\"elementor-spacer-inner\"><\/div>\n\t\t<\/div>\n\t\t\t\t\t\t<\/div>\n\t\t\t\t\t<\/div>\n\t\t\t\t<\/div>\n\t\t<div class=\"elementor-element elementor-element-25e0cb6 e-flex e-con-boxed sc_layouts_column_icons_position_left e-con e-parent\" data-id=\"25e0cb6\" data-element_type=\"container\">\n\t\t\t\t\t<div class=\"e-con-inner\">\n\t\t\t\t<div class=\"elementor-element elementor-element-9b9a235 sc_fly_static elementor-widget elementor-widget-trx_sc_title\" data-id=\"9b9a235\" data-element_type=\"widget\" data-widget_type=\"trx_sc_title.default\">\n\t\t\t\t<div class=\"elementor-widget-container\">\n\t\t\t\t\t<div\t\tclass=\"sc_title sc_title_default\" ><h3 class=\"sc_item_title sc_title_title sc_item_title_style_default sc_item_title_tag\"\n\t\t\t><span class=\"sc_item_title_text\">Procedure and recovery time<\/span><\/h3><\/div>\t\t\t\t<\/div>\n\t\t\t\t<\/div>\n\t\t\t\t\t<\/div>\n\t\t\t\t<\/div>\n\t\t<div class=\"elementor-element elementor-element-5956aa6 e-flex e-con-boxed sc_layouts_column_icons_position_left e-con e-parent\" data-id=\"5956aa6\" data-element_type=\"container\">\n\t\t\t\t\t<div class=\"e-con-inner\">\n\t\t<div class=\"elementor-element elementor-element-7b04737 e-con-full e-flex sc_layouts_column_icons_position_left e-con e-child\" data-id=\"7b04737\" data-element_type=\"container\">\n\t\t\t\t<div class=\"elementor-element elementor-element-2ac67eb sc_fly_static elementor-widget elementor-widget-text-editor\" data-id=\"2ac67eb\" data-element_type=\"widget\" data-widget_type=\"text-editor.default\">\n\t\t\t\t\t\t\t\t\t<ul><li><strong data-start=\"1605\" data-end=\"1636\">Duration of the procedure:<\/strong> 2-5 hours<\/li><li><strong data-start=\"1651\" data-end=\"1665\">Anesthesia:<\/strong> usually general anesthesia; in some cases, sedation<\/li><li><strong data-start=\"1729\" data-end=\"1755\">Hospital stay:<\/strong> 1-2 days or ambulatory<\/li><li><strong data-start=\"1783\" data-end=\"1800\">Recovery:<\/strong><ul data-start=\"1805\" data-end=\"1954\"><li data-start=\"1805\" data-end=\"1865\"><p data-start=\"1807\" data-end=\"1865\">Return to work: approximately after 2 weeks<\/p><\/li><li data-start=\"1868\" data-end=\"1907\"><p data-start=\"1870\" data-end=\"1907\">Social life: after 3-4 weeks<\/p><\/li><li data-start=\"1910\" data-end=\"1954\"><p data-start=\"1912\" data-end=\"1954\">Physical exercise: after 4-6 weeks<\/p><\/li><\/ul><\/li><li style=\"list-style-type: none;\">\u00a0<\/li><\/ul>\t\t\t\t\t\t\t\t<\/div>\n\t\t\t\t<\/div>\n\t\t<div class=\"elementor-element elementor-element-7315322 e-con-full e-flex sc_layouts_column_icons_position_left e-con e-child\" data-id=\"7315322\" data-element_type=\"container\">\n\t\t\t\t<div class=\"elementor-element elementor-element-9da6497 sc_fly_static elementor-widget elementor-widget-image\" data-id=\"9da6497\" data-element_type=\"widget\" data-widget_type=\"image.default\">\n\t\t\t\t\t\t\t\t\t\t\t\t\t\t\t<img loading=\"lazy\" decoding=\"async\" width=\"810\" height=\"810\" src=\"https:\/\/banusmedical.com\/wp-content\/uploads\/2026\/01\/26.jpg\" class=\"attachment-large size-large wp-image-932\" alt=\"\" srcset=\"https:\/\/banusmedical.com\/wp-content\/uploads\/2026\/01\/26.jpg 810w, https:\/\/banusmedical.com\/wp-content\/uploads\/2026\/01\/26-300x300.jpg 300w, https:\/\/banusmedical.com\/wp-content\/uploads\/2026\/01\/26-150x150.jpg 150w, https:\/\/banusmedical.com\/wp-content\/uploads\/2026\/01\/26-768x768.jpg 768w, https:\/\/banusmedical.com\/wp-content\/uploads\/2026\/01\/26-370x370.jpg 370w, https:\/\/banusmedical.com\/wp-content\/uploads\/2026\/01\/26-120x120.jpg 120w, https:\/\/banusmedical.com\/wp-content\/uploads\/2026\/01\/26-410x410.jpg 410w\" sizes=\"(max-width: 810px) 100vw, 810px\" \/>\t\t\t\t\t\t\t\t\t\t\t\t\t\t\t<\/div>\n\t\t\t\t<\/div>\n\t\t\t\t\t<\/div>\n\t\t\t\t<\/div>\n\t\t<div class=\"elementor-element elementor-element-ebcc85a e-flex e-con-boxed sc_layouts_column_icons_position_left e-con e-parent\" data-id=\"ebcc85a\" data-element_type=\"container\">\n\t\t\t\t\t<div class=\"e-con-inner\">\n\t\t\t\t<div class=\"elementor-element elementor-element-315ad50 sc_fly_static elementor-widget elementor-widget-spacer\" data-id=\"315ad50\" data-element_type=\"widget\" data-widget_type=\"spacer.default\">\n\t\t\t\t\t\t\t<div class=\"elementor-spacer\">\n\t\t\t<div class=\"elementor-spacer-inner\"><\/div>\n\t\t<\/div>\n\t\t\t\t\t\t<\/div>\n\t\t\t\t\t<\/div>\n\t\t\t\t<\/div>\n\t\t<div class=\"elementor-element elementor-element-71e69e1 e-flex e-con-boxed sc_layouts_column_icons_position_left e-con e-parent\" data-id=\"71e69e1\" data-element_type=\"container\">\n\t\t\t\t\t<div class=\"e-con-inner\">\n\t\t\t\t<div class=\"elementor-element elementor-element-b9078e7 sc_fly_static elementor-widget elementor-widget-trx_sc_title\" data-id=\"b9078e7\" data-element_type=\"widget\" data-widget_type=\"trx_sc_title.default\">\n\t\t\t\t<div class=\"elementor-widget-container\">\n\t\t\t\t\t<div\t\tclass=\"sc_title sc_title_default\" ><h3 class=\"sc_item_title sc_title_title sc_item_title_style_default sc_item_title_tag\"\n\t\t\t><span class=\"sc_item_title_text\">For whom is it suitable?<\/span><\/h3><\/div>\t\t\t\t<\/div>\n\t\t\t\t<\/div>\n\t\t\t\t<div class=\"elementor-element elementor-element-36d101f sc_fly_static elementor-widget elementor-widget-text-editor\" data-id=\"36d101f\" data-element_type=\"widget\" data-widget_type=\"text-editor.default\">\n\t\t\t\t\t\t\t\t\t<ul><li data-start=\"1992\" data-end=\"2067\">People between 40 and 70 years of age with obvious signs of facial aging<\/li><li data-start=\"2070\" data-end=\"2131\">Good skin elasticity and overall good health<\/li><li data-start=\"2134\" data-end=\"2158\">Realistic expectations<\/li><\/ul>\t\t\t\t\t\t\t\t<\/div>\n\t\t\t\t<div class=\"elementor-element elementor-element-9025c43 sc_fly_static elementor-widget elementor-widget-spacer\" data-id=\"9025c43\" data-element_type=\"widget\" data-widget_type=\"spacer.default\">\n\t\t\t\t\t\t\t<div class=\"elementor-spacer\">\n\t\t\t<div class=\"elementor-spacer-inner\"><\/div>\n\t\t<\/div>\n\t\t\t\t\t\t<\/div>\n\t\t\t\t\t<\/div>\n\t\t\t\t<\/div>\n\t\t<div class=\"elementor-element elementor-element-2e49f29 e-flex e-con-boxed sc_layouts_column_icons_position_left e-con e-parent\" data-id=\"2e49f29\" data-element_type=\"container\">\n\t\t\t\t\t<div class=\"e-con-inner\">\n\t\t\t\t<div class=\"elementor-element elementor-element-2f4248f sc_fly_static elementor-widget elementor-widget-trx_sc_title\" data-id=\"2f4248f\" data-element_type=\"widget\" data-widget_type=\"trx_sc_title.default\">\n\t\t\t\t<div class=\"elementor-widget-container\">\n\t\t\t\t\t<div\t\tclass=\"sc_title sc_title_default\" ><h1 class=\"sc_item_title sc_title_title sc_item_title_style_default sc_item_title_tag\"\n\t\t\t><span class=\"sc_item_title_text\">Alternatives to surgical facelift<\/span><\/h1><\/div>\t\t\t\t<\/div>\n\t\t\t\t<\/div>\n\t\t\t\t<div class=\"elementor-element elementor-element-9408472 sc_fly_static elementor-widget elementor-widget-text-editor\" data-id=\"9408472\" data-element_type=\"widget\" data-widget_type=\"text-editor.default\">\n\t\t\t\t\t\t\t\t\t<ul><li>Thread Lift<\/li><li data-start=\"2228\" data-end=\"2279\">Hyaluronic acid or autologous fat injections<\/li><li data-start=\"2282\" data-end=\"2337\">Radiofrequency and ultrasound therapies (Ultherapy)<\/li><li data-start=\"2340\" data-end=\"2378\">Laser and microneedling treatments<\/li><\/ul>\t\t\t\t\t\t\t\t<\/div>\n\t\t\t\t<div class=\"elementor-element elementor-element-1899f34 sc_fly_static elementor-widget elementor-widget-spacer\" data-id=\"1899f34\" data-element_type=\"widget\" data-widget_type=\"spacer.default\">\n\t\t\t\t\t\t\t<div class=\"elementor-spacer\">\n\t\t\t<div class=\"elementor-spacer-inner\"><\/div>\n\t\t<\/div>\n\t\t\t\t\t\t<\/div>\n\t\t\t\t\t<\/div>\n\t\t\t\t<\/div>\n\t\t<div class=\"elementor-element elementor-element-7bfabd7 e-flex e-con-boxed sc_layouts_column_icons_position_left e-con e-parent\" data-id=\"7bfabd7\" data-element_type=\"container\">\n\t\t\t\t\t<div class=\"e-con-inner\">\n\t\t\t\t<div class=\"elementor-element elementor-element-31aaa2b sc_height_small sc_fly_static elementor-widget elementor-widget-spacer\" data-id=\"31aaa2b\" data-element_type=\"widget\" data-widget_type=\"spacer.default\">\n\t\t\t\t\t\t\t<div class=\"elementor-spacer\">\n\t\t\t<div class=\"elementor-spacer-inner\"><\/div>\n\t\t<\/div>\n\t\t\t\t\t\t<\/div>\n\t\t\t\t\t<\/div>\n\t\t\t\t<\/div>\n\t\t<div class=\"elementor-element elementor-element-3830d93 e-flex e-con-boxed sc_layouts_column_icons_position_left e-con e-parent\" data-id=\"3830d93\" data-element_type=\"container\">\n\t\t\t\t\t<div class=\"e-con-inner\">\n\t\t\t\t<div class=\"elementor-element elementor-element-e6591be sc_fly_static elementor-widget elementor-widget-shortcode\" data-id=\"e6591be\" data-element_type=\"widget\" data-widget_type=\"shortcode.default\">\n\t\t\t\t\t\t\t<div class=\"elementor-shortcode\"><div class=\"latepoint-book-form-wrapper os-loading os_init_booking_form\" id=\"latepointBookForm_69d0786b12fff\" >\n\t\t\t\t\t\t<div class=\"latepoint-w latepoint-inline-form latepoint-show-side-panel\">\n\t\t\t\t\t\t\t<div class=\"latepoint-booking-form-element\">\n\t\t\t\t\t\t\t\t<div class=\"latepoint-side-panel\"><\/div>\n\t\t\t\t\t\t\t\t<div class=\"latepoint-form-w\"><\/div>\n\t\t\t\t\t\t\t<\/div>\n\t\t\t\t\t\t<\/div>\n\t\t\t\t\t<\/div><\/div>\n\t\t\t\t\t\t<\/div>\n\t\t\t\t\t<\/div>\n\t\t\t\t<\/div>\n\t\t\t\t<\/div>","protected":false},"excerpt":{"rendered":"<p>El lifting facial en Marbella es uno de los procedimientos m\u00e1s demandados en cirug\u00eda pl\u00e1stica para rejuvenecer el rostro y mejorar la firmeza de la piel. Un lifting facial (tambi\u00e9n&hellip;<\/p>","protected":false},"author":1,"featured_media":0,"parent":0,"menu_order":0,"comment_status":"closed","ping_status":"closed","template":"","meta":{"inline_featured_image":false,"footnotes":""},"class_list":["post-913","page","type-page","status-publish","hentry"],"_hostinger_reach_plugin_has_subscription_block":false,"_hostinger_reach_plugin_is_elementor":false,"_links":{"self":[{"href":"https:\/\/banusmedical.com\/en\/wp-json\/wp\/v2\/pages\/913","targetHints":{"allow":["GET"]}}],"collection":[{"href":"https:\/\/banusmedical.com\/en\/wp-json\/wp\/v2\/pages"}],"about":[{"href":"https:\/\/banusmedical.com\/en\/wp-json\/wp\/v2\/types\/page"}],"author":[{"embeddable":true,"href":"https:\/\/banusmedical.com\/en\/wp-json\/wp\/v2\/users\/1"}],"replies":[{"embeddable":true,"href":"https:\/\/banusmedical.com\/en\/wp-json\/wp\/v2\/comments?post=913"}],"version-history":[{"count":43,"href":"https:\/\/banusmedical.com\/en\/wp-json\/wp\/v2\/pages\/913\/revisions"}],"predecessor-version":[{"id":1875,"href":"https:\/\/banusmedical.com\/en\/wp-json\/wp\/v2\/pages\/913\/revisions\/1875"}],"wp:attachment":[{"href":"https:\/\/banusmedical.com\/en\/wp-json\/wp\/v2\/media?parent=913"}],"curies":[{"name":"wp","href":"https:\/\/api.w.org\/{rel}","templated":true}]}}