{"id":964,"date":"2026-01-09T10:32:53","date_gmt":"2026-01-09T10:32:53","guid":{"rendered":"https:\/\/banusmedical.com\/?page_id=964"},"modified":"2026-02-01T14:51:51","modified_gmt":"2026-02-01T14:51:51","slug":"blepharoplasty","status":"publish","type":"page","link":"https:\/\/banusmedical.com\/en\/blepharoplasty\/","title":{"rendered":"Blepharoplasty"},"content":{"rendered":"<div data-elementor-type=\"wp-page\" data-elementor-id=\"964\" class=\"elementor elementor-964\" data-elementor-post-type=\"page\">\n\t\t\t\t<div class=\"elementor-element elementor-element-66934db e-flex e-con-boxed sc_layouts_column_icons_position_left e-con e-parent\" data-id=\"66934db\" data-element_type=\"container\">\n\t\t\t\t\t<div class=\"e-con-inner\">\n\t\t<div class=\"elementor-element elementor-element-9634c74 e-con-full e-flex sc_layouts_column_icons_position_left e-con e-child\" data-id=\"9634c74\" data-element_type=\"container\">\n\t\t<div class=\"elementor-element elementor-element-75ede56 e-con-full e-flex sc_layouts_column_icons_position_left e-con e-child\" data-id=\"75ede56\" data-element_type=\"container\">\n\t\t<div class=\"e-con-gap-no elementor-element elementor-element-d8a0707 e-con-full e-flex sc_layouts_column_icons_position_left e-con e-child\" data-animation-type=\"sequental\" data-animation-stagger=\"\" data-id=\"d8a0707\" data-element_type=\"container\" data-settings=\"{&quot;background_background&quot;:&quot;video&quot;,&quot;background_video_link&quot;:&quot;https:\\\/\\\/vimeo.com\\\/1146549536\\\/b6aee42da4?share=copy&amp;fl=sv&amp;fe=ci&quot;,&quot;background_play_on_mobile&quot;:&quot;yes&quot;,&quot;animation&quot;:&quot;none&quot;}\">\n\t\t<div class=\"elementor-background-video-container\" aria-hidden=\"true\">\n\t\t\t\t\t\t\t<div class=\"elementor-background-video-embed\"><\/div>\n\t\t\t\t\t\t<\/div>\t\t<\/div>\n\t\t\t\t<\/div>\n\t\t\t\t<\/div>\n\t\t<div class=\"elementor-element elementor-element-8e1bc40 e-con-full e-flex sc_layouts_column_icons_position_left e-con e-child\" data-id=\"8e1bc40\" data-element_type=\"container\">\n\t\t<div class=\"elementor-element elementor-element-99b7f48 e-con-full e-flex sc_layouts_column_icons_position_left e-con e-child\" data-id=\"99b7f48\" data-element_type=\"container\">\n\t\t\t\t<div class=\"elementor-element elementor-element-673cf6e sc_fly_static elementor-widget elementor-widget-spacer\" data-id=\"673cf6e\" data-element_type=\"widget\" data-widget_type=\"spacer.default\">\n\t\t\t\t\t\t\t<div class=\"elementor-spacer\">\n\t\t\t<div class=\"elementor-spacer-inner\"><\/div>\n\t\t<\/div>\n\t\t\t\t\t\t<\/div>\n\t\t\t\t<div class=\"elementor-element elementor-element-aa41f4a sc_fly_static elementor-widget elementor-widget-text-editor\" data-id=\"aa41f4a\" data-element_type=\"widget\" data-widget_type=\"text-editor.default\">\n\t\t\t\t\t\t\t\t\t<p>The <strong data-start=\"23\" data-end=\"46\">eyelid surgery<\/strong> (also called <em data-start=\"64\" data-end=\"80\">blepharoplasty<\/em>) is a surgical procedure to correct drooping or sagging eyelids. It can be performed for both aesthetic and medical reasons, for example, when the upper eyelid droops so much that it affects the visual field.<\/p>\t\t\t\t\t\t\t\t<\/div>\n\t\t\t\t<div class=\"elementor-element elementor-element-7c55e96 sc_fly_static elementor-widget elementor-widget-spacer\" data-id=\"7c55e96\" data-element_type=\"widget\" data-widget_type=\"spacer.default\">\n\t\t\t\t\t\t\t<div class=\"elementor-spacer\">\n\t\t\t<div class=\"elementor-spacer-inner\"><\/div>\n\t\t<\/div>\n\t\t\t\t\t\t<\/div>\n\t\t\t\t<\/div>\n\t\t\t\t<\/div>\n\t\t\t\t\t<\/div>\n\t\t\t\t<\/div>\n\t\t<div class=\"e-con-with-custom-width elementor-element elementor-element-57e0f14 e-flex e-con-boxed sc_layouts_column_icons_position_left e-con e-parent\" data-id=\"57e0f14\" data-element_type=\"container\">\n\t\t\t\t\t<div class=\"e-con-inner\">\n\t\t\t\t<div class=\"elementor-element elementor-element-25c5af5 sc_fly_static elementor-widget elementor-widget-image\" data-id=\"25c5af5\" data-element_type=\"widget\" data-widget_type=\"image.default\">\n\t\t\t\t\t\t\t\t\t\t\t\t\t\t\t<img fetchpriority=\"high\" decoding=\"async\" width=\"960\" height=\"540\" src=\"https:\/\/banusmedical.com\/wp-content\/uploads\/2026\/01\/Untitled-design-86.jpg\" class=\"attachment-large size-large wp-image-966\" alt=\"\" srcset=\"https:\/\/banusmedical.com\/wp-content\/uploads\/2026\/01\/Untitled-design-86.jpg 960w, https:\/\/banusmedical.com\/wp-content\/uploads\/2026\/01\/Untitled-design-86-300x169.jpg 300w, https:\/\/banusmedical.com\/wp-content\/uploads\/2026\/01\/Untitled-design-86-768x432.jpg 768w, https:\/\/banusmedical.com\/wp-content\/uploads\/2026\/01\/Untitled-design-86-370x208.jpg 370w, https:\/\/banusmedical.com\/wp-content\/uploads\/2026\/01\/Untitled-design-86-840x473.jpg 840w, https:\/\/banusmedical.com\/wp-content\/uploads\/2026\/01\/Untitled-design-86-410x231.jpg 410w, https:\/\/banusmedical.com\/wp-content\/uploads\/2026\/01\/Untitled-design-86-270x152.jpg 270w\" sizes=\"(max-width: 960px) 100vw, 960px\" \/>\t\t\t\t\t\t\t\t\t\t\t\t\t\t\t<\/div>\n\t\t\t\t\t<\/div>\n\t\t\t\t<\/div>\n\t\t<div class=\"elementor-element elementor-element-16b63b2 e-flex e-con-boxed sc_layouts_column_icons_position_left e-con e-parent\" data-id=\"16b63b2\" data-element_type=\"container\">\n\t\t\t\t\t<div class=\"e-con-inner\">\n\t\t\t\t<div class=\"elementor-element elementor-element-92aa9b4 sc_fly_static elementor-widget elementor-widget-spacer\" data-id=\"92aa9b4\" data-element_type=\"widget\" data-widget_type=\"spacer.default\">\n\t\t\t\t\t\t\t<div class=\"elementor-spacer\">\n\t\t\t<div class=\"elementor-spacer-inner\"><\/div>\n\t\t<\/div>\n\t\t\t\t\t\t<\/div>\n\t\t\t\t\t<\/div>\n\t\t\t\t<\/div>\n\t\t<div class=\"elementor-element elementor-element-92c30d0 e-flex e-con-boxed sc_layouts_column_icons_position_left e-con e-parent\" data-id=\"92c30d0\" data-element_type=\"container\">\n\t\t\t\t\t<div class=\"e-con-inner\">\n\t\t<div class=\"elementor-element elementor-element-83de60f e-con-full e-flex sc_layouts_column_icons_position_left e-con e-child\" data-id=\"83de60f\" data-element_type=\"container\">\n\t\t<div class=\"elementor-element elementor-element-8d0e160 e-con-full e-flex sc_layouts_column_icons_position_left e-con e-child\" data-id=\"8d0e160\" data-element_type=\"container\">\n\t\t\t\t<div class=\"elementor-element elementor-element-4df9288 sc_fly_static elementor-widget elementor-widget-trx_sc_title\" data-id=\"4df9288\" data-element_type=\"widget\" data-widget_type=\"trx_sc_title.default\">\n\t\t\t\t<div class=\"elementor-widget-container\">\n\t\t\t\t\t<div\t\tclass=\"sc_title sc_title_default\" ><h3 class=\"sc_item_title sc_title_title sc_item_title_style_default sc_item_title_tag\"\n\t\t\t><span class=\"sc_item_title_text\">Types of blepharoplasty<\/span><\/h3><\/div>\t\t\t\t<\/div>\n\t\t\t\t<\/div>\n\t\t\t\t<div class=\"elementor-element elementor-element-32929de sc_fly_static elementor-widget elementor-widget-text-editor\" data-id=\"32929de\" data-element_type=\"widget\" data-widget_type=\"text-editor.default\">\n\t\t\t\t\t\t\t\t\t<ul><li data-start=\"583\" data-end=\"632\"><p data-start=\"340\" data-end=\"388\"><strong data-start=\"340\" data-end=\"386\">Upper blepharoplasty (upper eyelid)<\/strong><\/p><ul data-start=\"389\" data-end=\"579\"><li data-start=\"389\" data-end=\"489\"><p data-start=\"391\" data-end=\"489\">Removal of excess skin, fat and, in some cases, muscle tissue from the upper eyelid.<\/p><\/li><li data-start=\"490\" data-end=\"579\"><p data-start=\"492\" data-end=\"579\">Objective: a more youthful and alert look and, if necessary, improvement of the visual field.<\/p><\/li><\/ul><p data-start=\"581\" data-end=\"629\"><strong data-start=\"581\" data-end=\"627\">Lower blepharoplasty (lower eyelid)<\/strong><\/p><ul data-start=\"630\" data-end=\"777\"><li data-start=\"630\" data-end=\"715\"><p data-start=\"632\" data-end=\"715\">Treatment of bags under the eyes or excess skin in the lower area.<\/p><\/li><li data-start=\"716\" data-end=\"777\"><p data-start=\"718\" data-end=\"777\">Possible muscle tightening or redistribution of fat tissue.<\/p><\/li><\/ul><\/li><\/ul>\t\t\t\t\t\t\t\t<\/div>\n\t\t\t\t<div class=\"elementor-element elementor-element-af62f5a sc_fly_static elementor-widget elementor-widget-spacer\" data-id=\"af62f5a\" data-element_type=\"widget\" data-widget_type=\"spacer.default\">\n\t\t\t\t\t\t\t<div class=\"elementor-spacer\">\n\t\t\t<div class=\"elementor-spacer-inner\"><\/div>\n\t\t<\/div>\n\t\t\t\t\t\t<\/div>\n\t\t\t\t<\/div>\n\t\t\t\t<\/div>\n\t\t\t\t\t<\/div>\n\t\t\t\t<\/div>\n\t\t<div class=\"elementor-element elementor-element-b92834e e-flex e-con-boxed sc_layouts_column_icons_position_left e-con e-parent\" data-id=\"b92834e\" data-element_type=\"container\">\n\t\t\t\t\t<div class=\"e-con-inner\">\n\t\t<div class=\"elementor-element elementor-element-3b5067b e-con-full e-flex sc_layouts_column_icons_position_left e-con e-child\" data-id=\"3b5067b\" data-element_type=\"container\">\n\t\t\t\t<div class=\"elementor-element elementor-element-2f0f42e elementor-widget__width-auto sc_fly_static elementor-widget elementor-widget-image\" data-id=\"2f0f42e\" data-element_type=\"widget\" data-widget_type=\"image.default\">\n\t\t\t\t\t\t\t\t\t\t\t\t\t\t\t<img decoding=\"async\" width=\"675\" height=\"844\" src=\"https:\/\/banusmedical.com\/wp-content\/uploads\/2026\/01\/Untitled-design-88.jpg\" class=\"attachment-medium_large size-medium_large wp-image-972\" alt=\"\" srcset=\"https:\/\/banusmedical.com\/wp-content\/uploads\/2026\/01\/Untitled-design-88.jpg 675w, https:\/\/banusmedical.com\/wp-content\/uploads\/2026\/01\/Untitled-design-88-240x300.jpg 240w, https:\/\/banusmedical.com\/wp-content\/uploads\/2026\/01\/Untitled-design-88-370x463.jpg 370w, https:\/\/banusmedical.com\/wp-content\/uploads\/2026\/01\/Untitled-design-88-410x513.jpg 410w\" sizes=\"(max-width: 675px) 100vw, 675px\" \/>\t\t\t\t\t\t\t\t\t\t\t\t\t\t\t<\/div>\n\t\t\t\t<\/div>\n\t\t<div class=\"elementor-element elementor-element-d398c30 e-con-full e-flex sc_layouts_column_icons_position_left e-con e-child\" data-id=\"d398c30\" data-element_type=\"container\">\n\t\t<div class=\"elementor-element elementor-element-65ca084 e-con-full e-flex sc_layouts_column_icons_position_left e-con e-child\" data-id=\"65ca084\" data-element_type=\"container\">\n\t\t\t\t<div class=\"elementor-element elementor-element-4392df7 sc_fly_static elementor-widget elementor-widget-trx_sc_title\" data-id=\"4392df7\" data-element_type=\"widget\" data-widget_type=\"trx_sc_title.default\">\n\t\t\t\t<div class=\"elementor-widget-container\">\n\t\t\t\t\t<div\t\tclass=\"sc_title sc_title_default\" ><h3 class=\"sc_item_title sc_title_title sc_item_title_style_default sc_item_title_tag\"\n\t\t\t><span class=\"sc_item_title_text\">Procedure<\/span><\/h3><\/div>\t\t\t\t<\/div>\n\t\t\t\t<\/div>\n\t\t\t\t<\/div>\n\t\t<div class=\"elementor-element elementor-element-8cb1956 e-con-full e-flex sc_layouts_column_icons_position_left e-con e-child\" data-id=\"8cb1956\" data-element_type=\"container\">\n\t\t\t\t<div class=\"elementor-element elementor-element-a579bc6 elementor-widget__width-initial sc_fly_static elementor-widget elementor-widget-text-editor\" data-id=\"a579bc6\" data-element_type=\"widget\" data-widget_type=\"text-editor.default\">\n\t\t\t\t\t\t\t\t\t<ul data-start=\"802\" data-end=\"1173\"><li data-start=\"802\" data-end=\"836\"><p data-start=\"804\" data-end=\"836\"><strong data-start=\"804\" data-end=\"817\">Duration:<\/strong> approx. 1-2 hours<\/p><\/li><li data-start=\"837\" data-end=\"942\"><p data-start=\"839\" data-end=\"942\"><strong data-start=\"839\" data-end=\"853\">Anesthesia:<\/strong> generally local anesthesia with sedation; general anesthesia available upon request<\/p><\/li><li data-start=\"943\" data-end=\"1110\"><p data-start=\"945\" data-end=\"960\"><strong data-start=\"945\" data-end=\"958\">Incision:<\/strong><\/p><ul data-start=\"963\" data-end=\"1110\"><li data-start=\"963\" data-end=\"1006\"><p data-start=\"965\" data-end=\"1006\">Upper eyelid: in natural crease<\/p><\/li><li data-start=\"1009\" data-end=\"1110\"><p data-start=\"1011\" data-end=\"1110\">Lower eyelid: just below the eyelash line or from the inside (transconjunctival).<\/p><\/li><\/ul><\/li><li data-start=\"1111\" data-end=\"1173\"><p data-start=\"1113\" data-end=\"1173\"><strong data-start=\"1113\" data-end=\"1135\">Suture removal:<\/strong> approximately after 5-7 days<\/p><\/li><\/ul>\t\t\t\t\t\t\t\t<\/div>\n\t\t\t\t<\/div>\n\t\t\t\t<\/div>\n\t\t\t\t\t<\/div>\n\t\t\t\t<\/div>\n\t\t<div class=\"elementor-element elementor-element-7ada42b e-flex e-con-boxed sc_layouts_column_icons_position_left e-con e-parent\" data-id=\"7ada42b\" data-element_type=\"container\">\n\t\t\t\t\t<div class=\"e-con-inner\">\n\t\t<div class=\"elementor-element elementor-element-363ba5b e-con-full e-flex sc_layouts_column_icons_position_left e-con e-child\" data-id=\"363ba5b\" data-element_type=\"container\">\n\t\t<div class=\"elementor-element elementor-element-d1ae896 e-con-full e-flex sc_layouts_column_icons_position_left e-con e-child\" data-id=\"d1ae896\" data-element_type=\"container\">\n\t\t<div class=\"elementor-element elementor-element-a22d523 e-con-full e-flex sc_layouts_column_icons_position_left e-con e-child\" data-id=\"a22d523\" data-element_type=\"container\">\n\t\t\t\t<div class=\"elementor-element elementor-element-9f48440 sc_fly_static elementor-widget elementor-widget-spacer\" data-id=\"9f48440\" data-element_type=\"widget\" data-widget_type=\"spacer.default\">\n\t\t\t\t\t\t\t<div class=\"elementor-spacer\">\n\t\t\t<div class=\"elementor-spacer-inner\"><\/div>\n\t\t<\/div>\n\t\t\t\t\t\t<\/div>\n\t\t\t\t<div class=\"elementor-element elementor-element-ba43e19 sc_fly_static elementor-widget elementor-widget-trx_sc_title\" data-id=\"ba43e19\" data-element_type=\"widget\" data-widget_type=\"trx_sc_title.default\">\n\t\t\t\t<div class=\"elementor-widget-container\">\n\t\t\t\t\t<div\t\tclass=\"sc_title sc_title_default\" ><h3 class=\"sc_item_title sc_title_title sc_item_title_style_default sc_item_title_tag\"\n\t\t\t><span class=\"sc_item_title_text\">Recovery time and aftercare<\/span><\/h3><\/div>\t\t\t\t<\/div>\n\t\t\t\t<\/div>\n\t\t\t\t<div class=\"elementor-element elementor-element-db88cd8 sc_fly_static elementor-widget elementor-widget-text-editor\" data-id=\"db88cd8\" data-element_type=\"widget\" data-widget_type=\"text-editor.default\">\n\t\t\t\t\t\t\t\t\t<ul><li><strong data-start=\"1232\" data-end=\"1258\">Swelling and bruising:<\/strong> frequent during the first 7-10 days<\/li><li data-start=\"1305\" data-end=\"1367\"><strong data-start=\"1305\" data-end=\"1321\">Social life:<\/strong> usually possible after 1-2 weeks<\/li><li data-start=\"1370\" data-end=\"1441\"><strong data-start=\"1370\" data-end=\"1415\">Sports, make-up and contact lenses:<\/strong> not before 2-3 weeks<\/li><li data-start=\"1444\" data-end=\"1505\"><strong data-start=\"1444\" data-end=\"1464\">Final result:<\/strong> visible after approximately 2-3 months<\/li><\/ul>\t\t\t\t\t\t\t\t<\/div>\n\t\t\t\t<div class=\"elementor-element elementor-element-b03b05a sc_fly_static elementor-widget elementor-widget-spacer\" data-id=\"b03b05a\" data-element_type=\"widget\" data-widget_type=\"spacer.default\">\n\t\t\t\t\t\t\t<div class=\"elementor-spacer\">\n\t\t\t<div class=\"elementor-spacer-inner\"><\/div>\n\t\t<\/div>\n\t\t\t\t\t\t<\/div>\n\t\t\t\t<\/div>\n\t\t\t\t<\/div>\n\t\t\t\t<\/div>\n\t\t\t\t\t<\/div>\n\t\t\t\t<\/div>\n\t\t<div class=\"elementor-element elementor-element-a80a107 e-flex e-con-boxed sc_layouts_column_icons_position_left e-con e-parent\" data-id=\"a80a107\" data-element_type=\"container\">\n\t\t\t\t\t<div class=\"e-con-inner\">\n\t\t<div class=\"elementor-element elementor-element-27d902a e-con-full e-flex sc_layouts_column_icons_position_left e-con e-child\" data-id=\"27d902a\" data-element_type=\"container\">\n\t\t\t\t<div class=\"elementor-element elementor-element-fe89b4e elementor-widget__width-auto sc_fly_static elementor-widget elementor-widget-image\" data-id=\"fe89b4e\" data-element_type=\"widget\" data-widget_type=\"image.default\">\n\t\t\t\t\t\t\t\t\t\t\t\t\t\t\t<img decoding=\"async\" width=\"300\" height=\"300\" src=\"https:\/\/banusmedical.com\/wp-content\/uploads\/2026\/01\/Untitled-design-89-300x300.jpg\" class=\"attachment-medium size-medium wp-image-982\" alt=\"\" srcset=\"https:\/\/banusmedical.com\/wp-content\/uploads\/2026\/01\/Untitled-design-89-300x300.jpg 300w, https:\/\/banusmedical.com\/wp-content\/uploads\/2026\/01\/Untitled-design-89-150x150.jpg 150w, https:\/\/banusmedical.com\/wp-content\/uploads\/2026\/01\/Untitled-design-89-768x768.jpg 768w, https:\/\/banusmedical.com\/wp-content\/uploads\/2026\/01\/Untitled-design-89-370x370.jpg 370w, https:\/\/banusmedical.com\/wp-content\/uploads\/2026\/01\/Untitled-design-89-120x120.jpg 120w, https:\/\/banusmedical.com\/wp-content\/uploads\/2026\/01\/Untitled-design-89-410x410.jpg 410w, https:\/\/banusmedical.com\/wp-content\/uploads\/2026\/01\/Untitled-design-89.jpg 810w\" sizes=\"(max-width: 300px) 100vw, 300px\" \/>\t\t\t\t\t\t\t\t\t\t\t\t\t\t\t<\/div>\n\t\t\t\t<\/div>\n\t\t<div class=\"elementor-element elementor-element-e66f2a7 e-con-full e-flex sc_layouts_column_icons_position_left e-con e-child\" data-id=\"e66f2a7\" data-element_type=\"container\">\n\t\t<div class=\"elementor-element elementor-element-affb136 e-con-full e-flex sc_layouts_column_icons_position_left e-con e-child\" data-id=\"affb136\" data-element_type=\"container\">\n\t\t\t\t<div class=\"elementor-element elementor-element-5521cba sc_fly_static elementor-widget elementor-widget-trx_sc_title\" data-id=\"5521cba\" data-element_type=\"widget\" data-widget_type=\"trx_sc_title.default\">\n\t\t\t\t<div class=\"elementor-widget-container\">\n\t\t\t\t\t<div\t\tclass=\"sc_title sc_title_default\" ><h3 class=\"sc_item_title sc_title_title sc_item_title_style_default sc_item_title_tag\"\n\t\t\t><span class=\"sc_item_title_text\">Risks and side effects<\/span><\/h3><\/div>\t\t\t\t<\/div>\n\t\t\t\t<\/div>\n\t\t\t\t<\/div>\n\t\t<div class=\"elementor-element elementor-element-83544e2 e-con-full e-flex sc_layouts_column_icons_position_left e-con e-child\" data-id=\"83544e2\" data-element_type=\"container\">\n\t\t\t\t<div class=\"elementor-element elementor-element-0057eed sc_fly_static elementor-widget elementor-widget-text-editor\" data-id=\"0057eed\" data-element_type=\"widget\" data-widget_type=\"text-editor.default\">\n\t\t\t\t\t\t\t\t\t<ul><li>Swelling, bruising, dryness of eyes<\/li><li data-start=\"1590\" data-end=\"1615\">Infections, scars<\/li><li data-start=\"1618\" data-end=\"1679\">Eyelid asymmetry or misalignment (rare)<\/li><li data-start=\"1682\" data-end=\"1715\">Very rare: visual disturbances<\/li><\/ul>\t\t\t\t\t\t\t\t<\/div>\n\t\t\t\t<\/div>\n\t\t\t\t<\/div>\n\t\t\t\t\t<\/div>\n\t\t\t\t<\/div>\n\t\t<div class=\"elementor-element elementor-element-b22f0e2 e-flex e-con-boxed sc_layouts_column_icons_position_left e-con e-parent\" data-id=\"b22f0e2\" data-element_type=\"container\">\n\t\t\t\t\t<div class=\"e-con-inner\">\n\t\t<div class=\"elementor-element elementor-element-f3f8beb e-con-full e-flex sc_layouts_column_icons_position_left e-con e-child\" data-id=\"f3f8beb\" data-element_type=\"container\">\n\t\t<div class=\"elementor-element elementor-element-ac4f6dd e-con-full e-flex sc_layouts_column_icons_position_left e-con e-child\" data-id=\"ac4f6dd\" data-element_type=\"container\">\n\t\t<div class=\"elementor-element elementor-element-be535fc e-con-full e-flex sc_layouts_column_icons_position_left e-con e-child\" data-id=\"be535fc\" data-element_type=\"container\">\n\t\t\t\t<div class=\"elementor-element elementor-element-75f7f6c sc_fly_static elementor-widget elementor-widget-spacer\" data-id=\"75f7f6c\" data-element_type=\"widget\" data-widget_type=\"spacer.default\">\n\t\t\t\t\t\t\t<div class=\"elementor-spacer\">\n\t\t\t<div class=\"elementor-spacer-inner\"><\/div>\n\t\t<\/div>\n\t\t\t\t\t\t<\/div>\n\t\t\t\t<\/div>\n\t\t\t\t<\/div>\n\t\t\t\t<\/div>\n\t\t\t\t\t<\/div>\n\t\t\t\t<\/div>\n\t\t<div class=\"elementor-element elementor-element-a77d723 e-flex e-con-boxed sc_layouts_column_icons_position_left e-con e-parent\" data-id=\"a77d723\" data-element_type=\"container\">\n\t\t\t\t\t<div class=\"e-con-inner\">\n\t\t<div class=\"elementor-element elementor-element-3c7df01 e-con-full e-flex sc_layouts_column_icons_position_left e-con e-child\" data-id=\"3c7df01\" data-element_type=\"container\">\n\t\t<div class=\"elementor-element elementor-element-181dcd0 e-con-full e-flex sc_layouts_column_icons_position_left e-con e-child\" data-id=\"181dcd0\" data-element_type=\"container\">\n\t\t<div class=\"elementor-element elementor-element-34b6902 e-con-full e-flex sc_layouts_column_icons_position_left e-con e-child\" data-id=\"34b6902\" data-element_type=\"container\">\n\t\t\t\t<div class=\"elementor-element elementor-element-a2a2c86 sc_fly_static elementor-widget elementor-widget-trx_sc_title\" data-id=\"a2a2c86\" data-element_type=\"widget\" data-widget_type=\"trx_sc_title.default\">\n\t\t\t\t<div class=\"elementor-widget-container\">\n\t\t\t\t\t<div\t\tclass=\"sc_title sc_title_default\" ><h3 class=\"sc_item_title sc_title_title sc_item_title_style_default sc_item_title_tag\"\n\t\t\t><span class=\"sc_item_title_text\">Suitability and recommendations<\/span><\/h3><\/div>\t\t\t\t<\/div>\n\t\t\t\t<\/div>\n\t\t\t\t<div class=\"elementor-element elementor-element-7f0a12f sc_fly_static elementor-widget elementor-widget-text-editor\" data-id=\"7f0a12f\" data-element_type=\"widget\" data-widget_type=\"text-editor.default\">\n\t\t\t\t\t\t\t\t\t<div class=\"flex flex-col text-sm pb-25\"><article class=\"text-token-text-primary w-full focus:outline-none [--shadow-height:45px] has-data-writing-block:pointer-events-none has-data-writing-block:-mt-(--shadow-height) has-data-writing-block:pt-(--shadow-height) [&amp;:has([data-writing-block])&gt;*]:pointer-events-auto scroll-mt-[calc(var(--header-height)+min(200px,max(70px,20svh)))]\" dir=\"auto\" tabindex=\"-1\" data-turn-id=\"request-695fa260-e028-8333-9e31-d25f5616f977-3\" data-testid=\"conversation-turn-44\" data-scroll-anchor=\"true\" data-turn=\"assistant\"><div class=\"text-base my-auto mx-auto pb-10 [--thread-content-margin:--spacing(4)] @w-sm\/main:[--thread-content-margin:--spacing(6)] @w-lg\/main:[--thread-content-margin:--spacing(16)] px-(--thread-content-margin)\"><div class=\"[--thread-content-max-width:40rem] @w-lg\/main:[--thread-content-max-width:48rem] mx-auto max-w-(--thread-content-max-width) flex-1 group\/turn-messages focus-visible:outline-hidden relative flex w-full min-w-0 flex-col agent-turn\" tabindex=\"-1\"><div class=\"flex max-w-full flex-col grow\"><div class=\"min-h-8 text-message relative flex w-full flex-col items-end gap-2 text-start break-words whitespace-normal [.text-message+&amp;]:mt-1\" dir=\"auto\" data-message-author-role=\"assistant\" data-message-id=\"0257fe62-f2ae-438c-8928-1c556c812b05\" data-message-model-slug=\"gpt-5-2\"><div class=\"flex w-full flex-col gap-1 empty:hidden first:pt-[1px]\"><div class=\"markdown prose dark:prose-invert w-full break-words dark markdown-new-styling\"><p data-start=\"1755\" data-end=\"1779\"><strong data-start=\"1755\" data-end=\"1777\">Good candidates:<\/strong><\/p><ul data-start=\"1780\" data-end=\"1907\"><li data-start=\"1780\" data-end=\"1831\"><p data-start=\"1782\" data-end=\"1831\">Healthy persons without serious eye diseases<\/p><\/li><li data-start=\"1832\" data-end=\"1858\"><p data-start=\"1834\" data-end=\"1858\">Realistic expectations<\/p><\/li><li data-start=\"1859\" data-end=\"1907\"><p data-start=\"1861\" data-end=\"1907\">Stable structure of the skin and eyelids<\/p><\/li><\/ul><p data-start=\"1909\" data-end=\"2011\" data-is-last-node=\"\" data-is-only-node=\"\">It is essential to carry out a <strong data-start=\"1937\" data-end=\"2010\">detailed consultation with a specialist in plastic and cosmetic surgery<\/strong>.<\/p><\/div><\/div><\/div><\/div><div class=\"z-0 flex min-h-[46px] justify-start\">\u00a0<\/div><div class=\"mt-3 w-full empty:hidden\"><div class=\"text-center\">\u00a0<\/div><\/div><\/div><\/div><\/article><\/div><div class=\"pointer-events-none h-px w-px absolute bottom-0\" aria-hidden=\"true\" data-edge=\"true\">\u00a0<\/div>\t\t\t\t\t\t\t\t<\/div>\n\t\t\t\t<\/div>\n\t\t\t\t<\/div>\n\t\t\t\t<\/div>\n\t\t\t\t\t<\/div>\n\t\t\t\t<\/div>\n\t\t<div class=\"elementor-element elementor-element-ed7b362 e-flex e-con-boxed sc_layouts_column_icons_position_left e-con e-parent\" data-id=\"ed7b362\" data-element_type=\"container\">\n\t\t\t\t\t<div class=\"e-con-inner\">\n\t\t\t\t<div class=\"elementor-element elementor-element-ad7868e sc_fly_static elementor-widget elementor-widget-spacer\" data-id=\"ad7868e\" data-element_type=\"widget\" data-widget_type=\"spacer.default\">\n\t\t\t\t\t\t\t<div class=\"elementor-spacer\">\n\t\t\t<div class=\"elementor-spacer-inner\"><\/div>\n\t\t<\/div>\n\t\t\t\t\t\t<\/div>\n\t\t\t\t\t<\/div>\n\t\t\t\t<\/div>\n\t\t<div class=\"elementor-element elementor-element-5a679de e-flex e-con-boxed sc_layouts_column_icons_position_left e-con e-parent\" data-id=\"5a679de\" data-element_type=\"container\">\n\t\t\t\t\t<div class=\"e-con-inner\">\n\t\t\t\t<div class=\"elementor-element elementor-element-f663ea7 sc_fly_static elementor-widget elementor-widget-shortcode\" data-id=\"f663ea7\" data-element_type=\"widget\" data-widget_type=\"shortcode.default\">\n\t\t\t\t\t\t\t<div class=\"elementor-shortcode\"><div class=\"latepoint-book-form-wrapper os-loading os_init_booking_form\" id=\"latepointBookForm_69d38100b0b84\" >\n\t\t\t\t\t\t<div class=\"latepoint-w latepoint-inline-form latepoint-show-side-panel\">\n\t\t\t\t\t\t\t<div class=\"latepoint-booking-form-element\">\n\t\t\t\t\t\t\t\t<div class=\"latepoint-side-panel\"><\/div>\n\t\t\t\t\t\t\t\t<div class=\"latepoint-form-w\"><\/div>\n\t\t\t\t\t\t\t<\/div>\n\t\t\t\t\t\t<\/div>\n\t\t\t\t\t<\/div><\/div>\n\t\t\t\t\t\t<\/div>\n\t\t\t\t\t<\/div>\n\t\t\t\t<\/div>\n\t\t\t\t<\/div>","protected":false},"excerpt":{"rendered":"<p>La cirug\u00eda de p\u00e1rpados (tambi\u00e9n llamada blefaroplastia) es un procedimiento quir\u00fargico destinado a corregir p\u00e1rpados ca\u00eddos o fl\u00e1cidos. Puede realizarse tanto por razones est\u00e9ticas como m\u00e9dicas, por ejemplo, cuando el&hellip;<\/p>","protected":false},"author":1,"featured_media":0,"parent":0,"menu_order":0,"comment_status":"closed","ping_status":"closed","template":"","meta":{"inline_featured_image":false,"footnotes":""},"class_list":["post-964","page","type-page","status-publish","hentry"],"_hostinger_reach_plugin_has_subscription_block":false,"_hostinger_reach_plugin_is_elementor":false,"_links":{"self":[{"href":"https:\/\/banusmedical.com\/en\/wp-json\/wp\/v2\/pages\/964","targetHints":{"allow":["GET"]}}],"collection":[{"href":"https:\/\/banusmedical.com\/en\/wp-json\/wp\/v2\/pages"}],"about":[{"href":"https:\/\/banusmedical.com\/en\/wp-json\/wp\/v2\/types\/page"}],"author":[{"embeddable":true,"href":"https:\/\/banusmedical.com\/en\/wp-json\/wp\/v2\/users\/1"}],"replies":[{"embeddable":true,"href":"https:\/\/banusmedical.com\/en\/wp-json\/wp\/v2\/comments?post=964"}],"version-history":[{"count":22,"href":"https:\/\/banusmedical.com\/en\/wp-json\/wp\/v2\/pages\/964\/revisions"}],"predecessor-version":[{"id":1645,"href":"https:\/\/banusmedical.com\/en\/wp-json\/wp\/v2\/pages\/964\/revisions\/1645"}],"wp:attachment":[{"href":"https:\/\/banusmedical.com\/en\/wp-json\/wp\/v2\/media?parent=964"}],"curies":[{"name":"wp","href":"https:\/\/api.w.org\/{rel}","templated":true}]}}