{"id":1034,"date":"2026-01-09T11:50:32","date_gmt":"2026-01-09T11:50:32","guid":{"rendered":"https:\/\/banusmedical.com\/?page_id=1034"},"modified":"2026-02-01T14:54:16","modified_gmt":"2026-02-01T14:54:16","slug":"reduction-mammaire","status":"publish","type":"page","link":"https:\/\/banusmedical.com\/fr\/reduction-mammaire\/","title":{"rendered":"R\u00e9duction mammaire"},"content":{"rendered":"<div data-elementor-type=\"wp-page\" data-elementor-id=\"1034\" class=\"elementor elementor-1034\" data-elementor-post-type=\"page\">\n\t\t\t\t<div class=\"elementor-element elementor-element-aa08445 e-flex e-con-boxed sc_layouts_column_icons_position_left e-con e-parent\" data-id=\"aa08445\" data-element_type=\"container\">\n\t\t\t\t\t<div class=\"e-con-inner\">\n\t\t<div class=\"elementor-element elementor-element-24413dc e-con-full e-flex sc_layouts_column_icons_position_left e-con e-child\" data-id=\"24413dc\" data-element_type=\"container\">\n\t\t<div class=\"e-con-gap-no elementor-element elementor-element-650576d e-con-full e-flex sc_layouts_column_icons_position_left e-con e-child\" data-animation-type=\"sequental\" data-animation-stagger=\"\" data-id=\"650576d\" data-element_type=\"container\" data-settings=\"{&quot;background_background&quot;:&quot;video&quot;,&quot;background_video_link&quot;:&quot;https:\\\/\\\/vimeo.com\\\/1146561838\\\/4df1e73ecd?share=copy&amp;fl=sv&amp;fe=ci&quot;,&quot;background_play_on_mobile&quot;:&quot;yes&quot;,&quot;animation&quot;:&quot;none&quot;}\">\n\t\t<div class=\"elementor-background-video-container\" aria-hidden=\"true\">\n\t\t\t\t\t\t\t<div class=\"elementor-background-video-embed\"><\/div>\n\t\t\t\t\t\t<\/div>\t\t<\/div>\n\t\t\t\t<\/div>\n\t\t\t\t\t<\/div>\n\t\t\t\t<\/div>\n\t\t<div class=\"elementor-element elementor-element-93079a3 e-flex e-con-boxed sc_layouts_column_icons_position_left e-con e-parent\" data-id=\"93079a3\" data-element_type=\"container\">\n\t\t\t\t\t<div class=\"e-con-inner\">\n\t\t\t\t<div class=\"elementor-element elementor-element-fe437b2 sc_fly_static elementor-widget elementor-widget-spacer\" data-id=\"fe437b2\" data-element_type=\"widget\" data-widget_type=\"spacer.default\">\n\t\t\t\t\t\t\t<div class=\"elementor-spacer\">\n\t\t\t<div class=\"elementor-spacer-inner\"><\/div>\n\t\t<\/div>\n\t\t\t\t\t\t<\/div>\n\t\t\t\t\t<\/div>\n\t\t\t\t<\/div>\n\t\t<div class=\"elementor-element elementor-element-d2b431c e-flex e-con-boxed sc_layouts_column_icons_position_left e-con e-parent\" data-id=\"d2b431c\" data-element_type=\"container\">\n\t\t\t\t\t<div class=\"e-con-inner\">\n\t\t\t\t<div class=\"elementor-element elementor-element-23e6f63 sc_fly_static elementor-widget elementor-widget-text-editor\" data-id=\"23e6f63\" data-element_type=\"widget\" data-widget_type=\"text-editor.default\">\n\t\t\t\t\t\t\t\t\t<p>Le <strong data-start=\"27\" data-end=\"49\">r\u00e9duction mammaire<\/strong> (m\u00e9dicalement connu sous le nom de <em data-start=\"77\" data-end=\"103\">mammoplastie de r\u00e9duction<\/em>) est une intervention chirurgicale visant \u00e0 r\u00e9duire et \u00e0 remodeler la poitrine f\u00e9minine. Elle peut \u00eatre pratiqu\u00e9e pour des raisons esth\u00e9tiques ou m\u00e9dicales, telles que la g\u00eane occasionn\u00e9e par des seins tr\u00e8s volumineux ou la correction d'une asym\u00e9trie mammaire (macromastie ou gigantomastie).<\/p>\t\t\t\t\t\t\t\t<\/div>\n\t\t\t\t\t<\/div>\n\t\t\t\t<\/div>\n\t\t<div class=\"elementor-element elementor-element-4ee10a3 e-flex e-con-boxed sc_layouts_column_icons_position_left e-con e-parent\" data-id=\"4ee10a3\" data-element_type=\"container\">\n\t\t\t\t\t<div class=\"e-con-inner\">\n\t\t\t\t<div class=\"elementor-element elementor-element-a0b1a49 sc_fly_static elementor-widget elementor-widget-spacer\" data-id=\"a0b1a49\" data-element_type=\"widget\" data-widget_type=\"spacer.default\">\n\t\t\t\t\t\t\t<div class=\"elementor-spacer\">\n\t\t\t<div class=\"elementor-spacer-inner\"><\/div>\n\t\t<\/div>\n\t\t\t\t\t\t<\/div>\n\t\t\t\t\t<\/div>\n\t\t\t\t<\/div>\n\t\t<div class=\"elementor-element elementor-element-4a5628a e-flex e-con-boxed sc_layouts_column_icons_position_left e-con e-parent\" data-id=\"4a5628a\" data-element_type=\"container\">\n\t\t\t\t\t<div class=\"e-con-inner\">\n\t\t<div class=\"elementor-element elementor-element-5e82c11 e-con-full e-flex sc_layouts_column_icons_position_left e-con e-child\" data-id=\"5e82c11\" data-element_type=\"container\">\n\t\t\t\t<div class=\"elementor-element elementor-element-0c94110 sc_fly_static elementor-widget elementor-widget-trx_sc_title\" data-id=\"0c94110\" data-element_type=\"widget\" data-widget_type=\"trx_sc_title.default\">\n\t\t\t\t<div class=\"elementor-widget-container\">\n\t\t\t\t\t<div\t\tclass=\"sc_title sc_title_default\" ><h3 class=\"sc_item_title sc_title_title sc_item_title_style_default sc_item_title_tag\"\n\t\t\t><span class=\"sc_item_title_text\">Raisons de la r\u00e9duction mammaire<\/span><\/h3><\/div>\t\t\t\t<\/div>\n\t\t\t\t<\/div>\n\t\t\t\t<\/div>\n\t\t\t\t\t<\/div>\n\t\t\t\t<\/div>\n\t\t<div class=\"elementor-element elementor-element-1945171 e-flex e-con-boxed sc_layouts_column_icons_position_left e-con e-parent\" data-id=\"1945171\" data-element_type=\"container\">\n\t\t\t\t\t<div class=\"e-con-inner\">\n\t\t<div class=\"elementor-element elementor-element-e64032f e-con-full e-flex sc_layouts_column_icons_position_left e-con e-child\" data-id=\"e64032f\" data-element_type=\"container\">\n\t\t\t\t<div class=\"elementor-element elementor-element-e66f844 sc_fly_static elementor-widget elementor-widget-text-editor\" data-id=\"e66f844\" data-element_type=\"widget\" data-widget_type=\"text-editor.default\">\n\t\t\t\t\t\t\t\t\t<p data-start=\"397\" data-end=\"417\"><strong data-start=\"397\" data-end=\"417\">Raisons m\u00e9dicales :<\/strong><\/p><ul data-start=\"418\" data-end=\"634\"><li data-start=\"418\" data-end=\"464\"><p data-start=\"420\" data-end=\"464\">Douleurs chroniques au niveau du dos, du cou ou des \u00e9paules<\/p><\/li><li data-start=\"465\" data-end=\"489\"><p data-start=\"467\" data-end=\"489\">Probl\u00e8mes posturaux<\/p><\/li><li data-start=\"490\" data-end=\"532\"><p data-start=\"492\" data-end=\"532\">Irritation de la peau sous la poitrine<\/p><\/li><li data-start=\"533\" data-end=\"588\"><p data-start=\"535\" data-end=\"588\">Bretelles de soutien-gorge qui s'enfoncent dans les \u00e9paules<\/p><\/li><li data-start=\"589\" data-end=\"611\"><p data-start=\"591\" data-end=\"611\">Mobilit\u00e9 limit\u00e9e<\/p><\/li><li data-start=\"612\" data-end=\"634\"><p data-start=\"614\" data-end=\"634\">Stress psychologique<\/p><\/li><\/ul><p data-start=\"636\" data-end=\"658\"><strong data-start=\"636\" data-end=\"658\">Raisons esth\u00e9tiques :<\/strong><\/p><ul data-start=\"659\" data-end=\"711\"><li data-start=\"659\" data-end=\"711\"><p data-start=\"661\" data-end=\"711\">D\u00e9sir de seins plus fermes et plus petits<\/p><\/li><\/ul>\t\t\t\t\t\t\t\t<\/div>\n\t\t\t\t<\/div>\n\t\t\t\t\t<\/div>\n\t\t\t\t<\/div>\n\t\t<div class=\"elementor-element elementor-element-d30b2ec e-flex e-con-boxed sc_layouts_column_icons_position_left e-con e-parent\" data-id=\"d30b2ec\" data-element_type=\"container\">\n\t\t\t\t\t<div class=\"e-con-inner\">\n\t\t<div class=\"elementor-element elementor-element-64838d7 e-con-full e-flex sc_layouts_column_icons_position_left e-con e-child\" data-id=\"64838d7\" data-element_type=\"container\">\n\t\t<div class=\"elementor-element elementor-element-aa4b741 e-con-full e-flex sc_layouts_column_icons_position_left e-con e-child\" data-id=\"aa4b741\" data-element_type=\"container\">\n\t\t\t\t<div class=\"elementor-element elementor-element-6203115 sc_fly_static elementor-widget elementor-widget-image\" data-id=\"6203115\" data-element_type=\"widget\" data-widget_type=\"image.default\">\n\t\t\t\t\t\t\t\t\t\t\t\t\t\t\t<img fetchpriority=\"high\" decoding=\"async\" width=\"1000\" height=\"400\" src=\"https:\/\/banusmedical.com\/wp-content\/uploads\/2025\/12\/Breastreduction-img2.webp\" class=\"attachment-large size-large wp-image-219\" alt=\"\" srcset=\"https:\/\/banusmedical.com\/wp-content\/uploads\/2025\/12\/Breastreduction-img2.webp 1000w, https:\/\/banusmedical.com\/wp-content\/uploads\/2025\/12\/Breastreduction-img2-300x120.webp 300w, https:\/\/banusmedical.com\/wp-content\/uploads\/2025\/12\/Breastreduction-img2-768x307.webp 768w, https:\/\/banusmedical.com\/wp-content\/uploads\/2025\/12\/Breastreduction-img2-370x148.webp 370w, https:\/\/banusmedical.com\/wp-content\/uploads\/2025\/12\/Breastreduction-img2-840x336.webp 840w, https:\/\/banusmedical.com\/wp-content\/uploads\/2025\/12\/Breastreduction-img2-410x164.webp 410w\" sizes=\"(max-width: 1000px) 100vw, 1000px\" \/>\t\t\t\t\t\t\t\t\t\t\t\t\t\t\t<\/div>\n\t\t\t\t<\/div>\n\t\t\t\t<\/div>\n\t\t\t\t\t<\/div>\n\t\t\t\t<\/div>\n\t\t<div class=\"elementor-element elementor-element-210057a e-flex e-con-boxed sc_layouts_column_icons_position_left e-con e-parent\" data-id=\"210057a\" data-element_type=\"container\">\n\t\t\t\t\t<div class=\"e-con-inner\">\n\t\t\t\t<div class=\"elementor-element elementor-element-a8010d0 sc_fly_static elementor-widget elementor-widget-spacer\" data-id=\"a8010d0\" data-element_type=\"widget\" data-widget_type=\"spacer.default\">\n\t\t\t\t\t\t\t<div class=\"elementor-spacer\">\n\t\t\t<div class=\"elementor-spacer-inner\"><\/div>\n\t\t<\/div>\n\t\t\t\t\t\t<\/div>\n\t\t\t\t\t<\/div>\n\t\t\t\t<\/div>\n\t\t<div class=\"elementor-element elementor-element-c0ac427 e-flex e-con-boxed sc_layouts_column_icons_position_left e-con e-parent\" data-id=\"c0ac427\" data-element_type=\"container\">\n\t\t\t\t\t<div class=\"e-con-inner\">\n\t\t\t\t<div class=\"elementor-element elementor-element-6bd3564 sc_fly_static elementor-widget elementor-widget-trx_sc_title\" data-id=\"6bd3564\" data-element_type=\"widget\" data-widget_type=\"trx_sc_title.default\">\n\t\t\t\t<div class=\"elementor-widget-container\">\n\t\t\t\t\t<div\t\tclass=\"sc_title sc_title_default\" ><h3 class=\"sc_item_title sc_title_title sc_item_title_style_default sc_item_title_tag\"\n\t\t\t><span class=\"sc_item_title_text\">Proc\u00e9dure chirurgicale<\/span><\/h3><\/div>\t\t\t\t<\/div>\n\t\t\t\t<\/div>\n\t\t\t\t\t<\/div>\n\t\t\t\t<\/div>\n\t\t<div class=\"elementor-element elementor-element-0451533 e-flex e-con-boxed sc_layouts_column_icons_position_left e-con e-parent\" data-id=\"0451533\" data-element_type=\"container\">\n\t\t\t\t\t<div class=\"e-con-inner\">\n\t\t<div class=\"elementor-element elementor-element-f0d2f43 e-con-full e-flex sc_layouts_column_icons_position_left e-con e-child\" data-id=\"f0d2f43\" data-element_type=\"container\">\n\t\t<div class=\"elementor-element elementor-element-d4acca6 e-con-full e-flex sc_layouts_column_icons_position_left e-con e-child\" data-id=\"d4acca6\" data-element_type=\"container\">\n\t\t\t\t<div class=\"elementor-element elementor-element-66d6c68 sc_fly_static elementor-widget elementor-widget-text-editor\" data-id=\"66d6c68\" data-element_type=\"widget\" data-widget_type=\"text-editor.default\">\n\t\t\t\t\t\t\t\t\t<p data-start=\"748\" data-end=\"764\"><strong data-start=\"748\" data-end=\"764\">Pr\u00e9paration :<\/strong><\/p><ul data-start=\"765\" data-end=\"889\"><li data-start=\"765\" data-end=\"814\"><p data-start=\"767\" data-end=\"814\">Consultation informative avec le chirurgien plasticien<\/p><\/li><li data-start=\"815\" data-end=\"857\"><p data-start=\"817\" data-end=\"857\">Mammographie ou \u00e9chographie si n\u00e9cessaire<\/p><\/li><li data-start=\"858\" data-end=\"889\"><p data-start=\"860\" data-end=\"889\">Analyses sanguines, ECG, etc.<\/p><\/li><\/ul><p data-start=\"891\" data-end=\"916\"><strong data-start=\"891\" data-end=\"916\">Techniques chirurgicales :<\/strong><\/p><ul data-start=\"917\" data-end=\"1338\"><li data-start=\"917\" data-end=\"1050\"><p data-start=\"919\" data-end=\"1050\"><strong data-start=\"919\" data-end=\"937\">Incision en forme de T :<\/strong> autour du mamelon, verticalement vers le bas et dans le sillon sous-mammaire, indiqu\u00e9 dans les cas de macromastie extr\u00eame<\/p><\/li><li data-start=\"1051\" data-end=\"1171\"><p data-start=\"1053\" data-end=\"1171\"><strong data-start=\"1053\" data-end=\"1072\">Lejour technique :<\/strong> technique moderne avec cicatrice minimale, incision autour du mamelon et uniquement verticale vers le bas<\/p><\/li><li data-start=\"1172\" data-end=\"1338\"><p data-start=\"1174\" data-end=\"1338\"><strong data-start=\"1174\" data-end=\"1190\">Liposuccion :<\/strong> en particulier chez les hommes pr\u00e9sentant une gyn\u00e9comastie ; si n\u00e9cessaire, une incision p\u00e9riar\u00e9olaire suppl\u00e9mentaire avec une cicatrice minimale autour du mamelon est pratiqu\u00e9e<\/p><\/li><\/ul><p data-start=\"1340\" data-end=\"1461\"><strong data-start=\"1340\" data-end=\"1353\">Dur\u00e9e de l'enqu\u00eate :<\/strong> 2-4 heures<br data-start=\"1363\" data-end=\"1366\" \/><strong data-start=\"1366\" data-end=\"1380\">Anesth\u00e9sie :<\/strong> anesth\u00e9sie g\u00e9n\u00e9rale<br data-start=\"1398\" data-end=\"1401\" \/><strong data-start=\"1401\" data-end=\"1427\">S\u00e9jour \u00e0 l'h\u00f4pital :<\/strong> 1-3 jours (en fonction de la proc\u00e9dure)<\/p>\t\t\t\t\t\t\t\t<\/div>\n\t\t\t\t<\/div>\n\t\t\t\t<\/div>\n\t\t\t\t\t<\/div>\n\t\t\t\t<\/div>\n\t\t<div class=\"elementor-element elementor-element-1512bdc e-flex e-con-boxed sc_layouts_column_icons_position_left e-con e-parent\" data-id=\"1512bdc\" data-element_type=\"container\">\n\t\t\t\t\t<div class=\"e-con-inner\">\n\t\t\t\t<div class=\"elementor-element elementor-element-ee43c9a sc_fly_static elementor-widget elementor-widget-spacer\" data-id=\"ee43c9a\" data-element_type=\"widget\" data-widget_type=\"spacer.default\">\n\t\t\t\t\t\t\t<div class=\"elementor-spacer\">\n\t\t\t<div class=\"elementor-spacer-inner\"><\/div>\n\t\t<\/div>\n\t\t\t\t\t\t<\/div>\n\t\t\t\t\t<\/div>\n\t\t\t\t<\/div>\n\t\t<div class=\"e-con-with-custom-width elementor-element elementor-element-8242b7a e-con-full e-flex sc_layouts_column_icons_position_left e-con e-parent\" data-id=\"8242b7a\" data-element_type=\"container\">\n\t\t<div class=\"elementor-element elementor-element-1fc955d e-con-full e-flex sc_layouts_column_icons_position_left e-con e-child\" data-id=\"1fc955d\" data-element_type=\"container\">\n\t\t<div class=\"elementor-element elementor-element-931ec72 e-con-full e-flex sc_layouts_column_icons_position_left e-con e-child\" data-id=\"931ec72\" data-element_type=\"container\">\n\t\t<div class=\"elementor-element elementor-element-55ceb9b e-con-full e-flex sc_layouts_column_icons_position_left e-con e-child\" data-id=\"55ceb9b\" data-element_type=\"container\">\n\t\t\t\t<div class=\"elementor-element elementor-element-b2501b3 sc_fly_static elementor-widget elementor-widget-image\" data-id=\"b2501b3\" data-element_type=\"widget\" data-widget_type=\"image.default\">\n\t\t\t\t\t\t\t\t\t\t\t\t\t\t\t<img decoding=\"async\" width=\"675\" height=\"844\" src=\"https:\/\/banusmedical.com\/wp-content\/uploads\/2026\/01\/Untitled-design-97.jpg\" class=\"attachment-large size-large wp-image-1041\" alt=\"\" srcset=\"https:\/\/banusmedical.com\/wp-content\/uploads\/2026\/01\/Untitled-design-97.jpg 675w, https:\/\/banusmedical.com\/wp-content\/uploads\/2026\/01\/Untitled-design-97-240x300.jpg 240w, https:\/\/banusmedical.com\/wp-content\/uploads\/2026\/01\/Untitled-design-97-370x463.jpg 370w, https:\/\/banusmedical.com\/wp-content\/uploads\/2026\/01\/Untitled-design-97-410x513.jpg 410w\" sizes=\"(max-width: 675px) 100vw, 675px\" \/>\t\t\t\t\t\t\t\t\t\t\t\t\t\t\t<\/div>\n\t\t\t\t<\/div>\n\t\t<div class=\"elementor-element elementor-element-a1eed7f e-con-full e-flex sc_layouts_column_icons_position_left e-con e-child\" data-id=\"a1eed7f\" data-element_type=\"container\">\n\t\t<div class=\"elementor-element elementor-element-acacc00 e-con-full e-flex sc_layouts_column_icons_position_left e-con e-child\" data-id=\"acacc00\" data-element_type=\"container\">\n\t\t\t\t<div class=\"elementor-element elementor-element-6f8694c elementor-widget__width-initial sc_fly_static elementor-widget elementor-widget-trx_sc_title\" data-id=\"6f8694c\" data-element_type=\"widget\" data-widget_type=\"trx_sc_title.default\">\n\t\t\t\t<div class=\"elementor-widget-container\">\n\t\t\t\t\t<div\t\tclass=\"sc_title sc_title_default\" ><h3 class=\"sc_item_title sc_title_title sc_item_title_style_default sc_item_title_tag\"\n\t\t\t><span class=\"sc_item_title_text\">R\u00e9tablissement et suivi<\/span><\/h3><\/div>\t\t\t\t<\/div>\n\t\t\t\t<\/div>\n\t\t\t\t<\/div>\n\t\t<div class=\"elementor-element elementor-element-97c0eaa e-con-full e-flex sc_layouts_column_icons_position_left e-con e-child\" data-id=\"97c0eaa\" data-element_type=\"container\">\n\t\t\t\t<div class=\"elementor-element elementor-element-1b119fc elementor-widget__width-initial sc_fly_static elementor-widget elementor-widget-text-editor\" data-id=\"1b119fc\" data-element_type=\"widget\" data-widget_type=\"text-editor.default\">\n\t\t\t\t\t\t\t\t\t<ul><li data-start=\"1508\" data-end=\"1547\"><p data-start=\"1510\" data-end=\"1547\"><strong data-start=\"1510\" data-end=\"1528\">Repos physique :<\/strong> environ 2 semaines<\/p><\/li><li data-start=\"1548\" data-end=\"1613\"><p data-start=\"1550\" data-end=\"1613\"><strong data-start=\"1550\" data-end=\"1573\">Soutien-gorge sp\u00e9cial :<\/strong> utilisation pendant environ 6 semaines<\/p><\/li><li data-start=\"1614\" data-end=\"1683\"><p data-start=\"1616\" data-end=\"1683\"><strong data-start=\"1616\" data-end=\"1637\">Activit\u00e9 physique :<\/strong> \u00e9viter de faire de l'exercice pendant au moins 6 semaines<\/p><\/li><li data-start=\"1684\" data-end=\"1778\"><p data-start=\"1686\" data-end=\"1778\"><strong data-start=\"1686\" data-end=\"1712\">Soins des cicatrices :<\/strong> traitement r\u00e9gulier et protection solaire pendant au moins 6 mois<\/p><\/li><li data-start=\"1779\" data-end=\"1840\"><p data-start=\"1781\" data-end=\"1840\"><strong data-start=\"1781\" data-end=\"1803\">Examens m\u00e9dicaux :<\/strong> r\u00e9examens p\u00e9riodiques recommand\u00e9s<\/p><\/li><\/ul>\t\t\t\t\t\t\t\t<\/div>\n\t\t\t\t<\/div>\n\t\t\t\t<\/div>\n\t\t\t\t<\/div>\n\t\t\t\t<\/div>\n\t\t\t\t<\/div>\n\t\t<div class=\"elementor-element elementor-element-9da1e2c e-flex e-con-boxed sc_layouts_column_icons_position_left e-con e-parent\" data-id=\"9da1e2c\" data-element_type=\"container\">\n\t\t\t\t\t<div class=\"e-con-inner\">\n\t\t\t\t<div class=\"elementor-element elementor-element-b5210f6 sc_fly_static elementor-widget elementor-widget-spacer\" data-id=\"b5210f6\" data-element_type=\"widget\" data-widget_type=\"spacer.default\">\n\t\t\t\t\t\t\t<div class=\"elementor-spacer\">\n\t\t\t<div class=\"elementor-spacer-inner\"><\/div>\n\t\t<\/div>\n\t\t\t\t\t\t<\/div>\n\t\t\t\t\t<\/div>\n\t\t\t\t<\/div>\n\t\t<div class=\"elementor-element elementor-element-5fda542 e-flex e-con-boxed sc_layouts_column_icons_position_left e-con e-parent\" data-id=\"5fda542\" data-element_type=\"container\">\n\t\t\t\t\t<div class=\"e-con-inner\">\n\t\t\t\t<div class=\"elementor-element elementor-element-39da7d3 sc_fly_static elementor-widget elementor-widget-trx_sc_title\" data-id=\"39da7d3\" data-element_type=\"widget\" data-widget_type=\"trx_sc_title.default\">\n\t\t\t\t<div class=\"elementor-widget-container\">\n\t\t\t\t\t<div\t\tclass=\"sc_title sc_title_default\" ><h3 class=\"sc_item_title sc_title_title sc_item_title_style_default sc_item_title_tag\"\n\t\t\t><span class=\"sc_item_title_text\">Risques et complications possibles<\/span><\/h3><\/div>\t\t\t\t<\/div>\n\t\t\t\t<\/div>\n\t\t\t\t\t<\/div>\n\t\t\t\t<\/div>\n\t\t<div class=\"elementor-element elementor-element-dc2805b e-flex e-con-boxed sc_layouts_column_icons_position_left e-con e-parent\" data-id=\"dc2805b\" data-element_type=\"container\">\n\t\t\t\t\t<div class=\"e-con-inner\">\n\t\t<div class=\"elementor-element elementor-element-a562061 e-con-full e-flex sc_layouts_column_icons_position_left e-con e-child\" data-id=\"a562061\" data-element_type=\"container\">\n\t\t<div class=\"elementor-element elementor-element-67ed9fa e-con-full e-flex sc_layouts_column_icons_position_left e-con e-child\" data-id=\"67ed9fa\" data-element_type=\"container\">\n\t\t<div class=\"elementor-element elementor-element-b17b36e e-con-full e-flex sc_layouts_column_icons_position_left e-con e-child\" data-id=\"b17b36e\" data-element_type=\"container\">\n\t\t\t\t<div class=\"elementor-element elementor-element-d6a8da0 sc_fly_static elementor-widget elementor-widget-text-editor\" data-id=\"d6a8da0\" data-element_type=\"widget\" data-widget_type=\"text-editor.default\">\n\t\t\t\t\t\t\t\t\t<ul><li data-start=\"1885\" data-end=\"1928\"><p data-start=\"1887\" data-end=\"1928\">Probl\u00e8mes de cicatrisation, infections<\/p><\/li><li data-start=\"1929\" data-end=\"1996\"><p data-start=\"1931\" data-end=\"1996\">Alt\u00e9ration de la sensibilit\u00e9 du sein ou du mamelon (tr\u00e8s rare)<\/p><\/li><li data-start=\"1997\" data-end=\"2021\"><p data-start=\"1999\" data-end=\"2021\">Ecchymoses ou saignements<\/p><\/li><li data-start=\"2022\" data-end=\"2079\"><p data-start=\"2024\" data-end=\"2079\">Cicatrices (ch\u00e9lo\u00efdes chez les personnes pr\u00e9dispos\u00e9es)<\/p><\/li><li data-start=\"2080\" data-end=\"2138\"><p data-start=\"2082\" data-end=\"2138\">Limitation possible de la capacit\u00e9 d'allaitement (rare)<\/p><\/li><li data-start=\"2139\" data-end=\"2162\" data-is-last-node=\"\"><p data-start=\"2141\" data-end=\"2162\" data-is-last-node=\"\">Asym\u00e9tries (tr\u00e8s rares)<\/p><\/li><\/ul>\t\t\t\t\t\t\t\t<\/div>\n\t\t\t\t<\/div>\n\t\t\t\t<\/div>\n\t\t\t\t<\/div>\n\t\t\t\t\t<\/div>\n\t\t\t\t<\/div>\n\t\t<div class=\"elementor-element elementor-element-57fc901 e-flex e-con-boxed sc_layouts_column_icons_position_left e-con e-parent\" data-id=\"57fc901\" data-element_type=\"container\">\n\t\t\t\t\t<div class=\"e-con-inner\">\n\t\t\t\t<div class=\"elementor-element elementor-element-51edf3e sc_height_small sc_fly_static elementor-widget elementor-widget-spacer\" data-id=\"51edf3e\" data-element_type=\"widget\" data-widget_type=\"spacer.default\">\n\t\t\t\t\t\t\t<div class=\"elementor-spacer\">\n\t\t\t<div class=\"elementor-spacer-inner\"><\/div>\n\t\t<\/div>\n\t\t\t\t\t\t<\/div>\n\t\t\t\t\t<\/div>\n\t\t\t\t<\/div>\n\t\t<div class=\"elementor-element elementor-element-02339e7 e-flex e-con-boxed sc_layouts_column_icons_position_left e-con e-parent\" data-id=\"02339e7\" data-element_type=\"container\">\n\t\t\t\t\t<div class=\"e-con-inner\">\n\t\t\t\t<div class=\"elementor-element elementor-element-c31d162 sc_fly_static elementor-widget elementor-widget-shortcode\" data-id=\"c31d162\" data-element_type=\"widget\" data-widget_type=\"shortcode.default\">\n\t\t\t\t\t\t\t<div class=\"elementor-shortcode\"><div class=\"latepoint-book-form-wrapper os-loading os_init_booking_form\" id=\"latepointBookForm_69d07a53d7e3e\" >\n\t\t\t\t\t\t<div class=\"latepoint-w latepoint-inline-form latepoint-show-side-panel\">\n\t\t\t\t\t\t\t<div class=\"latepoint-booking-form-element\">\n\t\t\t\t\t\t\t\t<div class=\"latepoint-side-panel\"><\/div>\n\t\t\t\t\t\t\t\t<div class=\"latepoint-form-w\"><\/div>\n\t\t\t\t\t\t\t<\/div>\n\t\t\t\t\t\t<\/div>\n\t\t\t\t\t<\/div><\/div>\n\t\t\t\t\t\t<\/div>\n\t\t\t\t\t<\/div>\n\t\t\t\t<\/div>\n\t\t\t\t<\/div>","protected":false},"excerpt":{"rendered":"<p>La reducci\u00f3n de pecho (conocida m\u00e9dicamente como mamoplastia de reducci\u00f3n) es un procedimiento quir\u00fargico destinado a reducir y remodelar el pecho femenino. Puede realizarse por motivos est\u00e9ticos o m\u00e9dicos, como&hellip;<\/p>","protected":false},"author":1,"featured_media":0,"parent":0,"menu_order":0,"comment_status":"closed","ping_status":"closed","template":"","meta":{"inline_featured_image":false,"footnotes":""},"class_list":["post-1034","page","type-page","status-publish","hentry"],"_hostinger_reach_plugin_has_subscription_block":false,"_hostinger_reach_plugin_is_elementor":false,"_links":{"self":[{"href":"https:\/\/banusmedical.com\/fr\/wp-json\/wp\/v2\/pages\/1034","targetHints":{"allow":["GET"]}}],"collection":[{"href":"https:\/\/banusmedical.com\/fr\/wp-json\/wp\/v2\/pages"}],"about":[{"href":"https:\/\/banusmedical.com\/fr\/wp-json\/wp\/v2\/types\/page"}],"author":[{"embeddable":true,"href":"https:\/\/banusmedical.com\/fr\/wp-json\/wp\/v2\/users\/1"}],"replies":[{"embeddable":true,"href":"https:\/\/banusmedical.com\/fr\/wp-json\/wp\/v2\/comments?post=1034"}],"version-history":[{"count":13,"href":"https:\/\/banusmedical.com\/fr\/wp-json\/wp\/v2\/pages\/1034\/revisions"}],"predecessor-version":[{"id":1654,"href":"https:\/\/banusmedical.com\/fr\/wp-json\/wp\/v2\/pages\/1034\/revisions\/1654"}],"wp:attachment":[{"href":"https:\/\/banusmedical.com\/fr\/wp-json\/wp\/v2\/media?parent=1034"}],"curies":[{"name":"wp","href":"https:\/\/api.w.org\/{rel}","templated":true}]}}