{"id":1226,"date":"2026-01-10T13:51:39","date_gmt":"2026-01-10T13:51:39","guid":{"rendered":"https:\/\/banusmedical.com\/?page_id=1226"},"modified":"2026-02-01T14:57:03","modified_gmt":"2026-02-01T14:57:03","slug":"abdominoplastie","status":"publish","type":"page","link":"https:\/\/banusmedical.com\/fr\/abdominoplastie\/","title":{"rendered":"Abdominoplastie"},"content":{"rendered":"<div data-elementor-type=\"wp-page\" data-elementor-id=\"1226\" class=\"elementor elementor-1226\" data-elementor-post-type=\"page\">\n\t\t\t\t<div class=\"elementor-element elementor-element-038fbb7 e-flex e-con-boxed sc_layouts_column_icons_position_left e-con e-parent\" data-id=\"038fbb7\" data-element_type=\"container\">\n\t\t\t\t\t<div class=\"e-con-inner\">\n\t\t<div class=\"e-con-gap-no elementor-element elementor-element-8ce6f94 e-con-full e-flex sc_layouts_column_icons_position_left e-con e-child\" data-animation-type=\"sequental\" data-animation-stagger=\"\" data-id=\"8ce6f94\" data-element_type=\"container\" data-settings=\"{&quot;background_background&quot;:&quot;video&quot;,&quot;background_video_link&quot;:&quot;https:\\\/\\\/vimeo.com\\\/1146577402?share=copy&amp;fl=sv&amp;fe=ci&quot;,&quot;background_play_on_mobile&quot;:&quot;yes&quot;,&quot;animation&quot;:&quot;none&quot;}\">\n\t\t<div class=\"elementor-background-video-container\" aria-hidden=\"true\">\n\t\t\t\t\t\t\t<div class=\"elementor-background-video-embed\"><\/div>\n\t\t\t\t\t\t<\/div>\t\t<\/div>\n\t\t\t\t\t<\/div>\n\t\t\t\t<\/div>\n\t\t<div class=\"elementor-element elementor-element-b8fd6fc e-flex e-con-boxed sc_layouts_column_icons_position_left e-con e-parent\" data-id=\"b8fd6fc\" data-element_type=\"container\">\n\t\t\t\t\t<div class=\"e-con-inner\">\n\t\t\t\t<div class=\"elementor-element elementor-element-d299821 sc_fly_static elementor-widget elementor-widget-spacer\" data-id=\"d299821\" data-element_type=\"widget\" data-widget_type=\"spacer.default\">\n\t\t\t\t\t\t\t<div class=\"elementor-spacer\">\n\t\t\t<div class=\"elementor-spacer-inner\"><\/div>\n\t\t<\/div>\n\t\t\t\t\t\t<\/div>\n\t\t\t\t\t<\/div>\n\t\t\t\t<\/div>\n\t\t<div class=\"elementor-element elementor-element-9886f04 e-flex e-con-boxed sc_layouts_column_icons_position_left e-con e-parent\" data-id=\"9886f04\" data-element_type=\"container\">\n\t\t\t\t\t<div class=\"e-con-inner\">\n\t\t\t\t<div class=\"elementor-element elementor-element-f545298 sc_fly_static elementor-widget elementor-widget-text-editor\" data-id=\"f545298\" data-element_type=\"widget\" data-widget_type=\"text-editor.default\">\n\t\t\t\t\t\t\t\t\t<p>Le <strong data-start=\"24\" data-end=\"43\">abdominoplastie<\/strong> est une intervention chirurgicale visant \u00e0 resserrer la paroi abdominale. Elle est g\u00e9n\u00e9ralement pratiqu\u00e9e pour des raisons esth\u00e9tiques ou reconstructives, par exemple \u00e0 la suite d'une perte de poids importante, d'une grossesse ou d'un rel\u00e2chement de la peau li\u00e9 \u00e0 l'\u00e2ge.<\/p>\t\t\t\t\t\t\t\t<\/div>\n\t\t\t\t\t<\/div>\n\t\t\t\t<\/div>\n\t\t<div class=\"elementor-element elementor-element-8e4ed0e e-flex e-con-boxed sc_layouts_column_icons_position_left e-con e-parent\" data-id=\"8e4ed0e\" data-element_type=\"container\">\n\t\t\t\t\t<div class=\"e-con-inner\">\n\t\t\t\t<div class=\"elementor-element elementor-element-54f79ae sc_height_small sc_fly_static elementor-widget elementor-widget-spacer\" data-id=\"54f79ae\" data-element_type=\"widget\" data-widget_type=\"spacer.default\">\n\t\t\t\t\t\t\t<div class=\"elementor-spacer\">\n\t\t\t<div class=\"elementor-spacer-inner\"><\/div>\n\t\t<\/div>\n\t\t\t\t\t\t<\/div>\n\t\t\t\t\t<\/div>\n\t\t\t\t<\/div>\n\t\t<div class=\"elementor-element elementor-element-f24c379 e-flex e-con-boxed sc_layouts_column_icons_position_left e-con e-parent\" data-id=\"f24c379\" data-element_type=\"container\">\n\t\t\t\t\t<div class=\"e-con-inner\">\n\t\t\t\t<div class=\"elementor-element elementor-element-29d9d68 sc_fly_static elementor-widget elementor-widget-trx_sc_title\" data-id=\"29d9d68\" data-element_type=\"widget\" data-widget_type=\"trx_sc_title.default\">\n\t\t\t\t<div class=\"elementor-widget-container\">\n\t\t\t\t\t<div\t\tclass=\"sc_title sc_title_default\" ><h3 class=\"sc_item_title sc_title_title sc_item_title_style_default sc_item_title_tag\"\n\t\t\t><span class=\"sc_item_title_text\">Que se passe-t-il pendant l'op\u00e9ration ?<\/span><\/h3><\/div>\t\t\t\t<\/div>\n\t\t\t\t<\/div>\n\t\t\t\t\t<\/div>\n\t\t\t\t<\/div>\n\t\t<div class=\"elementor-element elementor-element-86ad853 e-flex e-con-boxed sc_layouts_column_icons_position_left e-con e-parent\" data-id=\"86ad853\" data-element_type=\"container\">\n\t\t\t\t\t<div class=\"e-con-inner\">\n\t\t\t\t<div class=\"elementor-element elementor-element-77b350f sc_fly_static elementor-widget elementor-widget-text-editor\" data-id=\"77b350f\" data-element_type=\"widget\" data-widget_type=\"text-editor.default\">\n\t\t\t\t\t\t\t\t\t<p data-start=\"339\" data-end=\"519\">Lors d'une abdominoplastie, le chirurgien enl\u00e8ve l'exc\u00e8s de peau et de graisse dans la partie inf\u00e9rieure de l'abdomen et resserre les muscles sous-jacents. L'objectif est d'obtenir un abdomen plat et ferme.<\/p><p data-start=\"521\" data-end=\"542\"><strong data-start=\"521\" data-end=\"542\">D\u00e9marches habituelles :<\/strong><\/p><ul data-start=\"543\" data-end=\"915\"><li data-start=\"543\" data-end=\"626\"><p data-start=\"545\" data-end=\"626\"><strong data-start=\"545\" data-end=\"558\">Incision :<\/strong> g\u00e9n\u00e9ralement horizontale, au-dessus du pubis (ligne du maillot).<\/p><\/li><li data-start=\"627\" data-end=\"706\"><p data-start=\"629\" data-end=\"706\"><strong data-start=\"629\" data-end=\"659\">R\u00e9duction de la peau et de la graisse :<\/strong> l'exc\u00e8s de peau et de tissu adipeux est retir\u00e9.<\/p><\/li><li data-start=\"707\" data-end=\"818\"><p data-start=\"709\" data-end=\"818\"><strong data-start=\"709\" data-end=\"730\">Resserrement des muscles :<\/strong> les muscles du grand droit de l'abdomen (diastase du grand droit de l'abdomen) sont g\u00e9n\u00e9ralement r\u00e9align\u00e9s et sutur\u00e9s.<\/p><\/li><li data-start=\"819\" data-end=\"915\"><p data-start=\"821\" data-end=\"915\"><strong data-start=\"821\" data-end=\"855\">Repositionnement de l'ombilic :<\/strong> si l'on enl\u00e8ve trop de peau, il faut repositionner l'ombilic.<\/p><\/li><\/ul>\t\t\t\t\t\t\t\t<\/div>\n\t\t\t\t\t<\/div>\n\t\t\t\t<\/div>\n\t\t<div class=\"elementor-element elementor-element-c0b2317 e-flex e-con-boxed sc_layouts_column_icons_position_left e-con e-parent\" data-id=\"c0b2317\" data-element_type=\"container\">\n\t\t\t\t\t<div class=\"e-con-inner\">\n\t\t\t\t<div class=\"elementor-element elementor-element-2d2e9b5 sc_height_small sc_fly_static elementor-widget elementor-widget-spacer\" data-id=\"2d2e9b5\" data-element_type=\"widget\" data-widget_type=\"spacer.default\">\n\t\t\t\t\t\t\t<div class=\"elementor-spacer\">\n\t\t\t<div class=\"elementor-spacer-inner\"><\/div>\n\t\t<\/div>\n\t\t\t\t\t\t<\/div>\n\t\t\t\t\t<\/div>\n\t\t\t\t<\/div>\n\t\t<div class=\"e-con-gap-no elementor-element elementor-element-f75da18 e-flex e-con-boxed sc_layouts_column_icons_position_left e-con e-parent\" data-id=\"f75da18\" data-element_type=\"container\">\n\t\t\t\t\t<div class=\"e-con-inner\">\n\t\t<div class=\"elementor-element elementor-element-763dd20 e-con-full e-flex sc_layouts_column_icons_position_left e-con e-child\" data-id=\"763dd20\" data-element_type=\"container\">\n\t\t<div class=\"elementor-element elementor-element-97c7cc6 e-con-full e-flex sc_layouts_column_icons_position_left e-con e-child\" data-id=\"97c7cc6\" data-element_type=\"container\">\n\t\t\t\t<div class=\"elementor-element elementor-element-d3be846 sc_fly_static elementor-widget elementor-widget-image\" data-id=\"d3be846\" data-element_type=\"widget\" data-widget_type=\"image.default\">\n\t\t\t\t\t\t\t\t\t\t\t\t\t\t\t<img fetchpriority=\"high\" decoding=\"async\" width=\"810\" height=\"810\" src=\"https:\/\/banusmedical.com\/wp-content\/uploads\/2026\/01\/Untitled-design-2026-01-10T131514.147.jpg\" class=\"attachment-large size-large wp-image-1192\" alt=\"\" srcset=\"https:\/\/banusmedical.com\/wp-content\/uploads\/2026\/01\/Untitled-design-2026-01-10T131514.147.jpg 810w, https:\/\/banusmedical.com\/wp-content\/uploads\/2026\/01\/Untitled-design-2026-01-10T131514.147-300x300.jpg 300w, https:\/\/banusmedical.com\/wp-content\/uploads\/2026\/01\/Untitled-design-2026-01-10T131514.147-150x150.jpg 150w, https:\/\/banusmedical.com\/wp-content\/uploads\/2026\/01\/Untitled-design-2026-01-10T131514.147-768x768.jpg 768w, https:\/\/banusmedical.com\/wp-content\/uploads\/2026\/01\/Untitled-design-2026-01-10T131514.147-370x370.jpg 370w, https:\/\/banusmedical.com\/wp-content\/uploads\/2026\/01\/Untitled-design-2026-01-10T131514.147-120x120.jpg 120w, https:\/\/banusmedical.com\/wp-content\/uploads\/2026\/01\/Untitled-design-2026-01-10T131514.147-410x410.jpg 410w\" sizes=\"(max-width: 810px) 100vw, 810px\" \/>\t\t\t\t\t\t\t\t\t\t\t\t\t\t\t<\/div>\n\t\t\t\t<\/div>\n\t\t<div class=\"elementor-element elementor-element-b94629f e-con-full e-flex sc_layouts_column_icons_position_left e-con e-child\" data-id=\"b94629f\" data-element_type=\"container\">\n\t\t\t\t<div class=\"elementor-element elementor-element-98f6c7e sc_fly_static elementor-widget elementor-widget-trx_sc_title\" data-id=\"98f6c7e\" data-element_type=\"widget\" data-widget_type=\"trx_sc_title.default\">\n\t\t\t\t<div class=\"elementor-widget-container\">\n\t\t\t\t\t<div\t\tclass=\"sc_title sc_title_default\" ><h3 class=\"sc_item_title sc_title_title sc_item_title_style_default sc_item_title_tag\"\n\t\t\t><span class=\"sc_item_title_text\">Dur\u00e9e de l'intervention chirurgicale et de l'anesth\u00e9sie<\/span><\/h3><\/div>\t\t\t\t<\/div>\n\t\t\t\t<\/div>\n\t\t\t\t<div class=\"elementor-element elementor-element-402a02c sc_fly_static elementor-widget elementor-widget-text-editor\" data-id=\"402a02c\" data-element_type=\"widget\" data-widget_type=\"text-editor.default\">\n\t\t\t\t\t\t\t\t\t<ul><li data-start=\"961\" data-end=\"995\"><p data-start=\"963\" data-end=\"995\"><strong data-start=\"963\" data-end=\"976\">Dur\u00e9e de l'enqu\u00eate :<\/strong> Environ 2 \u00e0 4 heures<\/p><\/li><li data-start=\"996\" data-end=\"1032\"><p data-start=\"998\" data-end=\"1032\"><strong data-start=\"998\" data-end=\"1012\">Anesth\u00e9sie :<\/strong> anesth\u00e9sie g\u00e9n\u00e9rale<\/p><\/li><li data-start=\"1033\" data-end=\"1087\"><p data-start=\"1035\" data-end=\"1087\"><strong data-start=\"1035\" data-end=\"1061\">S\u00e9jour \u00e0 l'h\u00f4pital :<\/strong> g\u00e9n\u00e9ralement 1 \u00e0 3 jours<\/p><\/li><\/ul>\t\t\t\t\t\t\t\t<\/div>\n\t\t\t\t<\/div>\n\t\t\t\t<\/div>\n\t\t\t\t\t<\/div>\n\t\t\t\t<\/div>\n\t\t<div class=\"elementor-element elementor-element-bf86347 e-flex e-con-boxed sc_layouts_column_icons_position_left e-con e-parent\" data-id=\"bf86347\" data-element_type=\"container\">\n\t\t\t\t\t<div class=\"e-con-inner\">\n\t\t\t\t<div class=\"elementor-element elementor-element-ebe4607 sc_height_small sc_fly_static elementor-widget elementor-widget-spacer\" data-id=\"ebe4607\" data-element_type=\"widget\" data-widget_type=\"spacer.default\">\n\t\t\t\t\t\t\t<div class=\"elementor-spacer\">\n\t\t\t<div class=\"elementor-spacer-inner\"><\/div>\n\t\t<\/div>\n\t\t\t\t\t\t<\/div>\n\t\t\t\t\t<\/div>\n\t\t\t\t<\/div>\n\t\t<div class=\"elementor-element elementor-element-7b80285 e-flex e-con-boxed sc_layouts_column_icons_position_left e-con e-parent\" data-id=\"7b80285\" data-element_type=\"container\">\n\t\t\t\t\t<div class=\"e-con-inner\">\n\t\t\t\t<div class=\"elementor-element elementor-element-14ab988 sc_fly_static elementor-widget elementor-widget-trx_sc_title\" data-id=\"14ab988\" data-element_type=\"widget\" data-widget_type=\"trx_sc_title.default\">\n\t\t\t\t<div class=\"elementor-widget-container\">\n\t\t\t\t\t<div\t\tclass=\"sc_title sc_title_default\" ><h3 class=\"sc_item_title sc_title_title sc_item_title_style_default sc_item_title_tag\"\n\t\t\t><span class=\"sc_item_title_text\">R\u00e9tablissement et suivi<\/span><\/h3><\/div>\t\t\t\t<\/div>\n\t\t\t\t<\/div>\n\t\t\t\t\t<\/div>\n\t\t\t\t<\/div>\n\t\t<div class=\"elementor-element elementor-element-989b083 e-flex e-con-boxed sc_layouts_column_icons_position_left e-con e-parent\" data-id=\"989b083\" data-element_type=\"container\">\n\t\t\t\t\t<div class=\"e-con-inner\">\n\t\t\t\t<div class=\"elementor-element elementor-element-5822a27 sc_fly_static elementor-widget elementor-widget-text-editor\" data-id=\"5822a27\" data-element_type=\"widget\" data-widget_type=\"text-editor.default\">\n\t\t\t\t\t\t\t\t\t<ul><li data-start=\"1134\" data-end=\"1187\"><p data-start=\"1136\" data-end=\"1187\"><strong data-start=\"1136\" data-end=\"1161\">V\u00eatement de compression :<\/strong> \u00e0 utiliser pendant 4 \u00e0 6 semaines<\/p><\/li><li data-start=\"1188\" data-end=\"1228\"><p data-start=\"1190\" data-end=\"1228\"><strong data-start=\"1190\" data-end=\"1207\">Cong\u00e9 de maladie :<\/strong> Environ 2 \u00e0 4 semaines<\/p><\/li><li data-start=\"1229\" data-end=\"1298\"><p data-start=\"1231\" data-end=\"1298\"><strong data-start=\"1231\" data-end=\"1252\">Activit\u00e9 physique :<\/strong> \u00e9viter de faire de l'exercice pendant au moins 6 semaines<\/p><\/li><li data-start=\"1299\" data-end=\"1358\"><p data-start=\"1301\" data-end=\"1358\"><strong data-start=\"1301\" data-end=\"1327\">Soins des cicatrices :<\/strong> n\u00e9cessaire pendant plusieurs mois<\/p><\/li><\/ul>\t\t\t\t\t\t\t\t<\/div>\n\t\t\t\t\t<\/div>\n\t\t\t\t<\/div>\n\t\t<div class=\"elementor-element elementor-element-2aaf60e e-flex e-con-boxed sc_layouts_column_icons_position_left e-con e-parent\" data-id=\"2aaf60e\" data-element_type=\"container\">\n\t\t\t\t\t<div class=\"e-con-inner\">\n\t\t<div class=\"elementor-element elementor-element-fab373d e-con-full e-flex sc_layouts_column_icons_position_left e-con e-child\" data-id=\"fab373d\" data-element_type=\"container\">\n\t\t\t\t<div class=\"elementor-element elementor-element-0973bee sc_height_small sc_fly_static elementor-widget elementor-widget-spacer\" data-id=\"0973bee\" data-element_type=\"widget\" data-widget_type=\"spacer.default\">\n\t\t\t\t\t\t\t<div class=\"elementor-spacer\">\n\t\t\t<div class=\"elementor-spacer-inner\"><\/div>\n\t\t<\/div>\n\t\t\t\t\t\t<\/div>\n\t\t\t\t<\/div>\n\t\t\t\t\t<\/div>\n\t\t\t\t<\/div>\n\t\t<div class=\"elementor-element elementor-element-54926b2 e-flex e-con-boxed sc_layouts_column_icons_position_left e-con e-parent\" data-id=\"54926b2\" data-element_type=\"container\">\n\t\t\t\t\t<div class=\"e-con-inner\">\n\t\t<div class=\"elementor-element elementor-element-41625c9 e-con-full e-flex sc_layouts_column_icons_position_left e-con e-child\" data-id=\"41625c9\" data-element_type=\"container\">\n\t\t<div class=\"elementor-element elementor-element-93ac08b e-con-full e-flex sc_layouts_column_icons_position_left e-con e-child\" data-id=\"93ac08b\" data-element_type=\"container\">\n\t\t\t\t<div class=\"elementor-element elementor-element-f10d5e4 sc_fly_static elementor-widget elementor-widget-image\" data-id=\"f10d5e4\" data-element_type=\"widget\" data-widget_type=\"image.default\">\n\t\t\t\t\t\t\t\t\t\t\t\t\t\t\t<img decoding=\"async\" width=\"810\" height=\"810\" src=\"https:\/\/banusmedical.com\/wp-content\/uploads\/2026\/01\/Untitled-design-72.jpg\" class=\"attachment-large size-large wp-image-1257\" alt=\"\" srcset=\"https:\/\/banusmedical.com\/wp-content\/uploads\/2026\/01\/Untitled-design-72.jpg 810w, https:\/\/banusmedical.com\/wp-content\/uploads\/2026\/01\/Untitled-design-72-300x300.jpg 300w, https:\/\/banusmedical.com\/wp-content\/uploads\/2026\/01\/Untitled-design-72-150x150.jpg 150w, https:\/\/banusmedical.com\/wp-content\/uploads\/2026\/01\/Untitled-design-72-768x768.jpg 768w, https:\/\/banusmedical.com\/wp-content\/uploads\/2026\/01\/Untitled-design-72-370x370.jpg 370w, https:\/\/banusmedical.com\/wp-content\/uploads\/2026\/01\/Untitled-design-72-120x120.jpg 120w, https:\/\/banusmedical.com\/wp-content\/uploads\/2026\/01\/Untitled-design-72-410x410.jpg 410w\" sizes=\"(max-width: 810px) 100vw, 810px\" \/>\t\t\t\t\t\t\t\t\t\t\t\t\t\t\t<\/div>\n\t\t\t\t<\/div>\n\t\t<div class=\"elementor-element elementor-element-df99a97 e-con-full e-flex sc_layouts_column_icons_position_left e-con e-child\" data-id=\"df99a97\" data-element_type=\"container\">\n\t\t\t\t<div class=\"elementor-element elementor-element-727668b elementor-widget__width-initial sc_fly_static elementor-widget elementor-widget-trx_sc_title\" data-id=\"727668b\" data-element_type=\"widget\" data-widget_type=\"trx_sc_title.default\">\n\t\t\t\t<div class=\"elementor-widget-container\">\n\t\t\t\t\t<div\t\tclass=\"sc_title sc_title_default\" ><h3 class=\"sc_item_title sc_title_title sc_item_title_style_default sc_item_title_tag\"\n\t\t\t><span class=\"sc_item_title_text\">\u00c9ligibilit\u00e9 et aptitude<\/span><\/h3><\/div>\t\t\t\t<\/div>\n\t\t\t\t<\/div>\n\t\t\t\t<div class=\"elementor-element elementor-element-a176d61 sc_fly_static elementor-widget elementor-widget-text-editor\" data-id=\"a176d61\" data-element_type=\"widget\" data-widget_type=\"text-editor.default\">\n\t\t\t\t\t\t\t\t\t<p data-start=\"1392\" data-end=\"1420\">Particuli\u00e8rement adapt\u00e9 pour :<\/p><ul data-start=\"1421\" data-end=\"1545\"><li data-start=\"1421\" data-end=\"1472\"><p data-start=\"1423\" data-end=\"1472\">Personnes ayant perdu beaucoup de poids<\/p><\/li><li data-start=\"1473\" data-end=\"1505\"><p data-start=\"1475\" data-end=\"1505\">Femmes apr\u00e8s la grossesse<\/p><\/li><li data-start=\"1506\" data-end=\"1545\"><p data-start=\"1508\" data-end=\"1545\">Personnes pr\u00e9sentant un exc\u00e8s de peau abdominale<\/p><\/li><\/ul>\t\t\t\t\t\t\t\t<\/div>\n\t\t\t\t<\/div>\n\t\t\t\t<\/div>\n\t\t\t\t\t<\/div>\n\t\t\t\t<\/div>\n\t\t<div class=\"elementor-element elementor-element-0dc2c13 e-flex e-con-boxed sc_layouts_column_icons_position_left e-con e-parent\" data-id=\"0dc2c13\" data-element_type=\"container\">\n\t\t\t\t\t<div class=\"e-con-inner\">\n\t\t\t\t<div class=\"elementor-element elementor-element-54df1c4 sc_height_tiny sc_fly_static elementor-widget elementor-widget-spacer\" data-id=\"54df1c4\" data-element_type=\"widget\" data-widget_type=\"spacer.default\">\n\t\t\t\t\t\t\t<div class=\"elementor-spacer\">\n\t\t\t<div class=\"elementor-spacer-inner\"><\/div>\n\t\t<\/div>\n\t\t\t\t\t\t<\/div>\n\t\t\t\t\t<\/div>\n\t\t\t\t<\/div>\n\t\t<div class=\"elementor-element elementor-element-54ff85a e-flex e-con-boxed sc_layouts_column_icons_position_left e-con e-parent\" data-id=\"54ff85a\" data-element_type=\"container\">\n\t\t\t\t\t<div class=\"e-con-inner\">\n\t\t\t\t<div class=\"elementor-element elementor-element-3df790b sc_fly_static elementor-widget elementor-widget-trx_sc_title\" data-id=\"3df790b\" data-element_type=\"widget\" data-widget_type=\"trx_sc_title.default\">\n\t\t\t\t<div class=\"elementor-widget-container\">\n\t\t\t\t\t<div\t\tclass=\"sc_title sc_title_default\" ><h3 class=\"sc_item_title sc_title_title sc_item_title_style_default sc_item_title_tag\"\n\t\t\t><span class=\"sc_item_title_text\">Risques et complications possibles<\/span><\/h3><\/div>\t\t\t\t<\/div>\n\t\t\t\t<\/div>\n\t\t\t\t\t<\/div>\n\t\t\t\t<\/div>\n\t\t<div class=\"elementor-element elementor-element-8829a95 e-flex e-con-boxed sc_layouts_column_icons_position_left e-con e-parent\" data-id=\"8829a95\" data-element_type=\"container\">\n\t\t\t\t\t<div class=\"e-con-inner\">\n\t\t<div class=\"elementor-element elementor-element-32f7571 e-con-full e-flex sc_layouts_column_icons_position_left e-con e-child\" data-id=\"32f7571\" data-element_type=\"container\">\n\t\t\t\t<div class=\"elementor-element elementor-element-37e032c sc_fly_static elementor-widget elementor-widget-text-editor\" data-id=\"37e032c\" data-element_type=\"widget\" data-widget_type=\"text-editor.default\">\n\t\t\t\t\t\t\t\t\t<p data-start=\"1590\" data-end=\"1633\">Comme pour toute intervention chirurgicale, il existe des risques :<\/p><ul data-start=\"1634\" data-end=\"1821\" data-is-last-node=\"\" data-is-only-node=\"\"><li data-start=\"1634\" data-end=\"1659\"><p data-start=\"1636\" data-end=\"1659\">Ecchymoses et gonflements<\/p><\/li><li data-start=\"1660\" data-end=\"1675\"><p data-start=\"1662\" data-end=\"1675\">Infections<\/p><\/li><li data-start=\"1676\" data-end=\"1712\"><p data-start=\"1678\" data-end=\"1712\">Alt\u00e9rations de la cicatrisation<\/p><\/li><li data-start=\"1713\" data-end=\"1757\"><p data-start=\"1715\" data-end=\"1757\">Engourdissement (g\u00e9n\u00e9ralement r\u00e9versible)<\/p><\/li><li data-start=\"1758\" data-end=\"1821\" data-is-last-node=\"\"><p data-start=\"1760\" data-end=\"1821\" data-is-last-node=\"\">Cicatrices (permanentes, mais g\u00e9n\u00e9ralement discr\u00e8tes)<\/p><\/li><\/ul>\t\t\t\t\t\t\t\t<\/div>\n\t\t\t\t<\/div>\n\t\t\t\t\t<\/div>\n\t\t\t\t<\/div>\n\t\t<div class=\"elementor-element elementor-element-e284653 e-flex e-con-boxed sc_layouts_column_icons_position_left e-con e-parent\" data-id=\"e284653\" data-element_type=\"container\">\n\t\t\t\t\t<div class=\"e-con-inner\">\n\t\t\t\t<div class=\"elementor-element elementor-element-5f8b805 sc_height_small sc_fly_static elementor-widget elementor-widget-spacer\" data-id=\"5f8b805\" data-element_type=\"widget\" data-widget_type=\"spacer.default\">\n\t\t\t\t\t\t\t<div class=\"elementor-spacer\">\n\t\t\t<div class=\"elementor-spacer-inner\"><\/div>\n\t\t<\/div>\n\t\t\t\t\t\t<\/div>\n\t\t\t\t\t<\/div>\n\t\t\t\t<\/div>\n\t\t<div class=\"elementor-element elementor-element-2c2120e e-flex e-con-boxed sc_layouts_column_icons_position_left e-con e-parent\" data-id=\"2c2120e\" data-element_type=\"container\">\n\t\t\t\t\t<div class=\"e-con-inner\">\n\t\t\t\t<div class=\"elementor-element elementor-element-e518aec sc_fly_static elementor-widget elementor-widget-shortcode\" data-id=\"e518aec\" data-element_type=\"widget\" data-widget_type=\"shortcode.default\">\n\t\t\t\t\t\t\t<div class=\"elementor-shortcode\"><div class=\"latepoint-book-form-wrapper os-loading os_init_booking_form\" id=\"latepointBookForm_69d0786a69254\" >\n\t\t\t\t\t\t<div class=\"latepoint-w latepoint-inline-form latepoint-show-side-panel\">\n\t\t\t\t\t\t\t<div class=\"latepoint-booking-form-element\">\n\t\t\t\t\t\t\t\t<div class=\"latepoint-side-panel\"><\/div>\n\t\t\t\t\t\t\t\t<div class=\"latepoint-form-w\"><\/div>\n\t\t\t\t\t\t\t<\/div>\n\t\t\t\t\t\t<\/div>\n\t\t\t\t\t<\/div><\/div>\n\t\t\t\t\t\t<\/div>\n\t\t\t\t\t<\/div>\n\t\t\t\t<\/div>\n\t\t\t\t<\/div>","protected":false},"excerpt":{"rendered":"<p>La abdominoplastia es un procedimiento quir\u00fargico destinado a tensar la pared abdominal. Se realiza habitualmente por motivos est\u00e9ticos o reconstructivos, por ejemplo, tras una p\u00e9rdida de peso significativa, el embarazo&hellip;<\/p>","protected":false},"author":1,"featured_media":0,"parent":0,"menu_order":0,"comment_status":"closed","ping_status":"closed","template":"","meta":{"inline_featured_image":false,"footnotes":""},"class_list":["post-1226","page","type-page","status-publish","hentry"],"_hostinger_reach_plugin_has_subscription_block":false,"_hostinger_reach_plugin_is_elementor":false,"_links":{"self":[{"href":"https:\/\/banusmedical.com\/fr\/wp-json\/wp\/v2\/pages\/1226","targetHints":{"allow":["GET"]}}],"collection":[{"href":"https:\/\/banusmedical.com\/fr\/wp-json\/wp\/v2\/pages"}],"about":[{"href":"https:\/\/banusmedical.com\/fr\/wp-json\/wp\/v2\/types\/page"}],"author":[{"embeddable":true,"href":"https:\/\/banusmedical.com\/fr\/wp-json\/wp\/v2\/users\/1"}],"replies":[{"embeddable":true,"href":"https:\/\/banusmedical.com\/fr\/wp-json\/wp\/v2\/comments?post=1226"}],"version-history":[{"count":28,"href":"https:\/\/banusmedical.com\/fr\/wp-json\/wp\/v2\/pages\/1226\/revisions"}],"predecessor-version":[{"id":1667,"href":"https:\/\/banusmedical.com\/fr\/wp-json\/wp\/v2\/pages\/1226\/revisions\/1667"}],"wp:attachment":[{"href":"https:\/\/banusmedical.com\/fr\/wp-json\/wp\/v2\/media?parent=1226"}],"curies":[{"name":"wp","href":"https:\/\/api.w.org\/{rel}","templated":true}]}}