{"id":949,"date":"2026-01-09T09:38:06","date_gmt":"2026-01-09T09:38:06","guid":{"rendered":"https:\/\/banusmedical.com\/?page_id=949"},"modified":"2026-02-12T15:11:27","modified_gmt":"2026-02-12T15:11:27","slug":"cirugia-de-nariz","status":"publish","type":"page","link":"https:\/\/banusmedical.com\/fr\/cirugia-de-nariz\/","title":{"rendered":"Chirurgie du nez"},"content":{"rendered":"<div data-elementor-type=\"wp-page\" data-elementor-id=\"949\" class=\"elementor elementor-949\" data-elementor-post-type=\"page\">\n\t\t\t\t<div class=\"elementor-element elementor-element-392abfd e-flex e-con-boxed sc_layouts_column_icons_position_left e-con e-parent\" data-id=\"392abfd\" data-element_type=\"container\">\n\t\t\t\t\t<div class=\"e-con-inner\">\n\t\t<div class=\"e-con-gap-no elementor-element elementor-element-3b56ba7 e-con-full e-flex sc_layouts_column_icons_position_left e-con e-child\" data-animation-type=\"sequental\" data-animation-stagger=\"\" data-id=\"3b56ba7\" data-element_type=\"container\" data-settings=\"{&quot;background_background&quot;:&quot;video&quot;,&quot;background_video_link&quot;:&quot;https:\\\/\\\/vimeo.com\\\/1153153041\\\/ed51ccc57f?fl=tl&amp;fe=ec&quot;,&quot;background_play_on_mobile&quot;:&quot;yes&quot;,&quot;animation&quot;:&quot;none&quot;}\">\n\t\t<div class=\"elementor-background-video-container\" aria-hidden=\"true\">\n\t\t\t\t\t\t\t<div class=\"elementor-background-video-embed\"><\/div>\n\t\t\t\t\t\t<\/div>\t\t<\/div>\n\t\t\t\t\t<\/div>\n\t\t\t\t<\/div>\n\t\t<div class=\"elementor-element elementor-element-d21ed7f e-flex e-con-boxed sc_layouts_column_icons_position_left e-con e-parent\" data-id=\"d21ed7f\" data-element_type=\"container\">\n\t\t\t\t\t<div class=\"e-con-inner\">\n\t\t<div class=\"elementor-element elementor-element-343082a e-con-full e-flex sc_layouts_column_icons_position_left e-con e-child\" data-id=\"343082a\" data-element_type=\"container\">\n\t\t\t\t<div class=\"elementor-element elementor-element-e25f59a sc_fly_static elementor-widget elementor-widget-spacer\" data-id=\"e25f59a\" data-element_type=\"widget\" data-widget_type=\"spacer.default\">\n\t\t\t\t\t\t\t<div class=\"elementor-spacer\">\n\t\t\t<div class=\"elementor-spacer-inner\"><\/div>\n\t\t<\/div>\n\t\t\t\t\t\t<\/div>\n\t\t\t\t<div class=\"elementor-element elementor-element-f525ee4 sc_fly_static elementor-widget elementor-widget-text-editor\" data-id=\"f525ee4\" data-element_type=\"widget\" data-widget_type=\"text-editor.default\">\n\t\t\t\t\t\t\t\t\t<p>Le <strong data-start=\"25\" data-end=\"45\">cirug\u00eda de nariz<\/strong> (m\u00e9dicalement connu sous le nom de <em data-start=\"73\" data-end=\"86\">rinoplastia<\/em>) es un procedimiento quir\u00fargico que modifica la forma externa y\/o la funci\u00f3n de la nariz. Es una de las cirug\u00edas est\u00e9ticas m\u00e1s comunes en todo el mundo, aunque tambi\u00e9n puede realizarse por motivos m\u00e9dicos (por ejemplo, para mejorar la respiraci\u00f3n). A continuaci\u00f3n, un resumen de los aspectos m\u00e1s importantes:<\/p>\t\t\t\t\t\t\t\t<\/div>\n\t\t\t\t<div class=\"elementor-element elementor-element-96e89b0 sc_fly_static elementor-widget elementor-widget-spacer\" data-id=\"96e89b0\" data-element_type=\"widget\" data-widget_type=\"spacer.default\">\n\t\t\t\t\t\t\t<div class=\"elementor-spacer\">\n\t\t\t<div class=\"elementor-spacer-inner\"><\/div>\n\t\t<\/div>\n\t\t\t\t\t\t<\/div>\n\t\t\t\t<\/div>\n\t\t\t\t\t<\/div>\n\t\t\t\t<\/div>\n\t\t<div class=\"elementor-element elementor-element-2800935 e-flex e-con-boxed sc_layouts_column_icons_position_left e-con e-parent\" data-id=\"2800935\" data-element_type=\"container\">\n\t\t\t\t\t<div class=\"e-con-inner\">\n\t\t<div class=\"elementor-element elementor-element-832b952 e-con-full e-flex sc_layouts_column_icons_position_left e-con e-child\" data-id=\"832b952\" data-element_type=\"container\">\n\t\t\t\t<div class=\"elementor-element elementor-element-150ceb4 sc_fly_static elementor-widget elementor-widget-image\" data-id=\"150ceb4\" data-element_type=\"widget\" data-widget_type=\"image.default\">\n\t\t\t\t\t\t\t\t\t\t\t\t\t\t\t<img fetchpriority=\"high\" decoding=\"async\" width=\"576\" height=\"1024\" src=\"https:\/\/banusmedical.com\/wp-content\/uploads\/2026\/01\/Untitled-design-84-576x1024.jpg\" class=\"attachment-large size-large wp-image-955\" alt=\"\" srcset=\"https:\/\/banusmedical.com\/wp-content\/uploads\/2026\/01\/Untitled-design-84-576x1024.jpg 576w, https:\/\/banusmedical.com\/wp-content\/uploads\/2026\/01\/Untitled-design-84-169x300.jpg 169w, https:\/\/banusmedical.com\/wp-content\/uploads\/2026\/01\/Untitled-design-84-370x658.jpg 370w, https:\/\/banusmedical.com\/wp-content\/uploads\/2026\/01\/Untitled-design-84-410x729.jpg 410w, https:\/\/banusmedical.com\/wp-content\/uploads\/2026\/01\/Untitled-design-84.jpg 675w\" sizes=\"(max-width: 600px) 100vw, 576px\" \/>\t\t\t\t\t\t\t\t\t\t\t\t\t\t\t<\/div>\n\t\t\t\t<\/div>\n\t\t<div class=\"elementor-element elementor-element-b2eea1a e-con-full e-flex sc_layouts_column_icons_position_left e-con e-child\" data-id=\"b2eea1a\" data-element_type=\"container\">\n\t\t\t\t<div class=\"elementor-element elementor-element-2fb1baf sc_fly_static elementor-widget elementor-widget-trx_sc_title\" data-id=\"2fb1baf\" data-element_type=\"widget\" data-widget_type=\"trx_sc_title.default\">\n\t\t\t\t<div class=\"elementor-widget-container\">\n\t\t\t\t\t<div\t\tclass=\"sc_title sc_title_default\" ><h3 class=\"sc_item_title sc_title_title sc_item_title_style_default sc_item_title_tag\"\n\t\t\t><span class=\"sc_item_title_text\">Motivos para una rinoplastia<\/span><\/h3><\/div>\t\t\t\t<\/div>\n\t\t\t\t<\/div>\n\t\t\t\t<div class=\"elementor-element elementor-element-bc5a240 sc_fly_static elementor-widget elementor-widget-text-editor\" data-id=\"bc5a240\" data-element_type=\"widget\" data-widget_type=\"text-editor.default\">\n\t\t\t\t\t\t\t\t\t<p data-start=\"436\" data-end=\"458\"><strong data-start=\"436\" data-end=\"458\">Raisons esth\u00e9tiques :<\/strong><\/p><ul data-start=\"459\" data-end=\"616\"><li data-start=\"459\" data-end=\"485\"><p data-start=\"461\" data-end=\"485\">Giba en el dorso nasal<\/p><\/li><li data-start=\"486\" data-end=\"516\"><p data-start=\"488\" data-end=\"516\">Nariz torcida o asim\u00e9trica<\/p><\/li><li data-start=\"517\" data-end=\"563\"><p data-start=\"519\" data-end=\"563\">Nariz demasiado grande o demasiado peque\u00f1a<\/p><\/li><li data-start=\"564\" data-end=\"616\"><p data-start=\"566\" data-end=\"616\">Fosas nasales anchas o punta nasal poco definida<\/p><\/li><\/ul><p data-start=\"618\" data-end=\"638\"><strong data-start=\"618\" data-end=\"638\">Raisons m\u00e9dicales :<\/strong><\/p><ul data-start=\"639\" data-end=\"771\"><li data-start=\"639\" data-end=\"671\"><p data-start=\"641\" data-end=\"671\">Desviaci\u00f3n del tabique nasal<\/p><\/li><li data-start=\"672\" data-end=\"699\"><p data-start=\"674\" data-end=\"699\">Problemas respiratorios<\/p><\/li><li data-start=\"700\" data-end=\"741\"><p data-start=\"702\" data-end=\"741\">Secuelas de accidentes o traumatismos<\/p><\/li><li data-start=\"742\" data-end=\"771\"><p data-start=\"744\" data-end=\"771\">Malformaciones cong\u00e9nitas<\/p><\/li><\/ul>\t\t\t\t\t\t\t\t<\/div>\n\t\t\t\t<\/div>\n\t\t\t\t\t<\/div>\n\t\t\t\t<\/div>\n\t\t<div class=\"elementor-element elementor-element-7dffc3e e-flex e-con-boxed sc_layouts_column_icons_position_left e-con e-parent\" data-id=\"7dffc3e\" data-element_type=\"container\">\n\t\t\t\t\t<div class=\"e-con-inner\">\n\t\t<div class=\"elementor-element elementor-element-5ab0275 e-con-full e-flex sc_layouts_column_icons_position_left e-con e-child\" data-id=\"5ab0275\" data-element_type=\"container\">\n\t\t\t\t<div class=\"elementor-element elementor-element-50452e1 sc_fly_static elementor-widget elementor-widget-spacer\" data-id=\"50452e1\" data-element_type=\"widget\" data-widget_type=\"spacer.default\">\n\t\t\t\t\t\t\t<div class=\"elementor-spacer\">\n\t\t\t<div class=\"elementor-spacer-inner\"><\/div>\n\t\t<\/div>\n\t\t\t\t\t\t<\/div>\n\t\t\t\t<\/div>\n\t\t\t\t\t<\/div>\n\t\t\t\t<\/div>\n\t\t<div class=\"elementor-element elementor-element-ebb8380 e-flex e-con-boxed sc_layouts_column_icons_position_left e-con e-parent\" data-id=\"ebb8380\" data-element_type=\"container\">\n\t\t\t\t\t<div class=\"e-con-inner\">\n\t\t<div class=\"elementor-element elementor-element-92d2b18 e-con-full e-flex sc_layouts_column_icons_position_left e-con e-child\" data-id=\"92d2b18\" data-element_type=\"container\">\n\t\t\t\t<div class=\"elementor-element elementor-element-b513bd4 sc_fly_static elementor-widget elementor-widget-trx_sc_title\" data-id=\"b513bd4\" data-element_type=\"widget\" data-widget_type=\"trx_sc_title.default\">\n\t\t\t\t<div class=\"elementor-widget-container\">\n\t\t\t\t\t<div\t\tclass=\"sc_title sc_title_default\" ><h3 class=\"sc_item_title sc_title_title sc_item_title_style_default sc_item_title_tag\"\n\t\t\t><span class=\"sc_item_title_text\">Tipos de rinoplastia<\/span><\/h3><\/div>\t\t\t\t<\/div>\n\t\t\t\t<\/div>\n\t\t\t\t<div class=\"elementor-element elementor-element-7a83e2b sc_fly_static elementor-widget elementor-widget-text-editor\" data-id=\"7a83e2b\" data-element_type=\"widget\" data-widget_type=\"text-editor.default\">\n\t\t\t\t\t\t\t\t\t<ul><li data-start=\"583\" data-end=\"632\"><p data-start=\"804\" data-end=\"833\"><strong data-start=\"804\" data-end=\"831\">1. Rinoplastia cerrada:<\/strong><\/p><ul data-start=\"834\" data-end=\"958\"><li data-start=\"834\" data-end=\"894\"><p data-start=\"836\" data-end=\"894\">Las incisiones se realizan \u00fanicamente dentro de la nariz<\/p><\/li><li data-start=\"895\" data-end=\"921\"><p data-start=\"897\" data-end=\"921\">Cicatrices no visibles<\/p><\/li><li data-start=\"922\" data-end=\"958\"><p data-start=\"924\" data-end=\"958\">Tiempo de recuperaci\u00f3n m\u00e1s corto<\/p><\/li><\/ul><p data-start=\"960\" data-end=\"989\"><strong data-start=\"960\" data-end=\"987\">2. Rinoplastia abierta:<\/strong><\/p><ul data-start=\"990\" data-end=\"1105\"><li data-start=\"990\" data-end=\"1043\"><p data-start=\"992\" data-end=\"1043\">Incisi\u00f3n en la columela (entre las fosas nasales)<\/p><\/li><li data-start=\"1044\" data-end=\"1105\"><p data-start=\"1046\" data-end=\"1105\">Mejor visibilidad para el cirujano en casos m\u00e1s complejos<\/p><\/li><\/ul><p data-start=\"1107\" data-end=\"1138\"><strong data-start=\"1107\" data-end=\"1136\">3. Rinoplastia funcional:<\/strong><\/p><ul data-start=\"1139\" data-end=\"1185\"><li data-start=\"1139\" data-end=\"1185\"><p data-start=\"1141\" data-end=\"1185\">Enfocada en restaurar la respiraci\u00f3n nasal<\/p><\/li><\/ul><p data-start=\"1187\" data-end=\"1251\"><strong data-start=\"1187\" data-end=\"1249\">4. Correcci\u00f3n nasal no quir\u00fargica (con \u00e1cido hialur\u00f3nico):<\/strong><\/p><ul data-start=\"1252\" data-end=\"1356\"><li data-start=\"1252\" data-end=\"1296\"><p data-start=\"1254\" data-end=\"1296\">Correcci\u00f3n temporal mediante inyecciones<\/p><\/li><li data-start=\"1297\" data-end=\"1356\"><p data-start=\"1299\" data-end=\"1356\">No requiere cirug\u00eda, pero no es una soluci\u00f3n permanente<\/p><\/li><\/ul><\/li><\/ul>\t\t\t\t\t\t\t\t<\/div>\n\t\t\t\t<div class=\"elementor-element elementor-element-209b8bd sc_fly_static elementor-widget elementor-widget-spacer\" data-id=\"209b8bd\" data-element_type=\"widget\" data-widget_type=\"spacer.default\">\n\t\t\t\t\t\t\t<div class=\"elementor-spacer\">\n\t\t\t<div class=\"elementor-spacer-inner\"><\/div>\n\t\t<\/div>\n\t\t\t\t\t\t<\/div>\n\t\t\t\t<\/div>\n\t\t\t\t\t<\/div>\n\t\t\t\t<\/div>\n\t\t<div class=\"elementor-element elementor-element-843c31e e-flex e-con-boxed sc_layouts_column_icons_position_left e-con e-parent\" data-id=\"843c31e\" data-element_type=\"container\">\n\t\t\t\t\t<div class=\"e-con-inner\">\n\t\t\t\t<div class=\"elementor-element elementor-element-67d46a4 sc_fly_static elementor-widget elementor-widget-image\" data-id=\"67d46a4\" data-element_type=\"widget\" data-widget_type=\"image.default\">\n\t\t\t\t\t\t\t\t\t\t\t\t\t\t\t<img decoding=\"async\" width=\"1024\" height=\"683\" src=\"https:\/\/banusmedical.com\/wp-content\/uploads\/2025\/12\/face-check-before-surgery-2025-01-31-00-47-44-utc-1024x683.jpg\" class=\"attachment-large size-large wp-image-128\" alt=\"\" srcset=\"https:\/\/banusmedical.com\/wp-content\/uploads\/2025\/12\/face-check-before-surgery-2025-01-31-00-47-44-utc-1024x683.jpg 1024w, https:\/\/banusmedical.com\/wp-content\/uploads\/2025\/12\/face-check-before-surgery-2025-01-31-00-47-44-utc-300x200.jpg 300w, https:\/\/banusmedical.com\/wp-content\/uploads\/2025\/12\/face-check-before-surgery-2025-01-31-00-47-44-utc-768x513.jpg 768w, https:\/\/banusmedical.com\/wp-content\/uploads\/2025\/12\/face-check-before-surgery-2025-01-31-00-47-44-utc-1536x1025.jpg 1536w, https:\/\/banusmedical.com\/wp-content\/uploads\/2025\/12\/face-check-before-surgery-2025-01-31-00-47-44-utc-2048x1367.jpg 2048w, https:\/\/banusmedical.com\/wp-content\/uploads\/2025\/12\/face-check-before-surgery-2025-01-31-00-47-44-utc-370x247.jpg 370w, https:\/\/banusmedical.com\/wp-content\/uploads\/2025\/12\/face-check-before-surgery-2025-01-31-00-47-44-utc-840x561.jpg 840w, https:\/\/banusmedical.com\/wp-content\/uploads\/2025\/12\/face-check-before-surgery-2025-01-31-00-47-44-utc-410x274.jpg 410w\" sizes=\"(max-width: 1024px) 100vw, 1024px\" \/>\t\t\t\t\t\t\t\t\t\t\t\t\t\t\t<\/div>\n\t\t\t\t\t<\/div>\n\t\t\t\t<\/div>\n\t\t<div class=\"elementor-element elementor-element-6d20f2b e-flex e-con-boxed sc_layouts_column_icons_position_left e-con e-parent\" data-id=\"6d20f2b\" data-element_type=\"container\">\n\t\t\t\t\t<div class=\"e-con-inner\">\n\t\t<div class=\"elementor-element elementor-element-986347c e-con-full e-flex sc_layouts_column_icons_position_left e-con e-child\" data-id=\"986347c\" data-element_type=\"container\">\n\t\t\t\t<div class=\"elementor-element elementor-element-726b91f sc_fly_static elementor-widget elementor-widget-trx_sc_title\" data-id=\"726b91f\" data-element_type=\"widget\" data-widget_type=\"trx_sc_title.default\">\n\t\t\t\t<div class=\"elementor-widget-container\">\n\t\t\t\t\t<div\t\tclass=\"sc_title sc_title_default\" ><h3 class=\"sc_item_title sc_title_title sc_item_title_style_default sc_item_title_tag\"\n\t\t\t><span class=\"sc_item_title_text\">Procedimiento<\/span><\/h3><\/div>\t\t\t\t<\/div>\n\t\t\t\t<\/div>\n\t\t\t\t<div class=\"elementor-element elementor-element-e9f5660 sc_fly_static elementor-widget elementor-widget-text-editor\" data-id=\"e9f5660\" data-element_type=\"widget\" data-widget_type=\"text-editor.default\">\n\t\t\t\t\t\t\t\t\t<ul><li data-start=\"583\" data-end=\"632\"><p data-start=\"1382\" data-end=\"1501\"><strong data-start=\"1382\" data-end=\"1395\">Consulta:<\/strong><br data-start=\"1395\" data-end=\"1398\" \/>Evaluaci\u00f3n de los deseos del paciente, examen de la nariz y, si es necesario, simulaci\u00f3n del resultado.<\/p><p data-start=\"1503\" data-end=\"1590\"><strong data-start=\"1503\" data-end=\"1531\">Ex\u00e1menes preoperatorios:<\/strong><br data-start=\"1531\" data-end=\"1534\" \/>An\u00e1lisis de sangre y, en algunos casos, tomograf\u00eda (TC).<\/p><p data-start=\"1592\" data-end=\"1666\"><strong data-start=\"1592\" data-end=\"1604\">Cirug\u00eda:<\/strong><br data-start=\"1604\" data-end=\"1607\" \/>Duraci\u00f3n de 1\u20133 horas, generalmente bajo anestesia general.<\/p><p data-start=\"1668\" data-end=\"1762\"><strong data-start=\"1668\" data-end=\"1693\">Cuidados posteriores:<\/strong><br data-start=\"1693\" data-end=\"1696\" \/>F\u00e9rula nasal (aprox. 1 semana), hinchaz\u00f3n y hematomas son comunes.<\/p><\/li><\/ul>\t\t\t\t\t\t\t\t<\/div>\n\t\t\t\t<div class=\"elementor-element elementor-element-b64e345 sc_fly_static elementor-widget elementor-widget-spacer\" data-id=\"b64e345\" data-element_type=\"widget\" data-widget_type=\"spacer.default\">\n\t\t\t\t\t\t\t<div class=\"elementor-spacer\">\n\t\t\t<div class=\"elementor-spacer-inner\"><\/div>\n\t\t<\/div>\n\t\t\t\t\t\t<\/div>\n\t\t\t\t<\/div>\n\t\t\t\t\t<\/div>\n\t\t\t\t<\/div>\n\t\t<div class=\"elementor-element elementor-element-f2f5c7c e-flex e-con-boxed sc_layouts_column_icons_position_left e-con e-parent\" data-id=\"f2f5c7c\" data-element_type=\"container\">\n\t\t\t\t\t<div class=\"e-con-inner\">\n\t\t\t\t<div class=\"elementor-element elementor-element-54d4631 sc_fly_static elementor-widget elementor-widget-image\" data-id=\"54d4631\" data-element_type=\"widget\" data-widget_type=\"image.default\">\n\t\t\t\t\t\t\t\t\t\t\t\t\t\t\t<img decoding=\"async\" width=\"810\" height=\"810\" src=\"https:\/\/banusmedical.com\/wp-content\/uploads\/2026\/01\/Untitled-design-85.jpg\" class=\"attachment-large size-large wp-image-960\" alt=\"\" srcset=\"https:\/\/banusmedical.com\/wp-content\/uploads\/2026\/01\/Untitled-design-85.jpg 810w, https:\/\/banusmedical.com\/wp-content\/uploads\/2026\/01\/Untitled-design-85-300x300.jpg 300w, https:\/\/banusmedical.com\/wp-content\/uploads\/2026\/01\/Untitled-design-85-150x150.jpg 150w, https:\/\/banusmedical.com\/wp-content\/uploads\/2026\/01\/Untitled-design-85-768x768.jpg 768w, https:\/\/banusmedical.com\/wp-content\/uploads\/2026\/01\/Untitled-design-85-370x370.jpg 370w, https:\/\/banusmedical.com\/wp-content\/uploads\/2026\/01\/Untitled-design-85-120x120.jpg 120w, https:\/\/banusmedical.com\/wp-content\/uploads\/2026\/01\/Untitled-design-85-410x410.jpg 410w\" sizes=\"(max-width: 810px) 100vw, 810px\" \/>\t\t\t\t\t\t\t\t\t\t\t\t\t\t\t<\/div>\n\t\t\t\t\t<\/div>\n\t\t\t\t<\/div>\n\t\t<div class=\"elementor-element elementor-element-99b3317 e-flex e-con-boxed sc_layouts_column_icons_position_left e-con e-parent\" data-id=\"99b3317\" data-element_type=\"container\">\n\t\t\t\t\t<div class=\"e-con-inner\">\n\t\t<div class=\"elementor-element elementor-element-bdbdd55 e-con-full e-flex sc_layouts_column_icons_position_left e-con e-child\" data-id=\"bdbdd55\" data-element_type=\"container\">\n\t\t\t\t<div class=\"elementor-element elementor-element-e9086b9 sc_fly_static elementor-widget elementor-widget-trx_sc_title\" data-id=\"e9086b9\" data-element_type=\"widget\" data-widget_type=\"trx_sc_title.default\">\n\t\t\t\t<div class=\"elementor-widget-container\">\n\t\t\t\t\t<div\t\tclass=\"sc_title sc_title_default\" ><h3 class=\"sc_item_title sc_title_title sc_item_title_style_default sc_item_title_tag\"\n\t\t\t><span class=\"sc_item_title_text\">Risques et complications possibles<\/span><\/h3><\/div>\t\t\t\t<\/div>\n\t\t\t\t<\/div>\n\t\t\t\t<div class=\"elementor-element elementor-element-8eb667b sc_fly_static elementor-widget elementor-widget-text-editor\" data-id=\"8eb667b\" data-element_type=\"widget\" data-widget_type=\"text-editor.default\">\n\t\t\t\t\t\t\t\t\t<ul><li>Hinchaz\u00f3n y hematomas<\/li><li data-start=\"1835\" data-end=\"1848\">Infections<\/li><li data-start=\"1851\" data-end=\"1867\">Sangrado nasal<\/li><li data-start=\"1870\" data-end=\"1909\">Cicatrices visibles (poco frecuentes)<\/li><li data-start=\"1912\" data-end=\"1924\">Asimetr\u00edas<\/li><li data-start=\"1927\" data-end=\"1992\"><em data-start=\"1927\" data-end=\"1990\">Insatisfacci\u00f3n con el resultado (posible cirug\u00eda de revisi\u00f3n)<\/em><\/li><li data-start=\"1995\" data-end=\"2052\"><em data-start=\"1995\" data-end=\"2050\">Dificultades respiratorias (temporales o permanentes)<\/em><\/li><\/ul>\t\t\t\t\t\t\t\t<\/div>\n\t\t\t\t<div class=\"elementor-element elementor-element-e497e90 sc_fly_static elementor-widget elementor-widget-spacer\" data-id=\"e497e90\" data-element_type=\"widget\" data-widget_type=\"spacer.default\">\n\t\t\t\t\t\t\t<div class=\"elementor-spacer\">\n\t\t\t<div class=\"elementor-spacer-inner\"><\/div>\n\t\t<\/div>\n\t\t\t\t\t\t<\/div>\n\t\t\t\t<\/div>\n\t\t\t\t\t<\/div>\n\t\t\t\t<\/div>\n\t\t<div class=\"elementor-element elementor-element-21f89ad e-flex e-con-boxed sc_layouts_column_icons_position_left e-con e-parent\" data-id=\"21f89ad\" data-element_type=\"container\">\n\t\t\t\t\t<div class=\"e-con-inner\">\n\t\t<div class=\"elementor-element elementor-element-c7a861a e-con-full e-flex sc_layouts_column_icons_position_left e-con e-child\" data-id=\"c7a861a\" data-element_type=\"container\">\n\t\t\t\t<div class=\"elementor-element elementor-element-8b3f80d sc_fly_static elementor-widget elementor-widget-trx_sc_title\" data-id=\"8b3f80d\" data-element_type=\"widget\" data-widget_type=\"trx_sc_title.default\">\n\t\t\t\t<div class=\"elementor-widget-container\">\n\t\t\t\t\t<div\t\tclass=\"sc_title sc_title_default\" ><h3 class=\"sc_item_title sc_title_title sc_item_title_style_default sc_item_title_tag\"\n\t\t\t><span class=\"sc_item_title_text\">Tiempo de recuperaci\u00f3n<\/span><\/h3><\/div>\t\t\t\t<\/div>\n\t\t\t\t<\/div>\n\t\t\t\t<div class=\"elementor-element elementor-element-bd4f05e sc_fly_static elementor-widget elementor-widget-text-editor\" data-id=\"bd4f05e\" data-element_type=\"widget\" data-widget_type=\"text-editor.default\">\n\t\t\t\t\t\t\t\t\t<ul><li data-start=\"2086\" data-end=\"2134\"><p data-start=\"2088\" data-end=\"2134\">Socialmente aceptable despu\u00e9s de 1\u20132 semanas<\/p><\/li><li data-start=\"2135\" data-end=\"2184\"><p data-start=\"2137\" data-end=\"2184\">Resultado final visible despu\u00e9s de 6\u201312 meses<\/p><\/li><li data-start=\"2185\" data-end=\"2263\"><p data-start=\"2187\" data-end=\"2263\">La hinchaz\u00f3n puede durar m\u00e1s tiempo, especialmente en la punta de la nariz<\/p><\/li><\/ul>\t\t\t\t\t\t\t\t<\/div>\n\t\t\t\t<div class=\"elementor-element elementor-element-95c7bf4 sc_fly_static elementor-widget elementor-widget-spacer\" data-id=\"95c7bf4\" data-element_type=\"widget\" data-widget_type=\"spacer.default\">\n\t\t\t\t\t\t\t<div class=\"elementor-spacer\">\n\t\t\t<div class=\"elementor-spacer-inner\"><\/div>\n\t\t<\/div>\n\t\t\t\t\t\t<\/div>\n\t\t\t\t<\/div>\n\t\t\t\t\t<\/div>\n\t\t\t\t<\/div>\n\t\t<div class=\"elementor-element elementor-element-e5b647e e-flex e-con-boxed sc_layouts_column_icons_position_left e-con e-parent\" data-id=\"e5b647e\" data-element_type=\"container\">\n\t\t\t\t\t<div class=\"e-con-inner\">\n\t\t\t\t<div class=\"elementor-element elementor-element-e667fdd sc_height_small sc_fly_static elementor-widget elementor-widget-spacer\" data-id=\"e667fdd\" data-element_type=\"widget\" data-widget_type=\"spacer.default\">\n\t\t\t\t\t\t\t<div class=\"elementor-spacer\">\n\t\t\t<div class=\"elementor-spacer-inner\"><\/div>\n\t\t<\/div>\n\t\t\t\t\t\t<\/div>\n\t\t\t\t\t<\/div>\n\t\t\t\t<\/div>\n\t\t<div class=\"elementor-element elementor-element-28d7a35 e-flex e-con-boxed sc_layouts_column_icons_position_left e-con e-parent\" data-id=\"28d7a35\" data-element_type=\"container\">\n\t\t\t\t\t<div class=\"e-con-inner\">\n\t\t\t\t<div class=\"elementor-element elementor-element-9a9a45a sc_fly_static elementor-widget elementor-widget-shortcode\" data-id=\"9a9a45a\" data-element_type=\"widget\" data-widget_type=\"shortcode.default\">\n\t\t\t\t\t\t\t<div class=\"elementor-shortcode\"><div class=\"latepoint-book-form-wrapper os-loading os_init_booking_form\" id=\"latepointBookForm_69d0896113e8a\" >\n\t\t\t\t\t\t<div class=\"latepoint-w latepoint-inline-form latepoint-show-side-panel\">\n\t\t\t\t\t\t\t<div class=\"latepoint-booking-form-element\">\n\t\t\t\t\t\t\t\t<div class=\"latepoint-side-panel\"><\/div>\n\t\t\t\t\t\t\t\t<div class=\"latepoint-form-w\"><\/div>\n\t\t\t\t\t\t\t<\/div>\n\t\t\t\t\t\t<\/div>\n\t\t\t\t\t<\/div><\/div>\n\t\t\t\t\t\t<\/div>\n\t\t\t\t\t<\/div>\n\t\t\t\t<\/div>\n\t\t\t\t<\/div>","protected":false},"excerpt":{"rendered":"<p>La cirug\u00eda de nariz (conocida m\u00e9dicamente como rinoplastia) es un procedimiento quir\u00fargico que modifica la forma externa y\/o la funci\u00f3n de la nariz. Es una de las cirug\u00edas est\u00e9ticas m\u00e1s&hellip;<\/p>","protected":false},"author":1,"featured_media":0,"parent":0,"menu_order":0,"comment_status":"closed","ping_status":"closed","template":"","meta":{"inline_featured_image":false,"footnotes":""},"class_list":["post-949","page","type-page","status-publish","hentry"],"_hostinger_reach_plugin_has_subscription_block":false,"_hostinger_reach_plugin_is_elementor":false,"_links":{"self":[{"href":"https:\/\/banusmedical.com\/fr\/wp-json\/wp\/v2\/pages\/949","targetHints":{"allow":["GET"]}}],"collection":[{"href":"https:\/\/banusmedical.com\/fr\/wp-json\/wp\/v2\/pages"}],"about":[{"href":"https:\/\/banusmedical.com\/fr\/wp-json\/wp\/v2\/types\/page"}],"author":[{"embeddable":true,"href":"https:\/\/banusmedical.com\/fr\/wp-json\/wp\/v2\/users\/1"}],"replies":[{"embeddable":true,"href":"https:\/\/banusmedical.com\/fr\/wp-json\/wp\/v2\/comments?post=949"}],"version-history":[{"count":22,"href":"https:\/\/banusmedical.com\/fr\/wp-json\/wp\/v2\/pages\/949\/revisions"}],"predecessor-version":[{"id":1769,"href":"https:\/\/banusmedical.com\/fr\/wp-json\/wp\/v2\/pages\/949\/revisions\/1769"}],"wp:attachment":[{"href":"https:\/\/banusmedical.com\/fr\/wp-json\/wp\/v2\/media?parent=949"}],"curies":[{"name":"wp","href":"https:\/\/api.w.org\/{rel}","templated":true}]}}