{"id":1289,"date":"2026-01-11T13:40:54","date_gmt":"2026-01-11T13:40:54","guid":{"rendered":"https:\/\/banusmedical.com\/?page_id=1289"},"modified":"2026-02-11T20:56:35","modified_gmt":"2026-02-11T20:56:35","slug":"inyeccion-capilar-plasma","status":"publish","type":"page","link":"https:\/\/banusmedical.com\/ru\/inyeccion-capilar-plasma\/","title":{"rendered":"\u041a\u0430\u043f\u0438\u043b\u043b\u044f\u0440\u043d\u0430\u044f \u0438\u043d\u044a\u0435\u043a\u0446\u0438\u044f \u043f\u043b\u0430\u0437\u043c\u044b"},"content":{"rendered":"<div data-elementor-type=\"wp-page\" data-elementor-id=\"1289\" class=\"elementor elementor-1289\" data-elementor-post-type=\"page\">\n\t\t\t\t<div class=\"elementor-element elementor-element-cef7990 e-flex e-con-boxed sc_layouts_column_icons_position_left e-con e-parent\" data-id=\"cef7990\" data-element_type=\"container\">\n\t\t\t\t\t<div class=\"e-con-inner\">\n\t\t<div class=\"e-con-gap-no elementor-element elementor-element-8b256ee e-con-full e-flex sc_layouts_column_icons_position_left e-con e-child\" data-animation-type=\"sequental\" data-animation-stagger=\"\" data-id=\"8b256ee\" data-element_type=\"container\" data-settings=\"{&quot;background_background&quot;:&quot;video&quot;,&quot;background_video_link&quot;:&quot;https:\\\/\\\/vimeo.com\\\/1146954989?fl=tl&amp;fe=ec&quot;,&quot;background_play_on_mobile&quot;:&quot;yes&quot;,&quot;animation&quot;:&quot;none&quot;}\">\n\t\t<div class=\"elementor-background-video-container\" aria-hidden=\"true\">\n\t\t\t\t\t\t\t<div class=\"elementor-background-video-embed\"><\/div>\n\t\t\t\t\t\t<\/div>\t\t<\/div>\n\t\t\t\t\t<\/div>\n\t\t\t\t<\/div>\n\t\t<div class=\"elementor-element elementor-element-cb15a0d e-flex e-con-boxed sc_layouts_column_icons_position_left e-con e-parent\" data-id=\"cb15a0d\" data-element_type=\"container\">\n\t\t\t\t\t<div class=\"e-con-inner\">\n\t\t\t\t<div class=\"elementor-element elementor-element-d2f56c3 sc_height_small sc_fly_static elementor-widget elementor-widget-spacer\" data-id=\"d2f56c3\" data-element_type=\"widget\" data-widget_type=\"spacer.default\">\n\t\t\t\t\t\t\t<div class=\"elementor-spacer\">\n\t\t\t<div class=\"elementor-spacer-inner\"><\/div>\n\t\t<\/div>\n\t\t\t\t\t\t<\/div>\n\t\t\t\t\t<\/div>\n\t\t\t\t<\/div>\n\t\t<div class=\"elementor-element elementor-element-10ff968 e-flex e-con-boxed sc_layouts_column_icons_position_left e-con e-parent\" data-id=\"10ff968\" data-element_type=\"container\">\n\t\t\t\t\t<div class=\"e-con-inner\">\n\t\t<div class=\"elementor-element elementor-element-d46c250 e-con-full e-flex sc_layouts_column_icons_position_left e-con e-child\" data-id=\"d46c250\" data-element_type=\"container\">\n\t\t\t\t<div class=\"elementor-element elementor-element-0f0ceeb sc_fly_static elementor-widget elementor-widget-text-editor\" data-id=\"0f0ceeb\" data-element_type=\"widget\" data-widget_type=\"text-editor.default\">\n\t\t\t\t\t\t\t\t\t<p><strong data-start=\"0\" data-end=\"49\">El tratamiento plasma<\/strong>\u00a0es una terapia aut\u00f3loga basada en la propia sangre del paciente, en la que se inyecta plasma concentrado con una alta concentraci\u00f3n de plaquetas en la piel o en las zonas afectadas para estimular la regeneraci\u00f3n y la curaci\u00f3n. Se utiliza con frecuencia para tratar la ca\u00edda del cabello, el rejuvenecimiento de la piel y las cicatrices.<\/p>\t\t\t\t\t\t\t\t<\/div>\n\t\t\t\t<\/div>\n\t\t\t\t\t<\/div>\n\t\t\t\t<\/div>\n\t\t<div class=\"elementor-element elementor-element-836e35e e-flex e-con-boxed sc_layouts_column_icons_position_left e-con e-parent\" data-id=\"836e35e\" data-element_type=\"container\">\n\t\t\t\t\t<div class=\"e-con-inner\">\n\t\t<div class=\"elementor-element elementor-element-1778f79 e-con-full e-flex sc_layouts_column_icons_position_left e-con e-child\" data-id=\"1778f79\" data-element_type=\"container\">\n\t\t\t\t<div class=\"elementor-element elementor-element-b2e0cee sc_height_small sc_fly_static elementor-widget elementor-widget-spacer\" data-id=\"b2e0cee\" data-element_type=\"widget\" data-widget_type=\"spacer.default\">\n\t\t\t\t\t\t\t<div class=\"elementor-spacer\">\n\t\t\t<div class=\"elementor-spacer-inner\"><\/div>\n\t\t<\/div>\n\t\t\t\t\t\t<\/div>\n\t\t\t\t<\/div>\n\t\t\t\t\t<\/div>\n\t\t\t\t<\/div>\n\t\t<div class=\"elementor-element elementor-element-1782ebb e-flex e-con-boxed sc_layouts_column_icons_position_left e-con e-parent\" data-id=\"1782ebb\" data-element_type=\"container\">\n\t\t\t\t\t<div class=\"e-con-inner\">\n\t\t<div class=\"elementor-element elementor-element-fb25f56 e-con-full e-flex sc_layouts_column_icons_position_left e-con e-child\" data-id=\"fb25f56\" data-element_type=\"container\">\n\t\t\t\t<div class=\"elementor-element elementor-element-99af9f4 sc_fly_static elementor-widget elementor-widget-image\" data-id=\"99af9f4\" data-element_type=\"widget\" data-widget_type=\"image.default\">\n\t\t\t\t\t\t\t\t\t\t\t\t\t\t\t<img fetchpriority=\"high\" decoding=\"async\" width=\"675\" height=\"844\" src=\"https:\/\/banusmedical.com\/wp-content\/uploads\/2026\/01\/Untitled-design-2026-01-11T145546.964.jpg\" class=\"attachment-large size-large wp-image-1296\" alt=\"\" srcset=\"https:\/\/banusmedical.com\/wp-content\/uploads\/2026\/01\/Untitled-design-2026-01-11T145546.964.jpg 675w, https:\/\/banusmedical.com\/wp-content\/uploads\/2026\/01\/Untitled-design-2026-01-11T145546.964-240x300.jpg 240w, https:\/\/banusmedical.com\/wp-content\/uploads\/2026\/01\/Untitled-design-2026-01-11T145546.964-370x463.jpg 370w, https:\/\/banusmedical.com\/wp-content\/uploads\/2026\/01\/Untitled-design-2026-01-11T145546.964-410x513.jpg 410w\" sizes=\"(max-width: 675px) 100vw, 675px\" \/>\t\t\t\t\t\t\t\t\t\t\t\t\t\t\t<\/div>\n\t\t\t\t<\/div>\n\t\t<div class=\"elementor-element elementor-element-48995fa e-con-full e-flex sc_layouts_column_icons_position_left e-con e-child\" data-id=\"48995fa\" data-element_type=\"container\">\n\t\t<div class=\"elementor-element elementor-element-6a63e7e e-con-full e-flex sc_layouts_column_icons_position_left e-con e-child\" data-id=\"6a63e7e\" data-element_type=\"container\">\n\t\t\t\t<div class=\"elementor-element elementor-element-ef3b580 elementor-widget__width-initial sc_fly_static elementor-widget elementor-widget-trx_sc_title\" data-id=\"ef3b580\" data-element_type=\"widget\" data-widget_type=\"trx_sc_title.default\">\n\t\t\t\t<div class=\"elementor-widget-container\">\n\t\t\t\t\t<div\t\tclass=\"sc_title sc_title_default\" ><h3 class=\"sc_item_title sc_title_title sc_item_title_style_default sc_item_title_tag\"\n\t\t\t><span class=\"sc_item_title_text\">Beneficios del tratamiento con plasma<\/span><\/h3><\/div>\t\t\t\t<\/div>\n\t\t\t\t<\/div>\n\t\t\t\t<\/div>\n\t\t<div class=\"elementor-element elementor-element-c331ee8 e-con-full e-flex sc_layouts_column_icons_position_left e-con e-child\" data-id=\"c331ee8\" data-element_type=\"container\">\n\t\t\t\t<div class=\"elementor-element elementor-element-ed884cd elementor-widget__width-initial sc_fly_static elementor-widget elementor-widget-text-editor\" data-id=\"ed884cd\" data-element_type=\"widget\" data-widget_type=\"text-editor.default\">\n\t\t\t\t\t\t\t\t\t<p data-start=\"428\" data-end=\"514\"><strong data-start=\"428\" data-end=\"446\">M\u00e9todo natural<\/strong><br data-start=\"446\" data-end=\"449\" \/>El tratamiento utiliza las propias c\u00e9lulas y factores del cuerpo.<\/p><p data-start=\"516\" data-end=\"598\"><strong data-start=\"516\" data-end=\"533\">Alta eficacia<\/strong><br data-start=\"533\" data-end=\"536\" \/>La inyecci\u00f3n capilar con plasma puede acelerar los procesos de regeneraci\u00f3n y curaci\u00f3n.<\/p><p data-start=\"600\" data-end=\"688\"><strong data-start=\"600\" data-end=\"615\">Bajo riesgo<\/strong><br data-start=\"615\" data-end=\"618\" \/>Generalmente es un tratamiento seguro y con pocos efectos secundarios.<\/p>\t\t\t\t\t\t\t\t<\/div>\n\t\t\t\t<\/div>\n\t\t\t\t<\/div>\n\t\t\t\t\t<\/div>\n\t\t\t\t<\/div>\n\t\t<div class=\"elementor-element elementor-element-49d7dbb e-flex e-con-boxed sc_layouts_column_icons_position_left e-con e-parent\" data-id=\"49d7dbb\" data-element_type=\"container\">\n\t\t\t\t\t<div class=\"e-con-inner\">\n\t\t\t\t<div class=\"elementor-element elementor-element-611b623 sc_height_small sc_fly_static elementor-widget elementor-widget-spacer\" data-id=\"611b623\" data-element_type=\"widget\" data-widget_type=\"spacer.default\">\n\t\t\t\t\t\t\t<div class=\"elementor-spacer\">\n\t\t\t<div class=\"elementor-spacer-inner\"><\/div>\n\t\t<\/div>\n\t\t\t\t\t\t<\/div>\n\t\t\t\t\t<\/div>\n\t\t\t\t<\/div>\n\t\t<div class=\"elementor-element elementor-element-209aaf5 e-flex e-con-boxed sc_layouts_column_icons_position_left e-con e-parent\" data-id=\"209aaf5\" data-element_type=\"container\">\n\t\t\t\t\t<div class=\"e-con-inner\">\n\t\t\t\t<div class=\"elementor-element elementor-element-c13d318 sc_fly_static elementor-widget elementor-widget-trx_sc_title\" data-id=\"c13d318\" data-element_type=\"widget\" data-widget_type=\"trx_sc_title.default\">\n\t\t\t\t<div class=\"elementor-widget-container\">\n\t\t\t\t\t<div\t\tclass=\"sc_title sc_title_default\" ><h3 class=\"sc_item_title sc_title_title sc_item_title_style_default sc_item_title_tag\"\n\t\t\t><span class=\"sc_item_title_text\">Efectos secundarios<\/span><\/h3><\/div>\t\t\t\t<\/div>\n\t\t\t\t<\/div>\n\t\t\t\t\t<\/div>\n\t\t\t\t<\/div>\n\t\t<div class=\"elementor-element elementor-element-04d77c6 e-flex e-con-boxed sc_layouts_column_icons_position_left e-con e-parent\" data-id=\"04d77c6\" data-element_type=\"container\">\n\t\t\t\t\t<div class=\"e-con-inner\">\n\t\t\t\t<div class=\"elementor-element elementor-element-0b44854 sc_fly_static elementor-widget elementor-widget-text-editor\" data-id=\"0b44854\" data-element_type=\"widget\" data-widget_type=\"text-editor.default\">\n\t\t\t\t\t\t\t\t\t<p data-start=\"720\" data-end=\"795\"><strong data-start=\"720\" data-end=\"729\">Raros<\/strong><br data-start=\"729\" data-end=\"732\" \/>Los efectos secundarios son poco frecuentes y suelen ser leves.<\/p><p data-start=\"797\" data-end=\"888\"><strong data-start=\"797\" data-end=\"817\">Posibles efectos<\/strong><br data-start=\"817\" data-end=\"820\" \/>Ligero enrojecimiento, hinchaz\u00f3n o dolor en la zona de la inyecci\u00f3n.<\/p><p data-start=\"890\" data-end=\"975\"><strong data-start=\"890\" data-end=\"914\">Reacciones al\u00e9rgicas<\/strong><br data-start=\"914\" data-end=\"917\" \/>En casos muy raros pueden producirse reacciones al\u00e9rgicas.<\/p>\t\t\t\t\t\t\t\t<\/div>\n\t\t\t\t\t<\/div>\n\t\t\t\t<\/div>\n\t\t<div class=\"elementor-element elementor-element-be4d103 e-flex e-con-boxed sc_layouts_column_icons_position_left e-con e-parent\" data-id=\"be4d103\" data-element_type=\"container\">\n\t\t\t\t\t<div class=\"e-con-inner\">\n\t\t\t\t<div class=\"elementor-element elementor-element-04b58ff sc_height_tiny sc_fly_static elementor-widget elementor-widget-spacer\" data-id=\"04b58ff\" data-element_type=\"widget\" data-widget_type=\"spacer.default\">\n\t\t\t\t\t\t\t<div class=\"elementor-spacer\">\n\t\t\t<div class=\"elementor-spacer-inner\"><\/div>\n\t\t<\/div>\n\t\t\t\t\t\t<\/div>\n\t\t\t\t\t<\/div>\n\t\t\t\t<\/div>\n\t\t<div class=\"elementor-element elementor-element-4dac74d e-flex e-con-boxed sc_layouts_column_icons_position_left e-con e-parent\" data-id=\"4dac74d\" data-element_type=\"container\">\n\t\t\t\t\t<div class=\"e-con-inner\">\n\t\t\t\t<div class=\"elementor-element elementor-element-a119f1d sc_fly_static elementor-widget elementor-widget-image\" data-id=\"a119f1d\" data-element_type=\"widget\" data-widget_type=\"image.default\">\n\t\t\t\t\t\t\t\t\t\t\t\t\t\t\t<img decoding=\"async\" width=\"960\" height=\"540\" src=\"https:\/\/banusmedical.com\/wp-content\/uploads\/2026\/01\/Untitled-design-2026-01-11T145528.711.jpg\" class=\"attachment-large size-large wp-image-1297\" alt=\"\" srcset=\"https:\/\/banusmedical.com\/wp-content\/uploads\/2026\/01\/Untitled-design-2026-01-11T145528.711.jpg 960w, https:\/\/banusmedical.com\/wp-content\/uploads\/2026\/01\/Untitled-design-2026-01-11T145528.711-300x169.jpg 300w, https:\/\/banusmedical.com\/wp-content\/uploads\/2026\/01\/Untitled-design-2026-01-11T145528.711-768x432.jpg 768w, https:\/\/banusmedical.com\/wp-content\/uploads\/2026\/01\/Untitled-design-2026-01-11T145528.711-370x208.jpg 370w, https:\/\/banusmedical.com\/wp-content\/uploads\/2026\/01\/Untitled-design-2026-01-11T145528.711-840x473.jpg 840w, https:\/\/banusmedical.com\/wp-content\/uploads\/2026\/01\/Untitled-design-2026-01-11T145528.711-410x231.jpg 410w, https:\/\/banusmedical.com\/wp-content\/uploads\/2026\/01\/Untitled-design-2026-01-11T145528.711-270x152.jpg 270w\" sizes=\"(max-width: 960px) 100vw, 960px\" \/>\t\t\t\t\t\t\t\t\t\t\t\t\t\t\t<\/div>\n\t\t\t\t\t<\/div>\n\t\t\t\t<\/div>\n\t\t<div class=\"elementor-element elementor-element-499c2ef e-flex e-con-boxed sc_layouts_column_icons_position_left e-con e-parent\" data-id=\"499c2ef\" data-element_type=\"container\">\n\t\t\t\t\t<div class=\"e-con-inner\">\n\t\t\t\t<div class=\"elementor-element elementor-element-ed713a6 sc_fly_static elementor-widget elementor-widget-trx_sc_title\" data-id=\"ed713a6\" data-element_type=\"widget\" data-widget_type=\"trx_sc_title.default\">\n\t\t\t\t<div class=\"elementor-widget-container\">\n\t\t\t\t\t<div\t\tclass=\"sc_title sc_title_default\" ><h3 class=\"sc_item_title sc_title_title sc_item_title_style_default sc_item_title_tag\"\n\t\t\t><span class=\"sc_item_title_text\">En resumen<\/span><\/h3><\/div>\t\t\t\t<\/div>\n\t\t\t\t<\/div>\n\t\t\t\t<div class=\"elementor-element elementor-element-259735d sc_fly_static elementor-widget elementor-widget-text-editor\" data-id=\"259735d\" data-element_type=\"widget\" data-widget_type=\"text-editor.default\">\n\t\t\t\t\t\t\t\t\t<div class=\"flex flex-col text-sm pb-25\"><article class=\"text-token-text-primary w-full focus:outline-none [--shadow-height:45px] has-data-writing-block:pointer-events-none has-data-writing-block:-mt-(--shadow-height) has-data-writing-block:pt-(--shadow-height) [&amp;:has([data-writing-block])&gt;*]:pointer-events-auto scroll-mt-[calc(var(--header-height)+min(200px,max(70px,20svh)))]\" dir=\"auto\" tabindex=\"-1\" data-turn-id=\"request-698cc574-1918-8387-b36e-cd8f58e1e9de-4\" data-testid=\"conversation-turn-18\" data-scroll-anchor=\"true\" data-turn=\"assistant\"><div class=\"text-base my-auto mx-auto pb-10 [--thread-content-margin:--spacing(4)] @w-sm\/main:[--thread-content-margin:--spacing(6)] @w-lg\/main:[--thread-content-margin:--spacing(16)] px-(--thread-content-margin)\"><div class=\"[--thread-content-max-width:40rem] @w-lg\/main:[--thread-content-max-width:48rem] mx-auto max-w-(--thread-content-max-width) flex-1 group\/turn-messages focus-visible:outline-hidden relative flex w-full min-w-0 flex-col agent-turn\" tabindex=\"-1\"><div class=\"flex max-w-full flex-col grow\"><div class=\"min-h-8 text-message relative flex w-full flex-col items-end gap-2 text-start break-words whitespace-normal [.text-message+&amp;]:mt-1\" dir=\"auto\" data-message-author-role=\"assistant\" data-message-id=\"7f4f37d1-b410-49cc-96cf-54c68dde8e22\" data-message-model-slug=\"gpt-5-2\"><div class=\"flex w-full flex-col gap-1 empty:hidden first:pt-[1px]\"><div class=\"markdown prose dark:prose-invert w-full wrap-break-word dark markdown-new-styling\"><p data-start=\"121\" data-end=\"456\" data-is-last-node=\"\" data-is-only-node=\"\">El tratamiento con <strong data-start=\"121\" data-end=\"456\" data-is-last-node=\"\">plasma <\/strong>es una terapia natural y prometedora utilizada en diversos campos de la medicina. Puede acelerar el proceso de curaci\u00f3n y revitalizar la piel y el cabello. Sin embargo, es importante que el tratamiento sea realizado por un cirujano pl\u00e1stico y est\u00e9tico cualificado para evitar posibles efectos secundarios.<\/p><\/div><\/div><\/div><\/div><div class=\"z-0 flex min-h-[46px] justify-start\">\u00a0<\/div><div class=\"mt-3 w-full empty:hidden\"><div class=\"text-center\">\u00a0<\/div><\/div><\/div><\/div><\/article><\/div><div class=\"pointer-events-none h-px w-px absolute bottom-0\" aria-hidden=\"true\" data-edge=\"true\">\u00a0<\/div>\t\t\t\t\t\t\t\t<\/div>\n\t\t\t\t\t<\/div>\n\t\t\t\t<\/div>\n\t\t<div class=\"elementor-element elementor-element-0f0374e e-flex e-con-boxed sc_layouts_column_icons_position_left e-con e-parent\" data-id=\"0f0374e\" data-element_type=\"container\">\n\t\t\t\t\t<div class=\"e-con-inner\">\n\t\t\t\t<div class=\"elementor-element elementor-element-ad5b0fe sc_height_small sc_fly_static elementor-widget elementor-widget-spacer\" data-id=\"ad5b0fe\" data-element_type=\"widget\" data-widget_type=\"spacer.default\">\n\t\t\t\t\t\t\t<div class=\"elementor-spacer\">\n\t\t\t<div class=\"elementor-spacer-inner\"><\/div>\n\t\t<\/div>\n\t\t\t\t\t\t<\/div>\n\t\t\t\t\t<\/div>\n\t\t\t\t<\/div>\n\t\t<div class=\"elementor-element elementor-element-d6a8e9e e-flex e-con-boxed sc_layouts_column_icons_position_left e-con e-parent\" data-id=\"d6a8e9e\" data-element_type=\"container\">\n\t\t\t\t\t<div class=\"e-con-inner\">\n\t\t\t\t<div class=\"elementor-element elementor-element-90cd9c6 sc_fly_static elementor-widget elementor-widget-shortcode\" data-id=\"90cd9c6\" data-element_type=\"widget\" data-widget_type=\"shortcode.default\">\n\t\t\t\t\t\t\t<div class=\"elementor-shortcode\"><div class=\"latepoint-book-form-wrapper os-loading os_init_booking_form\" id=\"latepointBookForm_69d08960d6641\" >\n\t\t\t\t\t\t<div class=\"latepoint-w latepoint-inline-form latepoint-show-side-panel\">\n\t\t\t\t\t\t\t<div class=\"latepoint-booking-form-element\">\n\t\t\t\t\t\t\t\t<div class=\"latepoint-side-panel\"><\/div>\n\t\t\t\t\t\t\t\t<div class=\"latepoint-form-w\"><\/div>\n\t\t\t\t\t\t\t<\/div>\n\t\t\t\t\t\t<\/div>\n\t\t\t\t\t<\/div><\/div>\n\t\t\t\t\t\t<\/div>\n\t\t\t\t\t<\/div>\n\t\t\t\t<\/div>\n\t\t\t\t<\/div>","protected":false},"excerpt":{"rendered":"<p>El tratamiento plasma\u00a0es una terapia aut\u00f3loga basada en la propia sangre del paciente, en la que se inyecta plasma concentrado con una alta concentraci\u00f3n de plaquetas en la piel o&hellip;<\/p>","protected":false},"author":1,"featured_media":0,"parent":0,"menu_order":0,"comment_status":"closed","ping_status":"closed","template":"","meta":{"inline_featured_image":false,"footnotes":""},"class_list":["post-1289","page","type-page","status-publish","hentry"],"_hostinger_reach_plugin_has_subscription_block":false,"_hostinger_reach_plugin_is_elementor":false,"_links":{"self":[{"href":"https:\/\/banusmedical.com\/ru\/wp-json\/wp\/v2\/pages\/1289","targetHints":{"allow":["GET"]}}],"collection":[{"href":"https:\/\/banusmedical.com\/ru\/wp-json\/wp\/v2\/pages"}],"about":[{"href":"https:\/\/banusmedical.com\/ru\/wp-json\/wp\/v2\/types\/page"}],"author":[{"embeddable":true,"href":"https:\/\/banusmedical.com\/ru\/wp-json\/wp\/v2\/users\/1"}],"replies":[{"embeddable":true,"href":"https:\/\/banusmedical.com\/ru\/wp-json\/wp\/v2\/comments?post=1289"}],"version-history":[{"count":14,"href":"https:\/\/banusmedical.com\/ru\/wp-json\/wp\/v2\/pages\/1289\/revisions"}],"predecessor-version":[{"id":1756,"href":"https:\/\/banusmedical.com\/ru\/wp-json\/wp\/v2\/pages\/1289\/revisions\/1756"}],"wp:attachment":[{"href":"https:\/\/banusmedical.com\/ru\/wp-json\/wp\/v2\/media?parent=1289"}],"curies":[{"name":"wp","href":"https:\/\/api.w.org\/{rel}","templated":true}]}}