{"id":1226,"date":"2026-01-10T13:51:39","date_gmt":"2026-01-10T13:51:39","guid":{"rendered":"https:\/\/banusmedical.com\/?page_id=1226"},"modified":"2026-02-01T14:57:03","modified_gmt":"2026-02-01T14:57:03","slug":"%e8%85%b9%e9%83%a8%e6%95%b4%e5%bd%a2","status":"publish","type":"page","link":"https:\/\/banusmedical.com\/zh\/%e8%85%b9%e9%83%a8%e6%95%b4%e5%bd%a2\/","title":{"rendered":"\u8179\u58c1\u6210\u5f62\u672f"},"content":{"rendered":"<div data-elementor-type=\"wp-page\" data-elementor-id=\"1226\" class=\"elementor elementor-1226\" data-elementor-post-type=\"page\">\n\t\t\t\t<div class=\"elementor-element elementor-element-038fbb7 e-flex e-con-boxed sc_layouts_column_icons_position_left e-con e-parent\" data-id=\"038fbb7\" data-element_type=\"container\">\n\t\t\t\t\t<div class=\"e-con-inner\">\n\t\t<div class=\"e-con-gap-no elementor-element elementor-element-8ce6f94 e-con-full e-flex sc_layouts_column_icons_position_left e-con e-child\" data-animation-type=\"sequental\" data-animation-stagger=\"\" data-id=\"8ce6f94\" data-element_type=\"container\" data-settings=\"{&quot;background_background&quot;:&quot;video&quot;,&quot;background_video_link&quot;:&quot;https:\\\/\\\/vimeo.com\\\/1146577402?share=copy&amp;fl=sv&amp;fe=ci&quot;,&quot;background_play_on_mobile&quot;:&quot;yes&quot;,&quot;animation&quot;:&quot;none&quot;}\">\n\t\t<div class=\"elementor-background-video-container\" aria-hidden=\"true\">\n\t\t\t\t\t\t\t<div class=\"elementor-background-video-embed\"><\/div>\n\t\t\t\t\t\t<\/div>\t\t<\/div>\n\t\t\t\t\t<\/div>\n\t\t\t\t<\/div>\n\t\t<div class=\"elementor-element elementor-element-b8fd6fc e-flex e-con-boxed sc_layouts_column_icons_position_left e-con e-parent\" data-id=\"b8fd6fc\" data-element_type=\"container\">\n\t\t\t\t\t<div class=\"e-con-inner\">\n\t\t\t\t<div class=\"elementor-element elementor-element-d299821 sc_fly_static elementor-widget elementor-widget-spacer\" data-id=\"d299821\" data-element_type=\"widget\" data-widget_type=\"spacer.default\">\n\t\t\t\t\t\t\t<div class=\"elementor-spacer\">\n\t\t\t<div class=\"elementor-spacer-inner\"><\/div>\n\t\t<\/div>\n\t\t\t\t\t\t<\/div>\n\t\t\t\t\t<\/div>\n\t\t\t\t<\/div>\n\t\t<div class=\"elementor-element elementor-element-9886f04 e-flex e-con-boxed sc_layouts_column_icons_position_left e-con e-parent\" data-id=\"9886f04\" data-element_type=\"container\">\n\t\t\t\t\t<div class=\"e-con-inner\">\n\t\t\t\t<div class=\"elementor-element elementor-element-f545298 sc_fly_static elementor-widget elementor-widget-text-editor\" data-id=\"f545298\" data-element_type=\"widget\" data-widget_type=\"text-editor.default\">\n\t\t\t\t\t\t\t\t\t<p>\"(\u300a\u4e16\u754c\u4eba\u6743\u5ba3\u8a00\u300b) <strong data-start=\"24\" data-end=\"43\">\u8179\u90e8\u6574\u5f62<\/strong> \u662f\u4e00\u79cd\u65e8\u5728\u6536\u7d27\u8179\u58c1\u7684\u5916\u79d1\u624b\u672f\u3002\u901a\u5e38\u662f\u51fa\u4e8e\u7f8e\u5bb9\u6216\u6574\u5f62\u7684\u539f\u56e0\uff0c\u5982\u4f53\u91cd\u5927\u5e45\u4e0b\u964d\u3001\u6000\u5b55\u6216\u5e74\u9f84\u5bfc\u81f4\u7684\u76ae\u80a4\u677e\u5f1b\u3002.<\/p>\t\t\t\t\t\t\t\t<\/div>\n\t\t\t\t\t<\/div>\n\t\t\t\t<\/div>\n\t\t<div class=\"elementor-element elementor-element-8e4ed0e e-flex e-con-boxed sc_layouts_column_icons_position_left e-con e-parent\" data-id=\"8e4ed0e\" data-element_type=\"container\">\n\t\t\t\t\t<div class=\"e-con-inner\">\n\t\t\t\t<div class=\"elementor-element elementor-element-54f79ae sc_height_small sc_fly_static elementor-widget elementor-widget-spacer\" data-id=\"54f79ae\" data-element_type=\"widget\" data-widget_type=\"spacer.default\">\n\t\t\t\t\t\t\t<div class=\"elementor-spacer\">\n\t\t\t<div class=\"elementor-spacer-inner\"><\/div>\n\t\t<\/div>\n\t\t\t\t\t\t<\/div>\n\t\t\t\t\t<\/div>\n\t\t\t\t<\/div>\n\t\t<div class=\"elementor-element elementor-element-f24c379 e-flex e-con-boxed sc_layouts_column_icons_position_left e-con e-parent\" data-id=\"f24c379\" data-element_type=\"container\">\n\t\t\t\t\t<div class=\"e-con-inner\">\n\t\t\t\t<div class=\"elementor-element elementor-element-29d9d68 sc_fly_static elementor-widget elementor-widget-trx_sc_title\" data-id=\"29d9d68\" data-element_type=\"widget\" data-widget_type=\"trx_sc_title.default\">\n\t\t\t\t<div class=\"elementor-widget-container\">\n\t\t\t\t\t<div\t\tclass=\"sc_title sc_title_default\" ><h3 class=\"sc_item_title sc_title_title sc_item_title_style_default sc_item_title_tag\"\n\t\t\t><span class=\"sc_item_title_text\">\u624b\u672f\u8fc7\u7a0b\u4e2d\u4f1a\u53d1\u751f\u4ec0\u4e48\uff1f<\/span><\/h3><\/div>\t\t\t\t<\/div>\n\t\t\t\t<\/div>\n\t\t\t\t\t<\/div>\n\t\t\t\t<\/div>\n\t\t<div class=\"elementor-element elementor-element-86ad853 e-flex e-con-boxed sc_layouts_column_icons_position_left e-con e-parent\" data-id=\"86ad853\" data-element_type=\"container\">\n\t\t\t\t\t<div class=\"e-con-inner\">\n\t\t\t\t<div class=\"elementor-element elementor-element-77b350f sc_fly_static elementor-widget elementor-widget-text-editor\" data-id=\"77b350f\" data-element_type=\"widget\" data-widget_type=\"text-editor.default\">\n\t\t\t\t\t\t\t\t\t<p data-start=\"339\" data-end=\"519\">\u5728\u8179\u90e8\u9664\u76b1\u672f\u4e2d\uff0c\u5916\u79d1\u533b\u751f\u4f1a\u53bb\u9664\u4e0b\u8179\u90e8\u591a\u4f59\u7684\u76ae\u80a4\u548c\u8102\u80aa\uff0c\u5e76\u6536\u7d27\u4e0b\u8179\u90e8\u7684\u808c\u8089\u3002\u76ee\u7684\u662f\u4f7f\u8179\u90e8\u5e73\u5766\u7d27\u5b9e\u3002.<\/p><p data-start=\"521\" data-end=\"542\"><strong data-start=\"521\" data-end=\"542\">\u901a\u5e38\u7684\u6b65\u9aa4\uff1a<\/strong><\/p><ul data-start=\"543\" data-end=\"915\"><li data-start=\"543\" data-end=\"626\"><p data-start=\"545\" data-end=\"626\"><strong data-start=\"545\" data-end=\"558\">\u5207\u53e3\uff1a<\/strong> \u4e00\u822c\u5448\u6c34\u5e73\u72b6\uff0c\u5728\u803b\u9aa8\uff08\u6bd4\u57fa\u5c3c\u7ebf\uff09\u4e0a\u65b9\u3002.<\/p><\/li><li data-start=\"627\" data-end=\"706\"><p data-start=\"629\" data-end=\"706\"><strong data-start=\"629\" data-end=\"659\">\u51cf\u5c11\u76ae\u80a4\u548c\u8102\u80aa<\/strong> \u5207\u9664\u591a\u4f59\u7684\u76ae\u80a4\u548c\u8102\u80aa\u7ec4\u7ec7\u3002.<\/p><\/li><li data-start=\"707\" data-end=\"818\"><p data-start=\"709\" data-end=\"818\"><strong data-start=\"709\" data-end=\"730\">\u808c\u8089\u6536\u7d27<\/strong> \u8179\u76f4\u808c\uff08\u8179\u76f4\u808c\u8179\u819c\u81a8\u51fa\uff09\u901a\u5e38\u9700\u8981\u91cd\u65b0\u5bf9\u9f50\u548c\u7f1d\u5408\u3002.<\/p><\/li><li data-start=\"819\" data-end=\"915\"><p data-start=\"821\" data-end=\"915\"><strong data-start=\"821\" data-end=\"855\">\u91cd\u65b0\u5b9a\u4f4d\u8110\u90e8\uff1a<\/strong> \u5982\u679c\u76ae\u80a4\u5207\u9664\u8fc7\u591a\uff0c\u5219\u9700\u8981\u91cd\u65b0\u5b9a\u4f4d\u8110\u90e8\u3002.<\/p><\/li><\/ul>\t\t\t\t\t\t\t\t<\/div>\n\t\t\t\t\t<\/div>\n\t\t\t\t<\/div>\n\t\t<div class=\"elementor-element elementor-element-c0b2317 e-flex e-con-boxed sc_layouts_column_icons_position_left e-con e-parent\" data-id=\"c0b2317\" data-element_type=\"container\">\n\t\t\t\t\t<div class=\"e-con-inner\">\n\t\t\t\t<div class=\"elementor-element elementor-element-2d2e9b5 sc_height_small sc_fly_static elementor-widget elementor-widget-spacer\" data-id=\"2d2e9b5\" data-element_type=\"widget\" data-widget_type=\"spacer.default\">\n\t\t\t\t\t\t\t<div class=\"elementor-spacer\">\n\t\t\t<div class=\"elementor-spacer-inner\"><\/div>\n\t\t<\/div>\n\t\t\t\t\t\t<\/div>\n\t\t\t\t\t<\/div>\n\t\t\t\t<\/div>\n\t\t<div class=\"e-con-gap-no elementor-element elementor-element-f75da18 e-flex e-con-boxed sc_layouts_column_icons_position_left e-con e-parent\" data-id=\"f75da18\" data-element_type=\"container\">\n\t\t\t\t\t<div class=\"e-con-inner\">\n\t\t<div class=\"elementor-element elementor-element-763dd20 e-con-full e-flex sc_layouts_column_icons_position_left e-con e-child\" data-id=\"763dd20\" data-element_type=\"container\">\n\t\t<div class=\"elementor-element elementor-element-97c7cc6 e-con-full e-flex sc_layouts_column_icons_position_left e-con e-child\" data-id=\"97c7cc6\" data-element_type=\"container\">\n\t\t\t\t<div class=\"elementor-element elementor-element-d3be846 sc_fly_static elementor-widget elementor-widget-image\" data-id=\"d3be846\" data-element_type=\"widget\" data-widget_type=\"image.default\">\n\t\t\t\t\t\t\t\t\t\t\t\t\t\t\t<img fetchpriority=\"high\" decoding=\"async\" width=\"810\" height=\"810\" src=\"https:\/\/banusmedical.com\/wp-content\/uploads\/2026\/01\/Untitled-design-2026-01-10T131514.147.jpg\" class=\"attachment-large size-large wp-image-1192\" alt=\"\" srcset=\"https:\/\/banusmedical.com\/wp-content\/uploads\/2026\/01\/Untitled-design-2026-01-10T131514.147.jpg 810w, https:\/\/banusmedical.com\/wp-content\/uploads\/2026\/01\/Untitled-design-2026-01-10T131514.147-300x300.jpg 300w, https:\/\/banusmedical.com\/wp-content\/uploads\/2026\/01\/Untitled-design-2026-01-10T131514.147-150x150.jpg 150w, https:\/\/banusmedical.com\/wp-content\/uploads\/2026\/01\/Untitled-design-2026-01-10T131514.147-768x768.jpg 768w, https:\/\/banusmedical.com\/wp-content\/uploads\/2026\/01\/Untitled-design-2026-01-10T131514.147-370x370.jpg 370w, https:\/\/banusmedical.com\/wp-content\/uploads\/2026\/01\/Untitled-design-2026-01-10T131514.147-120x120.jpg 120w, https:\/\/banusmedical.com\/wp-content\/uploads\/2026\/01\/Untitled-design-2026-01-10T131514.147-410x410.jpg 410w\" sizes=\"(max-width: 810px) 100vw, 810px\" \/>\t\t\t\t\t\t\t\t\t\t\t\t\t\t\t<\/div>\n\t\t\t\t<\/div>\n\t\t<div class=\"elementor-element elementor-element-b94629f e-con-full e-flex sc_layouts_column_icons_position_left e-con e-child\" data-id=\"b94629f\" data-element_type=\"container\">\n\t\t\t\t<div class=\"elementor-element elementor-element-98f6c7e sc_fly_static elementor-widget elementor-widget-trx_sc_title\" data-id=\"98f6c7e\" data-element_type=\"widget\" data-widget_type=\"trx_sc_title.default\">\n\t\t\t\t<div class=\"elementor-widget-container\">\n\t\t\t\t\t<div\t\tclass=\"sc_title sc_title_default\" ><h3 class=\"sc_item_title sc_title_title sc_item_title_style_default sc_item_title_tag\"\n\t\t\t><span class=\"sc_item_title_text\">\u624b\u672f\u548c\u9ebb\u9189\u6301\u7eed\u65f6\u95f4<\/span><\/h3><\/div>\t\t\t\t<\/div>\n\t\t\t\t<\/div>\n\t\t\t\t<div class=\"elementor-element elementor-element-402a02c sc_fly_static elementor-widget elementor-widget-text-editor\" data-id=\"402a02c\" data-element_type=\"widget\" data-widget_type=\"text-editor.default\">\n\t\t\t\t\t\t\t\t\t<ul><li data-start=\"961\" data-end=\"995\"><p data-start=\"963\" data-end=\"995\"><strong data-start=\"963\" data-end=\"976\">\u6301\u7eed\u65f6\u95f4<\/strong> \u7ea6 2-4 \u5c0f\u65f6<\/p><\/li><li data-start=\"996\" data-end=\"1032\"><p data-start=\"998\" data-end=\"1032\"><strong data-start=\"998\" data-end=\"1012\">\u9ebb\u9189\uff1a<\/strong> \u5168\u8eab\u9ebb\u9189<\/p><\/li><li data-start=\"1033\" data-end=\"1087\"><p data-start=\"1035\" data-end=\"1087\"><strong data-start=\"1035\" data-end=\"1061\">\u4f4f\u9662\u65f6\u95f4<\/strong> \u901a\u5e38\u4e3a 1 \u81f3 3 \u5929<\/p><\/li><\/ul>\t\t\t\t\t\t\t\t<\/div>\n\t\t\t\t<\/div>\n\t\t\t\t<\/div>\n\t\t\t\t\t<\/div>\n\t\t\t\t<\/div>\n\t\t<div class=\"elementor-element elementor-element-bf86347 e-flex e-con-boxed sc_layouts_column_icons_position_left e-con e-parent\" data-id=\"bf86347\" data-element_type=\"container\">\n\t\t\t\t\t<div class=\"e-con-inner\">\n\t\t\t\t<div class=\"elementor-element elementor-element-ebe4607 sc_height_small sc_fly_static elementor-widget elementor-widget-spacer\" data-id=\"ebe4607\" data-element_type=\"widget\" data-widget_type=\"spacer.default\">\n\t\t\t\t\t\t\t<div class=\"elementor-spacer\">\n\t\t\t<div class=\"elementor-spacer-inner\"><\/div>\n\t\t<\/div>\n\t\t\t\t\t\t<\/div>\n\t\t\t\t\t<\/div>\n\t\t\t\t<\/div>\n\t\t<div class=\"elementor-element elementor-element-7b80285 e-flex e-con-boxed sc_layouts_column_icons_position_left e-con e-parent\" data-id=\"7b80285\" data-element_type=\"container\">\n\t\t\t\t\t<div class=\"e-con-inner\">\n\t\t\t\t<div class=\"elementor-element elementor-element-14ab988 sc_fly_static elementor-widget elementor-widget-trx_sc_title\" data-id=\"14ab988\" data-element_type=\"widget\" data-widget_type=\"trx_sc_title.default\">\n\t\t\t\t<div class=\"elementor-widget-container\">\n\t\t\t\t\t<div\t\tclass=\"sc_title sc_title_default\" ><h3 class=\"sc_item_title sc_title_title sc_item_title_style_default sc_item_title_tag\"\n\t\t\t><span class=\"sc_item_title_text\">\u5eb7\u590d\u548c\u540e\u7eed\u62a4\u7406<\/span><\/h3><\/div>\t\t\t\t<\/div>\n\t\t\t\t<\/div>\n\t\t\t\t\t<\/div>\n\t\t\t\t<\/div>\n\t\t<div class=\"elementor-element elementor-element-989b083 e-flex e-con-boxed sc_layouts_column_icons_position_left e-con e-parent\" data-id=\"989b083\" data-element_type=\"container\">\n\t\t\t\t\t<div class=\"e-con-inner\">\n\t\t\t\t<div class=\"elementor-element elementor-element-5822a27 sc_fly_static elementor-widget elementor-widget-text-editor\" data-id=\"5822a27\" data-element_type=\"widget\" data-widget_type=\"text-editor.default\">\n\t\t\t\t\t\t\t\t\t<ul><li data-start=\"1134\" data-end=\"1187\"><p data-start=\"1136\" data-end=\"1187\"><strong data-start=\"1136\" data-end=\"1161\">\u538b\u7f29\u670d\u88c5<\/strong> \u4f7f\u7528 4-6 \u5468<\/p><\/li><li data-start=\"1188\" data-end=\"1228\"><p data-start=\"1190\" data-end=\"1228\"><strong data-start=\"1190\" data-end=\"1207\">\u75c5\u5047\uff1a<\/strong> \u7ea6 2-4 \u5468<\/p><\/li><li data-start=\"1229\" data-end=\"1298\"><p data-start=\"1231\" data-end=\"1298\"><strong data-start=\"1231\" data-end=\"1252\">\u4f53\u80b2\u6d3b\u52a8\uff1a<\/strong> \u907f\u514d\u8fd0\u52a8\u81f3\u5c11 6 \u5468<\/p><\/li><li data-start=\"1299\" data-end=\"1358\"><p data-start=\"1301\" data-end=\"1358\"><strong data-start=\"1301\" data-end=\"1327\">\u75a4\u75d5\u62a4\u7406\uff1a<\/strong> \u6570\u6708\u4e4b\u9700<\/p><\/li><\/ul>\t\t\t\t\t\t\t\t<\/div>\n\t\t\t\t\t<\/div>\n\t\t\t\t<\/div>\n\t\t<div class=\"elementor-element elementor-element-2aaf60e e-flex e-con-boxed sc_layouts_column_icons_position_left e-con e-parent\" data-id=\"2aaf60e\" data-element_type=\"container\">\n\t\t\t\t\t<div class=\"e-con-inner\">\n\t\t<div class=\"elementor-element elementor-element-fab373d e-con-full e-flex sc_layouts_column_icons_position_left e-con e-child\" data-id=\"fab373d\" data-element_type=\"container\">\n\t\t\t\t<div class=\"elementor-element elementor-element-0973bee sc_height_small sc_fly_static elementor-widget elementor-widget-spacer\" data-id=\"0973bee\" data-element_type=\"widget\" data-widget_type=\"spacer.default\">\n\t\t\t\t\t\t\t<div class=\"elementor-spacer\">\n\t\t\t<div class=\"elementor-spacer-inner\"><\/div>\n\t\t<\/div>\n\t\t\t\t\t\t<\/div>\n\t\t\t\t<\/div>\n\t\t\t\t\t<\/div>\n\t\t\t\t<\/div>\n\t\t<div class=\"elementor-element elementor-element-54926b2 e-flex e-con-boxed sc_layouts_column_icons_position_left e-con e-parent\" data-id=\"54926b2\" data-element_type=\"container\">\n\t\t\t\t\t<div class=\"e-con-inner\">\n\t\t<div class=\"elementor-element elementor-element-41625c9 e-con-full e-flex sc_layouts_column_icons_position_left e-con e-child\" data-id=\"41625c9\" data-element_type=\"container\">\n\t\t<div class=\"elementor-element elementor-element-93ac08b e-con-full e-flex sc_layouts_column_icons_position_left e-con e-child\" data-id=\"93ac08b\" data-element_type=\"container\">\n\t\t\t\t<div class=\"elementor-element elementor-element-f10d5e4 sc_fly_static elementor-widget elementor-widget-image\" data-id=\"f10d5e4\" data-element_type=\"widget\" data-widget_type=\"image.default\">\n\t\t\t\t\t\t\t\t\t\t\t\t\t\t\t<img decoding=\"async\" width=\"810\" height=\"810\" src=\"https:\/\/banusmedical.com\/wp-content\/uploads\/2026\/01\/Untitled-design-72.jpg\" class=\"attachment-large size-large wp-image-1257\" alt=\"\" srcset=\"https:\/\/banusmedical.com\/wp-content\/uploads\/2026\/01\/Untitled-design-72.jpg 810w, https:\/\/banusmedical.com\/wp-content\/uploads\/2026\/01\/Untitled-design-72-300x300.jpg 300w, https:\/\/banusmedical.com\/wp-content\/uploads\/2026\/01\/Untitled-design-72-150x150.jpg 150w, https:\/\/banusmedical.com\/wp-content\/uploads\/2026\/01\/Untitled-design-72-768x768.jpg 768w, https:\/\/banusmedical.com\/wp-content\/uploads\/2026\/01\/Untitled-design-72-370x370.jpg 370w, https:\/\/banusmedical.com\/wp-content\/uploads\/2026\/01\/Untitled-design-72-120x120.jpg 120w, https:\/\/banusmedical.com\/wp-content\/uploads\/2026\/01\/Untitled-design-72-410x410.jpg 410w\" sizes=\"(max-width: 810px) 100vw, 810px\" \/>\t\t\t\t\t\t\t\t\t\t\t\t\t\t\t<\/div>\n\t\t\t\t<\/div>\n\t\t<div class=\"elementor-element elementor-element-df99a97 e-con-full e-flex sc_layouts_column_icons_position_left e-con e-child\" data-id=\"df99a97\" data-element_type=\"container\">\n\t\t\t\t<div class=\"elementor-element elementor-element-727668b elementor-widget__width-initial sc_fly_static elementor-widget elementor-widget-trx_sc_title\" data-id=\"727668b\" data-element_type=\"widget\" data-widget_type=\"trx_sc_title.default\">\n\t\t\t\t<div class=\"elementor-widget-container\">\n\t\t\t\t\t<div\t\tclass=\"sc_title sc_title_default\" ><h3 class=\"sc_item_title sc_title_title sc_item_title_style_default sc_item_title_tag\"\n\t\t\t><span class=\"sc_item_title_text\">\u8d44\u683c\u548c\u9002\u5b9c\u6027<\/span><\/h3><\/div>\t\t\t\t<\/div>\n\t\t\t\t<\/div>\n\t\t\t\t<div class=\"elementor-element elementor-element-a176d61 sc_fly_static elementor-widget elementor-widget-text-editor\" data-id=\"a176d61\" data-element_type=\"widget\" data-widget_type=\"text-editor.default\">\n\t\t\t\t\t\t\t\t\t<p data-start=\"1392\" data-end=\"1420\">\u7279\u522b\u9002\u5408\uff1a<\/p><ul data-start=\"1421\" data-end=\"1545\"><li data-start=\"1421\" data-end=\"1472\"><p data-start=\"1423\" data-end=\"1472\">\u4f53\u91cd\u660e\u663e\u51cf\u8f7b\u540e\u7684\u4eba<\/p><\/li><li data-start=\"1473\" data-end=\"1505\"><p data-start=\"1475\" data-end=\"1505\">\u6000\u5b55\u540e\u7684\u5987\u5973<\/p><\/li><li data-start=\"1506\" data-end=\"1545\"><p data-start=\"1508\" data-end=\"1545\">\u8179\u90e8\u76ae\u80a4\u591a\u4f59\u7684\u4eba<\/p><\/li><\/ul>\t\t\t\t\t\t\t\t<\/div>\n\t\t\t\t<\/div>\n\t\t\t\t<\/div>\n\t\t\t\t\t<\/div>\n\t\t\t\t<\/div>\n\t\t<div class=\"elementor-element elementor-element-0dc2c13 e-flex e-con-boxed sc_layouts_column_icons_position_left e-con e-parent\" data-id=\"0dc2c13\" data-element_type=\"container\">\n\t\t\t\t\t<div class=\"e-con-inner\">\n\t\t\t\t<div class=\"elementor-element elementor-element-54df1c4 sc_height_tiny sc_fly_static elementor-widget elementor-widget-spacer\" data-id=\"54df1c4\" data-element_type=\"widget\" data-widget_type=\"spacer.default\">\n\t\t\t\t\t\t\t<div class=\"elementor-spacer\">\n\t\t\t<div class=\"elementor-spacer-inner\"><\/div>\n\t\t<\/div>\n\t\t\t\t\t\t<\/div>\n\t\t\t\t\t<\/div>\n\t\t\t\t<\/div>\n\t\t<div class=\"elementor-element elementor-element-54ff85a e-flex e-con-boxed sc_layouts_column_icons_position_left e-con e-parent\" data-id=\"54ff85a\" data-element_type=\"container\">\n\t\t\t\t\t<div class=\"e-con-inner\">\n\t\t\t\t<div class=\"elementor-element elementor-element-3df790b sc_fly_static elementor-widget elementor-widget-trx_sc_title\" data-id=\"3df790b\" data-element_type=\"widget\" data-widget_type=\"trx_sc_title.default\">\n\t\t\t\t<div class=\"elementor-widget-container\">\n\t\t\t\t\t<div\t\tclass=\"sc_title sc_title_default\" ><h3 class=\"sc_item_title sc_title_title sc_item_title_style_default sc_item_title_tag\"\n\t\t\t><span class=\"sc_item_title_text\">\u98ce\u9669\u548c\u53ef\u80fd\u7684\u5e76\u53d1\u75c7<\/span><\/h3><\/div>\t\t\t\t<\/div>\n\t\t\t\t<\/div>\n\t\t\t\t\t<\/div>\n\t\t\t\t<\/div>\n\t\t<div class=\"elementor-element elementor-element-8829a95 e-flex e-con-boxed sc_layouts_column_icons_position_left e-con e-parent\" data-id=\"8829a95\" data-element_type=\"container\">\n\t\t\t\t\t<div class=\"e-con-inner\">\n\t\t<div class=\"elementor-element elementor-element-32f7571 e-con-full e-flex sc_layouts_column_icons_position_left e-con e-child\" data-id=\"32f7571\" data-element_type=\"container\">\n\t\t\t\t<div class=\"elementor-element elementor-element-37e032c sc_fly_static elementor-widget elementor-widget-text-editor\" data-id=\"37e032c\" data-element_type=\"widget\" data-widget_type=\"text-editor.default\">\n\t\t\t\t\t\t\t\t\t<p data-start=\"1590\" data-end=\"1633\">\u4efb\u4f55\u624b\u672f\u90fd\u6709\u98ce\u9669\uff1a<\/p><ul data-start=\"1634\" data-end=\"1821\" data-is-last-node=\"\" data-is-only-node=\"\"><li data-start=\"1634\" data-end=\"1659\"><p data-start=\"1636\" data-end=\"1659\">\u7600\u4f24\u548c\u80bf\u80c0<\/p><\/li><li data-start=\"1660\" data-end=\"1675\"><p data-start=\"1662\" data-end=\"1675\">\u611f\u67d3<\/p><\/li><li data-start=\"1676\" data-end=\"1712\"><p data-start=\"1678\" data-end=\"1712\">\u6108\u5408\u8fc7\u7a0b\u4e2d\u7684\u53d8\u5316<\/p><\/li><li data-start=\"1713\" data-end=\"1757\"><p data-start=\"1715\" data-end=\"1757\">\u9ebb\u6728\uff08\u901a\u5e38\u53ef\u9006\uff09<\/p><\/li><li data-start=\"1758\" data-end=\"1821\" data-is-last-node=\"\"><p data-start=\"1760\" data-end=\"1821\" data-is-last-node=\"\">\u75a4\u75d5\uff08\u6c38\u4e45\u6027\uff0c\u4f46\u901a\u5e38\u4e0d\u660e\u663e\uff09<\/p><\/li><\/ul>\t\t\t\t\t\t\t\t<\/div>\n\t\t\t\t<\/div>\n\t\t\t\t\t<\/div>\n\t\t\t\t<\/div>\n\t\t<div class=\"elementor-element elementor-element-e284653 e-flex e-con-boxed sc_layouts_column_icons_position_left e-con e-parent\" data-id=\"e284653\" data-element_type=\"container\">\n\t\t\t\t\t<div class=\"e-con-inner\">\n\t\t\t\t<div class=\"elementor-element elementor-element-5f8b805 sc_height_small sc_fly_static elementor-widget elementor-widget-spacer\" data-id=\"5f8b805\" data-element_type=\"widget\" data-widget_type=\"spacer.default\">\n\t\t\t\t\t\t\t<div class=\"elementor-spacer\">\n\t\t\t<div class=\"elementor-spacer-inner\"><\/div>\n\t\t<\/div>\n\t\t\t\t\t\t<\/div>\n\t\t\t\t\t<\/div>\n\t\t\t\t<\/div>\n\t\t<div class=\"elementor-element elementor-element-2c2120e e-flex e-con-boxed sc_layouts_column_icons_position_left e-con e-parent\" data-id=\"2c2120e\" data-element_type=\"container\">\n\t\t\t\t\t<div class=\"e-con-inner\">\n\t\t\t\t<div class=\"elementor-element elementor-element-e518aec sc_fly_static elementor-widget elementor-widget-shortcode\" data-id=\"e518aec\" data-element_type=\"widget\" data-widget_type=\"shortcode.default\">\n\t\t\t\t\t\t\t<div class=\"elementor-shortcode\"><div class=\"latepoint-book-form-wrapper os-loading os_init_booking_form\" id=\"latepointBookForm_69d09ddf5f2b7\" >\n\t\t\t\t\t\t<div class=\"latepoint-w latepoint-inline-form latepoint-show-side-panel\">\n\t\t\t\t\t\t\t<div class=\"latepoint-booking-form-element\">\n\t\t\t\t\t\t\t\t<div class=\"latepoint-side-panel\"><\/div>\n\t\t\t\t\t\t\t\t<div class=\"latepoint-form-w\"><\/div>\n\t\t\t\t\t\t\t<\/div>\n\t\t\t\t\t\t<\/div>\n\t\t\t\t\t<\/div><\/div>\n\t\t\t\t\t\t<\/div>\n\t\t\t\t\t<\/div>\n\t\t\t\t<\/div>\n\t\t\t\t<\/div>","protected":false},"excerpt":{"rendered":"<p>La abdominoplastia es un procedimiento quir\u00fargico destinado a tensar la pared abdominal. Se realiza habitualmente por motivos est\u00e9ticos o reconstructivos, por ejemplo, tras una p\u00e9rdida de peso significativa, el embarazo&hellip;<\/p>","protected":false},"author":1,"featured_media":0,"parent":0,"menu_order":0,"comment_status":"closed","ping_status":"closed","template":"","meta":{"inline_featured_image":false,"footnotes":""},"class_list":["post-1226","page","type-page","status-publish","hentry"],"_hostinger_reach_plugin_has_subscription_block":false,"_hostinger_reach_plugin_is_elementor":false,"_links":{"self":[{"href":"https:\/\/banusmedical.com\/zh\/wp-json\/wp\/v2\/pages\/1226","targetHints":{"allow":["GET"]}}],"collection":[{"href":"https:\/\/banusmedical.com\/zh\/wp-json\/wp\/v2\/pages"}],"about":[{"href":"https:\/\/banusmedical.com\/zh\/wp-json\/wp\/v2\/types\/page"}],"author":[{"embeddable":true,"href":"https:\/\/banusmedical.com\/zh\/wp-json\/wp\/v2\/users\/1"}],"replies":[{"embeddable":true,"href":"https:\/\/banusmedical.com\/zh\/wp-json\/wp\/v2\/comments?post=1226"}],"version-history":[{"count":28,"href":"https:\/\/banusmedical.com\/zh\/wp-json\/wp\/v2\/pages\/1226\/revisions"}],"predecessor-version":[{"id":1667,"href":"https:\/\/banusmedical.com\/zh\/wp-json\/wp\/v2\/pages\/1226\/revisions\/1667"}],"wp:attachment":[{"href":"https:\/\/banusmedical.com\/zh\/wp-json\/wp\/v2\/media?parent=1226"}],"curies":[{"name":"wp","href":"https:\/\/api.w.org\/{rel}","templated":true}]}}