{"id":1264,"date":"2026-01-10T20:50:43","date_gmt":"2026-01-10T20:50:43","guid":{"rendered":"https:\/\/banusmedical.com\/?page_id=1264"},"modified":"2026-02-01T14:59:02","modified_gmt":"2026-02-01T14:59:02","slug":"%e6%a4%8d%e5%8f%91","status":"publish","type":"page","link":"https:\/\/banusmedical.com\/zh\/%e6%a4%8d%e5%8f%91\/","title":{"rendered":"FUE \u5934\u53d1\u79fb\u690d"},"content":{"rendered":"<div data-elementor-type=\"wp-page\" data-elementor-id=\"1264\" class=\"elementor elementor-1264\" data-elementor-post-type=\"page\">\n\t\t\t\t<div class=\"elementor-element elementor-element-6274b2e e-flex e-con-boxed sc_layouts_column_icons_position_left e-con e-parent\" data-id=\"6274b2e\" data-element_type=\"container\">\n\t\t\t\t\t<div class=\"e-con-inner\">\n\t\t<div class=\"e-con-gap-no elementor-element elementor-element-2c5e688 e-con-full e-flex sc_layouts_column_icons_position_left e-con e-child\" data-animation-type=\"sequental\" data-animation-stagger=\"\" data-id=\"2c5e688\" data-element_type=\"container\" data-settings=\"{&quot;background_background&quot;:&quot;video&quot;,&quot;background_video_link&quot;:&quot;https:\\\/\\\/vimeo.com\\\/1153323770?fl=tl&amp;fe=ec&quot;,&quot;background_play_on_mobile&quot;:&quot;yes&quot;,&quot;animation&quot;:&quot;none&quot;}\">\n\t\t<div class=\"elementor-background-video-container\" aria-hidden=\"true\">\n\t\t\t\t\t\t\t<div class=\"elementor-background-video-embed\"><\/div>\n\t\t\t\t\t\t<\/div>\t\t<\/div>\n\t\t\t\t\t<\/div>\n\t\t\t\t<\/div>\n\t\t<div class=\"elementor-element elementor-element-9c390e8 e-flex e-con-boxed sc_layouts_column_icons_position_left e-con e-parent\" data-id=\"9c390e8\" data-element_type=\"container\">\n\t\t\t\t\t<div class=\"e-con-inner\">\n\t\t\t\t<div class=\"elementor-element elementor-element-9c3cb7d sc_height_small sc_fly_static elementor-widget elementor-widget-spacer\" data-id=\"9c3cb7d\" data-element_type=\"widget\" data-widget_type=\"spacer.default\">\n\t\t\t\t\t\t\t<div class=\"elementor-spacer\">\n\t\t\t<div class=\"elementor-spacer-inner\"><\/div>\n\t\t<\/div>\n\t\t\t\t\t\t<\/div>\n\t\t\t\t\t<\/div>\n\t\t\t\t<\/div>\n\t\t<div class=\"elementor-element elementor-element-417ecc4 e-flex e-con-boxed sc_layouts_column_icons_position_left e-con e-parent\" data-id=\"417ecc4\" data-element_type=\"container\">\n\t\t\t\t\t<div class=\"e-con-inner\">\n\t\t<div class=\"elementor-element elementor-element-629d7f0 e-con-full e-flex sc_layouts_column_icons_position_left e-con e-child\" data-id=\"629d7f0\" data-element_type=\"container\">\n\t\t\t\t<div class=\"elementor-element elementor-element-29f3373 sc_fly_static elementor-widget elementor-widget-text-editor\" data-id=\"29f3373\" data-element_type=\"widget\" data-widget_type=\"text-editor.default\">\n\t\t\t\t\t\t\t\t\t<p>\"(\u300a\u4e16\u754c\u4eba\u6743\u5ba3\u8a00\u300b) <strong data-start=\"31\" data-end=\"94\">\u6bdb\u56ca\u5355\u4f4d\u63d0\u53d6\u690d\u53d1\uff08FUE\uff09<\/strong> \u662f\u4e00\u79cd\u5148\u8fdb\u7684\u5fae\u521b\u8131\u53d1\u89e3\u51b3\u65b9\u6848\uff0c\u65e8\u5728\u6062\u590d\u81ea\u7136\u7684\u5934\u53d1\u5bc6\u5ea6\uff0c\u6548\u679c\u6301\u4e45\u3002\u8fd9\u9879\u6280\u672f\u56e0\u5176\u7cbe\u786e\u6027\u3001\u5b89\u5168\u6027\u548c\u81ea\u7136\u5916\u89c2\u800c\u5e7f\u53d7\u8ba4\u53ef\u3002.<\/p>\t\t\t\t\t\t\t\t<\/div>\n\t\t\t\t<\/div>\n\t\t\t\t\t<\/div>\n\t\t\t\t<\/div>\n\t\t<div class=\"elementor-element elementor-element-8735cf9 e-flex e-con-boxed sc_layouts_column_icons_position_left e-con e-parent\" data-id=\"8735cf9\" data-element_type=\"container\">\n\t\t\t\t\t<div class=\"e-con-inner\">\n\t\t\t\t<div class=\"elementor-element elementor-element-5ce6b59 sc_height_small sc_fly_static elementor-widget elementor-widget-spacer\" data-id=\"5ce6b59\" data-element_type=\"widget\" data-widget_type=\"spacer.default\">\n\t\t\t\t\t\t\t<div class=\"elementor-spacer\">\n\t\t\t<div class=\"elementor-spacer-inner\"><\/div>\n\t\t<\/div>\n\t\t\t\t\t\t<\/div>\n\t\t\t\t\t<\/div>\n\t\t\t\t<\/div>\n\t\t<div class=\"elementor-element elementor-element-a206411 e-flex e-con-boxed sc_layouts_column_icons_position_left e-con e-parent\" data-id=\"a206411\" data-element_type=\"container\">\n\t\t\t\t\t<div class=\"e-con-inner\">\n\t\t<div class=\"elementor-element elementor-element-202d5cc e-con-full e-flex sc_layouts_column_icons_position_left e-con e-child\" data-id=\"202d5cc\" data-element_type=\"container\">\n\t\t\t\t<div class=\"elementor-element elementor-element-11e9b4b sc_fly_static elementor-widget elementor-widget-image\" data-id=\"11e9b4b\" data-element_type=\"widget\" data-widget_type=\"image.default\">\n\t\t\t\t\t\t\t\t\t\t\t\t\t\t\t<img fetchpriority=\"high\" decoding=\"async\" width=\"675\" height=\"844\" src=\"https:\/\/banusmedical.com\/wp-content\/uploads\/2026\/01\/Untitled-design-2026-01-11T141706.861.jpg\" class=\"attachment-large size-large wp-image-1285\" alt=\"\" srcset=\"https:\/\/banusmedical.com\/wp-content\/uploads\/2026\/01\/Untitled-design-2026-01-11T141706.861.jpg 675w, https:\/\/banusmedical.com\/wp-content\/uploads\/2026\/01\/Untitled-design-2026-01-11T141706.861-240x300.jpg 240w, https:\/\/banusmedical.com\/wp-content\/uploads\/2026\/01\/Untitled-design-2026-01-11T141706.861-370x463.jpg 370w, https:\/\/banusmedical.com\/wp-content\/uploads\/2026\/01\/Untitled-design-2026-01-11T141706.861-410x513.jpg 410w\" sizes=\"(max-width: 675px) 100vw, 675px\" \/>\t\t\t\t\t\t\t\t\t\t\t\t\t\t\t<\/div>\n\t\t\t\t<\/div>\n\t\t<div class=\"elementor-element elementor-element-5bdd9dc e-con-full e-flex sc_layouts_column_icons_position_left e-con e-child\" data-id=\"5bdd9dc\" data-element_type=\"container\">\n\t\t<div class=\"elementor-element elementor-element-914c095 e-con-full e-flex sc_layouts_column_icons_position_left e-con e-child\" data-id=\"914c095\" data-element_type=\"container\">\n\t\t\t\t<div class=\"elementor-element elementor-element-416a51c elementor-widget__width-initial sc_fly_static elementor-widget elementor-widget-trx_sc_title\" data-id=\"416a51c\" data-element_type=\"widget\" data-widget_type=\"trx_sc_title.default\">\n\t\t\t\t<div class=\"elementor-widget-container\">\n\t\t\t\t\t<div\t\tclass=\"sc_title sc_title_default\" ><h3 class=\"sc_item_title sc_title_title sc_item_title_style_default sc_item_title_tag\"\n\t\t\t><span class=\"sc_item_title_text\">\u4ec0\u4e48\u662f FUE \u5934\u53d1\u79fb\u690d\uff1f<\/span><\/h3><\/div>\t\t\t\t<\/div>\n\t\t\t\t<\/div>\n\t\t\t\t<\/div>\n\t\t<div class=\"elementor-element elementor-element-c2029a3 e-con-full e-flex sc_layouts_column_icons_position_left e-con e-child\" data-id=\"c2029a3\" data-element_type=\"container\">\n\t\t\t\t<div class=\"elementor-element elementor-element-21584b8 elementor-widget__width-initial sc_fly_static elementor-widget elementor-widget-text-editor\" data-id=\"21584b8\" data-element_type=\"widget\" data-widget_type=\"text-editor.default\">\n\t\t\t\t\t\t\t\t\t<p data-start=\"295\" data-end=\"512\">FUE \u662f\u4e00\u79cd\u73b0\u4ee3\u690d\u53d1\u624b\u672f\uff0c\u5373\u4ece\u4f9b\u4f53\u533a\u57df\uff08\u901a\u5e38\u662f\u540e\u8111\u52fa\u6216\u4e24\u4fa7\u5934\u76ae\uff09\u4ed4\u7ec6\u63d0\u53d6\u5355\u4e2a\u6bdb\u56ca\uff0c\u7136\u540e\u79cd\u690d\u5230\u53d7\u8131\u53d1\u5f71\u54cd\u7684\u533a\u57df\u3002\u6bcf\u4e2a\u6bdb\u56ca\u90fd\u6309\u7167\u81ea\u7136\u751f\u957f\u7684\u89d2\u5ea6\u548c\u65b9\u5411\u690d\u5165\uff0c\u4ee5\u8fbe\u5230\u548c\u8c10\u81ea\u7136\u7684\u6548\u679c\u3002.<\/p>\t\t\t\t\t\t\t\t<\/div>\n\t\t\t\t<\/div>\n\t\t\t\t<\/div>\n\t\t\t\t\t<\/div>\n\t\t\t\t<\/div>\n\t\t<div class=\"elementor-element elementor-element-5de8b73 e-flex e-con-boxed sc_layouts_column_icons_position_left e-con e-parent\" data-id=\"5de8b73\" data-element_type=\"container\">\n\t\t\t\t\t<div class=\"e-con-inner\">\n\t\t\t\t<div class=\"elementor-element elementor-element-f8f3906 sc_height_small sc_fly_static elementor-widget elementor-widget-spacer\" data-id=\"f8f3906\" data-element_type=\"widget\" data-widget_type=\"spacer.default\">\n\t\t\t\t\t\t\t<div class=\"elementor-spacer\">\n\t\t\t<div class=\"elementor-spacer-inner\"><\/div>\n\t\t<\/div>\n\t\t\t\t\t\t<\/div>\n\t\t\t\t\t<\/div>\n\t\t\t\t<\/div>\n\t\t<div class=\"elementor-element elementor-element-2b3d71e e-flex e-con-boxed sc_layouts_column_icons_position_left e-con e-parent\" data-id=\"2b3d71e\" data-element_type=\"container\">\n\t\t\t\t\t<div class=\"e-con-inner\">\n\t\t<div class=\"elementor-element elementor-element-a0acc0c e-con-full e-flex sc_layouts_column_icons_position_left e-con e-child\" data-id=\"a0acc0c\" data-element_type=\"container\">\n\t\t\t\t<div class=\"elementor-element elementor-element-6236b13 sc_fly_static elementor-widget elementor-widget-trx_sc_title\" data-id=\"6236b13\" data-element_type=\"widget\" data-widget_type=\"trx_sc_title.default\">\n\t\t\t\t<div class=\"elementor-widget-container\">\n\t\t\t\t\t<div\t\tclass=\"sc_title sc_title_default\" ><h3 class=\"sc_item_title sc_title_title sc_item_title_style_default sc_item_title_tag\"\n\t\t\t><span class=\"sc_item_title_text\">\u7a0b\u5e8f<\/span><\/h3><\/div>\t\t\t\t<\/div>\n\t\t\t\t<\/div>\n\t\t\t\t<\/div>\n\t\t<div class=\"elementor-element elementor-element-c07a606 e-con-full e-flex sc_layouts_column_icons_position_left e-con e-child\" data-id=\"c07a606\" data-element_type=\"container\">\n\t\t\t\t<div class=\"elementor-element elementor-element-4d5a840 sc_fly_static elementor-widget elementor-widget-text-editor\" data-id=\"4d5a840\" data-element_type=\"widget\" data-widget_type=\"text-editor.default\">\n\t\t\t\t\t\t\t\t\t<p data-start=\"823\" data-end=\"880\">\u6cbb\u7597\u5728\u5c40\u90e8\u9ebb\u9189\u4e0b\u8fdb\u884c\uff0c\u5305\u62ec<\/p><ul data-start=\"882\" data-end=\"1103\"><li data-start=\"882\" data-end=\"961\"><p data-start=\"884\" data-end=\"961\">\u4f7f\u7528\u5fae\u7cbe\u5bc6\u4eea\u5668\u5355\u72ec\u91c7\u96c6\u5065\u5eb7\u5375\u6ce1<\/p><\/li><li data-start=\"962\" data-end=\"1008\"><p data-start=\"964\" data-end=\"1008\">\u7cbe\u5fc3\u51c6\u5907\u53d7\u4f53\u90e8\u4f4d<\/p><\/li><li data-start=\"1009\" data-end=\"1103\"><p data-start=\"1011\" data-end=\"1103\">\u690d\u5165\u6bdb\u56ca\uff0c\u5b9e\u73b0\u6700\u4f73\u5bc6\u5ea6\u548c\u81ea\u7136\u53d1\u9645\u7ebf<\/p><\/li><\/ul><p data-start=\"1105\" data-end=\"1173\">\u4e0d\u4f7f\u7528\u624b\u672f\u5200\u3001\u7f1d\u5408\u7ebf\u6216\u7ebf\u72b6\u75a4\u75d5\u3002.<\/p>\t\t\t\t\t\t\t\t<\/div>\n\t\t\t\t<\/div>\n\t\t\t\t\t<\/div>\n\t\t\t\t<\/div>\n\t\t<div class=\"elementor-element elementor-element-ae9eaee e-flex e-con-boxed sc_layouts_column_icons_position_left e-con e-parent\" data-id=\"ae9eaee\" data-element_type=\"container\">\n\t\t\t\t\t<div class=\"e-con-inner\">\n\t\t\t\t<div class=\"elementor-element elementor-element-1cc703d sc_fly_static elementor-widget elementor-widget-image\" data-id=\"1cc703d\" data-element_type=\"widget\" data-widget_type=\"image.default\">\n\t\t\t\t\t\t\t\t\t\t\t\t\t\t\t<img decoding=\"async\" width=\"960\" height=\"540\" src=\"https:\/\/banusmedical.com\/wp-content\/uploads\/2025\/12\/Untitled-design-73.jpg\" class=\"attachment-large size-large wp-image-1269\" alt=\"\" srcset=\"https:\/\/banusmedical.com\/wp-content\/uploads\/2025\/12\/Untitled-design-73.jpg 960w, https:\/\/banusmedical.com\/wp-content\/uploads\/2025\/12\/Untitled-design-73-300x169.jpg 300w, https:\/\/banusmedical.com\/wp-content\/uploads\/2025\/12\/Untitled-design-73-768x432.jpg 768w, https:\/\/banusmedical.com\/wp-content\/uploads\/2025\/12\/Untitled-design-73-370x208.jpg 370w, https:\/\/banusmedical.com\/wp-content\/uploads\/2025\/12\/Untitled-design-73-840x473.jpg 840w, https:\/\/banusmedical.com\/wp-content\/uploads\/2025\/12\/Untitled-design-73-410x231.jpg 410w, https:\/\/banusmedical.com\/wp-content\/uploads\/2025\/12\/Untitled-design-73-270x152.jpg 270w\" sizes=\"(max-width: 960px) 100vw, 960px\" \/>\t\t\t\t\t\t\t\t\t\t\t\t\t\t\t<\/div>\n\t\t\t\t\t<\/div>\n\t\t\t\t<\/div>\n\t\t<div class=\"elementor-element elementor-element-b7f0457 e-flex e-con-boxed sc_layouts_column_icons_position_left e-con e-parent\" data-id=\"b7f0457\" data-element_type=\"container\">\n\t\t\t\t\t<div class=\"e-con-inner\">\n\t\t\t\t<div class=\"elementor-element elementor-element-ed97e02 sc_height_tiny sc_fly_static elementor-widget elementor-widget-spacer\" data-id=\"ed97e02\" data-element_type=\"widget\" data-widget_type=\"spacer.default\">\n\t\t\t\t\t\t\t<div class=\"elementor-spacer\">\n\t\t\t<div class=\"elementor-spacer-inner\"><\/div>\n\t\t<\/div>\n\t\t\t\t\t\t<\/div>\n\t\t\t\t\t<\/div>\n\t\t\t\t<\/div>\n\t\t<div class=\"elementor-element elementor-element-32bf3e2 e-flex e-con-boxed sc_layouts_column_icons_position_left e-con e-parent\" data-id=\"32bf3e2\" data-element_type=\"container\">\n\t\t\t\t\t<div class=\"e-con-inner\">\n\t\t\t\t<div class=\"elementor-element elementor-element-9832665 sc_fly_static elementor-widget elementor-widget-trx_sc_title\" data-id=\"9832665\" data-element_type=\"widget\" data-widget_type=\"trx_sc_title.default\">\n\t\t\t\t<div class=\"elementor-widget-container\">\n\t\t\t\t\t<div\t\tclass=\"sc_title sc_title_default\" ><h3 class=\"sc_item_title sc_title_title sc_item_title_style_default sc_item_title_tag\"\n\t\t\t><span class=\"sc_item_title_text\">\u8c01\u662f\u6700\u4f73\u4eba\u9009\uff1f<\/span><\/h3><\/div>\t\t\t\t<\/div>\n\t\t\t\t<\/div>\n\t\t\t\t\t<\/div>\n\t\t\t\t<\/div>\n\t\t<div class=\"elementor-element elementor-element-3fd4996 e-flex e-con-boxed sc_layouts_column_icons_position_left e-con e-parent\" data-id=\"3fd4996\" data-element_type=\"container\">\n\t\t\t\t\t<div class=\"e-con-inner\">\n\t\t\t\t<div class=\"elementor-element elementor-element-7176f32 sc_fly_static elementor-widget elementor-widget-text-editor\" data-id=\"7176f32\" data-element_type=\"widget\" data-widget_type=\"text-editor.default\">\n\t\t\t\t\t\t\t\t\t<p data-start=\"1435\" data-end=\"1488\">FUE \u975e\u5e38\u9002\u5408\u51fa\u73b0\u4ee5\u4e0b\u60c5\u51b5\u7684\u7537\u6027\u548c\u5973\u6027\uff1a<\/p><ul data-start=\"1490\" data-end=\"1683\"><li data-start=\"1490\" data-end=\"1516\"><p data-start=\"1492\" data-end=\"1516\">\u96c4\u6fc0\u7d20\u6027\u8131\u53d1<\/p><\/li><li data-start=\"1517\" data-end=\"1578\"><p data-start=\"1519\" data-end=\"1578\">\u540e\u9000\u7684\u53d1\u9645\u7ebf\u6216\u65e0\u51a0<\/p><\/li><li data-start=\"1579\" data-end=\"1643\"><p data-start=\"1581\" data-end=\"1643\">\u4ee5\u524d\u7684\u521b\u4f24\u6216\u624b\u672f\u5bfc\u81f4\u7684\u8131\u53d1<\/p><\/li><li data-start=\"1644\" data-end=\"1683\"><p data-start=\"1646\" data-end=\"1683\">\u80e1\u987b\u6216\u7709\u6bdb\u8131\u53d1<\/p><\/li><\/ul><p data-start=\"1685\" data-end=\"1783\">\u8981\u786e\u5b9a\u662f\u5426\u9002\u5408\u548c\u9884\u671f\u6548\u679c\uff0c\u5fc5\u987b\u8fdb\u884c\u4e2a\u6027\u5316\u54a8\u8be2\u3002.<\/p>\t\t\t\t\t\t\t\t<\/div>\n\t\t\t\t\t<\/div>\n\t\t\t\t<\/div>\n\t\t<div class=\"elementor-element elementor-element-b8d4f87 e-flex e-con-boxed sc_layouts_column_icons_position_left e-con e-parent\" data-id=\"b8d4f87\" data-element_type=\"container\">\n\t\t\t\t\t<div class=\"e-con-inner\">\n\t\t\t\t<div class=\"elementor-element elementor-element-48d76c1 sc_fly_static elementor-widget elementor-widget-image\" data-id=\"48d76c1\" data-element_type=\"widget\" data-widget_type=\"image.default\">\n\t\t\t\t\t\t\t\t\t\t\t\t\t\t\t<img decoding=\"async\" width=\"1000\" height=\"550\" src=\"https:\/\/banusmedical.com\/wp-content\/uploads\/2025\/12\/prp-img-2.webp\" class=\"attachment-large size-large wp-image-125\" alt=\"\" srcset=\"https:\/\/banusmedical.com\/wp-content\/uploads\/2025\/12\/prp-img-2.webp 1000w, https:\/\/banusmedical.com\/wp-content\/uploads\/2025\/12\/prp-img-2-300x165.webp 300w, https:\/\/banusmedical.com\/wp-content\/uploads\/2025\/12\/prp-img-2-768x422.webp 768w, https:\/\/banusmedical.com\/wp-content\/uploads\/2025\/12\/prp-img-2-370x204.webp 370w, https:\/\/banusmedical.com\/wp-content\/uploads\/2025\/12\/prp-img-2-840x462.webp 840w, https:\/\/banusmedical.com\/wp-content\/uploads\/2025\/12\/prp-img-2-410x226.webp 410w\" sizes=\"(max-width: 1000px) 100vw, 1000px\" \/>\t\t\t\t\t\t\t\t\t\t\t\t\t\t\t<\/div>\n\t\t\t\t\t<\/div>\n\t\t\t\t<\/div>\n\t\t<div class=\"elementor-element elementor-element-5ee37b4 e-flex e-con-boxed sc_layouts_column_icons_position_left e-con e-parent\" data-id=\"5ee37b4\" data-element_type=\"container\">\n\t\t\t\t\t<div class=\"e-con-inner\">\n\t\t\t\t<div class=\"elementor-element elementor-element-d0f5357 sc_height_tiny sc_fly_static elementor-widget elementor-widget-spacer\" data-id=\"d0f5357\" data-element_type=\"widget\" data-widget_type=\"spacer.default\">\n\t\t\t\t\t\t\t<div class=\"elementor-spacer\">\n\t\t\t<div class=\"elementor-spacer-inner\"><\/div>\n\t\t<\/div>\n\t\t\t\t\t\t<\/div>\n\t\t\t\t\t<\/div>\n\t\t\t\t<\/div>\n\t\t<div class=\"elementor-element elementor-element-b07c4c6 e-flex e-con-boxed sc_layouts_column_icons_position_left e-con e-parent\" data-id=\"b07c4c6\" data-element_type=\"container\">\n\t\t\t\t\t<div class=\"e-con-inner\">\n\t\t\t\t<div class=\"elementor-element elementor-element-6119615 sc_fly_static elementor-widget elementor-widget-trx_sc_title\" data-id=\"6119615\" data-element_type=\"widget\" data-widget_type=\"trx_sc_title.default\">\n\t\t\t\t<div class=\"elementor-widget-container\">\n\t\t\t\t\t<div\t\tclass=\"sc_title sc_title_default\" ><h3 class=\"sc_item_title sc_title_title sc_item_title_style_default sc_item_title_tag\"\n\t\t\t><span class=\"sc_item_title_text\">\u7ed3\u679c\u548c\u6062\u590d<\/span><\/h3><\/div>\t\t\t\t<\/div>\n\t\t\t\t<\/div>\n\t\t\t\t\t<\/div>\n\t\t\t\t<\/div>\n\t\t<div class=\"elementor-element elementor-element-d6615d4 e-flex e-con-boxed sc_layouts_column_icons_position_left e-con e-parent\" data-id=\"d6615d4\" data-element_type=\"container\">\n\t\t\t\t\t<div class=\"e-con-inner\">\n\t\t\t\t<div class=\"elementor-element elementor-element-abc1b88 sc_fly_static elementor-widget elementor-widget-text-editor\" data-id=\"abc1b88\" data-element_type=\"widget\" data-widget_type=\"text-editor.default\">\n\t\t\t\t\t\t\t\t\t<p data-start=\"1435\" data-end=\"1488\">\u624b\u672f\u901a\u5e38\u9700\u8981\u51e0\u4e2a\u5c0f\u65f6\uff0c\u5177\u4f53\u65f6\u95f4\u53d6\u51b3\u4e8e\u79fb\u690d\u7269\u7684\u6570\u91cf\u3002\u6700\u521d\u51e0\u5468\u53ef\u80fd\u4f1a\u51fa\u73b0\u6682\u65f6\u6027\u8131\u53d1\uff0c\u8fd9\u662f\u6108\u5408\u8fc7\u7a0b\u4e2d\u7684\u6b63\u5e38\u73b0\u8c61\u3002\u65b0\u53d1\u901a\u5e38\u5728 3-4 \u4e2a\u6708\u540e\u5f00\u59cb\u751f\u957f\uff0c\u6700\u7ec8\u6548\u679c\u5728 9-12 \u4e2a\u6708\u5185\u53ef\u89c1\u3002.<\/p>\t\t\t\t\t\t\t\t<\/div>\n\t\t\t\t\t<\/div>\n\t\t\t\t<\/div>\n\t\t<div class=\"elementor-element elementor-element-6cdcbee e-flex e-con-boxed sc_layouts_column_icons_position_left e-con e-parent\" data-id=\"6cdcbee\" data-element_type=\"container\">\n\t\t\t\t\t<div class=\"e-con-inner\">\n\t\t\t\t<div class=\"elementor-element elementor-element-e7501c7 sc_height_tiny sc_fly_static elementor-widget elementor-widget-spacer\" data-id=\"e7501c7\" data-element_type=\"widget\" data-widget_type=\"spacer.default\">\n\t\t\t\t\t\t\t<div class=\"elementor-spacer\">\n\t\t\t<div class=\"elementor-spacer-inner\"><\/div>\n\t\t<\/div>\n\t\t\t\t\t\t<\/div>\n\t\t\t\t\t<\/div>\n\t\t\t\t<\/div>\n\t\t<div class=\"elementor-element elementor-element-acfaa15 e-flex e-con-boxed sc_layouts_column_icons_position_left e-con e-parent\" data-id=\"acfaa15\" data-element_type=\"container\">\n\t\t\t\t\t<div class=\"e-con-inner\">\n\t\t<div class=\"elementor-element elementor-element-8fde96f e-con-full e-flex sc_layouts_column_icons_position_left e-con e-child\" data-id=\"8fde96f\" data-element_type=\"container\">\n\t\t\t\t<div class=\"elementor-element elementor-element-cc80c76 sc_fly_static elementor-widget elementor-widget-trx_sc_title\" data-id=\"cc80c76\" data-element_type=\"widget\" data-widget_type=\"trx_sc_title.default\">\n\t\t\t\t<div class=\"elementor-widget-container\">\n\t\t\t\t\t<div\t\tclass=\"sc_title sc_title_default\" ><h3 class=\"sc_item_title sc_title_title sc_item_title_style_default sc_item_title_tag\"\n\t\t\t><span class=\"sc_item_title_text\">\u81ea\u7136\u3001\u6c38\u4e45\u7684\u6548\u679c<\/span><\/h3><\/div>\t\t\t\t<\/div>\n\t\t\t\t<\/div>\n\t\t\t\t<\/div>\n\t\t\t\t\t<\/div>\n\t\t\t\t<\/div>\n\t\t<div class=\"elementor-element elementor-element-d04e121 e-flex e-con-boxed sc_layouts_column_icons_position_left e-con e-parent\" data-id=\"d04e121\" data-element_type=\"container\">\n\t\t\t\t\t<div class=\"e-con-inner\">\n\t\t<div class=\"elementor-element elementor-element-cf4ae70 e-con-full e-flex sc_layouts_column_icons_position_left e-con e-child\" data-id=\"cf4ae70\" data-element_type=\"container\">\n\t\t\t\t<div class=\"elementor-element elementor-element-825dbb5 sc_fly_static elementor-widget elementor-widget-text-editor\" data-id=\"825dbb5\" data-element_type=\"widget\" data-widget_type=\"text-editor.default\">\n\t\t\t\t\t\t\t\t\t<p data-start=\"1435\" data-end=\"1488\">\u7531\u4e8e\u79fb\u690d\u7684\u6bdb\u56ca\u6765\u81ea\u9057\u4f20\u4e0a\u4e0d\u6613\u8131\u53d1\u7684\u90e8\u4f4d\uff0c\u56e0\u6b64\u6548\u679c\u662f\u6c38\u4e45\u6027\u7684\uff0c\u968f\u7740\u65f6\u95f4\u7684\u63a8\u79fb\uff0c\u5934\u53d1\u4f1a\u7ee7\u7eed\u81ea\u7136\u751f\u957f\u3002.<\/p>\t\t\t\t\t\t\t\t<\/div>\n\t\t\t\t<\/div>\n\t\t\t\t\t<\/div>\n\t\t\t\t<\/div>\n\t\t<div class=\"elementor-element elementor-element-bca6d5e e-flex e-con-boxed sc_layouts_column_icons_position_left e-con e-parent\" data-id=\"bca6d5e\" data-element_type=\"container\">\n\t\t\t\t\t<div class=\"e-con-inner\">\n\t\t\t\t<div class=\"elementor-element elementor-element-6da3953 sc_height_small sc_fly_static elementor-widget elementor-widget-spacer\" data-id=\"6da3953\" data-element_type=\"widget\" data-widget_type=\"spacer.default\">\n\t\t\t\t\t\t\t<div class=\"elementor-spacer\">\n\t\t\t<div class=\"elementor-spacer-inner\"><\/div>\n\t\t<\/div>\n\t\t\t\t\t\t<\/div>\n\t\t\t\t\t<\/div>\n\t\t\t\t<\/div>\n\t\t<div class=\"elementor-element elementor-element-2c15c3f e-flex e-con-boxed sc_layouts_column_icons_position_left e-con e-parent\" data-id=\"2c15c3f\" data-element_type=\"container\">\n\t\t\t\t\t<div class=\"e-con-inner\">\n\t\t\t\t<div class=\"elementor-element elementor-element-8a0acda sc_fly_static elementor-widget elementor-widget-shortcode\" data-id=\"8a0acda\" data-element_type=\"widget\" data-widget_type=\"shortcode.default\">\n\t\t\t\t\t\t\t<div class=\"elementor-shortcode\"><div class=\"latepoint-book-form-wrapper os-loading os_init_booking_form\" id=\"latepointBookForm_69d3936df17a9\" >\n\t\t\t\t\t\t<div class=\"latepoint-w latepoint-inline-form latepoint-show-side-panel\">\n\t\t\t\t\t\t\t<div class=\"latepoint-booking-form-element\">\n\t\t\t\t\t\t\t\t<div class=\"latepoint-side-panel\"><\/div>\n\t\t\t\t\t\t\t\t<div class=\"latepoint-form-w\"><\/div>\n\t\t\t\t\t\t\t<\/div>\n\t\t\t\t\t\t<\/div>\n\t\t\t\t\t<\/div><\/div>\n\t\t\t\t\t\t<\/div>\n\t\t\t\t\t<\/div>\n\t\t\t\t<\/div>\n\t\t\t\t<\/div>","protected":false},"excerpt":{"rendered":"<p>El trasplante capilar FUE (Extracci\u00f3n de Unidades Foliculares) es una soluci\u00f3n avanzada y m\u00ednimamente invasiva para la p\u00e9rdida de cabello, dise\u00f1ada para restaurar la densidad capilar natural con resultados duraderos.&hellip;<\/p>","protected":false},"author":1,"featured_media":0,"parent":0,"menu_order":0,"comment_status":"closed","ping_status":"closed","template":"","meta":{"inline_featured_image":false,"footnotes":""},"class_list":["post-1264","page","type-page","status-publish","hentry"],"_hostinger_reach_plugin_has_subscription_block":false,"_hostinger_reach_plugin_is_elementor":false,"_links":{"self":[{"href":"https:\/\/banusmedical.com\/zh\/wp-json\/wp\/v2\/pages\/1264","targetHints":{"allow":["GET"]}}],"collection":[{"href":"https:\/\/banusmedical.com\/zh\/wp-json\/wp\/v2\/pages"}],"about":[{"href":"https:\/\/banusmedical.com\/zh\/wp-json\/wp\/v2\/types\/page"}],"author":[{"embeddable":true,"href":"https:\/\/banusmedical.com\/zh\/wp-json\/wp\/v2\/users\/1"}],"replies":[{"embeddable":true,"href":"https:\/\/banusmedical.com\/zh\/wp-json\/wp\/v2\/comments?post=1264"}],"version-history":[{"count":13,"href":"https:\/\/banusmedical.com\/zh\/wp-json\/wp\/v2\/pages\/1264\/revisions"}],"predecessor-version":[{"id":1670,"href":"https:\/\/banusmedical.com\/zh\/wp-json\/wp\/v2\/pages\/1264\/revisions\/1670"}],"wp:attachment":[{"href":"https:\/\/banusmedical.com\/zh\/wp-json\/wp\/v2\/media?parent=1264"}],"curies":[{"name":"wp","href":"https:\/\/api.w.org\/{rel}","templated":true}]}}