{"id":1381,"date":"2026-01-11T16:32:23","date_gmt":"2026-01-11T16:32:23","guid":{"rendered":"https:\/\/banusmedical.com\/?page_id=1381"},"modified":"2026-01-11T16:51:21","modified_gmt":"2026-01-11T16:51:21","slug":"%e5%8e%bb%e7%ba%b9%e8%ba%ab","status":"publish","type":"page","link":"https:\/\/banusmedical.com\/zh\/%e5%8e%bb%e7%ba%b9%e8%ba%ab\/","title":{"rendered":"\u53bb\u9664\u7eb9\u8eab"},"content":{"rendered":"<div data-elementor-type=\"wp-page\" data-elementor-id=\"1381\" class=\"elementor elementor-1381\" data-elementor-post-type=\"page\">\n\t\t\t\t<div class=\"elementor-element elementor-element-25b79f2 e-flex e-con-boxed sc_layouts_column_icons_position_left e-con e-parent\" data-id=\"25b79f2\" data-element_type=\"container\">\n\t\t\t\t\t<div class=\"e-con-inner\">\n\t\t<div class=\"e-con-gap-no elementor-element elementor-element-ab320c9 e-con-full e-flex sc_layouts_column_icons_position_left e-con e-child\" data-animation-type=\"sequental\" data-animation-stagger=\"\" data-id=\"ab320c9\" data-element_type=\"container\" data-settings=\"{&quot;background_background&quot;:&quot;video&quot;,&quot;background_video_link&quot;:&quot;https:\\\/\\\/vimeo.com\\\/1146604240?fl=tl&amp;fe=ec&quot;,&quot;background_play_on_mobile&quot;:&quot;yes&quot;,&quot;animation&quot;:&quot;none&quot;}\">\n\t\t<div class=\"elementor-background-video-container\" aria-hidden=\"true\">\n\t\t\t\t\t\t\t<div class=\"elementor-background-video-embed\"><\/div>\n\t\t\t\t\t\t<\/div>\t\t<\/div>\n\t\t\t\t\t<\/div>\n\t\t\t\t<\/div>\n\t\t<div class=\"elementor-element elementor-element-0a46fe4 e-flex e-con-boxed sc_layouts_column_icons_position_left e-con e-parent\" data-id=\"0a46fe4\" data-element_type=\"container\">\n\t\t\t\t\t<div class=\"e-con-inner\">\n\t\t\t\t<div class=\"elementor-element elementor-element-923abe5 sc_height_tiny sc_fly_static elementor-widget elementor-widget-spacer\" data-id=\"923abe5\" data-element_type=\"widget\" data-widget_type=\"spacer.default\">\n\t\t\t\t\t\t\t<div class=\"elementor-spacer\">\n\t\t\t<div class=\"elementor-spacer-inner\"><\/div>\n\t\t<\/div>\n\t\t\t\t\t\t<\/div>\n\t\t\t\t\t<\/div>\n\t\t\t\t<\/div>\n\t\t<div class=\"elementor-element elementor-element-3c5d6cb e-flex e-con-boxed sc_layouts_column_icons_position_left e-con e-parent\" data-id=\"3c5d6cb\" data-element_type=\"container\">\n\t\t\t\t\t<div class=\"e-con-inner\">\n\t\t<div class=\"elementor-element elementor-element-6a2ff8f e-con-full e-flex sc_layouts_column_icons_position_left e-con e-child\" data-id=\"6a2ff8f\" data-element_type=\"container\">\n\t\t\t\t<div class=\"elementor-element elementor-element-a3d35a6 sc_fly_static elementor-widget elementor-widget-text-editor\" data-id=\"a3d35a6\" data-element_type=\"widget\" data-widget_type=\"text-editor.default\">\n\t\t\t\t\t\t\t\t\t<p>\"(\u300a\u4e16\u754c\u4eba\u6743\u5ba3\u8a00\u300b) <strong data-start=\"32\" data-end=\"69\">\u6fc0\u5149\u6d17\u7eb9\u8eab<\/strong> \u662f\u4e00\u79cd\u5e38\u89c1\u3001\u5b89\u5168\u4e14\u6709\u6548\u7684\u53bb\u9664\u591a\u4f59\u7eb9\u8eab\u7684\u65b9\u6cd5\u3002\u4ee5\u4e0b\u662f\u60a8\u9700\u8981\u4e86\u89e3\u7684\u5185\u5bb9\uff1a<\/p>\t\t\t\t\t\t\t\t<\/div>\n\t\t\t\t<\/div>\n\t\t\t\t\t<\/div>\n\t\t\t\t<\/div>\n\t\t<div class=\"elementor-element elementor-element-f1f1e2c e-flex e-con-boxed sc_layouts_column_icons_position_left e-con e-parent\" data-id=\"f1f1e2c\" data-element_type=\"container\">\n\t\t\t\t\t<div class=\"e-con-inner\">\n\t\t\t\t<div class=\"elementor-element elementor-element-48ef828 sc_height_tiny sc_fly_static elementor-widget elementor-widget-spacer\" data-id=\"48ef828\" data-element_type=\"widget\" data-widget_type=\"spacer.default\">\n\t\t\t\t\t\t\t<div class=\"elementor-spacer\">\n\t\t\t<div class=\"elementor-spacer-inner\"><\/div>\n\t\t<\/div>\n\t\t\t\t\t\t<\/div>\n\t\t\t\t\t<\/div>\n\t\t\t\t<\/div>\n\t\t<div class=\"elementor-element elementor-element-a5572fd e-flex e-con-boxed sc_layouts_column_icons_position_left e-con e-parent\" data-id=\"a5572fd\" data-element_type=\"container\">\n\t\t\t\t\t<div class=\"e-con-inner\">\n\t\t<div class=\"elementor-element elementor-element-01ef505 e-con-full e-flex sc_layouts_column_icons_position_left e-con e-child\" data-id=\"01ef505\" data-element_type=\"container\">\n\t\t<div class=\"elementor-element elementor-element-3e58d80 e-con-full e-flex sc_layouts_column_icons_position_left e-con e-child\" data-id=\"3e58d80\" data-element_type=\"container\">\n\t\t\t\t<div class=\"elementor-element elementor-element-ac32272 sc_fly_static elementor-widget elementor-widget-image\" data-id=\"ac32272\" data-element_type=\"widget\" data-widget_type=\"image.default\">\n\t\t\t\t\t\t\t\t\t\t\t\t\t\t\t<img fetchpriority=\"high\" decoding=\"async\" width=\"810\" height=\"810\" src=\"https:\/\/banusmedical.com\/wp-content\/uploads\/2026\/01\/Untitled-design-2026-01-11T174416.641.jpg\" class=\"attachment-large size-large wp-image-1385\" alt=\"\" srcset=\"https:\/\/banusmedical.com\/wp-content\/uploads\/2026\/01\/Untitled-design-2026-01-11T174416.641.jpg 810w, https:\/\/banusmedical.com\/wp-content\/uploads\/2026\/01\/Untitled-design-2026-01-11T174416.641-300x300.jpg 300w, https:\/\/banusmedical.com\/wp-content\/uploads\/2026\/01\/Untitled-design-2026-01-11T174416.641-150x150.jpg 150w, https:\/\/banusmedical.com\/wp-content\/uploads\/2026\/01\/Untitled-design-2026-01-11T174416.641-768x768.jpg 768w, https:\/\/banusmedical.com\/wp-content\/uploads\/2026\/01\/Untitled-design-2026-01-11T174416.641-370x370.jpg 370w, https:\/\/banusmedical.com\/wp-content\/uploads\/2026\/01\/Untitled-design-2026-01-11T174416.641-120x120.jpg 120w, https:\/\/banusmedical.com\/wp-content\/uploads\/2026\/01\/Untitled-design-2026-01-11T174416.641-410x410.jpg 410w\" sizes=\"(max-width: 810px) 100vw, 810px\" \/>\t\t\t\t\t\t\t\t\t\t\t\t\t\t\t<\/div>\n\t\t\t\t<\/div>\n\t\t<div class=\"elementor-element elementor-element-b731e24 e-con-full e-flex sc_layouts_column_icons_position_left e-con e-child\" data-id=\"b731e24\" data-element_type=\"container\">\n\t\t<div class=\"elementor-element elementor-element-03fb203 e-con-full e-flex sc_layouts_column_icons_position_left e-con e-child\" data-id=\"03fb203\" data-element_type=\"container\">\n\t\t\t\t<div class=\"elementor-element elementor-element-22a1872 elementor-widget__width-initial sc_fly_static elementor-widget elementor-widget-trx_sc_title\" data-id=\"22a1872\" data-element_type=\"widget\" data-widget_type=\"trx_sc_title.default\">\n\t\t\t\t<div class=\"elementor-widget-container\">\n\t\t\t\t\t<div\t\tclass=\"sc_title sc_title_default\" ><h3 class=\"sc_item_title sc_title_title sc_item_title_style_default sc_item_title_tag\"\n\t\t\t><span class=\"sc_item_title_text\">\u6fc0\u5149\u6d17\u7eb9\u8eab\u7684\u539f\u7406\u662f\u4ec0\u4e48\uff1f<\/span><\/h3><\/div>\t\t\t\t<\/div>\n\t\t\t\t<\/div>\n\t\t\t\t<\/div>\n\t\t<div class=\"elementor-element elementor-element-74545ea e-con-full e-flex sc_layouts_column_icons_position_left e-con e-child\" data-id=\"74545ea\" data-element_type=\"container\">\n\t\t\t\t<div class=\"elementor-element elementor-element-f843b75 elementor-widget__width-initial sc_fly_static elementor-widget elementor-widget-text-editor\" data-id=\"f843b75\" data-element_type=\"widget\" data-widget_type=\"text-editor.default\">\n\t\t\t\t\t\t\t\t\t<p>\u4e00\u79cd\u7279\u6b8a\u7684\u6fc0\u5149 <strong data-start=\"259\" data-end=\"273\">Q \u5f00\u5173<\/strong> o <strong data-start=\"276\" data-end=\"290\">\u76ae\u7c73\u6fc0\u5149\u5668<\/strong> \u5411\u76ae\u80a4\u53d1\u5c04\u9ad8\u80fd\u77ed\u8109\u51b2\u3002\u8fd9\u4e9b\u8109\u51b2\u80fd\u5c06\u58a8\u6c34\u8272\u7d20\u5206\u89e3\u6210\u6781\u5c0f\u7684\u9897\u7c92\uff0c\u7136\u540e\u88ab\u4eba\u4f53\u7684\u514d\u75ab\u7cfb\u7edf\u6e05\u9664\u3002.<\/p>\t\t\t\t\t\t\t\t<\/div>\n\t\t\t\t<\/div>\n\t\t\t\t<\/div>\n\t\t\t\t<\/div>\n\t\t\t\t\t<\/div>\n\t\t\t\t<\/div>\n\t\t<div class=\"elementor-element elementor-element-ad6addc e-flex e-con-boxed sc_layouts_column_icons_position_left e-con e-parent\" data-id=\"ad6addc\" data-element_type=\"container\">\n\t\t\t\t\t<div class=\"e-con-inner\">\n\t\t\t\t<div class=\"elementor-element elementor-element-1aeacdd sc_height_tiny sc_fly_static elementor-widget elementor-widget-spacer\" data-id=\"1aeacdd\" data-element_type=\"widget\" data-widget_type=\"spacer.default\">\n\t\t\t\t\t\t\t<div class=\"elementor-spacer\">\n\t\t\t<div class=\"elementor-spacer-inner\"><\/div>\n\t\t<\/div>\n\t\t\t\t\t\t<\/div>\n\t\t\t\t\t<\/div>\n\t\t\t\t<\/div>\n\t\t<div class=\"elementor-element elementor-element-676d710 e-flex e-con-boxed sc_layouts_column_icons_position_left e-con e-parent\" data-id=\"676d710\" data-element_type=\"container\">\n\t\t\t\t\t<div class=\"e-con-inner\">\n\t\t\t\t<div class=\"elementor-element elementor-element-9a8cf3b sc_fly_static elementor-widget elementor-widget-image\" data-id=\"9a8cf3b\" data-element_type=\"widget\" data-widget_type=\"image.default\">\n\t\t\t\t\t\t\t\t\t\t\t\t\t\t\t<img decoding=\"async\" width=\"960\" height=\"540\" src=\"https:\/\/banusmedical.com\/wp-content\/uploads\/2026\/01\/Untitled-design-2026-01-11T174057.881.jpg\" class=\"attachment-large size-large wp-image-1387\" alt=\"\" srcset=\"https:\/\/banusmedical.com\/wp-content\/uploads\/2026\/01\/Untitled-design-2026-01-11T174057.881.jpg 960w, https:\/\/banusmedical.com\/wp-content\/uploads\/2026\/01\/Untitled-design-2026-01-11T174057.881-300x169.jpg 300w, https:\/\/banusmedical.com\/wp-content\/uploads\/2026\/01\/Untitled-design-2026-01-11T174057.881-768x432.jpg 768w, https:\/\/banusmedical.com\/wp-content\/uploads\/2026\/01\/Untitled-design-2026-01-11T174057.881-370x208.jpg 370w, https:\/\/banusmedical.com\/wp-content\/uploads\/2026\/01\/Untitled-design-2026-01-11T174057.881-840x473.jpg 840w, https:\/\/banusmedical.com\/wp-content\/uploads\/2026\/01\/Untitled-design-2026-01-11T174057.881-410x231.jpg 410w, https:\/\/banusmedical.com\/wp-content\/uploads\/2026\/01\/Untitled-design-2026-01-11T174057.881-270x152.jpg 270w\" sizes=\"(max-width: 960px) 100vw, 960px\" \/>\t\t\t\t\t\t\t\t\t\t\t\t\t\t\t<\/div>\n\t\t\t\t\t<\/div>\n\t\t\t\t<\/div>\n\t\t<div class=\"elementor-element elementor-element-9a9726c e-flex e-con-boxed sc_layouts_column_icons_position_left e-con e-parent\" data-id=\"9a9726c\" data-element_type=\"container\">\n\t\t\t\t\t<div class=\"e-con-inner\">\n\t\t\t\t<div class=\"elementor-element elementor-element-8412a10 sc_height_tiny sc_fly_static elementor-widget elementor-widget-spacer\" data-id=\"8412a10\" data-element_type=\"widget\" data-widget_type=\"spacer.default\">\n\t\t\t\t\t\t\t<div class=\"elementor-spacer\">\n\t\t\t<div class=\"elementor-spacer-inner\"><\/div>\n\t\t<\/div>\n\t\t\t\t\t\t<\/div>\n\t\t\t\t\t<\/div>\n\t\t\t\t<\/div>\n\t\t<div class=\"elementor-element elementor-element-8f8d43c e-flex e-con-boxed sc_layouts_column_icons_position_left e-con e-parent\" data-id=\"8f8d43c\" data-element_type=\"container\">\n\t\t\t\t\t<div class=\"e-con-inner\">\n\t\t<div class=\"elementor-element elementor-element-d0aed87 e-con-full e-flex sc_layouts_column_icons_position_left e-con e-child\" data-id=\"d0aed87\" data-element_type=\"container\">\n\t\t\t\t<div class=\"elementor-element elementor-element-e618f7c sc_fly_static elementor-widget elementor-widget-trx_sc_title\" data-id=\"e618f7c\" data-element_type=\"widget\" data-widget_type=\"trx_sc_title.default\">\n\t\t\t\t<div class=\"elementor-widget-container\">\n\t\t\t\t\t<div\t\tclass=\"sc_title sc_title_default\" ><h3 class=\"sc_item_title sc_title_title sc_item_title_style_default sc_item_title_tag\"\n\t\t\t><span class=\"sc_item_title_text\">\u4e3b\u8981\u4e8b\u5b9e<\/span><\/h3><\/div>\t\t\t\t<\/div>\n\t\t\t\t<\/div>\n\t\t\t\t<\/div>\n\t\t\t\t\t<\/div>\n\t\t\t\t<\/div>\n\t\t<div class=\"elementor-element elementor-element-1f7b513 e-flex e-con-boxed sc_layouts_column_icons_position_left e-con e-parent\" data-id=\"1f7b513\" data-element_type=\"container\">\n\t\t\t\t\t<div class=\"e-con-inner\">\n\t\t\t\t<div class=\"elementor-element elementor-element-94df768 sc_fly_static elementor-widget elementor-widget-text-editor\" data-id=\"94df768\" data-element_type=\"widget\" data-widget_type=\"text-editor.default\">\n\t\t\t\t\t\t\t\t\t<ul><li data-start=\"503\" data-end=\"573\"><p data-start=\"505\" data-end=\"573\"><strong data-start=\"505\" data-end=\"529\">\u6bcf\u8282\u8bfe\u7684\u65f6\u95f4<\/strong> 5-30 \u5206\u949f\uff08\u53d6\u51b3\u4e8e\u5927\u5c0f\u548c\u989c\u8272\uff09<\/p><\/li><li data-start=\"574\" data-end=\"643\"><p data-start=\"576\" data-end=\"643\"><strong data-start=\"576\" data-end=\"599\">\u4f1a\u8bae\u6b21\u6570\uff1a<\/strong> 3-10 \u6b21\u6216\u66f4\u591a\uff0c\u95f4\u9694 6-8 \u5468<\/p><\/li><li data-start=\"644\" data-end=\"781\"><p data-start=\"646\" data-end=\"781\"><strong data-start=\"646\" data-end=\"656\">\u75bc\u75db<\/strong> \u7c7b\u4f3c\u4e8e\u5f39\u529b\u5e26\u7684\u6263\u52a8\u6216\u7eb9\u8eab\u672c\u8eab\uff1b\u53ef\u4f7f\u7528\u5c40\u90e8\u9ebb\u9189\u6216\u51b7\u5374\u7cfb\u7edf<\/p><\/li><li data-start=\"782\" data-end=\"901\"><p data-start=\"784\" data-end=\"901\"><strong data-start=\"784\" data-end=\"796\">\u989c\u8272<\/strong> \u9ed1\u8272\u6700\u5bb9\u6613\u53bb\u9664\uff1b\u9c9c\u8273\u7684\u989c\u8272\uff08\u7eff\u3001\u84dd\u3001\u9ec4\uff09\u8f83\u96be\u53bb\u9664<\/p><\/li><li data-start=\"902\" data-end=\"998\"><p data-start=\"904\" data-end=\"998\"><strong data-start=\"904\" data-end=\"929\">\u75a4\u75d5\u98ce\u9669<\/strong> \u7531\u4e13\u4e1a\u4eba\u5458\u64cd\u4f5c\u65f6\u8f83\u4f4e\uff0c\u4f7f\u7528\u4e0d\u5f53\u65f6\u8f83\u9ad8<\/p><\/li><\/ul>\t\t\t\t\t\t\t\t<\/div>\n\t\t\t\t\t<\/div>\n\t\t\t\t<\/div>\n\t\t<div class=\"elementor-element elementor-element-ad51e94 e-flex e-con-boxed sc_layouts_column_icons_position_left e-con e-parent\" data-id=\"ad51e94\" data-element_type=\"container\">\n\t\t\t\t\t<div class=\"e-con-inner\">\n\t\t<div class=\"elementor-element elementor-element-915079f e-con-full e-flex sc_layouts_column_icons_position_left e-con e-child\" data-id=\"915079f\" data-element_type=\"container\">\n\t\t\t\t<div class=\"elementor-element elementor-element-26fad6e sc_fly_static elementor-widget elementor-widget-image\" data-id=\"26fad6e\" data-element_type=\"widget\" data-widget_type=\"image.default\">\n\t\t\t\t\t\t\t\t\t\t\t\t\t\t\t<img decoding=\"async\" width=\"810\" height=\"1013\" src=\"https:\/\/banusmedical.com\/wp-content\/uploads\/2026\/01\/Untitled-design-2026-01-11T174130.144.jpg\" class=\"attachment-large size-large wp-image-1386\" alt=\"\" srcset=\"https:\/\/banusmedical.com\/wp-content\/uploads\/2026\/01\/Untitled-design-2026-01-11T174130.144.jpg 810w, https:\/\/banusmedical.com\/wp-content\/uploads\/2026\/01\/Untitled-design-2026-01-11T174130.144-240x300.jpg 240w, https:\/\/banusmedical.com\/wp-content\/uploads\/2026\/01\/Untitled-design-2026-01-11T174130.144-768x960.jpg 768w, https:\/\/banusmedical.com\/wp-content\/uploads\/2026\/01\/Untitled-design-2026-01-11T174130.144-370x463.jpg 370w, https:\/\/banusmedical.com\/wp-content\/uploads\/2026\/01\/Untitled-design-2026-01-11T174130.144-410x513.jpg 410w\" sizes=\"(max-width: 810px) 100vw, 810px\" \/>\t\t\t\t\t\t\t\t\t\t\t\t\t\t\t<\/div>\n\t\t\t\t<\/div>\n\t\t<div class=\"elementor-element elementor-element-a6f0237 e-con-full e-flex sc_layouts_column_icons_position_left e-con e-child\" data-id=\"a6f0237\" data-element_type=\"container\">\n\t\t<div class=\"elementor-element elementor-element-2aed877 e-con-full e-flex sc_layouts_column_icons_position_left e-con e-child\" data-id=\"2aed877\" data-element_type=\"container\">\n\t\t\t\t<div class=\"elementor-element elementor-element-982e347 elementor-widget__width-initial sc_fly_static elementor-widget elementor-widget-trx_sc_title\" data-id=\"982e347\" data-element_type=\"widget\" data-widget_type=\"trx_sc_title.default\">\n\t\t\t\t<div class=\"elementor-widget-container\">\n\t\t\t\t\t<div\t\tclass=\"sc_title sc_title_default\" ><h3 class=\"sc_item_title sc_title_title sc_item_title_style_default sc_item_title_tag\"\n\t\t\t><span class=\"sc_item_title_text\">\u4f18\u52bf<\/span><\/h3><\/div>\t\t\t\t<\/div>\n\t\t\t\t<\/div>\n\t\t<div class=\"elementor-element elementor-element-dedc390 e-con-full e-flex sc_layouts_column_icons_position_left e-con e-child\" data-id=\"dedc390\" data-element_type=\"container\">\n\t\t\t\t<div class=\"elementor-element elementor-element-65a6a4f elementor-widget__width-initial sc_fly_static elementor-widget elementor-widget-text-editor\" data-id=\"65a6a4f\" data-element_type=\"widget\" data-widget_type=\"text-editor.default\">\n\t\t\t\t\t\t\t\t\t<ul><li data-start=\"1018\" data-end=\"1046\"><p data-start=\"1020\" data-end=\"1046\">\u975e\u4fb5\u5165\u6027\uff08\u65e0\u9700\u5207\u5272\uff09<\/p><\/li><li data-start=\"1047\" data-end=\"1095\"><p data-start=\"1049\" data-end=\"1095\">\u4e13\u4e1a\u7eb9\u8eab\u6210\u529f\u7387\u9ad8<\/p><\/li><li data-start=\"1096\" data-end=\"1156\"><p data-start=\"1098\" data-end=\"1156\">\u53ea\u8981\u62a4\u7406\u5f97\u5f53\uff0c\u957f\u671f\u4f7f\u7528\u5bf9\u76ae\u80a4\u4e5f\u662f\u5b89\u5168\u7684<\/p><\/li><\/ul>\t\t\t\t\t\t\t\t<\/div>\n\t\t\t\t<\/div>\n\t\t<div class=\"elementor-element elementor-element-5668c09 e-con-full e-flex sc_layouts_column_icons_position_left e-con e-child\" data-id=\"5668c09\" data-element_type=\"container\">\n\t\t\t\t<div class=\"elementor-element elementor-element-e8d226a elementor-widget__width-initial sc_fly_static elementor-widget elementor-widget-trx_sc_title\" data-id=\"e8d226a\" data-element_type=\"widget\" data-widget_type=\"trx_sc_title.default\">\n\t\t\t\t<div class=\"elementor-widget-container\">\n\t\t\t\t\t<div\t\tclass=\"sc_title sc_title_default\" ><h3 class=\"sc_item_title sc_title_title sc_item_title_style_default sc_item_title_tag\"\n\t\t\t><span class=\"sc_item_title_text\">\u53ef\u80fd\u7684\u526f\u4f5c\u7528<\/span><\/h3><\/div>\t\t\t\t<\/div>\n\t\t\t\t<\/div>\n\t\t<div class=\"elementor-element elementor-element-fee0f16 e-con-full e-flex sc_layouts_column_icons_position_left e-con e-child\" data-id=\"fee0f16\" data-element_type=\"container\">\n\t\t\t\t<div class=\"elementor-element elementor-element-62b66bf elementor-widget__width-initial sc_fly_static elementor-widget elementor-widget-text-editor\" data-id=\"62b66bf\" data-element_type=\"widget\" data-widget_type=\"text-editor.default\">\n\t\t\t\t\t\t\t\t\t<ul><li data-start=\"1196\" data-end=\"1236\"><p data-start=\"1198\" data-end=\"1236\">\u7ea2\u80bf\u6216\u6c34\u6ce1<\/p><\/li><li data-start=\"1237\" data-end=\"1293\"><p data-start=\"1239\" data-end=\"1293\">\u8272\u7d20\u53d8\u5316\uff08\u989c\u8272\u53d8\u6d45\u6216\u53d8\u6df1\uff09<\/p><\/li><li data-start=\"1294\" data-end=\"1326\"><p data-start=\"1296\" data-end=\"1326\">\u7619\u75d2\u6216\u7ed3\u75c2<\/p><\/li><li data-start=\"1327\" data-end=\"1361\"><p data-start=\"1329\" data-end=\"1361\">\u6781\u5c11\u6570\u60c5\u51b5\u4e0b\uff1a\u75a4\u75d5<\/p><\/li><\/ul>\t\t\t\t\t\t\t\t<\/div>\n\t\t\t\t<\/div>\n\t\t\t\t<\/div>\n\t\t\t\t<\/div>\n\t\t\t\t<\/div>\n\t\t\t\t\t<\/div>\n\t\t\t\t<\/div>\n\t\t<div class=\"elementor-element elementor-element-a0838fc e-flex e-con-boxed sc_layouts_column_icons_position_left e-con e-parent\" data-id=\"a0838fc\" data-element_type=\"container\">\n\t\t\t\t\t<div class=\"e-con-inner\">\n\t\t\t\t<div class=\"elementor-element elementor-element-12c07c1 sc_height_tiny sc_fly_static elementor-widget elementor-widget-spacer\" data-id=\"12c07c1\" data-element_type=\"widget\" data-widget_type=\"spacer.default\">\n\t\t\t\t\t\t\t<div class=\"elementor-spacer\">\n\t\t\t<div class=\"elementor-spacer-inner\"><\/div>\n\t\t<\/div>\n\t\t\t\t\t\t<\/div>\n\t\t\t\t\t<\/div>\n\t\t\t\t<\/div>\n\t\t<div class=\"elementor-element elementor-element-34bfe7a e-flex e-con-boxed sc_layouts_column_icons_position_left e-con e-parent\" data-id=\"34bfe7a\" data-element_type=\"container\">\n\t\t\t\t\t<div class=\"e-con-inner\">\n\t\t\t\t<div class=\"elementor-element elementor-element-6c57830 sc_fly_static elementor-widget elementor-widget-trx_sc_title\" data-id=\"6c57830\" data-element_type=\"widget\" data-widget_type=\"trx_sc_title.default\">\n\t\t\t\t<div class=\"elementor-widget-container\">\n\t\t\t\t\t<div\t\tclass=\"sc_title sc_title_default\" ><h3 class=\"sc_item_title sc_title_title sc_item_title_style_default sc_item_title_tag\"\n\t\t\t><span class=\"sc_item_title_text\">\u552e\u540e\u670d\u52a1<\/span><\/h3><\/div>\t\t\t\t<\/div>\n\t\t\t\t<\/div>\n\t\t\t\t\t<\/div>\n\t\t\t\t<\/div>\n\t\t<div class=\"elementor-element elementor-element-67c6638 e-flex e-con-boxed sc_layouts_column_icons_position_left e-con e-parent\" data-id=\"67c6638\" data-element_type=\"container\">\n\t\t\t\t\t<div class=\"e-con-inner\">\n\t\t\t\t<div class=\"elementor-element elementor-element-93e4e86 sc_fly_static elementor-widget elementor-widget-text-editor\" data-id=\"93e4e86\" data-element_type=\"widget\" data-widget_type=\"text-editor.default\">\n\t\t\t\t\t\t\t\t\t<ul><li data-start=\"1393\" data-end=\"1440\"><p data-start=\"1395\" data-end=\"1440\">\u51b7\u6577\uff08\u5982\u51b7\u6577\uff09<\/p><\/li><li data-start=\"1441\" data-end=\"1509\"><p data-start=\"1443\" data-end=\"1509\">\u907f\u514d\u9633\u5149\u66b4\u6652\uff08\u524d\u540e\u81f3\u5c11 4 \u5468\uff09\u3002<\/p><\/li><li data-start=\"1510\" data-end=\"1539\"><p data-start=\"1512\" data-end=\"1539\">\u4e0d\u8981\u63c9\u6413\u6cbb\u7597\u90e8\u4f4d<\/p><\/li><li data-start=\"1540\" data-end=\"1586\"><p data-start=\"1542\" data-end=\"1586\">\u8bf7\u52ff\u5728\u672a\u54a8\u8be2\u533b\u751f\u7684\u60c5\u51b5\u4e0b\u6d82\u62b9\u836f\u818f<\/p><\/li><li data-start=\"1587\" data-end=\"1641\"><p data-start=\"1589\" data-end=\"1641\">\u4fdd\u6301\u826f\u597d\u7684\u536b\u751f\u4e60\u60ef\uff0c\u907f\u514d\u611f\u67d3<\/p><\/li><\/ul>\t\t\t\t\t\t\t\t<\/div>\n\t\t\t\t\t<\/div>\n\t\t\t\t<\/div>\n\t\t<div class=\"elementor-element elementor-element-14624a2 e-flex e-con-boxed sc_layouts_column_icons_position_left e-con e-parent\" data-id=\"14624a2\" data-element_type=\"container\">\n\t\t\t\t\t<div class=\"e-con-inner\">\n\t\t\t\t<div class=\"elementor-element elementor-element-5f9e3b2 sc_height_tiny sc_fly_static elementor-widget elementor-widget-spacer\" data-id=\"5f9e3b2\" data-element_type=\"widget\" data-widget_type=\"spacer.default\">\n\t\t\t\t\t\t\t<div class=\"elementor-spacer\">\n\t\t\t<div class=\"elementor-spacer-inner\"><\/div>\n\t\t<\/div>\n\t\t\t\t\t\t<\/div>\n\t\t\t\t\t<\/div>\n\t\t\t\t<\/div>\n\t\t<div class=\"elementor-element elementor-element-eed80e6 e-flex e-con-boxed sc_layouts_column_icons_position_left e-con e-parent\" data-id=\"eed80e6\" data-element_type=\"container\">\n\t\t\t\t\t<div class=\"e-con-inner\">\n\t\t\t\t<div class=\"elementor-element elementor-element-2db6982 sc_fly_static elementor-widget elementor-widget-trx_sc_title\" data-id=\"2db6982\" data-element_type=\"widget\" data-widget_type=\"trx_sc_title.default\">\n\t\t\t\t<div class=\"elementor-widget-container\">\n\t\t\t\t\t<div\t\tclass=\"sc_title sc_title_default\" ><h3 class=\"sc_item_title sc_title_title sc_item_title_style_default sc_item_title_tag\"\n\t\t\t><span class=\"sc_item_title_text\">\u91cd\u8981<\/span><\/h3><\/div>\t\t\t\t<\/div>\n\t\t\t\t<\/div>\n\t\t\t\t\t<\/div>\n\t\t\t\t<\/div>\n\t\t<div class=\"elementor-element elementor-element-1d0fff4 e-flex e-con-boxed sc_layouts_column_icons_position_left e-con e-parent\" data-id=\"1d0fff4\" data-element_type=\"container\">\n\t\t\t\t\t<div class=\"e-con-inner\">\n\t\t\t\t<div class=\"elementor-element elementor-element-bc521c2 sc_fly_static elementor-widget elementor-widget-text-editor\" data-id=\"bc521c2\" data-element_type=\"widget\" data-widget_type=\"text-editor.default\">\n\t\t\t\t\t\t\t\t\t<p>\u6fc0\u5149\u6cbb\u7597\u7684\u6700\u4f73\u6548\u679c\u548c\u6700\u5927\u5b89\u5168\u6027\u53d6\u51b3\u4e8e\u4ee5\u4e0b\u56e0\u7d20 <strong data-start=\"1760\" data-end=\"1810\">\u6574\u5f62\u548c\u7f8e\u5bb9\u5916\u79d1\u533b\u751f\u6216\u76ae\u80a4\u79d1\u533b\u751f<\/strong> \u6709\u7ecf\u9a8c\u3002.<\/p>\t\t\t\t\t\t\t\t<\/div>\n\t\t\t\t\t<\/div>\n\t\t\t\t<\/div>\n\t\t<div class=\"elementor-element elementor-element-39ea977 e-flex e-con-boxed sc_layouts_column_icons_position_left e-con e-parent\" data-id=\"39ea977\" data-element_type=\"container\">\n\t\t\t\t\t<div class=\"e-con-inner\">\n\t\t\t\t<div class=\"elementor-element elementor-element-fe7fb79 sc_fly_static elementor-widget elementor-widget-image\" data-id=\"fe7fb79\" data-element_type=\"widget\" data-widget_type=\"image.default\">\n\t\t\t\t\t\t\t\t\t\t\t\t\t\t\t<img loading=\"lazy\" decoding=\"async\" width=\"1000\" height=\"500\" src=\"https:\/\/banusmedical.com\/wp-content\/uploads\/2025\/12\/tatto-remove.webp\" class=\"attachment-large size-large wp-image-418\" alt=\"\" srcset=\"https:\/\/banusmedical.com\/wp-content\/uploads\/2025\/12\/tatto-remove.webp 1000w, https:\/\/banusmedical.com\/wp-content\/uploads\/2025\/12\/tatto-remove-300x150.webp 300w, https:\/\/banusmedical.com\/wp-content\/uploads\/2025\/12\/tatto-remove-768x384.webp 768w, https:\/\/banusmedical.com\/wp-content\/uploads\/2025\/12\/tatto-remove-370x185.webp 370w, https:\/\/banusmedical.com\/wp-content\/uploads\/2025\/12\/tatto-remove-840x420.webp 840w, https:\/\/banusmedical.com\/wp-content\/uploads\/2025\/12\/tatto-remove-410x205.webp 410w\" sizes=\"(max-width: 1000px) 100vw, 1000px\" \/>\t\t\t\t\t\t\t\t\t\t\t\t\t\t\t<\/div>\n\t\t\t\t\t<\/div>\n\t\t\t\t<\/div>\n\t\t\t\t<\/div>","protected":false},"excerpt":{"rendered":"<p>La eliminaci\u00f3n de tatuajes con l\u00e1ser es un m\u00e9todo com\u00fan, seguro y eficaz para eliminar tatuajes no deseados. A continuaci\u00f3n, lo que debes saber: \u00bfC\u00f3mo funciona la eliminaci\u00f3n de tatuajes&hellip;<\/p>","protected":false},"author":1,"featured_media":0,"parent":0,"menu_order":0,"comment_status":"closed","ping_status":"closed","template":"","meta":{"inline_featured_image":false,"footnotes":""},"class_list":["post-1381","page","type-page","status-publish","hentry"],"_hostinger_reach_plugin_has_subscription_block":false,"_hostinger_reach_plugin_is_elementor":false,"_links":{"self":[{"href":"https:\/\/banusmedical.com\/zh\/wp-json\/wp\/v2\/pages\/1381","targetHints":{"allow":["GET"]}}],"collection":[{"href":"https:\/\/banusmedical.com\/zh\/wp-json\/wp\/v2\/pages"}],"about":[{"href":"https:\/\/banusmedical.com\/zh\/wp-json\/wp\/v2\/types\/page"}],"author":[{"embeddable":true,"href":"https:\/\/banusmedical.com\/zh\/wp-json\/wp\/v2\/users\/1"}],"replies":[{"embeddable":true,"href":"https:\/\/banusmedical.com\/zh\/wp-json\/wp\/v2\/comments?post=1381"}],"version-history":[{"count":7,"href":"https:\/\/banusmedical.com\/zh\/wp-json\/wp\/v2\/pages\/1381\/revisions"}],"predecessor-version":[{"id":1393,"href":"https:\/\/banusmedical.com\/zh\/wp-json\/wp\/v2\/pages\/1381\/revisions\/1393"}],"wp:attachment":[{"href":"https:\/\/banusmedical.com\/zh\/wp-json\/wp\/v2\/media?parent=1381"}],"curies":[{"name":"wp","href":"https:\/\/api.w.org\/{rel}","templated":true}]}}