{"id":1573,"date":"2026-01-15T10:52:42","date_gmt":"2026-01-15T10:52:42","guid":{"rendered":"https:\/\/banusmedical.com\/?page_id=1573"},"modified":"2026-01-15T10:52:42","modified_gmt":"2026-01-15T10:52:42","slug":"politica-de-privacidad","status":"publish","type":"page","link":"https:\/\/banusmedical.com\/zh\/politica-de-privacidad\/","title":{"rendered":"POL\u00cdTICA DE PRIVACIDAD"},"content":{"rendered":"<p><strong>\u5df4\u52aa\u65af\u533b\u7597\u4e2d\u5fc3<\/strong><\/p>\n\n\n\n<p><strong>Identidad del Responsable<\/strong><br>\u2022 Responsable: Banus Medical<br>\u2022 Domicilio: Puerto Ban\u00fas, Marbella, M\u00e1laga \u2013 Espa\u00f1a<br>\u2022 Correo electr\u00f3nico: info@banusmedical.com<br>\u2022 Sitio Web: https:\/\/www.banusmedical.com<\/p>\n\n\n\n<p>\u2e3b<\/p>\n\n\n\n<p><strong>Normativa Aplicable<\/strong><\/p>\n\n\n\n<p>Esta Pol\u00edtica cumple con:<br>\u2022 Reglamento (UE) 2016\/679 (RGPD)<br>\u2022 Ley Org\u00e1nica 3\/2018 (LOPDGDD)<\/p>\n\n\n\n<p>\u2e3b<\/p>\n\n\n\n<p><strong>Principios Aplicables<\/strong><\/p>\n\n\n\n<p>El tratamiento de datos se rige por:<br>\u2022 Licitud, lealtad y transparencia<br>\u2022 Minimizaci\u00f3n de datos<br>\u2022 Limitaci\u00f3n del plazo de conservaci\u00f3n<br>\u2022 Integridad y confidencialidad<\/p>\n\n\n\n<p>\u2e3b<\/p>\n\n\n\n<p><strong>Obtenci\u00f3n de Datos<\/strong><\/p>\n\n\n\n<p>No es necesario facilitar datos personales para navegar por el Sitio Web.<br>Los datos solo se recogen cuando el Usuario los facilita voluntariamente.<\/p>\n\n\n\n<p>\u2e3b<\/p>\n\n\n\n<p><strong>Finalidad del Tratamiento<\/strong><\/p>\n\n\n\n<p>Los datos se tratan para:<br>\u2022 Gestionar consultas y citas<br>\u2022 Prestar informaci\u00f3n sobre servicios<br>\u2022 Mejorar el funcionamiento del Sitio Web<br>\u2022 Cumplir obligaciones legales<\/p>\n\n\n\n<p>\u2e3b<\/p>\n\n\n\n<p><strong>Legitimaci\u00f3n<\/strong><\/p>\n\n\n\n<p>La base legal es el consentimiento del interesado.<\/p>\n\n\n\n<p>\u2e3b<\/p>\n\n\n\n<p><strong>Conservaci\u00f3n de Datos<\/strong><\/p>\n\n\n\n<p>Los datos se conservar\u00e1n hasta que el Usuario solicite su supresi\u00f3n o mientras exista una relaci\u00f3n leg\u00edtima.<\/p>\n\n\n\n<p>\u2e3b<\/p>\n\n\n\n<p><strong>Derechos del Usuario<\/strong><\/p>\n\n\n\n<p>El Usuario puede ejercer los derechos de acceso, rectificaci\u00f3n, supresi\u00f3n, oposici\u00f3n y limitaci\u00f3n mediante solicitud a:<br>\ud83d\udce7 info@banusmedical.com<\/p>\n\n\n\n<p>\u2e3b<\/p>\n\n\n\n<p><strong>Seguridad de los Datos<\/strong><\/p>\n\n\n\n<p>El Titular aplica medidas de seguridad adecuadas para proteger los datos personales.<\/p>\n\n\n\n<p>\u2e3b<\/p>\n\n\n\n<p><strong>Aceptaci\u00f3n<\/strong><\/p>\n\n\n\n<p>El uso del Sitio Web implica la aceptaci\u00f3n de esta Pol\u00edtica de Privacidad.<\/p>","protected":false},"excerpt":{"rendered":"<p>Banus Medical Identidad del Responsable\u2022 Responsable: Banus Medical\u2022 Domicilio: Puerto Ban\u00fas, Marbella, M\u00e1laga \u2013 Espa\u00f1a\u2022 Correo electr\u00f3nico: info@banusmedical.com\u2022 Sitio Web: https:\/\/www.banusmedical.com \u2e3b Normativa Aplicable Esta Pol\u00edtica cumple con:\u2022 Reglamento (UE)&hellip;<\/p>","protected":false},"author":1,"featured_media":0,"parent":0,"menu_order":0,"comment_status":"closed","ping_status":"closed","template":"","meta":{"inline_featured_image":false,"footnotes":""},"class_list":["post-1573","page","type-page","status-publish","hentry"],"_hostinger_reach_plugin_has_subscription_block":false,"_hostinger_reach_plugin_is_elementor":false,"_links":{"self":[{"href":"https:\/\/banusmedical.com\/zh\/wp-json\/wp\/v2\/pages\/1573","targetHints":{"allow":["GET"]}}],"collection":[{"href":"https:\/\/banusmedical.com\/zh\/wp-json\/wp\/v2\/pages"}],"about":[{"href":"https:\/\/banusmedical.com\/zh\/wp-json\/wp\/v2\/types\/page"}],"author":[{"embeddable":true,"href":"https:\/\/banusmedical.com\/zh\/wp-json\/wp\/v2\/users\/1"}],"replies":[{"embeddable":true,"href":"https:\/\/banusmedical.com\/zh\/wp-json\/wp\/v2\/comments?post=1573"}],"version-history":[{"count":1,"href":"https:\/\/banusmedical.com\/zh\/wp-json\/wp\/v2\/pages\/1573\/revisions"}],"predecessor-version":[{"id":1575,"href":"https:\/\/banusmedical.com\/zh\/wp-json\/wp\/v2\/pages\/1573\/revisions\/1575"}],"wp:attachment":[{"href":"https:\/\/banusmedical.com\/zh\/wp-json\/wp\/v2\/media?parent=1573"}],"curies":[{"name":"wp","href":"https:\/\/api.w.org\/{rel}","templated":true}]}}