{"id":1614,"date":"2026-01-21T18:22:33","date_gmt":"2026-01-21T18:22:33","guid":{"rendered":"https:\/\/banusmedical.com\/?page_id=1614"},"modified":"2026-02-01T17:27:01","modified_gmt":"2026-02-01T17:27:01","slug":"%e6%b7%8b%e5%b7%b4%e6%8c%89%e6%91%a9","status":"publish","type":"page","link":"https:\/\/banusmedical.com\/zh\/%e6%b7%8b%e5%b7%b4%e6%8c%89%e6%91%a9\/","title":{"rendered":"\u6dcb\u5df4\u6309\u6469"},"content":{"rendered":"<div data-elementor-type=\"wp-page\" data-elementor-id=\"1614\" class=\"elementor elementor-1614\" data-elementor-post-type=\"page\">\n\t\t\t\t<div class=\"elementor-element elementor-element-9043a05 e-flex e-con-boxed sc_layouts_column_icons_position_left e-con e-parent\" data-id=\"9043a05\" data-element_type=\"container\">\n\t\t\t\t\t<div class=\"e-con-inner\">\n\t\t<div class=\"e-con-gap-no elementor-element elementor-element-a3ce30f e-con-full e-flex sc_layouts_column_icons_position_left e-con e-child\" data-animation-type=\"sequental\" data-animation-stagger=\"\" data-id=\"a3ce30f\" data-element_type=\"container\" data-settings=\"{&quot;background_background&quot;:&quot;video&quot;,&quot;background_video_link&quot;:&quot;https:\\\/\\\/vimeo.com\\\/1156936728?share=copy&amp;fl=sv&amp;fe=ci&quot;,&quot;background_play_on_mobile&quot;:&quot;yes&quot;,&quot;animation&quot;:&quot;none&quot;}\">\n\t\t<div class=\"elementor-background-video-container\" aria-hidden=\"true\">\n\t\t\t\t\t\t\t<div class=\"elementor-background-video-embed\"><\/div>\n\t\t\t\t\t\t<\/div>\t\t<\/div>\n\t\t\t\t\t<\/div>\n\t\t\t\t<\/div>\n\t\t<div class=\"elementor-element elementor-element-44b8bd2 e-flex e-con-boxed sc_layouts_column_icons_position_left e-con e-parent\" data-id=\"44b8bd2\" data-element_type=\"container\">\n\t\t\t\t\t<div class=\"e-con-inner\">\n\t\t\t\t<div class=\"elementor-element elementor-element-56f2ccb sc_height_tiny sc_fly_static elementor-widget elementor-widget-spacer\" data-id=\"56f2ccb\" data-element_type=\"widget\" data-widget_type=\"spacer.default\">\n\t\t\t\t\t\t\t<div class=\"elementor-spacer\">\n\t\t\t<div class=\"elementor-spacer-inner\"><\/div>\n\t\t<\/div>\n\t\t\t\t\t\t<\/div>\n\t\t\t\t\t<\/div>\n\t\t\t\t<\/div>\n\t\t<div class=\"elementor-element elementor-element-0eb451d e-flex e-con-boxed sc_layouts_column_icons_position_left e-con e-parent\" data-id=\"0eb451d\" data-element_type=\"container\">\n\t\t\t\t\t<div class=\"e-con-inner\">\n\t\t\t\t<div class=\"elementor-element elementor-element-bb8261f sc_fly_static elementor-widget elementor-widget-text-editor\" data-id=\"bb8261f\" data-element_type=\"widget\" data-widget_type=\"text-editor.default\">\n\t\t\t\t\t\t\t\t\t<p>\u6dcb\u5df4\u6309\u6469\u662f\u4e00\u79cd\u6e29\u548c\u7684\u6cbb\u7597\u65b9\u6cd5\uff0c\u53ef\u523a\u6fc0\u6dcb\u5df4\u7cfb\u7edf\uff0c\u5e2e\u52a9\u8eab\u4f53\u6392\u9664\u6bd2\u7d20\uff0c\u51cf\u5c11\u4f53\u6db2\u6f74\u7559\uff0c\u6539\u5584\u8840\u6db2\u5faa\u73af\u3002.<\/p><p>\u5728\u7f8e\u5bb9\u6216\u5916\u79d1\u624b\u672f\u540e\uff0c\u5c24\u5176\u63a8\u8350\u4f7f\u7528\u8fd9\u79cd\u7597\u6cd5\uff0c\u56e0\u4e3a\u5b83\u6709\u52a9\u4e8e\u51cf\u8f7b\u708e\u75c7\u3001\u52a0\u5feb\u6062\u590d\u548c\u6539\u5584\u6cbb\u7597\u6548\u679c\u3002.<\/p><p>\u6dcb\u5df4\u6309\u6469\u9664\u4e86\u5177\u6709\u6cbb\u7597\u6548\u679c\u5916\uff0c\u8fd8\u80fd\u5e26\u6765\u6df1\u5c42\u7684\u5e78\u798f\u611f\u548c\u653e\u677e\u611f\uff0c\u6709\u52a9\u4e8e\u6539\u5584\u76ae\u80a4\u5916\u89c2\uff0c\u7f13\u89e3\u8eab\u4f53\u7684\u6c89\u91cd\u611f\u3002.<\/p>\t\t\t\t\t\t\t\t<\/div>\n\t\t\t\t\t<\/div>\n\t\t\t\t<\/div>\n\t\t<div class=\"elementor-element elementor-element-ba22e1a e-flex e-con-boxed sc_layouts_column_icons_position_left e-con e-parent\" data-id=\"ba22e1a\" data-element_type=\"container\">\n\t\t\t\t\t<div class=\"e-con-inner\">\n\t\t\t\t<div class=\"elementor-element elementor-element-f0540a9 sc_fly_static elementor-widget elementor-widget-image\" data-id=\"f0540a9\" data-element_type=\"widget\" data-widget_type=\"image.default\">\n\t\t\t\t\t\t\t\t\t\t\t\t\t\t\t<img fetchpriority=\"high\" decoding=\"async\" width=\"810\" height=\"810\" src=\"https:\/\/banusmedical.com\/wp-content\/uploads\/2026\/01\/banus-medical-3.jpg\" class=\"attachment-large size-large wp-image-1612\" alt=\"\" srcset=\"https:\/\/banusmedical.com\/wp-content\/uploads\/2026\/01\/banus-medical-3.jpg 810w, https:\/\/banusmedical.com\/wp-content\/uploads\/2026\/01\/banus-medical-3-300x300.jpg 300w, https:\/\/banusmedical.com\/wp-content\/uploads\/2026\/01\/banus-medical-3-150x150.jpg 150w, https:\/\/banusmedical.com\/wp-content\/uploads\/2026\/01\/banus-medical-3-768x768.jpg 768w, https:\/\/banusmedical.com\/wp-content\/uploads\/2026\/01\/banus-medical-3-12x12.jpg 12w, https:\/\/banusmedical.com\/wp-content\/uploads\/2026\/01\/banus-medical-3-370x370.jpg 370w, https:\/\/banusmedical.com\/wp-content\/uploads\/2026\/01\/banus-medical-3-120x120.jpg 120w, https:\/\/banusmedical.com\/wp-content\/uploads\/2026\/01\/banus-medical-3-410x410.jpg 410w\" sizes=\"(max-width: 810px) 100vw, 810px\" \/>\t\t\t\t\t\t\t\t\t\t\t\t\t\t\t<\/div>\n\t\t\t\t\t<\/div>\n\t\t\t\t<\/div>\n\t\t<div class=\"elementor-element elementor-element-7995193 e-flex e-con-boxed sc_layouts_column_icons_position_left e-con e-parent\" data-id=\"7995193\" data-element_type=\"container\">\n\t\t\t\t\t<div class=\"e-con-inner\">\n\t\t\t\t<div class=\"elementor-element elementor-element-c4a5912 sc_height_tiny sc_fly_static elementor-widget elementor-widget-spacer\" data-id=\"c4a5912\" data-element_type=\"widget\" data-widget_type=\"spacer.default\">\n\t\t\t\t\t\t\t<div class=\"elementor-spacer\">\n\t\t\t<div class=\"elementor-spacer-inner\"><\/div>\n\t\t<\/div>\n\t\t\t\t\t\t<\/div>\n\t\t\t\t\t<\/div>\n\t\t\t\t<\/div>\n\t\t<div class=\"elementor-element elementor-element-56d89bc e-flex e-con-boxed sc_layouts_column_icons_position_left e-con e-parent\" data-id=\"56d89bc\" data-element_type=\"container\">\n\t\t\t\t\t<div class=\"e-con-inner\">\n\t\t<div class=\"elementor-element elementor-element-60618a6 e-con-full e-flex sc_layouts_column_icons_position_left e-con e-child\" data-id=\"60618a6\" data-element_type=\"container\">\n\t\t<div class=\"elementor-element elementor-element-ce4fae2 e-con-full e-flex sc_layouts_column_icons_position_left e-con e-child\" data-id=\"ce4fae2\" data-element_type=\"container\">\n\t\t\t\t<div class=\"elementor-element elementor-element-957d4fb sc_fly_static elementor-widget elementor-widget-trx_sc_title\" data-id=\"957d4fb\" data-element_type=\"widget\" data-widget_type=\"trx_sc_title.default\">\n\t\t\t\t<div class=\"elementor-widget-container\">\n\t\t\t\t\t<div\t\tclass=\"sc_title sc_title_default\" ><h3 class=\"sc_item_title sc_title_title sc_item_title_style_default sc_item_title_tag\"\n\t\t\t><span class=\"sc_item_title_text\">\u4e3b\u8981\u4f18\u52bf<\/span><\/h3><\/div>\t\t\t\t<\/div>\n\t\t\t\t<\/div>\n\t\t\t\t<\/div>\n\t\t\t\t<\/div>\n\t\t\t\t\t<\/div>\n\t\t\t\t<\/div>\n\t\t<div class=\"elementor-element elementor-element-2c10157 e-flex e-con-boxed sc_layouts_column_icons_position_left e-con e-parent\" data-id=\"2c10157\" data-element_type=\"container\">\n\t\t\t\t\t<div class=\"e-con-inner\">\n\t\t\t\t<div class=\"elementor-element elementor-element-719615a sc_fly_static elementor-widget elementor-widget-text-editor\" data-id=\"719615a\" data-element_type=\"widget\" data-widget_type=\"text-editor.default\">\n\t\t\t\t\t\t\t\t\t<ul><li>\u51cf\u8f7b\u708e\u75c7\u548c\u80bf\u80c0<\/li><li>\u6d88\u9664\u6bd2\u7d20<\/li><li>\u6539\u5584\u8840\u6db2\u548c\u6dcb\u5df4\u5faa\u73af<\/li><li>\u672f\u540e\u6062\u590d\u652f\u6301<\/li><li>\u8f7b\u76c8\u548c\u5e78\u798f\u7684\u611f\u89c9<\/li><\/ul><p>\u5bf9\u4e8e\u8ffd\u6c42\u5065\u5eb7\u3001\u5e73\u8861\u548c\u5168\u9762\u798f\u7949\u7684\u4eba\u6765\u8bf4\uff0c\u8fd9\u662f\u4e00\u79cd\u7406\u60f3\u7684\u6cbb\u7597\u65b9\u6cd5\u3002.<\/p>\t\t\t\t\t\t\t\t<\/div>\n\t\t\t\t\t<\/div>\n\t\t\t\t<\/div>\n\t\t<div class=\"elementor-element elementor-element-d406b96 e-flex e-con-boxed sc_layouts_column_icons_position_left e-con e-parent\" data-id=\"d406b96\" data-element_type=\"container\">\n\t\t\t\t\t<div class=\"e-con-inner\">\n\t\t\t\t<div class=\"elementor-element elementor-element-5cdcb09 sc_height_small sc_fly_static elementor-widget elementor-widget-spacer\" data-id=\"5cdcb09\" data-element_type=\"widget\" data-widget_type=\"spacer.default\">\n\t\t\t\t\t\t\t<div class=\"elementor-spacer\">\n\t\t\t<div class=\"elementor-spacer-inner\"><\/div>\n\t\t<\/div>\n\t\t\t\t\t\t<\/div>\n\t\t\t\t\t<\/div>\n\t\t\t\t<\/div>\n\t\t<div class=\"elementor-element elementor-element-e9fe1a1 e-flex e-con-boxed sc_layouts_column_icons_position_left e-con e-parent\" data-id=\"e9fe1a1\" data-element_type=\"container\">\n\t\t\t\t\t<div class=\"e-con-inner\">\n\t\t\t\t<div class=\"elementor-element elementor-element-e0c1ddb sc_fly_static elementor-widget elementor-widget-shortcode\" data-id=\"e0c1ddb\" data-element_type=\"widget\" data-widget_type=\"shortcode.default\">\n\t\t\t\t\t\t\t<div class=\"elementor-shortcode\"><div class=\"latepoint-book-form-wrapper os-loading os_init_booking_form\" id=\"latepointBookForm_69d0899f68e21\" >\n\t\t\t\t\t\t<div class=\"latepoint-w latepoint-inline-form latepoint-show-side-panel\">\n\t\t\t\t\t\t\t<div class=\"latepoint-booking-form-element\">\n\t\t\t\t\t\t\t\t<div class=\"latepoint-side-panel\"><\/div>\n\t\t\t\t\t\t\t\t<div class=\"latepoint-form-w\"><\/div>\n\t\t\t\t\t\t\t<\/div>\n\t\t\t\t\t\t<\/div>\n\t\t\t\t\t<\/div><\/div>\n\t\t\t\t\t\t<\/div>\n\t\t\t\t\t<\/div>\n\t\t\t\t<\/div>\n\t\t\t\t<\/div>","protected":false},"excerpt":{"rendered":"<p>El masaje linf\u00e1tico es un tratamiento suave y terap\u00e9utico que estimula el sistema linf\u00e1tico, ayudando al organismo a eliminar toxinas, reducir la retenci\u00f3n de l\u00edquidos y mejorar la circulaci\u00f3n. Este&hellip;<\/p>","protected":false},"author":1,"featured_media":0,"parent":0,"menu_order":0,"comment_status":"closed","ping_status":"closed","template":"","meta":{"inline_featured_image":false,"footnotes":""},"class_list":["post-1614","page","type-page","status-publish","hentry"],"_hostinger_reach_plugin_has_subscription_block":false,"_hostinger_reach_plugin_is_elementor":false,"_links":{"self":[{"href":"https:\/\/banusmedical.com\/zh\/wp-json\/wp\/v2\/pages\/1614","targetHints":{"allow":["GET"]}}],"collection":[{"href":"https:\/\/banusmedical.com\/zh\/wp-json\/wp\/v2\/pages"}],"about":[{"href":"https:\/\/banusmedical.com\/zh\/wp-json\/wp\/v2\/types\/page"}],"author":[{"embeddable":true,"href":"https:\/\/banusmedical.com\/zh\/wp-json\/wp\/v2\/users\/1"}],"replies":[{"embeddable":true,"href":"https:\/\/banusmedical.com\/zh\/wp-json\/wp\/v2\/comments?post=1614"}],"version-history":[{"count":16,"href":"https:\/\/banusmedical.com\/zh\/wp-json\/wp\/v2\/pages\/1614\/revisions"}],"predecessor-version":[{"id":1735,"href":"https:\/\/banusmedical.com\/zh\/wp-json\/wp\/v2\/pages\/1614\/revisions\/1735"}],"wp:attachment":[{"href":"https:\/\/banusmedical.com\/zh\/wp-json\/wp\/v2\/media?parent=1614"}],"curies":[{"name":"wp","href":"https:\/\/api.w.org\/{rel}","templated":true}]}}