{"id":913,"date":"2026-01-08T12:51:09","date_gmt":"2026-01-08T12:51:09","guid":{"rendered":"https:\/\/banusmedical.com\/?page_id=913"},"modified":"2026-03-17T19:56:12","modified_gmt":"2026-03-17T19:56:12","slug":"%e6%8b%89%e7%9a%ae%e6%89%8b%e6%9c%af-%e9%a9%ac%e5%b0%94%e8%b4%9d%e6%8b%89","status":"publish","type":"page","link":"https:\/\/banusmedical.com\/zh\/%e6%8b%89%e7%9a%ae%e6%89%8b%e6%9c%af-%e9%a9%ac%e5%b0%94%e8%b4%9d%e6%8b%89\/","title":{"rendered":"\u6539\u5934\u6362\u9762"},"content":{"rendered":"<div data-elementor-type=\"wp-page\" data-elementor-id=\"913\" class=\"elementor elementor-913\" data-elementor-post-type=\"page\">\n\t\t\t\t<div class=\"elementor-element elementor-element-645eae4 e-flex e-con-boxed sc_layouts_column_icons_position_left e-con e-parent\" data-id=\"645eae4\" data-element_type=\"container\">\n\t\t\t\t\t<div class=\"e-con-inner\">\n\t\t<div class=\"e-con-gap-no elementor-element elementor-element-1717f80 e-con-full e-flex sc_layouts_column_icons_position_left e-con e-child\" data-animation-type=\"sequental\" data-animation-stagger=\"\" data-id=\"1717f80\" data-element_type=\"container\" data-settings=\"{&quot;background_background&quot;:&quot;video&quot;,&quot;background_video_link&quot;:&quot;https:\\\/\\\/vimeo.com\\\/1152561858\\\/7dd3cfdfef?share=copy&amp;fl=sv&amp;fe=ci&quot;,&quot;background_play_on_mobile&quot;:&quot;yes&quot;,&quot;animation&quot;:&quot;none&quot;}\">\n\t\t<div class=\"elementor-background-video-container\" aria-hidden=\"true\">\n\t\t\t\t\t\t\t<div class=\"elementor-background-video-embed\"><\/div>\n\t\t\t\t\t\t<\/div>\t\t<\/div>\n\t\t\t\t\t<\/div>\n\t\t\t\t<\/div>\n\t\t<div class=\"elementor-element elementor-element-9479223 e-flex e-con-boxed sc_layouts_column_icons_position_left e-con e-parent\" data-id=\"9479223\" data-element_type=\"container\">\n\t\t\t\t\t<div class=\"e-con-inner\">\n\t\t\t\t<div class=\"elementor-element elementor-element-672fdf3 sc_fly_static elementor-widget elementor-widget-spacer\" data-id=\"672fdf3\" data-element_type=\"widget\" data-widget_type=\"spacer.default\">\n\t\t\t\t\t\t\t<div class=\"elementor-spacer\">\n\t\t\t<div class=\"elementor-spacer-inner\"><\/div>\n\t\t<\/div>\n\t\t\t\t\t\t<\/div>\n\t\t\t\t<div class=\"elementor-element elementor-element-43a4896 sc_fly_static elementor-widget elementor-widget-text-editor\" data-id=\"43a4896\" data-element_type=\"widget\" data-widget_type=\"text-editor.default\">\n\t\t\t\t\t\t\t\t\t<p>\u9a6c\u8d1d\u62c9\u7684\u9762\u90e8\u62c9\u76ae\u672f\u662f\u6574\u5f62\u5916\u79d1\u4e2d\u6700\u53d7\u6b22\u8fce\u7684\u624b\u672f\u4e4b\u4e00\uff0c\u53ef\u4f7f\u9762\u90e8\u5e74\u8f7b\u5316\uff0c\u6539\u5584\u76ae\u80a4\u7d27\u81f4\u5ea6\u3002.<\/p>\t\t\t\t\t\t\t\t<\/div>\n\t\t\t\t<div class=\"elementor-element elementor-element-480db63 sc_fly_static elementor-widget elementor-widget-text-editor\" data-id=\"480db63\" data-element_type=\"widget\" data-widget_type=\"text-editor.default\">\n\t\t\t\t\t\t\t\t\t<p>A <strong data-start=\"23\" data-end=\"41\">\u62c9\u76ae<\/strong> \uff08\u53c8\u79f0 <em data-start=\"59\" data-end=\"73\">\u97f5\u5f8b\u5207\u9664\u672f<\/em>)\u662f\u4e00\u79cd\u5916\u79d1\u624b\u672f\uff0c\u7528\u4e8e\u51cf\u5c11\u9762\u90e8\u548c\u9888\u90e8\u660e\u663e\u7684\u8870\u8001\u8ff9\u8c61\u3002\u4ee5\u4e0b\u662f\u6700\u91cd\u8981\u7684\u4fe1\u606f\u6458\u8981\uff1a<\/p>\t\t\t\t\t\t\t\t<\/div>\n\t\t\t\t<div class=\"elementor-element elementor-element-a7a53ed sc_fly_static elementor-widget elementor-widget-spacer\" data-id=\"a7a53ed\" data-element_type=\"widget\" data-widget_type=\"spacer.default\">\n\t\t\t\t\t\t\t<div class=\"elementor-spacer\">\n\t\t\t<div class=\"elementor-spacer-inner\"><\/div>\n\t\t<\/div>\n\t\t\t\t\t\t<\/div>\n\t\t\t\t\t<\/div>\n\t\t\t\t<\/div>\n\t\t<div class=\"elementor-element elementor-element-5f46828 e-flex e-con-boxed sc_layouts_column_icons_position_left e-con e-parent\" data-id=\"5f46828\" data-element_type=\"container\">\n\t\t\t\t\t<div class=\"e-con-inner\">\n\t\t<div class=\"elementor-element elementor-element-245655c e-con-full e-flex sc_layouts_column_icons_position_left e-con e-child\" data-id=\"245655c\" data-element_type=\"container\">\n\t\t\t\t<div class=\"elementor-element elementor-element-31ebb04 sc_fly_static elementor-widget elementor-widget-image\" data-id=\"31ebb04\" data-element_type=\"widget\" data-widget_type=\"image.default\">\n\t\t\t\t\t\t\t\t\t\t\t\t\t\t\t<img fetchpriority=\"high\" decoding=\"async\" width=\"810\" height=\"810\" src=\"https:\/\/banusmedical.com\/wp-content\/uploads\/2026\/01\/Untitled-design-68.jpg\" class=\"attachment-large size-large wp-image-931\" alt=\"\" srcset=\"https:\/\/banusmedical.com\/wp-content\/uploads\/2026\/01\/Untitled-design-68.jpg 810w, https:\/\/banusmedical.com\/wp-content\/uploads\/2026\/01\/Untitled-design-68-300x300.jpg 300w, https:\/\/banusmedical.com\/wp-content\/uploads\/2026\/01\/Untitled-design-68-150x150.jpg 150w, https:\/\/banusmedical.com\/wp-content\/uploads\/2026\/01\/Untitled-design-68-768x768.jpg 768w, https:\/\/banusmedical.com\/wp-content\/uploads\/2026\/01\/Untitled-design-68-370x370.jpg 370w, https:\/\/banusmedical.com\/wp-content\/uploads\/2026\/01\/Untitled-design-68-120x120.jpg 120w, https:\/\/banusmedical.com\/wp-content\/uploads\/2026\/01\/Untitled-design-68-410x410.jpg 410w\" sizes=\"(max-width: 810px) 100vw, 810px\" \/>\t\t\t\t\t\t\t\t\t\t\t\t\t\t\t<\/div>\n\t\t\t\t<\/div>\n\t\t<div class=\"elementor-element elementor-element-79d0c65 e-con-full e-flex sc_layouts_column_icons_position_left e-con e-child\" data-id=\"79d0c65\" data-element_type=\"container\">\n\t\t\t\t<div class=\"elementor-element elementor-element-7db768e sc_fly_static elementor-widget elementor-widget-trx_sc_title\" data-id=\"7db768e\" data-element_type=\"widget\" data-widget_type=\"trx_sc_title.default\">\n\t\t\t\t<div class=\"elementor-widget-container\">\n\t\t\t\t\t<div\t\tclass=\"sc_title sc_title_default\" ><h3 class=\"sc_item_title sc_title_title sc_item_title_style_default sc_item_title_tag\"\n\t\t\t><span class=\"sc_item_title_text\">\u4ec0\u4e48\u662f\u62c9\u76ae\u624b\u672f\uff1f<\/span><\/h3><\/div>\t\t\t\t<\/div>\n\t\t\t\t<\/div>\n\t\t\t\t<div class=\"elementor-element elementor-element-0972d40 sc_fly_static elementor-widget elementor-widget-text-editor\" data-id=\"0972d40\" data-element_type=\"widget\" data-widget_type=\"text-editor.default\">\n\t\t\t\t\t\t\t\t\t<p data-start=\"292\" data-end=\"541\">\u62c9\u76ae\u624b\u672f\u662f\u4e00\u79cd\u6574\u5bb9\u5916\u79d1\u624b\u672f\uff0c\u5b83\u53ef\u4ee5\u53bb\u9664\u591a\u4f59\u7684\u76ae\u80a4\uff0c\u6536\u7d27\u4e0b\u5c42\u7ec4\u7ec7\uff08\u5c24\u5176\u662f\u9762\u90e8\u548c\u9888\u90e8\u76ae\u80a4\uff09\uff0c\u5e76\u53bb\u9664\u591a\u4f59\u7684\u76ae\u80a4\u3002 <strong data-start=\"429\" data-end=\"480\">SMAS - \u6d45\u5c42\u808c\u8089\u795e\u7ecf\u7cfb\u7edf<\/strong>)\uff0c\u5e76\u91cd\u65b0\u8c03\u6574\u76ae\u80a4\u4f4d\u7f6e\uff0c\u8ba9\u76ae\u80a4\u770b\u8d77\u6765\u66f4\u5e74\u8f7b\u3002.<\/p>\t\t\t\t\t\t\t\t<\/div>\n\t\t\t\t<\/div>\n\t\t\t\t\t<\/div>\n\t\t\t\t<\/div>\n\t\t<div class=\"elementor-element elementor-element-7e808cb e-flex e-con-boxed sc_layouts_column_icons_position_left e-con e-parent\" data-id=\"7e808cb\" data-element_type=\"container\">\n\t\t\t\t\t<div class=\"e-con-inner\">\n\t\t\t\t<div class=\"elementor-element elementor-element-44d0c53 sc_fly_static elementor-widget elementor-widget-spacer\" data-id=\"44d0c53\" data-element_type=\"widget\" data-widget_type=\"spacer.default\">\n\t\t\t\t\t\t\t<div class=\"elementor-spacer\">\n\t\t\t<div class=\"elementor-spacer-inner\"><\/div>\n\t\t<\/div>\n\t\t\t\t\t\t<\/div>\n\t\t\t\t\t<\/div>\n\t\t\t\t<\/div>\n\t\t<div class=\"elementor-element elementor-element-17435db e-flex e-con-boxed sc_layouts_column_icons_position_left e-con e-parent\" data-id=\"17435db\" data-element_type=\"container\">\n\t\t\t\t\t<div class=\"e-con-inner\">\n\t\t\t\t<div class=\"elementor-element elementor-element-2a4f8f0 sc_fly_static elementor-widget elementor-widget-trx_sc_title\" data-id=\"2a4f8f0\" data-element_type=\"widget\" data-widget_type=\"trx_sc_title.default\">\n\t\t\t\t<div class=\"elementor-widget-container\">\n\t\t\t\t\t<div\t\tclass=\"sc_title sc_title_default\" ><h3 class=\"sc_item_title sc_title_title sc_item_title_style_default sc_item_title_tag\"\n\t\t\t><span class=\"sc_item_title_text\">\u6574\u5bb9\u7684\u76ee\u7684<\/span><\/h3><\/div>\t\t\t\t<\/div>\n\t\t\t\t<\/div>\n\t\t\t\t<div class=\"elementor-element elementor-element-a424a53 sc_fly_static elementor-widget elementor-widget-text-editor\" data-id=\"a424a53\" data-element_type=\"widget\" data-widget_type=\"text-editor.default\">\n\t\t\t\t\t\t\t\t\t<ul><li data-start=\"583\" data-end=\"632\"><p data-start=\"585\" data-end=\"632\">\u6536\u7d27\u9762\u90e8\u548c\u9888\u90e8\u677e\u5f1b\u7684\u76ae\u80a4<\/p><\/li><li data-start=\"633\" data-end=\"707\"><p data-start=\"635\" data-end=\"707\">\u51cf\u5c11\u6df1\u5c42\u76b1\u7eb9\uff08\u5982\u9f3b\u5507\u6c9f\u76b1\u7eb9\uff09<\/p><\/li><li data-start=\"708\" data-end=\"775\"><p data-start=\"710\" data-end=\"775\">\u63d0\u5347\u4e0b\u5782\u7684\u8138\u988a\uff08\u6240\u8c13\u7684 \u201c\u8138\u4e2d\u90e8\u533a\u57df\u201d\uff09<\/p><\/li><li data-start=\"776\" data-end=\"815\"><p data-start=\"778\" data-end=\"815\">\u6d88\u9664\u4e0b\u5df4\uff08\u4fa7\u4e0b\u5df4\uff09<\/p><\/li><li data-start=\"816\" data-end=\"872\"><p data-start=\"818\" data-end=\"872\">\u6539\u5584\u4e0b\u988c\u548c\u9888\u90e8\u4e4b\u95f4\u7684\u8fc7\u6e21<\/p><\/li><\/ul>\t\t\t\t\t\t\t\t<\/div>\n\t\t\t\t<div class=\"elementor-element elementor-element-701091f sc_fly_static elementor-widget elementor-widget-spacer\" data-id=\"701091f\" data-element_type=\"widget\" data-widget_type=\"spacer.default\">\n\t\t\t\t\t\t\t<div class=\"elementor-spacer\">\n\t\t\t<div class=\"elementor-spacer-inner\"><\/div>\n\t\t<\/div>\n\t\t\t\t\t\t<\/div>\n\t\t\t\t\t<\/div>\n\t\t\t\t<\/div>\n\t\t<div class=\"elementor-element elementor-element-a03ff5f e-flex e-con-boxed sc_layouts_column_icons_position_left e-con e-parent\" data-id=\"a03ff5f\" data-element_type=\"container\">\n\t\t\t\t\t<div class=\"e-con-inner\">\n\t\t\t\t<div class=\"elementor-element elementor-element-1bfd471 sc_fly_static elementor-widget elementor-widget-trx_sc_icompare\" data-id=\"1bfd471\" data-element_type=\"widget\" data-widget_type=\"trx_sc_icompare.default\">\n\t\t\t\t<div class=\"elementor-widget-container\">\n\t\t\t\t\t<div  \n\t\t\tclass=\"sc_icompare sc_icompare_default sc_icompare_direction_vertical sc_icompare_event_drag\" ><div class=\"sc_icompare_content sc_item_content\" ><img decoding=\"async\" src=\"\/\/banusmedical.com\/wp-content\/uploads\/2026\/01\/19.jpg\" class=\"sc_icompare_image sc_icompare_image0\" alt=\"Before\" width=\"810\" height=\"810\" \/><img decoding=\"async\" src=\"\/\/banusmedical.com\/wp-content\/uploads\/2026\/01\/19.jpg\" class=\"sc_icompare_image sc_icompare_image1\" alt=\"Before\" width=\"810\" height=\"810\" \/><img loading=\"lazy\" decoding=\"async\" src=\"\/\/banusmedical.com\/wp-content\/uploads\/2026\/01\/20-1.jpg\" class=\"sc_icompare_image sc_icompare_image2\" alt=\"After\" width=\"810\" height=\"810\" \/><div class=\"sc_icompare_handler sc_icompare_handler_style_round sc_icompare_handler_show sc_icompare_separator_hide\"\n\t\t\t\t\tdata-handler-pos=\"50\"\n\t\t\t\t><span class=\"sc_icompare_handler_arrows\"><\/span><\/div><\/div><\/div>\t\t\t\t<\/div>\n\t\t\t\t<\/div>\n\t\t\t\t\t<\/div>\n\t\t\t\t<\/div>\n\t\t<div class=\"elementor-element elementor-element-9631d6d e-flex e-con-boxed sc_layouts_column_icons_position_left e-con e-parent\" data-id=\"9631d6d\" data-element_type=\"container\">\n\t\t\t\t\t<div class=\"e-con-inner\">\n\t\t\t\t<div class=\"elementor-element elementor-element-b737461 sc_fly_static elementor-widget elementor-widget-text-editor\" data-id=\"b737461\" data-element_type=\"widget\" data-widget_type=\"text-editor.default\">\n\t\t\t\t\t\t\t\t\t<p>\u5728 <strong>\u5df4\u52aa\u65af\u533b\u7597\u4e2d\u5fc3,<\/strong> \u4e8e <strong>\u9a6c\u8d1d\u62c9<\/strong>, \u6211\u4eec\u63d0\u4f9b\u5148\u8fdb\u7684\u62c9\u76ae\u6280\u672f\uff0c\u6548\u679c\u81ea\u7136\u3001\u5b89\u5168\u3002.<\/p>\t\t\t\t\t\t\t\t<\/div>\n\t\t\t\t\t<\/div>\n\t\t\t\t<\/div>\n\t\t<div class=\"elementor-element elementor-element-9401ffc e-flex e-con-boxed sc_layouts_column_icons_position_left e-con e-parent\" data-id=\"9401ffc\" data-element_type=\"container\">\n\t\t\t\t\t<div class=\"e-con-inner\">\n\t\t\t\t<div class=\"elementor-element elementor-element-0babe66 sc_fly_static elementor-widget elementor-widget-trx_sc_title\" data-id=\"0babe66\" data-element_type=\"widget\" data-widget_type=\"trx_sc_title.default\">\n\t\t\t\t<div class=\"elementor-widget-container\">\n\t\t\t\t\t<div\t\tclass=\"sc_title sc_title_default\" ><h3 class=\"sc_item_title sc_title_title sc_item_title_style_default sc_item_title_tag\"\n\t\t\t><span class=\"sc_item_title_text\">\u62c9\u76ae\u624b\u672f\u7684\u7c7b\u578b<\/span><\/h3><\/div>\t\t\t\t<\/div>\n\t\t\t\t<\/div>\n\t\t\t\t<div class=\"elementor-element elementor-element-db39108 sc_fly_static elementor-widget elementor-widget-text-editor\" data-id=\"db39108\" data-element_type=\"widget\" data-widget_type=\"text-editor.default\">\n\t\t\t\t\t\t\t\t\t<ul><li data-start=\"583\" data-end=\"632\"><p data-start=\"907\" data-end=\"1023\"><strong data-start=\"907\" data-end=\"923\">\u8ff7\u4f60\u5347\u964d\u673a<\/strong><br data-start=\"923\" data-end=\"926\" \/>\u624b\u672f\u8f83\u5c0f\uff0c\u9002\u7528\u4e8e\u8f7b\u5ea6\u76ae\u80a4\u8fc7\u654f\uff0c\u6062\u590d\u65f6\u95f4\u8f83\u77ed\u3002.<\/p><p data-start=\"1025\" data-end=\"1116\"><strong data-start=\"1025\" data-end=\"1041\">SMAS \u63d0\u5347\u672f<\/strong><br data-start=\"1041\" data-end=\"1044\" \/>\u6536\u7d27\u6df1\u5c42\u7ec4\u7ec7\uff0c\u6548\u679c\u66f4\u6301\u4e45\u3002.<\/p><p data-start=\"1118\" data-end=\"1231\"><strong data-start=\"1118\" data-end=\"1140\">\u6df1\u5c42\u5e73\u9762\u63d0\u5347<\/strong><br data-start=\"1140\" data-end=\"1143\" \/>\u5b83\u6d89\u53ca\u7684\u7ed3\u6784\u66f4\u6df1\uff0c\u6548\u679c\u66f4\u81ea\u7136\uff0c\u4e5f\u66f4\u590d\u6742\u3002.<\/p><p data-start=\"1233\" data-end=\"1336\"><strong data-start=\"1233\" data-end=\"1287\">\u9762\u4e2d\u90e8\u63d0\u5347\u672f\uff08Midface Lift\uff09<\/strong><br data-start=\"1287\" data-end=\"1290\" \/>\u4e13\u95e8\u63d0\u5347\u8138\u988a\u90e8\u4f4d\u3002.<\/p><p data-start=\"1338\" data-end=\"1448\"><strong data-start=\"1338\" data-end=\"1359\">\u9888\u90e8\u63d0\u5347<\/strong><br data-start=\"1359\" data-end=\"1362\" \/>\u5b83\u4e3b\u8981\u9488\u5bf9\u9888\u90e8\u548c\u4e0b\u5df4\u90e8\u4f4d\uff0c\u901a\u5e38\u4e0e\u62c9\u76ae\u624b\u672f\u76f8\u7ed3\u5408\u3002.<\/p><p data-start=\"1450\" data-end=\"1553\"><strong data-start=\"1450\" data-end=\"1469\">\u6db2\u4f53\u63d0\u5347<\/strong><br data-start=\"1469\" data-end=\"1472\" \/>\u5b83\u4e0d\u662f\u4e00\u79cd\u5916\u79d1\u624b\u672f\uff0c\u800c\u662f\u6ce8\u5c04\u586b\u5145\u5242\u548c\/\u6216\u8089\u6bd2\u6746\u83cc\u6bd2\u7d20\u3002.<\/p><\/li><\/ul>\t\t\t\t\t\t\t\t<\/div>\n\t\t\t\t<div class=\"elementor-element elementor-element-08d97db sc_fly_static elementor-widget elementor-widget-spacer\" data-id=\"08d97db\" data-element_type=\"widget\" data-widget_type=\"spacer.default\">\n\t\t\t\t\t\t\t<div class=\"elementor-spacer\">\n\t\t\t<div class=\"elementor-spacer-inner\"><\/div>\n\t\t<\/div>\n\t\t\t\t\t\t<\/div>\n\t\t\t\t\t<\/div>\n\t\t\t\t<\/div>\n\t\t<div class=\"elementor-element elementor-element-25e0cb6 e-flex e-con-boxed sc_layouts_column_icons_position_left e-con e-parent\" data-id=\"25e0cb6\" data-element_type=\"container\">\n\t\t\t\t\t<div class=\"e-con-inner\">\n\t\t\t\t<div class=\"elementor-element elementor-element-9b9a235 sc_fly_static elementor-widget elementor-widget-trx_sc_title\" data-id=\"9b9a235\" data-element_type=\"widget\" data-widget_type=\"trx_sc_title.default\">\n\t\t\t\t<div class=\"elementor-widget-container\">\n\t\t\t\t\t<div\t\tclass=\"sc_title sc_title_default\" ><h3 class=\"sc_item_title sc_title_title sc_item_title_style_default sc_item_title_tag\"\n\t\t\t><span class=\"sc_item_title_text\">\u7a0b\u5e8f\u548c\u6062\u590d\u65f6\u95f4<\/span><\/h3><\/div>\t\t\t\t<\/div>\n\t\t\t\t<\/div>\n\t\t\t\t\t<\/div>\n\t\t\t\t<\/div>\n\t\t<div class=\"elementor-element elementor-element-5956aa6 e-flex e-con-boxed sc_layouts_column_icons_position_left e-con e-parent\" data-id=\"5956aa6\" data-element_type=\"container\">\n\t\t\t\t\t<div class=\"e-con-inner\">\n\t\t<div class=\"elementor-element elementor-element-7b04737 e-con-full e-flex sc_layouts_column_icons_position_left e-con e-child\" data-id=\"7b04737\" data-element_type=\"container\">\n\t\t\t\t<div class=\"elementor-element elementor-element-2ac67eb sc_fly_static elementor-widget elementor-widget-text-editor\" data-id=\"2ac67eb\" data-element_type=\"widget\" data-widget_type=\"text-editor.default\">\n\t\t\t\t\t\t\t\t\t<ul><li><strong data-start=\"1605\" data-end=\"1636\">\u624b\u672f\u6301\u7eed\u65f6\u95f4\uff1a<\/strong> 2-5 \u5c0f\u65f6<\/li><li><strong data-start=\"1651\" data-end=\"1665\">\u9ebb\u9189\uff1a<\/strong> \u901a\u5e38\u91c7\u7528\u5168\u8eab\u9ebb\u9189\uff1b\u5728\u67d0\u4e9b\u60c5\u51b5\u4e0b\u91c7\u7528\u9547\u9759\u5242<\/li><li><strong data-start=\"1729\" data-end=\"1755\">\u4f4f\u9662\u65f6\u95f4<\/strong> 1-2 \u5929\u6216\u95e8\u8bca<\/li><li><strong data-start=\"1783\" data-end=\"1800\">\u6062\u590d\uff1a<\/strong><ul data-start=\"1805\" data-end=\"1954\"><li data-start=\"1805\" data-end=\"1865\"><p data-start=\"1807\" data-end=\"1865\">\u6062\u590d\u5de5\u4f5c\uff1a\u7ea6 2 \u5468\u540e<\/p><\/li><li data-start=\"1868\" data-end=\"1907\"><p data-start=\"1870\" data-end=\"1907\">\u793e\u4ea4\u751f\u6d3b\uff1a3-4 \u5468\u540e<\/p><\/li><li data-start=\"1910\" data-end=\"1954\"><p data-start=\"1912\" data-end=\"1954\">\u4f53\u80b2\u953b\u70bc\uff1a4-6 \u5468\u540e<\/p><\/li><\/ul><\/li><li style=\"list-style-type: none;\">\u00a0<\/li><\/ul>\t\t\t\t\t\t\t\t<\/div>\n\t\t\t\t<\/div>\n\t\t<div class=\"elementor-element elementor-element-7315322 e-con-full e-flex sc_layouts_column_icons_position_left e-con e-child\" data-id=\"7315322\" data-element_type=\"container\">\n\t\t\t\t<div class=\"elementor-element elementor-element-9da6497 sc_fly_static elementor-widget elementor-widget-image\" data-id=\"9da6497\" data-element_type=\"widget\" data-widget_type=\"image.default\">\n\t\t\t\t\t\t\t\t\t\t\t\t\t\t\t<img loading=\"lazy\" decoding=\"async\" width=\"810\" height=\"810\" src=\"https:\/\/banusmedical.com\/wp-content\/uploads\/2026\/01\/26.jpg\" class=\"attachment-large size-large wp-image-932\" alt=\"\" srcset=\"https:\/\/banusmedical.com\/wp-content\/uploads\/2026\/01\/26.jpg 810w, https:\/\/banusmedical.com\/wp-content\/uploads\/2026\/01\/26-300x300.jpg 300w, https:\/\/banusmedical.com\/wp-content\/uploads\/2026\/01\/26-150x150.jpg 150w, https:\/\/banusmedical.com\/wp-content\/uploads\/2026\/01\/26-768x768.jpg 768w, https:\/\/banusmedical.com\/wp-content\/uploads\/2026\/01\/26-370x370.jpg 370w, https:\/\/banusmedical.com\/wp-content\/uploads\/2026\/01\/26-120x120.jpg 120w, https:\/\/banusmedical.com\/wp-content\/uploads\/2026\/01\/26-410x410.jpg 410w\" sizes=\"(max-width: 810px) 100vw, 810px\" \/>\t\t\t\t\t\t\t\t\t\t\t\t\t\t\t<\/div>\n\t\t\t\t<\/div>\n\t\t\t\t\t<\/div>\n\t\t\t\t<\/div>\n\t\t<div class=\"elementor-element elementor-element-ebcc85a e-flex e-con-boxed sc_layouts_column_icons_position_left e-con e-parent\" data-id=\"ebcc85a\" data-element_type=\"container\">\n\t\t\t\t\t<div class=\"e-con-inner\">\n\t\t\t\t<div class=\"elementor-element elementor-element-315ad50 sc_fly_static elementor-widget elementor-widget-spacer\" data-id=\"315ad50\" data-element_type=\"widget\" data-widget_type=\"spacer.default\">\n\t\t\t\t\t\t\t<div class=\"elementor-spacer\">\n\t\t\t<div class=\"elementor-spacer-inner\"><\/div>\n\t\t<\/div>\n\t\t\t\t\t\t<\/div>\n\t\t\t\t\t<\/div>\n\t\t\t\t<\/div>\n\t\t<div class=\"elementor-element elementor-element-71e69e1 e-flex e-con-boxed sc_layouts_column_icons_position_left e-con e-parent\" data-id=\"71e69e1\" data-element_type=\"container\">\n\t\t\t\t\t<div class=\"e-con-inner\">\n\t\t\t\t<div class=\"elementor-element elementor-element-b9078e7 sc_fly_static elementor-widget elementor-widget-trx_sc_title\" data-id=\"b9078e7\" data-element_type=\"widget\" data-widget_type=\"trx_sc_title.default\">\n\t\t\t\t<div class=\"elementor-widget-container\">\n\t\t\t\t\t<div\t\tclass=\"sc_title sc_title_default\" ><h3 class=\"sc_item_title sc_title_title sc_item_title_style_default sc_item_title_tag\"\n\t\t\t><span class=\"sc_item_title_text\">\u5b83\u9002\u5408\u54ea\u4e9b\u4eba\uff1f<\/span><\/h3><\/div>\t\t\t\t<\/div>\n\t\t\t\t<\/div>\n\t\t\t\t<div class=\"elementor-element elementor-element-36d101f sc_fly_static elementor-widget elementor-widget-text-editor\" data-id=\"36d101f\" data-element_type=\"widget\" data-widget_type=\"text-editor.default\">\n\t\t\t\t\t\t\t\t\t<ul><li data-start=\"1992\" data-end=\"2067\">\u5e74\u9f84\u5728 40 \u5c81\u81f3 70 \u5c81\u4e4b\u95f4\u3001\u9762\u90e8\u6709\u660e\u663e\u8001\u5316\u8ff9\u8c61\u7684\u4eba\u7fa4<\/li><li data-start=\"2070\" data-end=\"2131\">\u826f\u597d\u7684\u76ae\u80a4\u5f39\u6027\u548c\u603b\u4f53\u5065\u5eb7\u72b6\u51b5<\/li><li data-start=\"2134\" data-end=\"2158\">\u73b0\u5b9e\u7684\u671f\u671b<\/li><\/ul>\t\t\t\t\t\t\t\t<\/div>\n\t\t\t\t<div class=\"elementor-element elementor-element-9025c43 sc_fly_static elementor-widget elementor-widget-spacer\" data-id=\"9025c43\" data-element_type=\"widget\" data-widget_type=\"spacer.default\">\n\t\t\t\t\t\t\t<div class=\"elementor-spacer\">\n\t\t\t<div class=\"elementor-spacer-inner\"><\/div>\n\t\t<\/div>\n\t\t\t\t\t\t<\/div>\n\t\t\t\t\t<\/div>\n\t\t\t\t<\/div>\n\t\t<div class=\"elementor-element elementor-element-2e49f29 e-flex e-con-boxed sc_layouts_column_icons_position_left e-con e-parent\" data-id=\"2e49f29\" data-element_type=\"container\">\n\t\t\t\t\t<div class=\"e-con-inner\">\n\t\t\t\t<div class=\"elementor-element elementor-element-2f4248f sc_fly_static elementor-widget elementor-widget-trx_sc_title\" data-id=\"2f4248f\" data-element_type=\"widget\" data-widget_type=\"trx_sc_title.default\">\n\t\t\t\t<div class=\"elementor-widget-container\">\n\t\t\t\t\t<div\t\tclass=\"sc_title sc_title_default\" ><h1 class=\"sc_item_title sc_title_title sc_item_title_style_default sc_item_title_tag\"\n\t\t\t><span class=\"sc_item_title_text\">\u624b\u672f\u62c9\u76ae\u7684\u66ff\u4ee3\u65b9\u6848<\/span><\/h1><\/div>\t\t\t\t<\/div>\n\t\t\t\t<\/div>\n\t\t\t\t<div class=\"elementor-element elementor-element-9408472 sc_fly_static elementor-widget elementor-widget-text-editor\" data-id=\"9408472\" data-element_type=\"widget\" data-widget_type=\"text-editor.default\">\n\t\t\t\t\t\t\t\t\t<ul><li>\u87ba\u7eb9\u5347\u964d\u673a<\/li><li data-start=\"2228\" data-end=\"2279\">\u900f\u660e\u8d28\u9178\u6216\u81ea\u4f53\u8102\u80aa\u6ce8\u5c04<\/li><li data-start=\"2282\" data-end=\"2337\">\u5c04\u9891\u548c\u8d85\u58f0\u6ce2\u7597\u6cd5\uff08Ultherapy\uff09<\/li><li data-start=\"2340\" data-end=\"2378\">\u6fc0\u5149\u548c\u5fae\u9488\u6cbb\u7597<\/li><\/ul>\t\t\t\t\t\t\t\t<\/div>\n\t\t\t\t<div class=\"elementor-element elementor-element-1899f34 sc_fly_static elementor-widget elementor-widget-spacer\" data-id=\"1899f34\" data-element_type=\"widget\" data-widget_type=\"spacer.default\">\n\t\t\t\t\t\t\t<div class=\"elementor-spacer\">\n\t\t\t<div class=\"elementor-spacer-inner\"><\/div>\n\t\t<\/div>\n\t\t\t\t\t\t<\/div>\n\t\t\t\t\t<\/div>\n\t\t\t\t<\/div>\n\t\t<div class=\"elementor-element elementor-element-7bfabd7 e-flex e-con-boxed sc_layouts_column_icons_position_left e-con e-parent\" data-id=\"7bfabd7\" data-element_type=\"container\">\n\t\t\t\t\t<div class=\"e-con-inner\">\n\t\t\t\t<div class=\"elementor-element elementor-element-31aaa2b sc_height_small sc_fly_static elementor-widget elementor-widget-spacer\" data-id=\"31aaa2b\" data-element_type=\"widget\" data-widget_type=\"spacer.default\">\n\t\t\t\t\t\t\t<div class=\"elementor-spacer\">\n\t\t\t<div class=\"elementor-spacer-inner\"><\/div>\n\t\t<\/div>\n\t\t\t\t\t\t<\/div>\n\t\t\t\t\t<\/div>\n\t\t\t\t<\/div>\n\t\t<div class=\"elementor-element elementor-element-3830d93 e-flex e-con-boxed sc_layouts_column_icons_position_left e-con e-parent\" data-id=\"3830d93\" data-element_type=\"container\">\n\t\t\t\t\t<div class=\"e-con-inner\">\n\t\t\t\t<div class=\"elementor-element elementor-element-e6591be sc_fly_static elementor-widget elementor-widget-shortcode\" data-id=\"e6591be\" data-element_type=\"widget\" data-widget_type=\"shortcode.default\">\n\t\t\t\t\t\t\t<div class=\"elementor-shortcode\"><div class=\"latepoint-book-form-wrapper os-loading os_init_booking_form\" id=\"latepointBookForm_69d3934e7efec\" >\n\t\t\t\t\t\t<div class=\"latepoint-w latepoint-inline-form latepoint-show-side-panel\">\n\t\t\t\t\t\t\t<div class=\"latepoint-booking-form-element\">\n\t\t\t\t\t\t\t\t<div class=\"latepoint-side-panel\"><\/div>\n\t\t\t\t\t\t\t\t<div class=\"latepoint-form-w\"><\/div>\n\t\t\t\t\t\t\t<\/div>\n\t\t\t\t\t\t<\/div>\n\t\t\t\t\t<\/div><\/div>\n\t\t\t\t\t\t<\/div>\n\t\t\t\t\t<\/div>\n\t\t\t\t<\/div>\n\t\t\t\t<\/div>","protected":false},"excerpt":{"rendered":"<p>El lifting facial en Marbella es uno de los procedimientos m\u00e1s demandados en cirug\u00eda pl\u00e1stica para rejuvenecer el rostro y mejorar la firmeza de la piel. Un lifting facial (tambi\u00e9n&hellip;<\/p>","protected":false},"author":1,"featured_media":0,"parent":0,"menu_order":0,"comment_status":"closed","ping_status":"closed","template":"","meta":{"inline_featured_image":false,"footnotes":""},"class_list":["post-913","page","type-page","status-publish","hentry"],"_hostinger_reach_plugin_has_subscription_block":false,"_hostinger_reach_plugin_is_elementor":false,"_links":{"self":[{"href":"https:\/\/banusmedical.com\/zh\/wp-json\/wp\/v2\/pages\/913","targetHints":{"allow":["GET"]}}],"collection":[{"href":"https:\/\/banusmedical.com\/zh\/wp-json\/wp\/v2\/pages"}],"about":[{"href":"https:\/\/banusmedical.com\/zh\/wp-json\/wp\/v2\/types\/page"}],"author":[{"embeddable":true,"href":"https:\/\/banusmedical.com\/zh\/wp-json\/wp\/v2\/users\/1"}],"replies":[{"embeddable":true,"href":"https:\/\/banusmedical.com\/zh\/wp-json\/wp\/v2\/comments?post=913"}],"version-history":[{"count":43,"href":"https:\/\/banusmedical.com\/zh\/wp-json\/wp\/v2\/pages\/913\/revisions"}],"predecessor-version":[{"id":1875,"href":"https:\/\/banusmedical.com\/zh\/wp-json\/wp\/v2\/pages\/913\/revisions\/1875"}],"wp:attachment":[{"href":"https:\/\/banusmedical.com\/zh\/wp-json\/wp\/v2\/media?parent=913"}],"curies":[{"name":"wp","href":"https:\/\/api.w.org\/{rel}","templated":true}]}}