{"id":949,"date":"2026-01-09T09:38:06","date_gmt":"2026-01-09T09:38:06","guid":{"rendered":"https:\/\/banusmedical.com\/?page_id=949"},"modified":"2026-02-12T15:11:27","modified_gmt":"2026-02-12T15:11:27","slug":"%e9%bc%bb%e9%83%a8%e6%89%8b%e6%9c%af","status":"publish","type":"page","link":"https:\/\/banusmedical.com\/zh\/%e9%bc%bb%e9%83%a8%e6%89%8b%e6%9c%af\/","title":{"rendered":"\u9f3b\u90e8\u624b\u672f"},"content":{"rendered":"<div data-elementor-type=\"wp-page\" data-elementor-id=\"949\" class=\"elementor elementor-949\" data-elementor-post-type=\"page\">\n\t\t\t\t<div class=\"elementor-element elementor-element-392abfd e-flex e-con-boxed sc_layouts_column_icons_position_left e-con e-parent\" data-id=\"392abfd\" data-element_type=\"container\">\n\t\t\t\t\t<div class=\"e-con-inner\">\n\t\t<div class=\"e-con-gap-no elementor-element elementor-element-3b56ba7 e-con-full e-flex sc_layouts_column_icons_position_left e-con e-child\" data-animation-type=\"sequental\" data-animation-stagger=\"\" data-id=\"3b56ba7\" data-element_type=\"container\" data-settings=\"{&quot;background_background&quot;:&quot;video&quot;,&quot;background_video_link&quot;:&quot;https:\\\/\\\/vimeo.com\\\/1153153041\\\/ed51ccc57f?fl=tl&amp;fe=ec&quot;,&quot;background_play_on_mobile&quot;:&quot;yes&quot;,&quot;animation&quot;:&quot;none&quot;}\">\n\t\t<div class=\"elementor-background-video-container\" aria-hidden=\"true\">\n\t\t\t\t\t\t\t<div class=\"elementor-background-video-embed\"><\/div>\n\t\t\t\t\t\t<\/div>\t\t<\/div>\n\t\t\t\t\t<\/div>\n\t\t\t\t<\/div>\n\t\t<div class=\"elementor-element elementor-element-d21ed7f e-flex e-con-boxed sc_layouts_column_icons_position_left e-con e-parent\" data-id=\"d21ed7f\" data-element_type=\"container\">\n\t\t\t\t\t<div class=\"e-con-inner\">\n\t\t<div class=\"elementor-element elementor-element-343082a e-con-full e-flex sc_layouts_column_icons_position_left e-con e-child\" data-id=\"343082a\" data-element_type=\"container\">\n\t\t\t\t<div class=\"elementor-element elementor-element-e25f59a sc_fly_static elementor-widget elementor-widget-spacer\" data-id=\"e25f59a\" data-element_type=\"widget\" data-widget_type=\"spacer.default\">\n\t\t\t\t\t\t\t<div class=\"elementor-spacer\">\n\t\t\t<div class=\"elementor-spacer-inner\"><\/div>\n\t\t<\/div>\n\t\t\t\t\t\t<\/div>\n\t\t\t\t<div class=\"elementor-element elementor-element-f525ee4 sc_fly_static elementor-widget elementor-widget-text-editor\" data-id=\"f525ee4\" data-element_type=\"widget\" data-widget_type=\"text-editor.default\">\n\t\t\t\t\t\t\t\t\t<p>\"(\u300a\u4e16\u754c\u4eba\u6743\u5ba3\u8a00\u300b) <strong data-start=\"25\" data-end=\"45\">\u9f3b\u90e8\u624b\u672f<\/strong> \uff08\u533b\u5b66\u4e0a\u79f0\u4e3a <em data-start=\"73\" data-end=\"86\">\u9686\u9f3b\u672f<\/em>)\u662f\u4e00\u79cd\u6539\u53d8\u9f3b\u5b50\u5916\u90e8\u5f62\u72b6\u548c\/\u6216\u529f\u80fd\u7684\u5916\u79d1\u624b\u672f\u3002\u5b83\u662f\u4e16\u754c\u4e0a\u6700\u5e38\u89c1\u7684\u6574\u5bb9\u624b\u672f\u4e4b\u4e00\uff0c\u4f46\u4e5f\u53ef\u56e0\u533b\u5b66\u539f\u56e0\uff08\u5982\u6539\u5584\u547c\u5438\uff09\u800c\u5b9e\u65bd\u3002\u4ee5\u4e0b\u662f\u6700\u91cd\u8981\u65b9\u9762\u7684\u6982\u8ff0\uff1a<\/p>\t\t\t\t\t\t\t\t<\/div>\n\t\t\t\t<div class=\"elementor-element elementor-element-96e89b0 sc_fly_static elementor-widget elementor-widget-spacer\" data-id=\"96e89b0\" data-element_type=\"widget\" data-widget_type=\"spacer.default\">\n\t\t\t\t\t\t\t<div class=\"elementor-spacer\">\n\t\t\t<div class=\"elementor-spacer-inner\"><\/div>\n\t\t<\/div>\n\t\t\t\t\t\t<\/div>\n\t\t\t\t<\/div>\n\t\t\t\t\t<\/div>\n\t\t\t\t<\/div>\n\t\t<div class=\"elementor-element elementor-element-2800935 e-flex e-con-boxed sc_layouts_column_icons_position_left e-con e-parent\" data-id=\"2800935\" data-element_type=\"container\">\n\t\t\t\t\t<div class=\"e-con-inner\">\n\t\t<div class=\"elementor-element elementor-element-832b952 e-con-full e-flex sc_layouts_column_icons_position_left e-con e-child\" data-id=\"832b952\" data-element_type=\"container\">\n\t\t\t\t<div class=\"elementor-element elementor-element-150ceb4 sc_fly_static elementor-widget elementor-widget-image\" data-id=\"150ceb4\" data-element_type=\"widget\" data-widget_type=\"image.default\">\n\t\t\t\t\t\t\t\t\t\t\t\t\t\t\t<img fetchpriority=\"high\" decoding=\"async\" width=\"576\" height=\"1024\" src=\"https:\/\/banusmedical.com\/wp-content\/uploads\/2026\/01\/Untitled-design-84-576x1024.jpg\" class=\"attachment-large size-large wp-image-955\" alt=\"\" srcset=\"https:\/\/banusmedical.com\/wp-content\/uploads\/2026\/01\/Untitled-design-84-576x1024.jpg 576w, https:\/\/banusmedical.com\/wp-content\/uploads\/2026\/01\/Untitled-design-84-169x300.jpg 169w, https:\/\/banusmedical.com\/wp-content\/uploads\/2026\/01\/Untitled-design-84-370x658.jpg 370w, https:\/\/banusmedical.com\/wp-content\/uploads\/2026\/01\/Untitled-design-84-410x729.jpg 410w, https:\/\/banusmedical.com\/wp-content\/uploads\/2026\/01\/Untitled-design-84.jpg 675w\" sizes=\"(max-width: 600px) 100vw, 576px\" \/>\t\t\t\t\t\t\t\t\t\t\t\t\t\t\t<\/div>\n\t\t\t\t<\/div>\n\t\t<div class=\"elementor-element elementor-element-b2eea1a e-con-full e-flex sc_layouts_column_icons_position_left e-con e-child\" data-id=\"b2eea1a\" data-element_type=\"container\">\n\t\t\t\t<div class=\"elementor-element elementor-element-2fb1baf sc_fly_static elementor-widget elementor-widget-trx_sc_title\" data-id=\"2fb1baf\" data-element_type=\"widget\" data-widget_type=\"trx_sc_title.default\">\n\t\t\t\t<div class=\"elementor-widget-container\">\n\t\t\t\t\t<div\t\tclass=\"sc_title sc_title_default\" ><h3 class=\"sc_item_title sc_title_title sc_item_title_style_default sc_item_title_tag\"\n\t\t\t><span class=\"sc_item_title_text\">\u9f3b\u6574\u5f62\u7684\u539f\u56e0<\/span><\/h3><\/div>\t\t\t\t<\/div>\n\t\t\t\t<\/div>\n\t\t\t\t<div class=\"elementor-element elementor-element-bc5a240 sc_fly_static elementor-widget elementor-widget-text-editor\" data-id=\"bc5a240\" data-element_type=\"widget\" data-widget_type=\"text-editor.default\">\n\t\t\t\t\t\t\t\t\t<p data-start=\"436\" data-end=\"458\"><strong data-start=\"436\" data-end=\"458\">\u7f8e\u89c2\u7684\u539f\u56e0\uff1a<\/strong><\/p><ul data-start=\"459\" data-end=\"616\"><li data-start=\"459\" data-end=\"485\"><p data-start=\"461\" data-end=\"485\">\u9f3b\u80cc\u9a7c\u5cf0<\/p><\/li><li data-start=\"486\" data-end=\"516\"><p data-start=\"488\" data-end=\"516\">\u9f3b\u5b50\u6b6a\u659c\u6216\u4e0d\u5bf9\u79f0<\/p><\/li><li data-start=\"517\" data-end=\"563\"><p data-start=\"519\" data-end=\"563\">\u9f3b\u5b50\u592a\u5927\u6216\u592a\u5c0f<\/p><\/li><li data-start=\"564\" data-end=\"616\"><p data-start=\"566\" data-end=\"616\">\u9f3b\u5b54\u5bbd\u5927\u6216\u9f3b\u5c16\u8f6e\u5ed3\u4e0d\u6e05\u6670<\/p><\/li><\/ul><p data-start=\"618\" data-end=\"638\"><strong data-start=\"618\" data-end=\"638\">\u533b\u7597\u539f\u56e0\uff1a<\/strong><\/p><ul data-start=\"639\" data-end=\"771\"><li data-start=\"639\" data-end=\"671\"><p data-start=\"641\" data-end=\"671\">\u9f3b\u4e2d\u9694\u504f\u66f2<\/p><\/li><li data-start=\"672\" data-end=\"699\"><p data-start=\"674\" data-end=\"699\">\u547c\u5438\u7cfb\u7edf\u95ee\u9898<\/p><\/li><li data-start=\"700\" data-end=\"741\"><p data-start=\"702\" data-end=\"741\">\u4e8b\u6545\u6216\u521b\u4f24\u540e\u9057\u75c7<\/p><\/li><li data-start=\"742\" data-end=\"771\"><p data-start=\"744\" data-end=\"771\">\u5148\u5929\u6027\u7578\u5f62<\/p><\/li><\/ul>\t\t\t\t\t\t\t\t<\/div>\n\t\t\t\t<\/div>\n\t\t\t\t\t<\/div>\n\t\t\t\t<\/div>\n\t\t<div class=\"elementor-element elementor-element-7dffc3e e-flex e-con-boxed sc_layouts_column_icons_position_left e-con e-parent\" data-id=\"7dffc3e\" data-element_type=\"container\">\n\t\t\t\t\t<div class=\"e-con-inner\">\n\t\t<div class=\"elementor-element elementor-element-5ab0275 e-con-full e-flex sc_layouts_column_icons_position_left e-con e-child\" data-id=\"5ab0275\" data-element_type=\"container\">\n\t\t\t\t<div class=\"elementor-element elementor-element-50452e1 sc_fly_static elementor-widget elementor-widget-spacer\" data-id=\"50452e1\" data-element_type=\"widget\" data-widget_type=\"spacer.default\">\n\t\t\t\t\t\t\t<div class=\"elementor-spacer\">\n\t\t\t<div class=\"elementor-spacer-inner\"><\/div>\n\t\t<\/div>\n\t\t\t\t\t\t<\/div>\n\t\t\t\t<\/div>\n\t\t\t\t\t<\/div>\n\t\t\t\t<\/div>\n\t\t<div class=\"elementor-element elementor-element-ebb8380 e-flex e-con-boxed sc_layouts_column_icons_position_left e-con e-parent\" data-id=\"ebb8380\" data-element_type=\"container\">\n\t\t\t\t\t<div class=\"e-con-inner\">\n\t\t<div class=\"elementor-element elementor-element-92d2b18 e-con-full e-flex sc_layouts_column_icons_position_left e-con e-child\" data-id=\"92d2b18\" data-element_type=\"container\">\n\t\t\t\t<div class=\"elementor-element elementor-element-b513bd4 sc_fly_static elementor-widget elementor-widget-trx_sc_title\" data-id=\"b513bd4\" data-element_type=\"widget\" data-widget_type=\"trx_sc_title.default\">\n\t\t\t\t<div class=\"elementor-widget-container\">\n\t\t\t\t\t<div\t\tclass=\"sc_title sc_title_default\" ><h3 class=\"sc_item_title sc_title_title sc_item_title_style_default sc_item_title_tag\"\n\t\t\t><span class=\"sc_item_title_text\">\u9f3b\u6574\u5f62\u672f\u7684\u7c7b\u578b<\/span><\/h3><\/div>\t\t\t\t<\/div>\n\t\t\t\t<\/div>\n\t\t\t\t<div class=\"elementor-element elementor-element-7a83e2b sc_fly_static elementor-widget elementor-widget-text-editor\" data-id=\"7a83e2b\" data-element_type=\"widget\" data-widget_type=\"text-editor.default\">\n\t\t\t\t\t\t\t\t\t<ul><li data-start=\"583\" data-end=\"632\"><p data-start=\"804\" data-end=\"833\"><strong data-start=\"804\" data-end=\"831\">\u5c01\u95ed\u5f0f\u9f3b\u6574\u5f62\u672f<\/strong><\/p><ul data-start=\"834\" data-end=\"958\"><li data-start=\"834\" data-end=\"894\"><p data-start=\"836\" data-end=\"894\">\u5207\u53e3\u53ea\u5728\u9f3b\u5b50\u5185\u90e8\u8fdb\u884c\u3002<\/p><\/li><li data-start=\"895\" data-end=\"921\"><p data-start=\"897\" data-end=\"921\">\u770b\u4e0d\u89c1\u7684\u75a4\u75d5<\/p><\/li><li data-start=\"922\" data-end=\"958\"><p data-start=\"924\" data-end=\"958\">\u66f4\u77ed\u7684\u6062\u590d\u65f6\u95f4<\/p><\/li><\/ul><p data-start=\"960\" data-end=\"989\"><strong data-start=\"960\" data-end=\"987\">2.\u5f00\u653e\u5f0f\u9f3b\u6574\u5f62\u672f\uff1a<\/strong><\/p><ul data-start=\"990\" data-end=\"1105\"><li data-start=\"990\" data-end=\"1043\"><p data-start=\"992\" data-end=\"1043\">\u5207\u53e3\u4f4d\u4e8e\u9f3b\u7ffc\u7ed3\u8282\uff08\u9f3b\u5b54\u4e4b\u95f4\uff09<\/p><\/li><li data-start=\"1044\" data-end=\"1105\"><p data-start=\"1046\" data-end=\"1105\">\u8ba9\u5916\u79d1\u533b\u751f\u5728\u5904\u7406\u66f4\u590d\u6742\u7684\u75c5\u4f8b\u65f6\u89c6\u91ce\u66f4\u5f00\u9614<\/p><\/li><\/ul><p data-start=\"1107\" data-end=\"1138\"><strong data-start=\"1107\" data-end=\"1136\">3.\u529f\u80fd\u6027\u9f3b\u6574\u5f62\u672f\uff1a<\/strong><\/p><ul data-start=\"1139\" data-end=\"1185\"><li data-start=\"1139\" data-end=\"1185\"><p data-start=\"1141\" data-end=\"1185\">\u4fa7\u91cd\u4e8e\u6062\u590d\u9f3b\u8154\u547c\u5438<\/p><\/li><\/ul><p data-start=\"1187\" data-end=\"1251\"><strong data-start=\"1187\" data-end=\"1249\">4.\u975e\u624b\u672f\u9f3b\u90e8\u77eb\u6b63\uff08\u4f7f\u7528\u900f\u660e\u8d28\u9178\uff09\uff1a<\/strong><\/p><ul data-start=\"1252\" data-end=\"1356\"><li data-start=\"1252\" data-end=\"1296\"><p data-start=\"1254\" data-end=\"1296\">\u901a\u8fc7\u6ce8\u5c04\u8fdb\u884c\u4e34\u65f6\u77eb\u6b63<\/p><\/li><li data-start=\"1297\" data-end=\"1356\"><p data-start=\"1299\" data-end=\"1356\">\u5b83\u4e0d\u9700\u8981\u624b\u672f\uff0c\u4f46\u4e0d\u662f\u6c38\u4e45\u6027\u7684\u89e3\u51b3\u65b9\u6848\u3002<\/p><\/li><\/ul><\/li><\/ul>\t\t\t\t\t\t\t\t<\/div>\n\t\t\t\t<div class=\"elementor-element elementor-element-209b8bd sc_fly_static elementor-widget elementor-widget-spacer\" data-id=\"209b8bd\" data-element_type=\"widget\" data-widget_type=\"spacer.default\">\n\t\t\t\t\t\t\t<div class=\"elementor-spacer\">\n\t\t\t<div class=\"elementor-spacer-inner\"><\/div>\n\t\t<\/div>\n\t\t\t\t\t\t<\/div>\n\t\t\t\t<\/div>\n\t\t\t\t\t<\/div>\n\t\t\t\t<\/div>\n\t\t<div class=\"elementor-element elementor-element-843c31e e-flex e-con-boxed sc_layouts_column_icons_position_left e-con e-parent\" data-id=\"843c31e\" data-element_type=\"container\">\n\t\t\t\t\t<div class=\"e-con-inner\">\n\t\t\t\t<div class=\"elementor-element elementor-element-67d46a4 sc_fly_static elementor-widget elementor-widget-image\" data-id=\"67d46a4\" data-element_type=\"widget\" data-widget_type=\"image.default\">\n\t\t\t\t\t\t\t\t\t\t\t\t\t\t\t<img decoding=\"async\" width=\"1024\" height=\"683\" src=\"https:\/\/banusmedical.com\/wp-content\/uploads\/2025\/12\/face-check-before-surgery-2025-01-31-00-47-44-utc-1024x683.jpg\" class=\"attachment-large size-large wp-image-128\" alt=\"\" srcset=\"https:\/\/banusmedical.com\/wp-content\/uploads\/2025\/12\/face-check-before-surgery-2025-01-31-00-47-44-utc-1024x683.jpg 1024w, https:\/\/banusmedical.com\/wp-content\/uploads\/2025\/12\/face-check-before-surgery-2025-01-31-00-47-44-utc-300x200.jpg 300w, https:\/\/banusmedical.com\/wp-content\/uploads\/2025\/12\/face-check-before-surgery-2025-01-31-00-47-44-utc-768x513.jpg 768w, https:\/\/banusmedical.com\/wp-content\/uploads\/2025\/12\/face-check-before-surgery-2025-01-31-00-47-44-utc-1536x1025.jpg 1536w, https:\/\/banusmedical.com\/wp-content\/uploads\/2025\/12\/face-check-before-surgery-2025-01-31-00-47-44-utc-2048x1367.jpg 2048w, https:\/\/banusmedical.com\/wp-content\/uploads\/2025\/12\/face-check-before-surgery-2025-01-31-00-47-44-utc-370x247.jpg 370w, https:\/\/banusmedical.com\/wp-content\/uploads\/2025\/12\/face-check-before-surgery-2025-01-31-00-47-44-utc-840x561.jpg 840w, https:\/\/banusmedical.com\/wp-content\/uploads\/2025\/12\/face-check-before-surgery-2025-01-31-00-47-44-utc-410x274.jpg 410w\" sizes=\"(max-width: 1024px) 100vw, 1024px\" \/>\t\t\t\t\t\t\t\t\t\t\t\t\t\t\t<\/div>\n\t\t\t\t\t<\/div>\n\t\t\t\t<\/div>\n\t\t<div class=\"elementor-element elementor-element-6d20f2b e-flex e-con-boxed sc_layouts_column_icons_position_left e-con e-parent\" data-id=\"6d20f2b\" data-element_type=\"container\">\n\t\t\t\t\t<div class=\"e-con-inner\">\n\t\t<div class=\"elementor-element elementor-element-986347c e-con-full e-flex sc_layouts_column_icons_position_left e-con e-child\" data-id=\"986347c\" data-element_type=\"container\">\n\t\t\t\t<div class=\"elementor-element elementor-element-726b91f sc_fly_static elementor-widget elementor-widget-trx_sc_title\" data-id=\"726b91f\" data-element_type=\"widget\" data-widget_type=\"trx_sc_title.default\">\n\t\t\t\t<div class=\"elementor-widget-container\">\n\t\t\t\t\t<div\t\tclass=\"sc_title sc_title_default\" ><h3 class=\"sc_item_title sc_title_title sc_item_title_style_default sc_item_title_tag\"\n\t\t\t><span class=\"sc_item_title_text\">\u7a0b\u5e8f<\/span><\/h3><\/div>\t\t\t\t<\/div>\n\t\t\t\t<\/div>\n\t\t\t\t<div class=\"elementor-element elementor-element-e9f5660 sc_fly_static elementor-widget elementor-widget-text-editor\" data-id=\"e9f5660\" data-element_type=\"widget\" data-widget_type=\"text-editor.default\">\n\t\t\t\t\t\t\t\t\t<ul><li data-start=\"583\" data-end=\"632\"><p data-start=\"1382\" data-end=\"1501\"><strong data-start=\"1382\" data-end=\"1395\">\u54a8\u8be2\uff1a<\/strong><br data-start=\"1395\" data-end=\"1398\" \/>\u8bc4\u4f30\u75c5\u4eba\u7684\u610f\u613f\uff0c\u68c0\u67e5\u9f3b\u5b50\uff0c\u5fc5\u8981\u65f6\u6a21\u62df\u6548\u679c\u3002.<\/p><p data-start=\"1503\" data-end=\"1590\"><strong data-start=\"1503\" data-end=\"1531\">\u672f\u524d\u68c0\u67e5<\/strong><br data-start=\"1531\" data-end=\"1534\" \/>\u8840\u6db2\u5316\u9a8c\uff0c\u5728\u67d0\u4e9b\u60c5\u51b5\u4e0b\u8fd8\u9700\u8981\u8fdb\u884c\u65ad\u5c42\u626b\u63cf\uff08CT\uff09\u3002.<\/p><p data-start=\"1592\" data-end=\"1666\"><strong data-start=\"1592\" data-end=\"1604\">\u5916\u79d1\u624b\u672f<\/strong><br data-start=\"1604\" data-end=\"1607\" \/>\u6301\u7eed\u65f6\u95f4 1-3 \u5c0f\u65f6\uff0c\u901a\u5e38\u5728\u5168\u8eab\u9ebb\u9189\u7684\u60c5\u51b5\u4e0b\u8fdb\u884c\u3002.<\/p><p data-start=\"1668\" data-end=\"1762\"><strong data-start=\"1668\" data-end=\"1693\">\u672f\u540e\u62a4\u7406<\/strong><br data-start=\"1693\" data-end=\"1696\" \/>\u9f3b\u5939\u677f\uff08\u7ea6 1 \u5468\uff09\u3001\u80bf\u80c0\u548c\u7600\u4f24\u5f88\u5e38\u89c1\u3002.<\/p><\/li><\/ul>\t\t\t\t\t\t\t\t<\/div>\n\t\t\t\t<div class=\"elementor-element elementor-element-b64e345 sc_fly_static elementor-widget elementor-widget-spacer\" data-id=\"b64e345\" data-element_type=\"widget\" data-widget_type=\"spacer.default\">\n\t\t\t\t\t\t\t<div class=\"elementor-spacer\">\n\t\t\t<div class=\"elementor-spacer-inner\"><\/div>\n\t\t<\/div>\n\t\t\t\t\t\t<\/div>\n\t\t\t\t<\/div>\n\t\t\t\t\t<\/div>\n\t\t\t\t<\/div>\n\t\t<div class=\"elementor-element elementor-element-f2f5c7c e-flex e-con-boxed sc_layouts_column_icons_position_left e-con e-parent\" data-id=\"f2f5c7c\" data-element_type=\"container\">\n\t\t\t\t\t<div class=\"e-con-inner\">\n\t\t\t\t<div class=\"elementor-element elementor-element-54d4631 sc_fly_static elementor-widget elementor-widget-image\" data-id=\"54d4631\" data-element_type=\"widget\" data-widget_type=\"image.default\">\n\t\t\t\t\t\t\t\t\t\t\t\t\t\t\t<img decoding=\"async\" width=\"810\" height=\"810\" src=\"https:\/\/banusmedical.com\/wp-content\/uploads\/2026\/01\/Untitled-design-85.jpg\" class=\"attachment-large size-large wp-image-960\" alt=\"\" srcset=\"https:\/\/banusmedical.com\/wp-content\/uploads\/2026\/01\/Untitled-design-85.jpg 810w, https:\/\/banusmedical.com\/wp-content\/uploads\/2026\/01\/Untitled-design-85-300x300.jpg 300w, https:\/\/banusmedical.com\/wp-content\/uploads\/2026\/01\/Untitled-design-85-150x150.jpg 150w, https:\/\/banusmedical.com\/wp-content\/uploads\/2026\/01\/Untitled-design-85-768x768.jpg 768w, https:\/\/banusmedical.com\/wp-content\/uploads\/2026\/01\/Untitled-design-85-370x370.jpg 370w, https:\/\/banusmedical.com\/wp-content\/uploads\/2026\/01\/Untitled-design-85-120x120.jpg 120w, https:\/\/banusmedical.com\/wp-content\/uploads\/2026\/01\/Untitled-design-85-410x410.jpg 410w\" sizes=\"(max-width: 810px) 100vw, 810px\" \/>\t\t\t\t\t\t\t\t\t\t\t\t\t\t\t<\/div>\n\t\t\t\t\t<\/div>\n\t\t\t\t<\/div>\n\t\t<div class=\"elementor-element elementor-element-99b3317 e-flex e-con-boxed sc_layouts_column_icons_position_left e-con e-parent\" data-id=\"99b3317\" data-element_type=\"container\">\n\t\t\t\t\t<div class=\"e-con-inner\">\n\t\t<div class=\"elementor-element elementor-element-bdbdd55 e-con-full e-flex sc_layouts_column_icons_position_left e-con e-child\" data-id=\"bdbdd55\" data-element_type=\"container\">\n\t\t\t\t<div class=\"elementor-element elementor-element-e9086b9 sc_fly_static elementor-widget elementor-widget-trx_sc_title\" data-id=\"e9086b9\" data-element_type=\"widget\" data-widget_type=\"trx_sc_title.default\">\n\t\t\t\t<div class=\"elementor-widget-container\">\n\t\t\t\t\t<div\t\tclass=\"sc_title sc_title_default\" ><h3 class=\"sc_item_title sc_title_title sc_item_title_style_default sc_item_title_tag\"\n\t\t\t><span class=\"sc_item_title_text\">\u98ce\u9669\u548c\u53ef\u80fd\u7684\u5e76\u53d1\u75c7<\/span><\/h3><\/div>\t\t\t\t<\/div>\n\t\t\t\t<\/div>\n\t\t\t\t<div class=\"elementor-element elementor-element-8eb667b sc_fly_static elementor-widget elementor-widget-text-editor\" data-id=\"8eb667b\" data-element_type=\"widget\" data-widget_type=\"text-editor.default\">\n\t\t\t\t\t\t\t\t\t<ul><li>\u80bf\u80c0\u548c\u7600\u4f24<\/li><li data-start=\"1835\" data-end=\"1848\">\u611f\u67d3<\/li><li data-start=\"1851\" data-end=\"1867\">\u9f3b\u51fa\u8840<\/li><li data-start=\"1870\" data-end=\"1909\">\u53ef\u89c1\u75a4\u75d5\uff08\u7f55\u89c1\uff09<\/li><li data-start=\"1912\" data-end=\"1924\">\u4e0d\u5bf9\u79f0<\/li><li data-start=\"1927\" data-end=\"1992\"><em data-start=\"1927\" data-end=\"1990\">\u5bf9\u624b\u672f\u6548\u679c\u4e0d\u6ee1\u610f\uff08\u53ef\u80fd\u8fdb\u884c\u7ffb\u4fee\u624b\u672f\uff09<\/em><\/li><li data-start=\"1995\" data-end=\"2052\"><em data-start=\"1995\" data-end=\"2050\">\u547c\u5438\u56f0\u96be\uff08\u6682\u65f6\u6027\u6216\u6c38\u4e45\u6027\uff09<\/em><\/li><\/ul>\t\t\t\t\t\t\t\t<\/div>\n\t\t\t\t<div class=\"elementor-element elementor-element-e497e90 sc_fly_static elementor-widget elementor-widget-spacer\" data-id=\"e497e90\" data-element_type=\"widget\" data-widget_type=\"spacer.default\">\n\t\t\t\t\t\t\t<div class=\"elementor-spacer\">\n\t\t\t<div class=\"elementor-spacer-inner\"><\/div>\n\t\t<\/div>\n\t\t\t\t\t\t<\/div>\n\t\t\t\t<\/div>\n\t\t\t\t\t<\/div>\n\t\t\t\t<\/div>\n\t\t<div class=\"elementor-element elementor-element-21f89ad e-flex e-con-boxed sc_layouts_column_icons_position_left e-con e-parent\" data-id=\"21f89ad\" data-element_type=\"container\">\n\t\t\t\t\t<div class=\"e-con-inner\">\n\t\t<div class=\"elementor-element elementor-element-c7a861a e-con-full e-flex sc_layouts_column_icons_position_left e-con e-child\" data-id=\"c7a861a\" data-element_type=\"container\">\n\t\t\t\t<div class=\"elementor-element elementor-element-8b3f80d sc_fly_static elementor-widget elementor-widget-trx_sc_title\" data-id=\"8b3f80d\" data-element_type=\"widget\" data-widget_type=\"trx_sc_title.default\">\n\t\t\t\t<div class=\"elementor-widget-container\">\n\t\t\t\t\t<div\t\tclass=\"sc_title sc_title_default\" ><h3 class=\"sc_item_title sc_title_title sc_item_title_style_default sc_item_title_tag\"\n\t\t\t><span class=\"sc_item_title_text\">\u6062\u590d\u65f6\u95f4<\/span><\/h3><\/div>\t\t\t\t<\/div>\n\t\t\t\t<\/div>\n\t\t\t\t<div class=\"elementor-element elementor-element-bd4f05e sc_fly_static elementor-widget elementor-widget-text-editor\" data-id=\"bd4f05e\" data-element_type=\"widget\" data-widget_type=\"text-editor.default\">\n\t\t\t\t\t\t\t\t\t<ul><li data-start=\"2086\" data-end=\"2134\"><p data-start=\"2088\" data-end=\"2134\">1-2 \u5468\u540e\u53ef\u88ab\u793e\u4f1a\u63a5\u53d7<\/p><\/li><li data-start=\"2135\" data-end=\"2184\"><p data-start=\"2137\" data-end=\"2184\">6-12 \u4e2a\u6708\u540e\u7684\u6700\u7ec8\u53ef\u89c1\u6548\u679c<\/p><\/li><li data-start=\"2185\" data-end=\"2263\"><p data-start=\"2187\" data-end=\"2263\">\u80bf\u80c0\u53ef\u80fd\u4f1a\u6301\u7eed\u8f83\u957f\u65f6\u95f4\uff0c\u5c24\u5176\u662f\u9f3b\u5c16\u90e8\u4f4d\u3002<\/p><\/li><\/ul>\t\t\t\t\t\t\t\t<\/div>\n\t\t\t\t<div class=\"elementor-element elementor-element-95c7bf4 sc_fly_static elementor-widget elementor-widget-spacer\" data-id=\"95c7bf4\" data-element_type=\"widget\" data-widget_type=\"spacer.default\">\n\t\t\t\t\t\t\t<div class=\"elementor-spacer\">\n\t\t\t<div class=\"elementor-spacer-inner\"><\/div>\n\t\t<\/div>\n\t\t\t\t\t\t<\/div>\n\t\t\t\t<\/div>\n\t\t\t\t\t<\/div>\n\t\t\t\t<\/div>\n\t\t<div class=\"elementor-element elementor-element-e5b647e e-flex e-con-boxed sc_layouts_column_icons_position_left e-con e-parent\" data-id=\"e5b647e\" data-element_type=\"container\">\n\t\t\t\t\t<div class=\"e-con-inner\">\n\t\t\t\t<div class=\"elementor-element elementor-element-e667fdd sc_height_small sc_fly_static elementor-widget elementor-widget-spacer\" data-id=\"e667fdd\" data-element_type=\"widget\" data-widget_type=\"spacer.default\">\n\t\t\t\t\t\t\t<div class=\"elementor-spacer\">\n\t\t\t<div class=\"elementor-spacer-inner\"><\/div>\n\t\t<\/div>\n\t\t\t\t\t\t<\/div>\n\t\t\t\t\t<\/div>\n\t\t\t\t<\/div>\n\t\t<div class=\"elementor-element elementor-element-28d7a35 e-flex e-con-boxed sc_layouts_column_icons_position_left e-con e-parent\" data-id=\"28d7a35\" data-element_type=\"container\">\n\t\t\t\t\t<div class=\"e-con-inner\">\n\t\t\t\t<div class=\"elementor-element elementor-element-9a9a45a sc_fly_static elementor-widget elementor-widget-shortcode\" data-id=\"9a9a45a\" data-element_type=\"widget\" data-widget_type=\"shortcode.default\">\n\t\t\t\t\t\t\t<div class=\"elementor-shortcode\"><div class=\"latepoint-book-form-wrapper os-loading os_init_booking_form\" id=\"latepointBookForm_69d39799673d6\" >\n\t\t\t\t\t\t<div class=\"latepoint-w latepoint-inline-form latepoint-show-side-panel\">\n\t\t\t\t\t\t\t<div class=\"latepoint-booking-form-element\">\n\t\t\t\t\t\t\t\t<div class=\"latepoint-side-panel\"><\/div>\n\t\t\t\t\t\t\t\t<div class=\"latepoint-form-w\"><\/div>\n\t\t\t\t\t\t\t<\/div>\n\t\t\t\t\t\t<\/div>\n\t\t\t\t\t<\/div><\/div>\n\t\t\t\t\t\t<\/div>\n\t\t\t\t\t<\/div>\n\t\t\t\t<\/div>\n\t\t\t\t<\/div>","protected":false},"excerpt":{"rendered":"<p>La cirug\u00eda de nariz (conocida m\u00e9dicamente como rinoplastia) es un procedimiento quir\u00fargico que modifica la forma externa y\/o la funci\u00f3n de la nariz. Es una de las cirug\u00edas est\u00e9ticas m\u00e1s&hellip;<\/p>","protected":false},"author":1,"featured_media":0,"parent":0,"menu_order":0,"comment_status":"closed","ping_status":"closed","template":"","meta":{"inline_featured_image":false,"footnotes":""},"class_list":["post-949","page","type-page","status-publish","hentry"],"_hostinger_reach_plugin_has_subscription_block":false,"_hostinger_reach_plugin_is_elementor":false,"_links":{"self":[{"href":"https:\/\/banusmedical.com\/zh\/wp-json\/wp\/v2\/pages\/949","targetHints":{"allow":["GET"]}}],"collection":[{"href":"https:\/\/banusmedical.com\/zh\/wp-json\/wp\/v2\/pages"}],"about":[{"href":"https:\/\/banusmedical.com\/zh\/wp-json\/wp\/v2\/types\/page"}],"author":[{"embeddable":true,"href":"https:\/\/banusmedical.com\/zh\/wp-json\/wp\/v2\/users\/1"}],"replies":[{"embeddable":true,"href":"https:\/\/banusmedical.com\/zh\/wp-json\/wp\/v2\/comments?post=949"}],"version-history":[{"count":22,"href":"https:\/\/banusmedical.com\/zh\/wp-json\/wp\/v2\/pages\/949\/revisions"}],"predecessor-version":[{"id":1769,"href":"https:\/\/banusmedical.com\/zh\/wp-json\/wp\/v2\/pages\/949\/revisions\/1769"}],"wp:attachment":[{"href":"https:\/\/banusmedical.com\/zh\/wp-json\/wp\/v2\/media?parent=949"}],"curies":[{"name":"wp","href":"https:\/\/api.w.org\/{rel}","templated":true}]}}